{"id":3620,"date":"2016-08-01T13:15:00","date_gmt":"2016-08-01T11:15:00","guid":{"rendered":"http:\/\/univet.hu\/about\/staff\/bersenyi-andras\/"},"modified":"2026-02-10T04:30:03","modified_gmt":"2026-02-10T03:30:03","slug":"bersenyi-andras","status":"publish","type":"page","link":"https:\/\/univet.hu\/en\/about\/staff\/bersenyi-andras\/","title":{"rendered":"Bers\u00e9nyi Andr\u00e1s"},"content":{"rendered":"<p>&nbsp;<\/p> <h2>Introduction<\/h2> <div> <p>ASSIGNMENT: research fellow<\/p> <p>GRADUATION: Veterinary, University of Veterinary Science, Budapest, 1987<\/p> <p>SCIENTIFIC DEGREE: PhD, 2004 (SZIU, G\u00f6d\u00f6ll\u0151)<\/p> <p>PROFESSIONAL FIELD: Nutrition and dietetics with farm and pet animals<\/p> <p>SPECIALITY: Laboratory Animal Science, SZIU Fac. of Vet. Sci., 2004<\/p> <p>TEACHING ACTIVITY:<br \/> &#8211; Animal Nutrition lectures and workshops as well as Lab Animal Science for undergraduate students (in Hungarian) and for foreign students (in English);<br \/> &#8211; Lectures and practices in post-graduate courses;<br \/> &#8211; Elective courses on Breeding and nutrition of fur animals and Fish breeding and nutrition.<\/p> <p>MEMBERSHIPS:<br \/> &#8211; SZIU Fac. of Vet. Sci. Committee of Animal Protection, secretary<br \/> &#8211; Member of the Society of Laboratory Animal Science (Hungary)<br \/> &#8211; Member of the Hungarian Section of World Rabbit Science Association<br \/> &#8211; Member of the Hungarian Biological Society<\/p> <\/div> <h2>Activity<\/h2> <div> <p>TEACHING ACTIVITY:<br \/> &#8211; Animal Nutrition lectures and workshops as well as Lab Animal Science for undergraduate students (in Hungarian) and for foreign students (in English);<br \/> &#8211; Lectures and practices in post-graduate courses;<br \/> &#8211; Elective courses on Breeding and nutrition of fur animals and Fish breeding and nutrition.<\/p> <p>PUBLICATIONS:<\/p> <p>1. A. Bers\u00e9nyi, S. Fekete, I. Hull\u00e1r, I. K\u00e1d\u00e1r, M. Szil\u00e1gyi, R. Gl\u00e1vits, Margit Kulcs\u00e1r, M. M\u00e9zes, L. Z\u00f6ld\u00e1g (1999): Study of the soil-plant (carrot)-animal cycle of nutritive and hazardous minerals in a rabbit model. Acta Vet. Hung., 47:(2):181-190.<\/p> <p>2. S. Gy. Fekete, A. Bers\u00e9nyi, I. K\u00e1d\u00e1r, R. Gl\u00e1vits, J. Koncz and L. Z\u00f6ld\u00e1g (2001): Study of the soil-plant (potato and beetroot)-animal cycle of nutritive and hazardous minerals in a rabbit model. Acta Vet. Hung., 49:(3):301-310.<\/p> <p>3. Kinga Fodor, S. Gy. Fekete, L. Z\u00f6ld\u00e1g, A. Bers\u00e9nyi, A. G\u00e1sp\u00e1rdy, Emese Andr\u00e1sofszky, Margit Kulcs\u00e1r and F. Eszes (2001): Influence of feeding intensity on corporeal development, body composition and sexual maturity in female rabbits. Acta Vet. Hung., 49:(4):399-411.<\/p> <p>4. A. Bers\u00e9nyi, S. Gy. Fekete, Z. Sz\u0151cs and Erzs\u00e9bet Berta (2003): Effect of ingested heavy metals (Cd, Pb and Hg) on haematology and serum biochemistry in rabbits. Acta Vet. Hung., 51:(3):297-304.<\/p> <p>5. Kinga Fodor, L. Z\u00f6ld\u00e1g, S. Gy. Fekete, A. Bers\u00e9nyi, A. G\u00e1sp\u00e1rdy, Emese Andr\u00e1sofszky, Margit Kulcs\u00e1r, F. Eszes and M. Shani (2003): Influence of feeding intensity on the growth, body composition<\/p> <p>6. J. Szab\u00f3, A. V. Vucskits, Emese Andr\u00e1sofszky, Erzs\u00e9bet Berta, A. Bers\u00e9nyi, L. B\u00f6rzs\u00f6nyi, V. P\u00e1lfi and I. Hull\u00e1r (2011): Effect of dietary electrolyte balance on production, immune response and mineral concentration of the femur in broilers. Acta Vet. Hung., 59:(3):295-310.<\/p> <p>7 Vucskits, A.V., Hull\u00e1r, I., Bers\u00e9nyi, A., Andr\u00e1sofszky, E., Kulcs\u00e1r, M., Szab\u00f3, J. (2010): Effect of fulvic and humic acids on performance, immune response and thyroid function in rats. J. Anim. Physiol. a. Anim. Nutr., 94:(6):721-728.<\/p> <p>8 A. Bers\u00e9nyi, Erzs\u00e9bet Berta, I. K\u00e1d\u00e1r, R. Gl\u00e1vits, M. Szil\u00e1gyi and S. Gy. Fekete (2008): Effects of high dietary molybdenum in rabbits. Acta Vet. Hung., 56:(1):41-55.<\/p> <p>&nbsp;<\/p> <\/div>","protected":false},"excerpt":{"rendered":"<p>&nbsp; Introduction ASSIGNMENT: research fellow GRADUATION: Veterinary, University of Veterinary Science, Budapest, 1987 SCIENTIFIC DEGREE: PhD, 2004 (SZIU, G\u00f6d\u00f6ll\u0151) PROFESSIONAL FIELD: Nutrition and dietetics with farm and pet animals SPECIALITY: Laboratory Animal Science, SZIU Fac. of Vet. Sci., 2004 TEACHING ACTIVITY: &#8211; Animal Nutrition lectures and workshops as well as Lab Animal Science for undergraduate<\/p>\n","protected":false},"author":5824,"featured_media":0,"parent":857,"menu_order":210,"comment_status":"closed","ping_status":"closed","template":"","meta":{"_acf_changed":false,"footnotes":""},"categories":[19],"tags":[],"class_list":["post-3620","page","type-page","status-publish","hentry","category-staff"],"acf":[],"_links":{"self":[{"href":"https:\/\/univet.hu\/en\/wp-json\/wp\/v2\/pages\/3620","targetHints":{"allow":["GET"]}}],"collection":[{"href":"https:\/\/univet.hu\/en\/wp-json\/wp\/v2\/pages"}],"about":[{"href":"https:\/\/univet.hu\/en\/wp-json\/wp\/v2\/types\/page"}],"author":[{"embeddable":true,"href":"https:\/\/univet.hu\/en\/wp-json\/wp\/v2\/users\/5824"}],"replies":[{"embeddable":true,"href":"https:\/\/univet.hu\/en\/wp-json\/wp\/v2\/comments?post=3620"}],"version-history":[{"count":1,"href":"https:\/\/univet.hu\/en\/wp-json\/wp\/v2\/pages\/3620\/revisions"}],"predecessor-version":[{"id":200049,"href":"https:\/\/univet.hu\/en\/wp-json\/wp\/v2\/pages\/3620\/revisions\/200049"}],"up":[{"embeddable":true,"href":"https:\/\/univet.hu\/en\/wp-json\/wp\/v2\/pages\/857"}],"wp:attachment":[{"href":"https:\/\/univet.hu\/en\/wp-json\/wp\/v2\/media?parent=3620"}],"wp:term":[{"taxonomy":"category","embeddable":true,"href":"https:\/\/univet.hu\/en\/wp-json\/wp\/v2\/categories?post=3620"},{"taxonomy":"post_tag","embeddable":true,"href":"https:\/\/univet.hu\/en\/wp-json\/wp\/v2\/tags?post=3620"}],"curies":[{"name":"wp","href":"https:\/\/api.w.org\/{rel}","templated":true}]}}