{"id":3644,"date":"2015-12-19T19:29:00","date_gmt":"2015-12-19T18:29:00","guid":{"rendered":"http:\/\/univet.hu\/about\/staff\/borbas-eva\/"},"modified":"2026-02-10T04:30:54","modified_gmt":"2026-02-10T03:30:54","slug":"borbas-eva","status":"publish","type":"page","link":"https:\/\/univet.hu\/en\/about\/staff\/borbas-eva\/","title":{"rendered":"Borb\u00e1s \u00c9va"},"content":{"rendered":"<p>\u00c9va Borb\u00e1s has been an employee of our department for many years, she helps to implement the educational and research activities of the department. The Department also performs animal care tasks.<\/p> <p>Its main tasks are:<\/p> <ul> <li>animal care tasks<\/li> <li>maintaining laboratory, departmental order and cleanliness<\/li> <li>preparation of laboratory work<\/li> <\/ul> <p>\u2022 preparation of practical educational materials<\/p> <p>(Updated: August 2021)<\/p>","protected":false},"excerpt":{"rendered":"<p>\u00c9va Borb\u00e1s has been an employee of our department for many years, she helps to implement the educational and research activities of the department. The Department also performs animal care tasks. Its main tasks are: animal care tasks maintaining laboratory, departmental order and cleanliness preparation of laboratory work \u2022 preparation of practical educational materials (Updated:<\/p>\n","protected":false},"author":5824,"featured_media":0,"parent":857,"menu_order":211,"comment_status":"closed","ping_status":"closed","template":"","meta":{"_acf_changed":false,"footnotes":""},"categories":[19],"tags":[],"class_list":["post-3644","page","type-page","status-publish","hentry","category-staff"],"acf":[],"_links":{"self":[{"href":"https:\/\/univet.hu\/en\/wp-json\/wp\/v2\/pages\/3644","targetHints":{"allow":["GET"]}}],"collection":[{"href":"https:\/\/univet.hu\/en\/wp-json\/wp\/v2\/pages"}],"about":[{"href":"https:\/\/univet.hu\/en\/wp-json\/wp\/v2\/types\/page"}],"author":[{"embeddable":true,"href":"https:\/\/univet.hu\/en\/wp-json\/wp\/v2\/users\/5824"}],"replies":[{"embeddable":true,"href":"https:\/\/univet.hu\/en\/wp-json\/wp\/v2\/comments?post=3644"}],"version-history":[{"count":1,"href":"https:\/\/univet.hu\/en\/wp-json\/wp\/v2\/pages\/3644\/revisions"}],"predecessor-version":[{"id":200131,"href":"https:\/\/univet.hu\/en\/wp-json\/wp\/v2\/pages\/3644\/revisions\/200131"}],"up":[{"embeddable":true,"href":"https:\/\/univet.hu\/en\/wp-json\/wp\/v2\/pages\/857"}],"wp:attachment":[{"href":"https:\/\/univet.hu\/en\/wp-json\/wp\/v2\/media?parent=3644"}],"wp:term":[{"taxonomy":"category","embeddable":true,"href":"https:\/\/univet.hu\/en\/wp-json\/wp\/v2\/categories?post=3644"},{"taxonomy":"post_tag","embeddable":true,"href":"https:\/\/univet.hu\/en\/wp-json\/wp\/v2\/tags?post=3644"}],"curies":[{"name":"wp","href":"https:\/\/api.w.org\/{rel}","templated":true}]}}