{"id":3692,"date":"2016-08-01T13:53:00","date_gmt":"2016-08-01T11:53:00","guid":{"rendered":"http:\/\/univet.hu\/about\/staff\/csiko-gyorgy\/"},"modified":"2026-02-10T04:30:57","modified_gmt":"2026-02-10T03:30:57","slug":"csiko-gyorgy","status":"publish","type":"page","link":"https:\/\/univet.hu\/en\/about\/staff\/csiko-gyorgy\/","title":{"rendered":"Csik\u00f3 Gy\u00f6rgy"},"content":{"rendered":"<p><strong>EDUCATION, QUALIFICATIONS AND DEGREES<\/strong><\/p> <ul> <li>Veterinary surgeon (DVM), 1987<\/li> <li>Examination of radiation protection (Technical University, Budapest), 1992<\/li> <li>Doctor of Philosophy of Hungarian Scientific Academy (CSc), 1997<\/li> <li>Second diploma on Small animal medicine, 2003<\/li> <li>Habilitation (Dr. Habil), 2009<\/li> <\/ul> <p>&nbsp;<\/p> <p><strong>Awards: <\/strong><\/p> <ul> <li>Ministerial Award for First Prize at the National Student Research Conference (OTDK) (1987)<\/li> <li>The best lecturer in practical, 1996\/97<\/li> <li>Silver Degree of Laurel Wreath of Szent Istv\u00e1n University (2014)<\/li> <\/ul> <p>&nbsp;<\/p> <p><strong>EXPERTISE AND PROFESSIONAL FIELDS <\/strong><\/p> <ul> <li>Pharmacokinetics of medicines, bioequivalence<\/li> <li><em>In vitro<\/em> and <em>in vivo<\/em> metabolism of xenobiotics<\/li> <li>Drug-residue studies<\/li> <li>Acute and subacute toxicity studies in laboratory animals<\/li> <li>Target animal tolerance studies<\/li> <li>Clinical pharmacology examinations<\/li> <li>Antimicrobial resistance, methods of substitution of antimicrobial drugs<\/li> <\/ul> <p>&nbsp;<\/p> <p><strong>APPOINTMENTS AND POSITIONS<\/strong><\/p> <table style=\"height: 312px;\" width=\"919\"> <tbody> <tr style=\"height: 24px;\"> <td style=\"width: 116px; height: 24px; text-align: center;\">1987-1989<\/td> <td style=\"width: 787px; height: 24px;\">Phylaxia Co, veterinary surgeon<\/td> <\/tr> <tr style=\"height: 24px;\"> <td style=\"width: 116px; height: 24px; text-align: center;\">1989-2000<\/td> <td style=\"width: 787px; height: 24px;\">University of Veterinary Science<\/td> <\/tr> <tr style=\"height: 24px;\"> <td style=\"width: 909px; height: 24px; text-align: center;\" colspan=\"2\">Department of Pharmacology and Toxicology<\/td> <\/tr> <tr style=\"height: 24px;\"> <td style=\"width: 116px; height: 24px; text-align: center;\">1989-1997<\/td> <td style=\"width: 787px; height: 24px;\">\u00a0Junior member<\/td> <\/tr> <tr style=\"height: 24px;\"> <td style=\"width: 116px; height: 24px; text-align: center;\">1997-1998<\/td> <td style=\"width: 787px; height: 24px;\">Assistant lecturer<\/td> <\/tr> <tr style=\"height: 24px;\"> <td style=\"width: 116px; height: 24px; text-align: center;\">1998-2000<\/td> <td style=\"width: 787px; height: 24px;\">Senior lecturer<\/td> <\/tr> <tr style=\"height: 24px;\"> <td style=\"width: 116px; height: 24px; text-align: center;\">2000\u20112016<\/td> <td style=\"width: 787px; height: 24px;\">Szent Istv\u00e1n University Faculty of Veterinary Science<\/td> <\/tr> <tr style=\"height: 24px;\"> <td style=\"width: 909px; height: 24px; text-align: center;\" colspan=\"2\">Department of Pharmacology and Toxicology<\/td> <\/tr> <tr style=\"height: 24px;\"> <td style=\"width: 116px; height: 24px; text-align: center;\">2000-2010<\/td> <td style=\"width: 787px; height: 24px;\">Senior lecturer<\/td> <\/tr> <tr style=\"height: 24px;\"> <td style=\"width: 116px; height: 24px; text-align: center;\">2010-2016<\/td> <td style=\"width: 787px; height: 24px;\">Associate professor<\/td> <\/tr> <tr style=\"height: 24px;\"> <td style=\"width: 116px; height: 24px; text-align: center;\">2016-<\/td> <td style=\"width: 787px; height: 24px;\">\u00a0 University of Veterinary Medicine<\/td> <\/tr> <tr style=\"height: 24px;\"> <td style=\"width: 909px; height: 24px; text-align: center;\" colspan=\"2\">Department of Pharmacology and Toxicology<\/td> <\/tr> <tr style=\"height: 24px;\"> <td style=\"width: 116px; height: 24px; text-align: center;\">2016-<\/td> <td style=\"width: 787px; height: 24px;\">Associate professor<\/td> <\/tr> <\/tbody> <\/table> <p><strong>SELECTED INTERNATIONAL CONFERENCES and WORKSHOPS<\/strong><\/p> <p>International Congresses of the European Association of Veterinary Pharmacology and Toxicology (EAVPT)<\/p> <ul> <li>1988 Budapest, Hungary<\/li> <li>1994 Edinburgh, UK<\/li> <li>2000 Jerusalem, Israel<\/li> <li>2012 Noordwijk, Netherlands<\/li> <li>2018 Wroclaw, Poland<\/li> <\/ul> <p>&nbsp;<\/p> <p>21<sup>st<\/sup> European Symposium on Poultry Nutrition 2017 Salou\/Vila-seca, Spain<\/p> <p>9th International Conference on Antimicrobial Agents in Veterinary Medicine 2018 Rome, Italy<\/p> <p>Workshop on Biostatistics, 1990 Namur, Belgium<\/p> <p>TEMPUS International Training, 1992-1994 (seven months) Utrecht, Netherlands<\/p> <p>&nbsp;<\/p> <p><strong>RESEARCH PROJECTS<\/strong><\/p> <p>&nbsp;<\/p> <p>National Research, Development and Innovation Projects:<\/p> <p>2009-2011 Attenuation of oxidative stress-induced inflammation by probiotic lactobacilli in intestinal epithelial cells: mechanism of action and application as antibiotic-substitute in weanling pigs<\/p> <p>2012-2014 Prevention of oxidative stress-induced changes of xenobiotic metabolism investigated in a co-culture model of pig intestinal and hepatic cells<\/p> <p>The European Union and co-financed by the European Social Fund:<\/p> <p>EFOP-3.6.1-16-2016-00024, project title: Innovations for intelligent specialization in the cooperation of University of Veterinary Medicine and the Faculty of Agriculture and Food Sciences of Sz\u00e9chenyi Istv\u00e1n University<\/p> <p>EFOP-3.6.2-16-2017-00012, project title: Development of a product chain model for functional, healthy and safe foods from farm to fork based on a thematic research network<\/p> <p>&nbsp;<\/p> <p><strong>MEMBERSHIP IN ORGANISATIONS, AUTHORIZATIONS<\/strong><\/p> <ul> <li>European Association for Veterinary Pharmacology and Toxicology (EAVPT), 1988-<\/li> <li>Society of Veterinary Pharmacotherapy and Toxicology, 1992-2009<\/li> <li>Hungarian Veterinary Chamber, 1996-<\/li> <li>Expert of the Hungarian Ministry of Agriculture (toxicology, clinical medicine), 1996-<\/li> <li>Member and Secretary of the Standing Committee on Animal Experimentation of the Hungarian Scientific Academy 2011-<\/li> <\/ul> <p>&nbsp;<\/p> <p><strong>SUPERVISOR OF STUDENT THESIS\/TDK: \u00a042 students<\/strong><\/p> <p><strong>SUPERVISOR OF PHD STUDENTS<\/strong><\/p> <table style=\"height: 84px;\" width=\"248\"> <tbody> <tr> <td style=\"width: 115px; text-align: center;\">2013<\/td> <td style=\"width: 117px; text-align: center;\">G\u00e1bor M\u00e1tis<\/td> <\/tr> <tr> <td style=\"width: 115px; text-align: center;\">2020<\/td> <td style=\"width: 117px; text-align: center;\">Anna Kulcs\u00e1r<\/td> <\/tr> <tr> <td style=\"width: 115px; text-align: center;\">2021<\/td> <td style=\"width: 117px; text-align: center;\">Orsolya Pal\u00f3cz<\/td> <\/tr> <\/tbody> <\/table> <p>&nbsp;<\/p> <p><strong>LIST OF 10 SELECTED PUBLICATIONS<\/strong><\/p> <p style=\"text-align: center;\">MTMT:\u00a0<a href=\"https:\/\/m2.mtmt.hu\/gui2\/?type=authors&amp;mode=browse&amp;sel=authors10003055\">https:\/\/m2.mtmt.hu\/gui2\/?type=authors&amp;mode=browse&amp;sel=authors10003055<\/a><\/p> <table style=\"height: 240px;\" width=\"1054\"> <tbody> <tr style=\"height: 24px;\"> <td style=\"width: 99px; text-align: center; height: 24px;\">1.<\/td> <td style=\"width: 939px; height: 24px;\">Pal\u00f3cz, Orsolya; Szita, G\u00e9za;<strong> Csik\u00f3, Gy\u00f6rgy: <\/strong>Alteration of avian hepatic cytochrome P450 gene expression and activity by certain feed additives, ACTA VETERINARIA HUNGARICA 67: 3 pp. 418-429. , 12 p. (2019)<strong> \u00a0<\/strong><a href=\"https:\/\/doi.org\/10.1556\/004.2019.042\">https:\/\/doi.org\/10.1556\/004.2019.042<\/a><\/td> <\/tr> <tr style=\"height: 24px;\"> <td style=\"width: 99px; text-align: center; height: 24px;\">2.<\/td> <td style=\"width: 939px; height: 24px;\">Pal\u00f3cz, Orsolya; Szita, G\u00e9za;<strong> Csik\u00f3, Gy\u00f6rgy: <\/strong>Alteration in Inflammatory Responses and Cytochrome P450 Expression of Porcine Jejunal Cells by Drinking Water Supplements MEDIATORS OF INFLAMMATION 2019 Paper: 5420381, 6 p. (2019)\u00a0<a href=\"https:\/\/doi.org\/10.1155\/2019\/5420381\">https:\/\/doi.org\/10.1155\/2019\/5420381<\/a><\/td> <\/tr> <tr style=\"height: 24px;\"> <td style=\"width: 99px; text-align: center; height: 24px;\">3.<\/td> <td style=\"width: 939px; height: 24px;\">Pal\u00f3cz, Orsolya; Farkas, Orsolya; Clayton, Paul;<strong> Csik\u00f3, Gy\u00f6rgy: <\/strong>Changes in cytochrome P450 gene expression and enzyme activity induced by xenobiotics in rabbits in vivo and in vitro WORLD RABBIT SCIENCE 25: 2 pp. 173-180., 8 p. (2017)\u00a0<a href=\"https:\/\/doi.org\/10.4995\/wrs.2017.4574\">https:\/\/doi.org\/10.4995\/wrs.2017.4574<\/a><\/td> <\/tr> <tr style=\"height: 24px;\"> <td style=\"width: 99px; text-align: center; height: 24px;\">4.<\/td> <td style=\"width: 939px; height: 24px;\">Csik\u00f3, Gy; Nagy, G; M\u00e1tis, G; Neogr\u00e1dy, Zs; Kulcs\u00e1r, A; Jerzsele, \u00c1; Szek\u00e9r, K; G\u00e1lfi, P: Effects of dietary sodium butyrate on hepatic biotransformation and pharmacokinetics of erythromycin in chickens JOURNAL OF VETERINARY PHARMACOLOGY AND THERAPEUTICS 37: 4 pp. 406-412. , 7 p. (2014) <a href=\"https:\/\/doi.org\/10.1111\/jvp.12109\">https:\/\/doi.org\/10.1111\/jvp.12109<\/a><\/td> <\/tr> <tr style=\"height: 24px;\"> <td style=\"width: 99px; text-align: center; height: 24px;\">5.<\/td> <td style=\"width: 939px; height: 24px;\">Palocz, O; Gal, J; Clayton, P; Dinya, Z; Somogyi, Z; Juhasz, Cs;<strong> Csik\u00f3, Gy: <\/strong>Alternative treatment of serious and mild Pasteurella multocida infection in New Zealand White rabbits. BMC VETERINARY RESEARCH 10: 1 Paper: 276, 7 p. (2014)\u00a0<a href=\"https:\/\/doi.org\/10.1186\/s12917-014-0276-6\">https:\/\/doi.org\/10.1186\/s12917-014-0276-6<\/a><\/td> <\/tr> <tr style=\"height: 24px;\"> <td style=\"width: 99px; text-align: center; height: 24px;\">6.<\/td> <td style=\"width: 939px; height: 24px;\">Pal\u00f3cz Orsolya,<strong> Csik\u00f3 Gy\u00f6rgy:<\/strong> Az antibiotikumok t\u00falzott m\u00e9rt\u00e9k\u0171 haszn\u00e1lat\u00e1nak cs\u00f6kkent\u00e9s\u00e9t c\u00e9lz\u00f3 szerek az \u00e1llatteny\u00e9szt\u00e9si \u00e9s klinikai gyakorlatban: Irodalmi \u00e1ttekint\u00e9s: Reduction of the excessive use of antibiotics in animal husbandry and in clinical practice. Literature review, MAGYAR \u00c1LLATORVOSOK LAPJA 136:(3) pp. 177-183. (2014) <a href=\"https:\/\/matarka.hu\/cikk_list.php?fusz=119885\">https:\/\/matarka.hu\/cikk_list.php?fusz=119885<\/a><\/td> <\/tr> <tr style=\"height: 24px;\"> <td style=\"width: 99px; text-align: center; height: 24px;\">7.<\/td> <td style=\"width: 939px; height: 24px;\">Kiss, R; Tirczka, T; Szita, G; Bernath, S;<strong> Csik\u00f3, Gy: <\/strong>Listeria monocytogenes food monitoring data and incidence of human listeriosis in Hungary, 2004 INTERNATIONAL JOURNAL OF FOOD MICROBIOLOGY 112:1 pp. 71-74., 4 p. (2006)\u00a0\u00a0\u00a0\u00a0 <a href=\"https:\/\/doi.org\/10.1016\/j.ijfoodmicro.2006.06.013\">https:\/\/doi.org\/10.1016\/j.ijfoodmicro.2006.06.013<\/a><\/td> <\/tr> <tr style=\"height: 24px;\"> <td style=\"width: 99px; text-align: center; height: 24px;\">8.<\/td> <td style=\"width: 939px; height: 24px;\">R\u00e1tz, V; Laczay, P; M\u00f3ra, Zs;<strong> Csik\u00f3, Gy<\/strong>; Monostory, K; Vereczkey, L; Lehel, L; Semj\u00e9n, G: Recent studies on the effects of tiamulin and monensin on hepatic cytochrome P450 activities in chickens and turkeys JOURNAL OF VETERINARY PHARMACOLOGY AND THERAPEUTICS 20 pp. 415-418., 4 p. (1997)\u00a0<a href=\"https:\/\/doi.org\/10.1046\/j.1365-2885.1997.00092.x\">https:\/\/doi.org\/10.1046\/j.1365-2885.1997.00092.x<\/a><\/td> <\/tr> <tr style=\"height: 24px;\"> <td style=\"width: 99px; text-align: center; height: 24px;\">9.<\/td> <td style=\"width: 939px; height: 24px;\">Csik\u00f3, Gy; Banhidi, Gy; Semjen, G; Laczay, P; Sandor, Gy; Lehel, J; Fekete, J: Metabolism and pharmacokinetics of albendazole after oral administration to chickens JOURNAL OF VETERINARY PHARMACOLOGY AND THERAPEUTICS 19: 4 pp. 322-325. , 4 p. (1996) <a href=\"https:\/\/doi.org\/10.1111\/j.1365-2885.1996.tb00059.x\">https:\/\/doi.org\/10.1111\/j.1365-2885.1996.tb00059.x<\/a><\/td> <\/tr> <tr style=\"height: 24px;\"> <td style=\"width: 99px; text-align: center; height: 24px;\">10.<\/td> <td style=\"width: 939px; height: 24px;\">Witkamp, RF; Nijmeijer, SM;<strong> Csik\u00f3, Gy; <\/strong>Vanmiert, ASJPAM: Tiamulin selectively inhibits oxidative hepatic-steroid and drug-metabolism in-vitro in the pig JOURNAL OF VETERINARY PHARMACOLOGY AND THERAPEUTICS 17: 4 pp. 317-322., 6 p. (1994)\u00a0<a href=\"https:\/\/pubmed.ncbi.nlm.nih.gov\/7966553\/\">https:\/\/pubmed.ncbi.nlm.nih.gov\/7966553\/<\/a><\/td> <\/tr> <\/tbody> <\/table> <p style=\"text-align: center;\">(Updated: August 2021)<\/p>","protected":false},"excerpt":{"rendered":"<p>EDUCATION, QUALIFICATIONS AND DEGREES Veterinary surgeon (DVM), 1987 Examination of radiation protection (Technical University, Budapest), 1992 Doctor of Philosophy of Hungarian Scientific Academy (CSc), 1997 Second diploma on Small animal medicine, 2003 Habilitation (Dr. Habil), 2009 &nbsp; Awards: Ministerial Award for First Prize at the National Student Research Conference (OTDK) (1987) The best lecturer in<\/p>\n","protected":false},"author":5824,"featured_media":0,"parent":857,"menu_order":211,"comment_status":"closed","ping_status":"closed","template":"","meta":{"_acf_changed":false,"footnotes":""},"categories":[19],"tags":[],"class_list":["post-3692","page","type-page","status-publish","hentry","category-staff"],"acf":[],"_links":{"self":[{"href":"https:\/\/univet.hu\/en\/wp-json\/wp\/v2\/pages\/3692","targetHints":{"allow":["GET"]}}],"collection":[{"href":"https:\/\/univet.hu\/en\/wp-json\/wp\/v2\/pages"}],"about":[{"href":"https:\/\/univet.hu\/en\/wp-json\/wp\/v2\/types\/page"}],"author":[{"embeddable":true,"href":"https:\/\/univet.hu\/en\/wp-json\/wp\/v2\/users\/5824"}],"replies":[{"embeddable":true,"href":"https:\/\/univet.hu\/en\/wp-json\/wp\/v2\/comments?post=3692"}],"version-history":[{"count":1,"href":"https:\/\/univet.hu\/en\/wp-json\/wp\/v2\/pages\/3692\/revisions"}],"predecessor-version":[{"id":200137,"href":"https:\/\/univet.hu\/en\/wp-json\/wp\/v2\/pages\/3692\/revisions\/200137"}],"up":[{"embeddable":true,"href":"https:\/\/univet.hu\/en\/wp-json\/wp\/v2\/pages\/857"}],"wp:attachment":[{"href":"https:\/\/univet.hu\/en\/wp-json\/wp\/v2\/media?parent=3692"}],"wp:term":[{"taxonomy":"category","embeddable":true,"href":"https:\/\/univet.hu\/en\/wp-json\/wp\/v2\/categories?post=3692"},{"taxonomy":"post_tag","embeddable":true,"href":"https:\/\/univet.hu\/en\/wp-json\/wp\/v2\/tags?post=3692"}],"curies":[{"name":"wp","href":"https:\/\/api.w.org\/{rel}","templated":true}]}}