{"id":3695,"date":"2018-02-01T12:20:00","date_gmt":"2018-02-01T11:20:00","guid":{"rendered":"http:\/\/univet.hu\/about\/staff\/csintalan-csaba\/"},"modified":"2026-02-10T04:30:58","modified_gmt":"2026-02-10T03:30:58","slug":"csintalan-csaba","status":"publish","type":"page","link":"https:\/\/univet.hu\/en\/about\/staff\/csintalan-csaba\/","title":{"rendered":"Csintalan Csaba"},"content":{"rendered":"<p style=\"text-align: center\"><strong>Introduction<\/strong><\/p> <p>Csaba Csintalan graduated with summa cum laude at the University of Veterinary Medicine in 1995.<\/p> <p>He has been working at the Department of Veterinary Forensics and Economics since 1996. He has been teaching state veterinary medicine and forensic veterinary medicine both in Hungarian and English language for 25 years. He participates also in the teaching of animal welfare and European studies.<\/p> <p>In 2001 he obtained an MBA degree in French language in the field of European Union Regional and Agricultural Policy, organized the Group of Agricultural Universities in Angers and by the University of Agricultural Sciences in G\u00f6d\u00f6ll\u0151.<\/p> <p>In 2006 he obtained a doctor of laws degree with cum laude at the Faculty of Public Administration and Law of E\u00f6tv\u00f6s Lor\u00e1nd University.<\/p> <p>He completed the postgraduate specialist trainings with honor at the University of Veterinary Medicine in the field of State Veterinary Medicine and Epidemiology, Exotic Animal Veterinary Medicine and Small Animal Veterinary Medicine.<\/p> <p><strong>Main research areas: <\/strong><\/p> <ul> <li>legal and ethical liability of the veterinarian<\/li> <li>legislation on the control of infectious diseases<\/li> <\/ul> <p><strong>\u00a0<\/strong><strong>Publication list (Top10)<\/strong><\/p> <div> <table style=\"height: 338px\" width=\"936\"> <tbody> <tr> <td style=\"width: 21.025px;text-align: center\">1.<\/td> <td style=\"width: 900.175px;text-align: center\">Csintalan Cs. &#8211; Visnyei L. &#8211; Horv\u00e1th G.: Az \u00e1llatv\u00e1g\u00e1s vagy -le\u00f6l\u00e9s \u00e1llatv\u00e9delmi szab\u00e1lyai az Eur\u00f3pai Uni\u00f3ban. Magy. \u00c1o. Lapja, 1997. 119. 477-482.<\/td> <\/tr> <tr> <td style=\"width: 21.025px;text-align: center\">2.<\/td> <td style=\"width: 900.175px;text-align: center\">Csintalan Cs. &#8211; Visnyei L.: Adatok a nem konvencion\u00e1lis (alternat\u00edv) gy\u00f3gy\u00edt\u00f3 m\u00f3dszerek igazs\u00e1g\u00fcgyi \u00e1llatorvostani \u00e9s etikai meg\u00edt\u00e9l\u00e9s\u00e9hez II. A nemzetk\u00f6zi \u00e9s hazai szab\u00e1lyoz\u00e1s. Magy. \u00c1o. Lapja, 1998. 120. 354-359.<\/td> <\/tr> <tr> <td style=\"width: 21.025px;text-align: center\">3.<\/td> <td style=\"width: 900.175px;text-align: center\">Csintalan Cs. &#8211; Visnyei L.: Adatok a nem konvencion\u00e1lis (alternat\u00edv) gy\u00f3gy\u00edt\u00f3 m\u00f3dszerek igazs\u00e1g\u00fcgyi \u00e1llatorvostani \u00e9s etikai meg\u00edt\u00e9l\u00e9s\u00e9hez III. Az igazs\u00e1g\u00fcgyi \u00e1llatorvostani \u00e9s az etikai meg\u00edt\u00e9l\u00e9s szempontjai. Magy. \u00c1o. Lapja, 1998. 120. 552-556.<\/td> <\/tr> <tr> <td style=\"width: 21.025px;text-align: center\">4.<\/td> <td style=\"width: 900.175px;text-align: center\">Csintalan Cs. &#8211; Visnyei L.: Az \u00e1llatok v\u00e9delme sz\u00e1ll\u00edt\u00e1suk sor\u00e1n az Eur\u00f3pai Uni\u00f3ban. Magy. \u00c1o. Lapja, 1998. 120. 622-629.<\/td> <\/tr> <tr> <td style=\"width: 21.025px;text-align: center\">5.<\/td> <td style=\"width: 900.175px;text-align: center\">Csintalan Cs. &#8211; Visnyei L.: A borjak \u00e9s a ketreces toj\u00f3ty\u00fakok tart\u00e1s\u00e1nak \u00e1llatv\u00e9delmi k\u00f6vetelm\u00e9nyei az EU-ban. Magy. \u00c1o. Lapja, 1998. 120. 753-757.<\/td> <\/tr> <tr> <td style=\"width: 21.025px;text-align: center\">6.<\/td> <td style=\"width: 900.175px;text-align: center\">Visnyei L. &#8211; Horv\u00e1th G. &#8211; Csintalan Cs.: Az \u00e1llatorvosi m\u0171k\u00f6d\u00e9s v\u00e1ltoz\u00e1sa az \u00e1llatv\u00e9delmi jogszab\u00e1lyok hat\u00e1s\u00e1ra. Magy. \u00c1o. Lapja, 1999. 121. 306-308.<\/td> <\/tr> <tr> <td style=\"width: 21.025px;text-align: center\">7.<\/td> <td style=\"width: 900.175px;text-align: center\">Visnyei L. \u2013 Csintalan Cs. Az \u00e1llatk\u00eds\u00e9rletek jogi szab\u00e1lyoz\u00e1sa. Magy. \u00c1o- Lapja, 2006. 128. 239-245.<\/td> <\/tr> <tr> <td style=\"width: 21.025px;text-align: center\">8.<\/td> <td style=\"width: 900.175px;text-align: center\">\u00d3zsv\u00e1ri L. \u2013 Visnyei L. \u2013 Csintalan Cs.: A leukosismentes\u00edt\u00e9s n\u00e9h\u00e1ny \u00e1ltal\u00e1nos igazgat\u00e1si \u00e9s gazdas\u00e1gi k\u00e9rd\u00e9se egy k\u00e1rt\u00e9r\u00edt\u00e9si per kacs\u00e1n. Magy. \u00c1o. Lapja, 2006. 128. 579-586.<\/td> <\/tr> <tr> <td style=\"width: 21.025px;text-align: center\">9.<\/td> <td style=\"width: 900.175px;text-align: center\">Szab\u00e1ra \u00c1. \u2013 S\u00e1tori \u00c1. \u2013 Csintalan Cs. \u2013 Visnyei L. \u2013 \u00d3zsv\u00e1ri L.: A Salmonellosis elleni v\u00e9dekez\u00e9s jelent\u0151s\u00e9ge \u00e9s szab\u00e1lyoz\u00e1sa 2. Magy. \u00c1o. Lapja, 2010. 132. 398-408.<\/td> <\/tr> <tr> <td style=\"width: 21.025px;text-align: center\">10.<\/td> <td style=\"width: 900.175px;text-align: center\">Cs. <a href=\"https:\/\/pdf.manuscriptpro.com\/search\/Author-Csaba-Jakab\/1\/b326c982\">Jakab<\/a>, Gy. <a href=\"https:\/\/pdf.manuscriptpro.com\/search\/Author-Gyula-Balka\/1\/3881a296\">Balka<\/a>, \u00c1. Szab\u00e1ra, Cs. <a href=\"https:\/\/pdf.manuscriptpro.com\/search\/Author-Csintalan-Csaba\/1\/7b1760ae\">Csintalan<\/a>. P. Paz\u00e1r,: <a href=\"https:\/\/pdf.manuscriptpro.com\/search\/Abstract~24106747\/1\/eba393b8\/A-case-of-cutaneous-angiolipoleiomyoma-(angiomyolipoma)-in-a-budgerigar-(Melopsittacus-undulatus).\">A case of cutaneous angiolipoleiomyoma (angiomyolipoma) in a budgerigar (Melopsittacus undulatus).<\/a> <a href=\"https:\/\/pdf.manuscriptpro.com\/search\/Journal-Avian-Pathol\/1\/cd18da30\">Avian Pathol<\/a>ogy 2013, 42(6):511-515<\/td> <\/tr> <\/tbody> <\/table> <p>&nbsp;<\/p> <\/div>","protected":false},"excerpt":{"rendered":"<p>Introduction Csaba Csintalan graduated with summa cum laude at the University of Veterinary Medicine in 1995. He has been working at the Department of Veterinary Forensics and Economics since 1996. He has been teaching state veterinary medicine and forensic veterinary medicine both in Hungarian and English language for 25 years. He participates also in the<\/p>\n","protected":false},"author":5824,"featured_media":0,"parent":857,"menu_order":211,"comment_status":"closed","ping_status":"closed","template":"","meta":{"_acf_changed":false,"footnotes":""},"categories":[19],"tags":[],"class_list":["post-3695","page","type-page","status-publish","hentry","category-staff"],"acf":[],"_links":{"self":[{"href":"https:\/\/univet.hu\/en\/wp-json\/wp\/v2\/pages\/3695","targetHints":{"allow":["GET"]}}],"collection":[{"href":"https:\/\/univet.hu\/en\/wp-json\/wp\/v2\/pages"}],"about":[{"href":"https:\/\/univet.hu\/en\/wp-json\/wp\/v2\/types\/page"}],"author":[{"embeddable":true,"href":"https:\/\/univet.hu\/en\/wp-json\/wp\/v2\/users\/5824"}],"replies":[{"embeddable":true,"href":"https:\/\/univet.hu\/en\/wp-json\/wp\/v2\/comments?post=3695"}],"version-history":[{"count":2,"href":"https:\/\/univet.hu\/en\/wp-json\/wp\/v2\/pages\/3695\/revisions"}],"predecessor-version":[{"id":187789,"href":"https:\/\/univet.hu\/en\/wp-json\/wp\/v2\/pages\/3695\/revisions\/187789"}],"up":[{"embeddable":true,"href":"https:\/\/univet.hu\/en\/wp-json\/wp\/v2\/pages\/857"}],"wp:attachment":[{"href":"https:\/\/univet.hu\/en\/wp-json\/wp\/v2\/media?parent=3695"}],"wp:term":[{"taxonomy":"category","embeddable":true,"href":"https:\/\/univet.hu\/en\/wp-json\/wp\/v2\/categories?post=3695"},{"taxonomy":"post_tag","embeddable":true,"href":"https:\/\/univet.hu\/en\/wp-json\/wp\/v2\/tags?post=3695"}],"curies":[{"name":"wp","href":"https:\/\/api.w.org\/{rel}","templated":true}]}}