{"id":3731,"date":"2018-01-24T15:12:00","date_gmt":"2018-01-24T14:12:00","guid":{"rendered":"http:\/\/univet.hu\/about\/staff\/dobra-peter-ferenc\/"},"modified":"2026-02-10T04:30:09","modified_gmt":"2026-02-10T03:30:09","slug":"dobra-peter-ferenc","status":"publish","type":"page","link":"https:\/\/univet.hu\/en\/about\/staff\/dobra-peter-ferenc\/","title":{"rendered":"Dobra P\u00e9ter Ferenc"},"content":{"rendered":"<p><strong>Introduction<\/strong><\/p> <p><strong>Main research areas:<\/strong><\/p> <p>I mainly participate in research related to poultry species.<br \/> <strong>Progress:<\/strong><\/p> <p>I started working at the Department in the fall of 2015. In the beginning, I was involved in the diagnostic work, as well as performed tasks as an autopsy master. From 2016, I teach General Pathology exercises, Pathology 1-3 exercises and plenary exercises, and from 2021 Pathology 2 lectures, in Hungarian and English. From 2018, I will give laboratory diagnostic practice for 11th semester students in Hungarian and English. In 2019, I graduated as a poultry health specialist, and since then I have been responsible for poultry diagnostics and participating in experiments. Since 2017, I have been receiving theses for evaluation, and from 2020 I will also participate in the work of the department as a supervisor of graduate students with theses.<\/p> <p><strong>Number of thesis\/TDK students to date:<\/strong><\/p> <p>Supervision of 1 thesis graduate student (2 additional theses in progress)<\/p> <p><strong>Publication list<\/strong><\/p> <table style=\"height: 37px;\" width=\"1131\"> <tbody> <tr> <td style=\"width: 25.0156px;\">1.<\/td> <td style=\"width: 1089.98px;\"><span class=\"TextRun SCXW39954170 BCX8\" lang=\"HU-HU\" xml:lang=\"HU-HU\" data-contrast=\"auto\"><span class=\"NormalTextRun SCXW39954170 BCX8\">M\u00e1ndoki M, D\u00e9nes L, Dobra PF, G\u00e1l J (2019): <\/span><span class=\"NormalTextRun SCXW39954170 BCX8\">V\u00edrusos b\u00e9lgyullad\u00e1sok egyes ty\u00fakalak\u00fa mad\u00e1rfajokban<\/span><span class=\"NormalTextRun SCXW39954170 BCX8\">,<\/span> <span class=\"NormalTextRun SCXW39954170 BCX8\">Irodalmi \u00e1ttekint\u00e9s \u00e9s saj\u00e1t vizsg\u00e1latok f\u00e1c\u00e1nokban<\/span><span class=\"NormalTextRun SCXW39954170 BCX8\">.<\/span> <span class=\"NormalTextRun SCXW39954170 BCX8\">Magyar <\/span><span class=\"SpellingError SCXW39954170 BCX8\">Allatorvosok<\/span><span class=\"NormalTextRun SCXW39954170 BCX8\"> Lapja.<\/span><span class=\"NormalTextRun SCXW39954170 BCX8\"> 141:<\/span><span class=\"NormalTextRun SCXW39954170 BCX8\">523-531\u00a0<\/span><\/span><span class=\"EOP SCXW39954170 BCX8\" data-ccp-props=\"{&quot;201341983&quot;:0,&quot;335559739&quot;:160,&quot;335559740&quot;:259}\">\u00a0<\/span><\/td> <\/tr> <\/tbody> <\/table> <p>&nbsp;<\/p>","protected":false},"excerpt":{"rendered":"<p>Introduction Main research areas: I mainly participate in research related to poultry species. Progress: I started working at the Department in the fall of 2015. In the beginning, I was involved in the diagnostic work, as well as performed tasks as an autopsy master. From 2016, I teach General Pathology exercises, Pathology 1-3 exercises and<\/p>\n","protected":false},"author":5824,"featured_media":0,"parent":857,"menu_order":210,"comment_status":"closed","ping_status":"closed","template":"","meta":{"_acf_changed":false,"footnotes":""},"categories":[19],"tags":[],"class_list":["post-3731","page","type-page","status-publish","hentry","category-staff"],"acf":[],"_links":{"self":[{"href":"https:\/\/univet.hu\/en\/wp-json\/wp\/v2\/pages\/3731","targetHints":{"allow":["GET"]}}],"collection":[{"href":"https:\/\/univet.hu\/en\/wp-json\/wp\/v2\/pages"}],"about":[{"href":"https:\/\/univet.hu\/en\/wp-json\/wp\/v2\/types\/page"}],"author":[{"embeddable":true,"href":"https:\/\/univet.hu\/en\/wp-json\/wp\/v2\/users\/5824"}],"replies":[{"embeddable":true,"href":"https:\/\/univet.hu\/en\/wp-json\/wp\/v2\/comments?post=3731"}],"version-history":[{"count":1,"href":"https:\/\/univet.hu\/en\/wp-json\/wp\/v2\/pages\/3731\/revisions"}],"predecessor-version":[{"id":200057,"href":"https:\/\/univet.hu\/en\/wp-json\/wp\/v2\/pages\/3731\/revisions\/200057"}],"up":[{"embeddable":true,"href":"https:\/\/univet.hu\/en\/wp-json\/wp\/v2\/pages\/857"}],"wp:attachment":[{"href":"https:\/\/univet.hu\/en\/wp-json\/wp\/v2\/media?parent=3731"}],"wp:term":[{"taxonomy":"category","embeddable":true,"href":"https:\/\/univet.hu\/en\/wp-json\/wp\/v2\/categories?post=3731"},{"taxonomy":"post_tag","embeddable":true,"href":"https:\/\/univet.hu\/en\/wp-json\/wp\/v2\/tags?post=3731"}],"curies":[{"name":"wp","href":"https:\/\/api.w.org\/{rel}","templated":true}]}}