{"id":3770,"date":"2016-08-01T14:25:00","date_gmt":"2016-08-01T12:25:00","guid":{"rendered":"http:\/\/univet.hu\/about\/staff\/farkas-orsolya\/"},"modified":"2026-02-10T04:31:06","modified_gmt":"2026-02-10T03:31:06","slug":"farkas-orsolya","status":"publish","type":"page","link":"https:\/\/univet.hu\/en\/about\/staff\/farkas-orsolya\/","title":{"rendered":"Farkas Orsolya"},"content":{"rendered":"<p><span style=\"font-family: impact, sans-serif;\">Studies<\/span><\/p> <ul> <li>bioengineer MSc (2001, Budapest University of Technology and Economics)<\/li> <li>PhD (2008, Budapest University of Technology and Economics)<\/li> <li>habilitation (2018, University of Veterinary Medicine, Budapest)<\/li> <\/ul> <p><span style=\"font-family: impact, sans-serif;\">Positions<\/span><\/p> <ul> <li>2001- Research Center for Natural Sciences (Hungarian Academy of Sciences) \u2013 Laboratory of Biooxidation (research area: in vitro techniques, photodynamic therapy, multivariate data analysis)<\/li> <li>2011- University of Veterinary Medicine, Budapest, Department of Pharmacology and Toxicology<\/li> <\/ul> <p><span style=\"font-family: impact, sans-serif;\">Research area<\/span><\/p> <ul> <li>in vitro models of inflammation and oxidative stress<\/li> <li>role of polyphenols, plant extracts and probiotics in prevention inflammatory disease<\/li> <\/ul> <p><span style=\"font-family: impact, sans-serif;\">Teaching activity<\/span><\/p> <ul> <li>Veterinary pharmacology practicals<\/li> <li>Veterinary toxicology<\/li> <li>Introduction to cell culture technique (elective course)<\/li> <li>Culture of eukaryotic cells (PhD course)<\/li> <\/ul> <hr align=\"center\" size=\"5\" width=\"60%\" \/> <p><span style=\"font-family: impact, sans-serif;\">Advancement<\/span><\/p> <table style=\"height: 91px;\" width=\"436\"> <tbody> <tr> <td style=\"width: 209px; text-align: center;\">2011-2012<\/td> <td style=\"width: 211px; text-align: center;\">researcher<\/td> <\/tr> <tr> <td style=\"width: 209px; text-align: center;\">2012 &#8211; 2019<\/td> <td style=\"width: 211px; text-align: center;\">research fellow<\/td> <\/tr> <tr> <td style=\"width: 209px; text-align: center;\">2018.<\/td> <td style=\"width: 211px; text-align: center;\">habilitation<\/td> <\/tr> <tr> <td style=\"width: 209px; text-align: center;\">2019 &#8211;<\/td> <td style=\"width: 211px; text-align: center;\">senior research fellow<\/td> <\/tr> <\/tbody> <\/table> <p><span style=\"font-family: impact, sans-serif;\">TDK and thesis<\/span><\/p> <ul> <li>17 students<\/li> <li>First prize in OTDK 2017 (D\u00f3ra Kov\u00e1cs, in section Veterinary Physiology)\u00a0and OTDK 2023 (Fanni Somogyi, D\u00f3ra Kov\u00e1cs, in section Veterinary Physiology)<\/li> <\/ul> <table style=\"height: 122px;\" width=\"421\"> <tbody> <tr> <td style=\"width: 202px; text-align: center;\" colspan=\"2\"><strong>PhD-students<\/strong><\/td> <\/tr> <tr> <td style=\"width: 202px; text-align: center;\">Dr. Karancsi Zita<\/td> <td style=\"width: 203px; text-align: center;\">\u00a02015<\/td> <\/tr> <tr> <td style=\"width: 202px; text-align: center;\">P\u00e9zsa Nikolett<\/td> <td style=\"width: 203px; text-align: center;\">\u00a02017<\/td> <\/tr> <tr> <td style=\"width: 202px; text-align: center;\">Dr. Kov\u00e1cs D\u00f3ra<\/td> <td style=\"width: 203px; text-align: center;\">2018<\/td> <\/tr> <tr> <td style=\"width: 202px; text-align: center;\">Dr. M\u00f3ritz Alma<\/td> <td style=\"width: 203px; text-align: center;\">2021<\/td> <\/tr> <\/tbody> <\/table> <hr align=\"center\" size=\"5\" width=\"60%\" \/> <p><span style=\"font-family: impact, sans-serif;\">Publications (Top10)<\/span><\/p> <p style=\"text-align: center;\">MTMT:\u00a0<a href=\"https:\/\/m2.mtmt.hu\/gui2\/?type=authors&amp;mode=browse&amp;sel=authors10013542\">https:\/\/m2.mtmt.hu\/gui2\/?type=authors&amp;mode=browse&amp;sel=authors10013542<\/a><\/p> <table style=\"height: 398px; width: 1140px;\" width=\"1140\"> <tbody> <tr style=\"height: 86px;\"> <td style=\"width: 36px; height: 86px; text-align: center;\">1.<\/td> <td style=\"width: 1088px; height: 86px;\">Z. Karancsi, D. Kovacs, N. P\u00e9zsa; P. G\u00e1lfi, \u00c1. Jerzsele, O. Farkas The Impact of Quercetin and Its Methylated Derivatives 3-o-Methylquercetin and Rhamnazin in Lipopolysaccharide-Induced Inflammation in Porcine Intestinal Cells Antioxidants 11: 7 Paper: 1265, 12 p. 2022<\/td> <\/tr> <tr style=\"height: 54px;\"> <td style=\"width: 36px; height: 54px; text-align: center;\">2.<\/td> <td style=\"width: 1088px; height: 54px;\">Kov\u00e1cs, D; Palkovicsn\u00e9 P\u00e9zsa, N.; Jerzsele, \u00c1.; S\u00fcth, M.; Farkas, O. Protective Effects of Grape Seed Oligomeric Proanthocyanidins in IPEC-J2\u2013Escherichia coli\/Salmonella Typhimurium Co-Culture Antibiotics 11: 1 Paper: 110 202<\/td> <\/tr> <tr style=\"height: 54px;\"> <td style=\"width: 36px; height: 54px; text-align: center;\">3.<\/td> <td style=\"width: 1088px; height: 54px;\">Palkovicsn\u00e9 P\u00e9zsa, N.; Kov\u00e1cs, D.; R\u00e1cz, B.; Farkas, O. Effects of Bacillus licheniformis and Bacillus subtilis on Gut Barrier Function, Proinflammatory Response, ROS Production and Pathogen Inhibition Properties in IPEC-J2\u2014Escherichia coli\/Salmonella Typhimurium Co-Culture Microorganisms 10: 5 Paper: 936, 17 p. 2022<\/td> <\/tr> <tr style=\"height: 54px;\"> <td style=\"width: 36px; height: 54px; text-align: center;\">4.<\/td> <td style=\"width: 1088px; height: 54px;\">Palkovicsn\u00e9, P\u00e9zsa N.; Kov\u00e1cs, D.; G\u00e1lfi, P.; R\u00e1cz, B.; Farkas, O. Effect of Enterococcus faecium NCIMB 10415 on Gut Barrier Function, Internal Redox State, Proinflammatory Response and Pathogen Inhibition Properties in Porcine Intestinal Epithelial Cells Nutrients 14: 7 Paper: 1486, 18 p. 202<\/td> <\/tr> <tr style=\"height: 31px;\"> <td style=\"width: 36px; height: 31px; text-align: center;\">5.<\/td> <td style=\"width: 1088px; height: 31px;\">Z. Karancsi, A.V. M\u00f3ritz, N. Lewin, A. M. Veres, \u00c1. Jerzsele, O. Farkas. Beneficial effect of fermented wheat germ extract in intestinal epithelial cells in case of lipopolysaccharide-evoked inflammation. Oxidative Medicine and Cellular Longevity. 2020<\/td> <\/tr> <tr style=\"height: 23px;\"> <td style=\"width: 36px; height: 23px; text-align: center;\">6.<\/td> <td style=\"width: 1088px; height: 23px;\">\u00a0D, Kov\u00e1cs; Z, Karancsi; O, Farkas; \u00c1, Jerzsele Antioxidant activity of flavonoids in LPS-treated IPEC-J2 porcine intestinal epithelial cells and their antibacterial effect against bacteria of swine origin Antioxidants 9: 12 Paper: 1267 2020<\/td> <\/tr> <tr style=\"height: 24px;\"> <td style=\"width: 36px; text-align: center; height: 24px;\">7.<\/td> <td style=\"width: 1088px; height: 24px;\">\u00a0Farkas O, Karancsi Z, Kovacs D, Lubov B, Csiko G, Palocz O Effect of flavonoids on cytochrome P450 activity in porcine intestinal epithelial cells &#8211; in vitro interaction study Journal of Veterinary Pharmacology And Therapeutics 41:(1) pp. 142-143<\/td> <\/tr> <tr style=\"height: 24px;\"> <td style=\"width: 36px; text-align: center; height: 24px;\">8.<\/td> <td style=\"width: 1088px; height: 24px;\">Palocz O, Paszti-Gere E, Galfi P, Farkas O. Chlorogenic Acid Combined with Lactobacillus plantarum 2142 Reduced LPS-Induced Intestinal Inflammation and Oxidative Stress in IPEC-J2 Cells. Plos One 11:(11) Paper e0166642.<\/td> <\/tr> <tr style=\"height: 24px;\"> <td style=\"width: 36px; text-align: center; height: 24px;\">9.<\/td> <td style=\"width: 1088px; height: 24px;\">Farkas O, Pal\u00f3cz O, P\u00e1szti-Gere E, G\u00e1lfi P Polymethoxyflavone apigenin-trimethylether suppresses LPS-induced inflammatory response in non-transformed porcine intestinal cell line IPEC-J2 Oxidative Medicine and Cellular Longevity, Paper 673847<\/td> <\/tr> <tr style=\"height: 24px;\"> <td style=\"width: 36px; text-align: center; height: 24px;\">10.<\/td> <td style=\"width: 1088px; height: 24px;\">\u00a0Farkas O., G. M\u00e1tis, E. P\u00e1szti-Gere, O. Pal\u00f3cz, A. Kulcs\u00e1r, J. Petrilla, Gy. Csik\u00f3, Zs. Neogr\u00e1dy, P. G\u00e1lfi Effects of Lactobacillus plantarum 2142 and sodium n-butyrate in LPS-triggered inflammation: comparison of IPEC-J2 and primary hepatocyte mono-cultures with a porcine enterohepatic co-culture system Journal of Animal Science 92:(9), 3835-3845<\/td> <\/tr> <\/tbody> <\/table> <p>&nbsp;<\/p> <p style=\"text-align: center;\">(Updated: April 2023)<\/p>","protected":false},"excerpt":{"rendered":"<p>Studies bioengineer MSc (2001, Budapest University of Technology and Economics) PhD (2008, Budapest University of Technology and Economics) habilitation (2018, University of Veterinary Medicine, Budapest) Positions 2001- Research Center for Natural Sciences (Hungarian Academy of Sciences) \u2013 Laboratory of Biooxidation (research area: in vitro techniques, photodynamic therapy, multivariate data analysis) 2011- University of Veterinary Medicine,<\/p>\n","protected":false},"author":5824,"featured_media":0,"parent":857,"menu_order":211,"comment_status":"closed","ping_status":"closed","template":"","meta":{"_acf_changed":false,"footnotes":""},"categories":[19],"tags":[],"class_list":["post-3770","page","type-page","status-publish","hentry","category-staff"],"acf":[],"_links":{"self":[{"href":"https:\/\/univet.hu\/en\/wp-json\/wp\/v2\/pages\/3770","targetHints":{"allow":["GET"]}}],"collection":[{"href":"https:\/\/univet.hu\/en\/wp-json\/wp\/v2\/pages"}],"about":[{"href":"https:\/\/univet.hu\/en\/wp-json\/wp\/v2\/types\/page"}],"author":[{"embeddable":true,"href":"https:\/\/univet.hu\/en\/wp-json\/wp\/v2\/users\/5824"}],"replies":[{"embeddable":true,"href":"https:\/\/univet.hu\/en\/wp-json\/wp\/v2\/comments?post=3770"}],"version-history":[{"count":1,"href":"https:\/\/univet.hu\/en\/wp-json\/wp\/v2\/pages\/3770\/revisions"}],"predecessor-version":[{"id":200151,"href":"https:\/\/univet.hu\/en\/wp-json\/wp\/v2\/pages\/3770\/revisions\/200151"}],"up":[{"embeddable":true,"href":"https:\/\/univet.hu\/en\/wp-json\/wp\/v2\/pages\/857"}],"wp:attachment":[{"href":"https:\/\/univet.hu\/en\/wp-json\/wp\/v2\/media?parent=3770"}],"wp:term":[{"taxonomy":"category","embeddable":true,"href":"https:\/\/univet.hu\/en\/wp-json\/wp\/v2\/categories?post=3770"},{"taxonomy":"post_tag","embeddable":true,"href":"https:\/\/univet.hu\/en\/wp-json\/wp\/v2\/tags?post=3770"}],"curies":[{"name":"wp","href":"https:\/\/api.w.org\/{rel}","templated":true}]}}