{"id":3773,"date":"2017-05-04T10:47:00","date_gmt":"2017-05-04T08:47:00","guid":{"rendered":"http:\/\/univet.hu\/about\/staff\/farkas-robert\/"},"modified":"2026-02-10T04:31:06","modified_gmt":"2026-02-10T03:31:06","slug":"farkas-robert","status":"publish","type":"page","link":"https:\/\/univet.hu\/en\/about\/staff\/farkas-robert\/","title":{"rendered":"Farkas R\u00f3bert"},"content":{"rendered":"<p style=\"text-align: center;\"><strong>Introduction<\/strong><\/p> <p>Dr. R\u00f3bert Farkas has been working at the Department of Parasitology and Zoology of \u00c1TE since 1982, of which he was the head of the department between 2001 and 2018. He teaches parasitology and bee health, as well as two optional subjects, in Hungarian and English. Continually contributes to veterinary and other professional training. From 2012 to 2016, dean of education and was vice chancellor. He established professional relationships with several domestic and international research centers and participated in domestic and international research. The number of his scientific publications is 225. He contributed to the writing of 17 book chapters in English and 2 in Hungarian. Between 2003 and 2006, he received a Sz\u00e9chenyi scholarship. The veterinarian is a diplomat of the European College of Parasitologists. His professional work was recognized with the commemorative medal of the Society of Hungarian Parasitologists in 2007, the S\u00e1ndor Tolnai Award in 2012, and the Officer&#8217;s Cross of the Hungarian Order of Merit in 2017.<\/p> <p><strong>Main research area:<\/strong><\/p> <p>Occurrence of pathogens transmitted by external parasites of veterinary importance, parasitic diseases of farm and companion animals.<\/p> <p><strong>Progress<\/strong><\/p> <p>1976 &#8211; doctor of veterinary medicine<\/p> <p>1992 &#8211; candidate<\/p> <p>1998 &#8211; habilitation<\/p> <p>2013 &#8211; MTA PhD<\/p> <p><strong>Professional organization membership<\/strong><\/p> <table style=\"height: 224px;\" width=\"973\"> <tbody> <tr style=\"height: 32px;\"> <td style=\"width: 508.324px; text-align: center; height: 32px;\"><strong>Committee name<\/strong><\/td> <td style=\"width: 101.435px; text-align: center; height: 32px;\"><strong>Time<\/strong><\/td> <td style=\"width: 342.727px; text-align: center; height: 32px;\"><strong>Rank<\/strong><\/td> <\/tr> <tr style=\"height: 32px;\"> <td style=\"width: 508.324px; text-align: center; height: 32px;\">Accreditation and Quality Committee<\/td> <td style=\"width: 101.435px; text-align: center; height: 32px;\"><\/td> <td style=\"width: 342.727px; text-align: center; height: 32px;\">President<\/td> <\/tr> <tr style=\"height: 32px;\"> <td style=\"width: 508.324px; text-align: center; height: 32px;\">Scientific Decision Committee<\/td> <td style=\"width: 101.435px; text-align: center; height: 32px;\"><\/td> <td style=\"width: 342.727px; text-align: center; height: 32px;\">\u00a0Member<\/td> <\/tr> <tr style=\"height: 32px;\"> <td style=\"width: 508.324px; text-align: center; height: 32px;\">Doctoral School Council<\/td> <td style=\"width: 101.435px; text-align: center; height: 32px;\"><\/td> <td style=\"width: 342.727px; text-align: center; height: 32px;\">\u00a0Member<\/td> <\/tr> <tr style=\"height: 32px;\"> <td style=\"width: 508.324px; text-align: center; height: 32px;\">The Veterinary Science Committee of the Hungarian Academy of Sciences<\/td> <td style=\"width: 101.435px; text-align: center; height: 32px;\"><\/td> <td style=\"width: 342.727px; text-align: center; height: 32px;\">\u00a0Member<\/td> <\/tr> <tr style=\"height: 32px;\"> <td style=\"width: 508.324px; text-align: center; height: 32px;\">Animal Health Judicial Expert Panel<\/td> <td style=\"width: 101.435px; text-align: center; height: 32px;\"><\/td> <td style=\"width: 342.727px; text-align: center; height: 32px;\">\u00a0Member<\/td> <\/tr> <tr style=\"height: 32px;\"> <td style=\"width: 508.324px; text-align: center; height: 32px;\">Hungarian Society of Parasitologists<\/td> <td style=\"width: 101.435px; text-align: center; height: 32px;\"><\/td> <td style=\"width: 342.727px; text-align: center; height: 32px;\">President<\/td> <\/tr> <\/tbody> <\/table> <p>&nbsp;<\/p> <p><strong>Number of thesis\/TDK students to date: 82<\/strong><\/p> <table width=\"569\"> <tbody> <tr> <td colspan=\"2\" width=\"569\"> <p><strong>PhD-students:<\/strong><\/p> <p>F\u00f6ldv\u00e1ri G\u00e1bor<\/p> <p>T\u00e1nczos Bal\u00e1zs<\/p> <p>Boz\u00f3 Csaba<\/p> <p>T\u00f3th Mariann<\/p> <p>Dr. Becker Zsolt<\/p> <p>Krik\u00f3 Eszter<\/td> <\/tr> <tr> <td width=\"281\"><\/td> <td width=\"288\"><\/td> <\/tr> <\/tbody> <\/table> <p>&nbsp;<\/p> <p><strong>Publication list (Top10)<\/strong><\/p> <p>MTMT:\u00a0 <a href=\"https:\/\/m2.mtmt.hu\/gui2\/?type=authors&amp;mode=browse&amp;sel=authors10002347\">https:\/\/m2.mtmt.hu\/gui2\/?type=authors&amp;mode=browse&amp;sel=authors10002347<\/a><\/p> <table style=\"height: 280px;\" width=\"985\"> <tbody> <tr style=\"height: 80px;\"> <td style=\"width: 42.0167px; height: 80px; text-align: center;\">1.<\/td> <td style=\"width: 928.183px; height: 80px; text-align: center;\">Far, Dima\u00a0;\u00a0<a href=\"https:\/\/m2.mtmt.hu\/api\/author\/10050807\">Tak\u00e1cs, N\u00f3ra<\/a>;\u00a0<a href=\"https:\/\/m2.mtmt.hu\/api\/author\/10022994\">Gyurkovszky, M\u00f3nika<\/a>;\u00a0<a href=\"https:\/\/m2.mtmt.hu\/api\/author\/10017846\">Solymosi, Norbert<\/a>\u00a0;\u00a0<a href=\"https:\/\/m2.mtmt.hu\/api\/author\/10002347\">Farkas, R\u00f3bert,<\/a>\u00a0\u00a0 <a href=\"https:\/\/m2.mtmt.hu\/api\/publication\/32060695\"><em>Ticks and Tick-Borne Infections of Dogs in Two Jordanian Shelters.\u00a0<\/em><\/a><em>\u00a0\u00a0\u00a0<\/em>VECTOR-BORNE AND ZOONOTIC DISEASES\u00a021\u00a0:\u00a08\u00a0pp. 573-578. 6 p.\u00a0(2021)<\/td> <\/tr> <tr style=\"height: 24px;\"> <td style=\"width: 42.0167px; height: 24px; text-align: center;\">2.<\/td> <td style=\"width: 928.183px; height: 24px; text-align: center;\">Fuehrer, Hans-Peter\u00a0;\u00a0Morelli, Simone\u00a0;\u00a0Unterk\u00f6fler, Maria Sophia\u00a0;\u00a0Bajer, Anna\u00a0;\u00a0Bakran-Lebl, Karin\u00a0;\u00a0Dwu\u017cnik-Szarek, Dorota\u00a0;\u00a0<a href=\"https:\/\/m2.mtmt.hu\/api\/author\/10002347\">Farkas, R\u00f3bert<\/a>;\u00a0Grandi, Giulio\u00a0;\u00a0Heddergott, Mike\u00a0;\u00a0Jokelainen, Pikka\u00a0et al.: <a href=\"https:\/\/m2.mtmt.hu\/api\/publication\/32460421\"><em>Dirofilaria spp. and Angiostrongylus vasorum: Current Risk of Spreading in Central and Northern Europe<\/em><\/a><em>. <\/em>PATHOGENS\u00a010:\u00a010\u00a0p. 1268\u00a0(2021)<\/td> <\/tr> <tr style=\"height: 24px;\"> <td style=\"width: 42.0167px; height: 24px; text-align: center;\">3.<\/td> <td style=\"width: 928.183px; height: 24px; text-align: center;\"><a href=\"https:\/\/m2.mtmt.hu\/api\/author\/10075036\">Tuska-Szalay, Barbara<\/a>;\u00a0<a href=\"https:\/\/m2.mtmt.hu\/api\/author\/10049334\">Vizi, Zsuzsanna<\/a>;\u00a0Hofmann-Lehmann, Regina\u00a0;\u00a0<a href=\"https:\/\/m2.mtmt.hu\/api\/author\/10002293\">Vajdovich, P\u00e9ter<\/a>\u00a0;\u00a0<a href=\"https:\/\/m2.mtmt.hu\/api\/author\/10050807\">Tak\u00e1cs, N\u00f3ra<\/a>\u00a0;\u00a0Meli, Marina L.\u00a0;\u00a0<a href=\"https:\/\/m2.mtmt.hu\/api\/author\/10002347\">Farkas, R\u00f3bert<\/a>\u00a0;\u00a0Stummer-Knyih\u00e1r, Vikt\u00f3ria\u00a0;\u00a0<a href=\"https:\/\/m2.mtmt.hu\/api\/author\/10023378\">Jerzsele, \u00c1kos<\/a>\u00a0;\u00a0<a href=\"https:\/\/m2.mtmt.hu\/api\/author\/10000654\">Kontsch\u00e1n, Jen\u0151<\/a>\u00a0et al. <a href=\"https:\/\/m2.mtmt.hu\/api\/publication\/32195890\"><em>Babesia gibsoni emerging with high prevalence and co-infections in \u201cfighting dogs\u201d in Hungary<\/em><\/a><em>. <\/em>TRENT RESEARCH IN PARASITOLOGY &amp; VECTOR-BORNE DISEASES\u00a0p.100048\u00a0(2021)<\/td> <\/tr> <tr style=\"height: 24px;\"> <td style=\"width: 42.0167px; height: 24px; text-align: center;\">4.<\/td> <td style=\"width: 928.183px; height: 24px; text-align: center;\">Becskei, Csilla\u00a0;\u00a0Fias, Daphne\u00a0;\u00a0Mahabir, Sean P.\u00a0;\u00a0<a href=\"https:\/\/m2.mtmt.hu\/api\/author\/10002347\">Farkas, Robert<\/a>. <a href=\"https:\/\/m2.mtmt.hu\/api\/publication\/31236399\"><em>Efficacy of a novel oral chewable tablet containing sarolaner, moxidectin and pyrantel (Simparica Trio&#x2122;) against natural flea and tick infestations on dogs presented as veterinary patients in Europe<\/em><\/a><em>.\u00a0 <\/em>PARASITES AND VECTORS\u00a013:\u00a01\u00a0p. 72\u00a0(2020)<\/td> <\/tr> <tr style=\"height: 24px;\"> <td style=\"width: 42.0167px; height: 24px; text-align: center;\">5.<\/td> <td style=\"width: 928.183px; height: 24px; text-align: center;\">Becskei, Csilla\u00a0;\u00a0Kryda, Kristina\u00a0;\u00a0Fias, Daphne\u00a0;\u00a0Follis, Stacey L.\u00a0;\u00a0Wozniakiewicz, Magda\u00a0;\u00a0Mahabir, Sean P.\u00a0;\u00a0<a href=\"https:\/\/m2.mtmt.hu\/api\/author\/10002347\">Farkas, Robert<\/a>. <a href=\"https:\/\/m2.mtmt.hu\/api\/publication\/31236210\"><em>Field efficacy and safety of a novel oral chewable tablet containing sarolaner, moxidectin and pyrantel (Simparica Trio&#x2122;) against naturally acquired gastrointestinal nematode infections in dogs presented as veterinary patients in Europe and the USA<\/em><\/a><em> \u00a0 \u00a0 <\/em>PARASITES AND VECTORS\u00a013:\u00a01\u00a0p. 70\u00a0(2020)<\/td> <\/tr> <tr style=\"height: 10px;\"> <td style=\"width: 42.0167px; height: 10px; text-align: center;\">6.<\/td> <td style=\"width: 928.183px; height: 10px; text-align: center;\"><a href=\"https:\/\/m2.mtmt.hu\/api\/author\/10002347\">Farkas, R\u00f3bert<\/a>;\u00a0Mag, Vikt\u00f3ria\u00a0;\u00a0<a href=\"https:\/\/m2.mtmt.hu\/api\/author\/10022994\">Gyurkovszky, M\u00f3nika<\/a>;\u00a0<a href=\"https:\/\/m2.mtmt.hu\/api\/author\/10050807\">Tak\u00e1cs, N\u00f3ra<\/a>\u00a0;\u00a0<a href=\"https:\/\/m2.mtmt.hu\/api\/author\/10002315\">V\u00f6r\u00f6s, K\u00e1roly<\/a>\u00a0;\u00a0<a href=\"https:\/\/m2.mtmt.hu\/api\/author\/10017846\">Solymosi, Norbert<\/a>. <a href=\"https:\/\/m2.mtmt.hu\/api\/publication\/30935286\"><em>The current situation of canine dirofilariosis in Hungary.<\/em><\/a><em>\u00a0\u00a0<\/em>PARASITOLOGY RESEARCH\u00a0119\u00a0pp. 129-135, 7 p.\u00a0(2020)<\/td> <\/tr> <tr style=\"height: 22px;\"> <td style=\"width: 42.0167px; height: 22px; text-align: center;\">7.<\/td> <td style=\"width: 928.183px; height: 22px; text-align: center;\"><a href=\"https:\/\/m2.mtmt.hu\/api\/author\/10003063\">Hornok, S\u00e1ndor<\/a>;\u00a0Kov\u00e1ts, D\u00e1vid\u00a0;\u00a0Horv\u00e1th, G\u00e1bor\u00a0;\u00a0<a href=\"https:\/\/m2.mtmt.hu\/api\/author\/10000654\">Kontsch\u00e1n, Jen\u0151<\/a>;\u00a0<a href=\"https:\/\/m2.mtmt.hu\/api\/author\/10002347\">Farkas, R\u00f3bert:<\/a>\u00a0 <a href=\"https:\/\/m2.mtmt.hu\/api\/publication\/31167755\"><em>Checklist of the hard tick (Acari: Ixodidae) fauna of Hungary with emphasis on host-associations and the emergence of Rhipicephalus sanguineus<\/em><\/a><em>\u00a0\u00a0 E<\/em>XPERIMENTAL AND APPLIED ACAROLOGY\u00a080:\u00a03\u00a0pp. 311-328, 18 p.\u00a0(2020)<\/td> <\/tr> <tr style=\"height: 24px;\"> <td style=\"width: 42.0167px; height: 24px; text-align: center;\">8.<\/td> <td style=\"width: 928.183px; height: 24px; text-align: center;\">Mifsud, Marta\u00a0;\u00a0<a href=\"https:\/\/m2.mtmt.hu\/api\/author\/10050807\">Takacs, Nora<\/a>;\u00a0<a href=\"https:\/\/m2.mtmt.hu\/api\/author\/10022994\">Gyurkovszky, Monika<\/a>;\u00a0<a href=\"https:\/\/m2.mtmt.hu\/api\/author\/10017846\">Solymosi, Norbert<\/a>\u00a0;\u00a0<a href=\"https:\/\/m2.mtmt.hu\/api\/author\/10002347\">Farkas, Robert <\/a>:\u00a0\u00a0 <a href=\"https:\/\/m2.mtmt.hu\/api\/publication\/31288035\"><em>Detection of Flea-Borne Pathogens from Cats and Fleas in a Maltese Shelter<\/em><\/a><em>\u00a0\u00a0<\/em>VECTOR-BORNE AND ZOONOTIC DISEASES\u00a020:\u00a07\u00a0pp. 529-534, 6 p.\u00a0(2020)<\/td> <\/tr> <tr style=\"height: 24px;\"> <td style=\"width: 42.0167px; height: 24px; text-align: center;\">9.<\/td> <td style=\"width: 928.183px; height: 24px; text-align: center;\"><a href=\"https:\/\/m2.mtmt.hu\/api\/author\/10002347\">Farkas, R\u00f3bert<\/a>;\u00a0Ambrusics, Petra\u00a0;\u00a0<a href=\"https:\/\/m2.mtmt.hu\/api\/author\/10022994\">Gyurkovszky, M\u00f3nika<\/a>. <a href=\"https:\/\/m2.mtmt.hu\/api\/publication\/30643100\"><em>Juhok haemonchosisa: Irodalmi \u00f6sszefoglal\u00f3<\/em><\/a><em>\u00a0<\/em><em>\u00a0<\/em>MAGYAR \u00c1LLATORVOSOK LAPJA\u00a0141\u00a0:\u00a04\u00a0pp. 219-226, 8 p.\u00a0(2019)<\/td> <\/tr> <tr style=\"height: 24px;\"> <td style=\"width: 42.0167px; height: 24px; text-align: center;\">10.<\/td> <td style=\"width: 928.183px; height: 24px; text-align: center;\">Kiszely, S\u00e1ra\u00a0;\u00a0<a href=\"https:\/\/m2.mtmt.hu\/api\/author\/10022994\">Gyurkovszky, M\u00f3nika<\/a>;\u00a0<a href=\"https:\/\/m2.mtmt.hu\/api\/author\/10017846\">Solymosi, Norbert<\/a>;\u00a0<a href=\"https:\/\/m2.mtmt.hu\/api\/author\/10002347\">Farkas, R\u00f3bert<\/a>. <a href=\"https:\/\/m2.mtmt.hu\/api\/publication\/30815715\"><em>Survey of lungworm infection of domestic cats in Hungary<\/em><\/a><em>\u00a0\u00a0 <\/em>ACTA VETERINARIA HUNGARICA\u00a067\u00a0:\u00a03\u00a0pp. 407-417, 11 p.\u00a0(2019)<\/td> <\/tr> <\/tbody> <\/table> <p>&nbsp;<\/p> <p>&nbsp;<\/p> <p>&nbsp;<\/p> <p>&nbsp;<\/p> <p>&nbsp;<\/p> <p>&nbsp;<\/p> <p>&nbsp;<\/p> <div> <p>&nbsp;<\/p> <\/div>","protected":false},"excerpt":{"rendered":"<p>Introduction Dr. R\u00f3bert Farkas has been working at the Department of Parasitology and Zoology of \u00c1TE since 1982, of which he was the head of the department between 2001 and 2018. He teaches parasitology and bee health, as well as two optional subjects, in Hungarian and English. Continually contributes to veterinary and other professional training.<\/p>\n","protected":false},"author":5824,"featured_media":0,"parent":857,"menu_order":211,"comment_status":"closed","ping_status":"closed","template":"","meta":{"_acf_changed":false,"footnotes":""},"categories":[19],"tags":[],"class_list":["post-3773","page","type-page","status-publish","hentry","category-staff"],"acf":[],"_links":{"self":[{"href":"https:\/\/univet.hu\/en\/wp-json\/wp\/v2\/pages\/3773","targetHints":{"allow":["GET"]}}],"collection":[{"href":"https:\/\/univet.hu\/en\/wp-json\/wp\/v2\/pages"}],"about":[{"href":"https:\/\/univet.hu\/en\/wp-json\/wp\/v2\/types\/page"}],"author":[{"embeddable":true,"href":"https:\/\/univet.hu\/en\/wp-json\/wp\/v2\/users\/5824"}],"replies":[{"embeddable":true,"href":"https:\/\/univet.hu\/en\/wp-json\/wp\/v2\/comments?post=3773"}],"version-history":[{"count":1,"href":"https:\/\/univet.hu\/en\/wp-json\/wp\/v2\/pages\/3773\/revisions"}],"predecessor-version":[{"id":200152,"href":"https:\/\/univet.hu\/en\/wp-json\/wp\/v2\/pages\/3773\/revisions\/200152"}],"up":[{"embeddable":true,"href":"https:\/\/univet.hu\/en\/wp-json\/wp\/v2\/pages\/857"}],"wp:attachment":[{"href":"https:\/\/univet.hu\/en\/wp-json\/wp\/v2\/media?parent=3773"}],"wp:term":[{"taxonomy":"category","embeddable":true,"href":"https:\/\/univet.hu\/en\/wp-json\/wp\/v2\/categories?post=3773"},{"taxonomy":"post_tag","embeddable":true,"href":"https:\/\/univet.hu\/en\/wp-json\/wp\/v2\/tags?post=3773"}],"curies":[{"name":"wp","href":"https:\/\/api.w.org\/{rel}","templated":true}]}}