{"id":37857,"date":"2019-04-11T13:29:37","date_gmt":"2019-04-11T11:29:37","guid":{"rendered":"https:\/\/univet.hu\/?page_id=37857"},"modified":"2019-04-11T13:41:18","modified_gmt":"2019-04-11T11:41:18","slug":"museums-theatres-in-budapest","status":"publish","type":"page","link":"https:\/\/univet.hu\/en\/student-support-services-at-univet-budapest\/useful-links-info\/museums-theatres-in-budapest\/","title":{"rendered":"Museums &#038; Theatres in Budapest"},"content":{"rendered":"<p>&nbsp;<\/p> <h4>Museums in Budapest:<\/h4> <p><strong>Fine Arts in Hungary<\/strong>:\u00a0<a href=\"http:\/\/www.mfab.hu\" data-replaced=\"true\" \"true\"target =\"_blank\" rel=\"noopener\">www.mfab.hu<\/a><\/p> <p><strong>Museum of Fine Arts<\/strong>: <a href=\"http:\/\/www.mfab.hu\" data-replaced=\"true\" \"true\"target =\"_blank\" rel=\"noopener\">www.mfab.hu<\/a><\/p> <p><strong>M\u0171csarnok<\/strong>: <a href=\"http:\/\/www.mucsarnok.hu\" data-replaced=\"true\" target=\"_blank\" rel=\"noopener\">www.mucsarnok.hu<\/a><\/p> <p><strong>Museum of Applied Arts<\/strong>: <a href=\"http:\/\/www.imm.hu\" data-replaced=\"true\" target=\"_blank\" rel=\"noopener\">www.imm.hu<\/a><\/p> <p><strong>Hungarian National Gallery<\/strong>: <a href=\"http:\/\/www.en.mng.hu\" data-replaced=\"true\" target=\"_blank\" rel=\"noopener\">www.en.mng.hu<\/a><\/p> <p><strong>Hungarian National Museum<\/strong>: <a href=\"http:\/\/www.mnm.hu\" data-replaced=\"true\" target=\"_blank\" rel=\"noopener\">www.mnm.hu<\/a><\/p> <p><strong>Museum of Ethnography<\/strong>: <a href=\"http:\/\/www.neprajz.hu\" data-replaced=\"true\" target=\"_blank\" rel=\"noopener\">www.neprajz.hu<\/a><\/p> <p><strong>Ludwig Museum<\/strong>: <a href=\"http:\/\/www.ludwigmuseum.hu\" data-replaced=\"true\" target=\"_blank\" rel=\"noopener\">www.ludwigmuseum.hu<\/a><\/p> <p><strong>Budapest History Museum: <\/strong><a href=\"http:\/\/www.btm.hu\" data-replaced=\"true\" target=\"_blank\" rel=\"noopener\">www.btm.hu<\/a><\/p> <p><strong>Hungarian Natural History Museum<\/strong>: <a href=\"http:\/\/www.nhmus.hu\/\" data-replaced=\"true\" target=\"_blank\" rel=\"noopener\">www.nhmus.hu<\/a><\/p> <p><strong>The Hungarian Museum of Science, Technology and Transport<\/strong>: <a href=\"http:\/\/www.mmkm.hu\" data-replaced=\"true\" target=\"_blank\" rel=\"noopener\">www.mmkm.hu<\/a><\/p> <p><strong>The Museum and Library of Hungarian Agriculture<\/strong>: <a href=\"http:\/\/www.mezogazdasagimuzeum.hu\" data-replaced=\"true\" target=\"_blank\" rel=\"noopener\">www.mezogazdasagimuzeum.hu<\/a><\/p> <p><strong>Hungarian Cultural Institutes<\/strong>:\u00a0<a href=\"http:\/\/www.balassiintezet.hu\/en\/\" data-replaced=\"true\" target=\"_blank\" rel=\"noopener\">www.balassiintezet.hu<\/a><\/p> <p>&nbsp;<\/p> <h4><strong>Theatres Budapest<\/strong><\/h4> <p><strong>Belv\u00e1rosi<\/strong> <strong>Theatre<\/strong>: <u><a href=\"http:\/\/www.belvarosiszinhaz.hu%0d\" data-replaced=\"true\" target=\"_blank\" rel=\"noopener\">www.belvarosiszinhaz.hu<\/a><\/u><\/p> <p><strong>Budapesti Operettsz\u00ednh\u00e1z<\/strong>: <u><a href=\"http:\/\/www.operett.hu%0d\" data-replaced=\"true\" target=\"_blank\" rel=\"noopener\">www.operett.hu<\/a><\/u><\/p> <p><strong>Central Theatre<\/strong>: <a href=\"http:\/\/www.centralszinhaz.hu\" data-replaced=\"true\" target=\"_blank\" rel=\"noopener\">www.centralszinhaz.hu<\/a><\/p> <p><strong>Deutsches TheatreBudapest<\/strong>: <a href=\"http:\/\/www.deutschestheater.hu\/\" data-replaced=\"true\" target=\"_blank\" rel=\"noopener\">www.deutschestheater.hu<\/a><\/p> <p><strong>Erkel Theatre<\/strong>: <a href=\"http:\/\/www.opera.hu\" data-replaced=\"true\" \"true\"target =\"_blank\" rel=\"noopener\">www.opera.hu<\/a><\/p> <p><strong>J\u00f3zsef Attila Theatre<\/strong>: <a href=\"http:\/\/www.jozsefattilaszinhaz.hu\" data-replaced=\"true\" target=\"_blank\" rel=\"noopener\">www.jozsefattilaszinhaz.hu<\/a><\/p> <p><strong>Karinthy Theater<\/strong>: <a href=\"http:\/\/www.karinthyszinhaz.hu\" data-replaced=\"true\" target=\"_blank\" rel=\"noopener\">www.karinthyszinhaz.hu<\/a><\/p> <p><strong>Katona J\u00f3zsef Theatre<\/strong>: <a href=\"http:\/\/www.katonajozsefszinhaz.hu\" data-replaced=\"true\" target=\"_blank\" rel=\"noopener\">www.katonajozsefszinhaz.hu<\/a><\/p> <p><strong>Kolibri Theatre<\/strong>: <a href=\"http:\/\/www.kolibriszinhaz.hu\" data-replaced=\"true\" target=\"_blank\" rel=\"noopener\">www.kolibriszinhaz.hu<\/a><\/p> <p><strong>Laiser Theatre &#8211; Planet\u00e1rium<\/strong>: <u><a href=\"http:\/\/www.planetarium.hu%0d\" data-replaced=\"true\" target=\"_blank\" rel=\"noopener\">www.planetarium.hu<\/a><\/u><\/p> <p><strong>Mad\u00e1ch Theatre<\/strong>: <a href=\"http:\/\/www.madachszinhaz.hu\" data-replaced=\"true\" target=\"_blank\" rel=\"noopener\">www.madachszinhaz.hu<\/a><\/p> <p><strong>Hungarian State Opera<\/strong>: <a href=\"http:\/\/www.opera.hu\" data-replaced=\"true\" \"true\"target =\"_blank\" rel=\"noopener\">www.opera.hu<\/a><\/p> <p><strong>Hungarian National Dance Ensemble<\/strong>: <u><a href=\"http:\/\/www.mnte.hu%0d\" data-replaced=\"true\" target=\"_blank\" rel=\"noopener\">www.mnte.hu<\/a><\/u><\/p> <p><strong>Margaret Island Open-Air Stage<\/strong>: <a href=\"http:\/\/www.szabadter.hu\/margitszigeti-szabadteri-szinpad\" data-replaced=\"true\" target=\"_blank\" rel=\"noopener\">www.szabadter.hu\/margitszigeti-szabadteri-szinpad<\/a><\/p> <p><strong>M\u00dcPA<\/strong>: <a href=\"http:\/\/www.mupa.hu\" data-replaced=\"true\" target=\"_blank\" rel=\"noopener\">www.mupa.hu<\/a><\/p> <p><strong>National Horse Theatre<\/strong>: <a href=\"http:\/\/www.nemzetilovasszinhaz.hu\" data-replaced=\"true\" target=\"_blank\" rel=\"noopener\">www.nemzetilovasszinhaz.hu<\/a><\/p> <p><strong>National Theater<\/strong>: <a href=\"http:\/\/www.nemzetiszinhaz.hu\" data-replaced=\"true\" target=\"_blank\" rel=\"noopener\">www.nemzetiszinhaz.hu<\/a><\/p> <p><strong>National Dance Theatre Budapest<\/strong>: <a href=\"http:\/\/www.nemzetitancszinhaz.hu\" data-replaced=\"true\" target=\"_blank\" rel=\"noopener\">www.nemzetitancszinhaz.hu<\/a><\/p> <p><strong>\u00d6rk\u00e9ny Istv\u00e1n<\/strong> <strong>Theatre <\/strong>: <a href=\"http:\/\/www.orkenyszinhaz.hu\" data-replaced=\"true\" target=\"_blank\" rel=\"noopener\">www.orkenyszinhaz.hu<\/a><\/p> <p><strong>Pesti Magyar Theatre <\/strong>: <a href=\"http:\/\/www.pestimagyarszinhaz.hu\" data-replaced=\"true\" target=\"_blank\" rel=\"noopener\">www.pestimagyarszinhaz.hu<\/a><\/p> <p><strong>Radn\u00f3ti Mikl\u00f3s<\/strong> <strong>Theatre <\/strong>: <a href=\"http:\/\/www.radnotiszinhaz.hu\" data-replaced=\"true\">www.radnotiszinhaz.hu<\/a><\/p> <p><strong>RAM Colosseum<\/strong>: <a href=\"http:\/\/www.ramcolosseum.hu\" data-replaced=\"true\" target=\"_blank\" rel=\"noopener\">www.ramcolosseum.hu<\/a><\/p> <p><strong>Rock Theater<\/strong>: <a href=\"http:\/\/www.rockszinhaz.3rdproof.com\" data-replaced=\"true\" target=\"_blank\" rel=\"noopener\">www.rockszinhaz.3rdproof.com<\/a><\/p> <p><strong>Th\u00e1lia Theater<\/strong>: <a href=\"http:\/\/www.thalia.hu\" data-replaced=\"true\" target=\"_blank\" rel=\"noopener\">www.thalia.hu<\/a><\/p> <p><strong>Traf\u00f3<\/strong>: <a href=\"http:\/\/www.trafo.hu\" data-replaced=\"true\" target=\"_blank\" rel=\"noopener\">www.trafo.hu<\/a><\/p> <p><strong>New Theatre<\/strong>: <a href=\"http:\/\/www.ujszinhaz.hu\" data-replaced=\"true\" target=\"_blank\" rel=\"noopener\">www.ujszinhaz.hu<\/a><\/p> <p><strong>V\u00edgsz\u00ednh\u00e1z<\/strong>: <a href=\"http:\/\/www.vigszinhaz.hu\" data-replaced=\"true\" target=\"_blank\" rel=\"noopener\">www.vigszinhaz.hu<\/a><\/p> <p>&nbsp;<\/p> <h4><strong>Art Cinemas<\/strong><\/h4> <p><strong>Puskin Art Cinema<\/strong>: <a href=\"http:\/\/www.puskinmozi.hu\" data-replaced=\"true\" target=\"_blank\" rel=\"noopener\">www.puskinmozi.hu<\/a><\/p> <p><strong>Art Cinema<\/strong>: <a href=\"http:\/\/www.muveszmozi.hu\" data-replaced=\"true\" target=\"_blank\" rel=\"noopener\">www.muveszmozi.hu<\/a><\/p> <p><strong>Toldi Art Cinema<\/strong>: <a href=\"http:\/\/www.toldimozi.hu\" data-replaced=\"true\" target=\"_blank\" rel=\"noopener\">www.toldimozi.hu<\/a><\/p> <p><strong>Tab\u00e1n Art Cinema<\/strong>: <a href=\"http:\/\/www.tabanartmozi.hu\" data-replaced=\"true\" target=\"_blank\" rel=\"noopener\">www.tabanartmozi.hu<\/a><\/p> <p><strong>KinoCafe Art Cinema<\/strong>: <a href=\"http:\/\/www.kinocafemozi.hu\" data-replaced=\"true\" target=\"_blank\" rel=\"noopener\">www.kinocafemozi.hu<\/a><\/p> <p>&nbsp;<\/p>","protected":false},"excerpt":{"rendered":"<p>&nbsp; Museums in Budapest: Fine Arts in Hungary:\u00a0www.mfab.hu Museum of Fine Arts: www.mfab.hu M\u0171csarnok: www.mucsarnok.hu Museum of Applied Arts: www.imm.hu Hungarian National Gallery: www.en.mng.hu Hungarian National Museum: www.mnm.hu Museum of Ethnography: www.neprajz.hu Ludwig Museum: www.ludwigmuseum.hu Budapest History Museum: www.btm.hu Hungarian Natural History Museum: www.nhmus.hu The Hungarian Museum of Science, Technology and Transport: www.mmkm.hu The Museum<\/p>\n","protected":false},"author":7,"featured_media":0,"parent":34208,"menu_order":101,"comment_status":"closed","ping_status":"closed","template":"","meta":{"_acf_changed":false,"footnotes":""},"categories":[],"tags":[],"class_list":["post-37857","page","type-page","status-publish","hentry"],"acf":[],"_links":{"self":[{"href":"https:\/\/univet.hu\/en\/wp-json\/wp\/v2\/pages\/37857","targetHints":{"allow":["GET"]}}],"collection":[{"href":"https:\/\/univet.hu\/en\/wp-json\/wp\/v2\/pages"}],"about":[{"href":"https:\/\/univet.hu\/en\/wp-json\/wp\/v2\/types\/page"}],"author":[{"embeddable":true,"href":"https:\/\/univet.hu\/en\/wp-json\/wp\/v2\/users\/7"}],"replies":[{"embeddable":true,"href":"https:\/\/univet.hu\/en\/wp-json\/wp\/v2\/comments?post=37857"}],"version-history":[{"count":0,"href":"https:\/\/univet.hu\/en\/wp-json\/wp\/v2\/pages\/37857\/revisions"}],"up":[{"embeddable":true,"href":"https:\/\/univet.hu\/en\/wp-json\/wp\/v2\/pages\/34208"}],"wp:attachment":[{"href":"https:\/\/univet.hu\/en\/wp-json\/wp\/v2\/media?parent=37857"}],"wp:term":[{"taxonomy":"category","embeddable":true,"href":"https:\/\/univet.hu\/en\/wp-json\/wp\/v2\/categories?post=37857"},{"taxonomy":"post_tag","embeddable":true,"href":"https:\/\/univet.hu\/en\/wp-json\/wp\/v2\/tags?post=37857"}],"curies":[{"name":"wp","href":"https:\/\/api.w.org\/{rel}","templated":true}]}}