{"id":37861,"date":"2019-04-11T13:31:26","date_gmt":"2019-04-11T11:31:26","guid":{"rendered":"https:\/\/univet.hu\/?page_id=37861"},"modified":"2019-04-11T13:41:04","modified_gmt":"2019-04-11T11:41:04","slug":"shopping-malls-markets","status":"publish","type":"page","link":"https:\/\/univet.hu\/en\/student-support-services-at-univet-budapest\/useful-links-info\/shopping-malls-markets\/","title":{"rendered":"Shopping Malls &#038; Markets"},"content":{"rendered":"<h4><strong>Shopping Malls:<\/strong><\/h4> <p><strong>Ar\u00e9na Shopping Mall<\/strong>: <a href=\"http:\/\/www.arenaplaza.hu\" data-replaced=\"true\">www.arenaplaza.hu<\/a><\/p> <p><strong>Asia Center Shopping Mall<\/strong>: <a href=\"http:\/\/www.asiacenter.hu\" data-replaced=\"true\">www.asiacenter.hu<\/a><\/p> <p><strong>\u00c1rk\u00e1d Shopping Mall (\u00d6rs vez\u00e9r Square)<\/strong>: <a href=\"http:\/\/www.arkadbudapest.hu\" data-replaced=\"true\" target=\"_blank\" rel=\"noopener\">www.arkadbudapest.hu<\/a><\/p> <p><strong>Campona Shopping Mall<\/strong>: <a href=\"http:\/\/www.campona.hu\" data-replaced=\"true\">www.campona.hu<\/a><\/p> <p><strong>Corvin Shopping Mall<\/strong>: <a href=\"http:\/\/www.corvinplaza.hu\" data-replaced=\"true\" target=\"_blank\" rel=\"noopener\">www.corvinplaza.hu<\/a><\/p> <p><strong>Duna Shopping Mall<\/strong>: <a href=\"http:\/\/www.dunaplaza.hu\" data-replaced=\"true\">www.dunaplaza.hu<\/a><\/p> <p><strong>Europeum Shopping Mall<\/strong>: <a href=\"http:\/\/www.europeum.hu\" data-replaced=\"true\" target=\"_blank\" rel=\"noopener\">www.europeum.hu<\/a><\/p> <p><strong>Hegyvid\u00e9k Shopping Mall<\/strong>: <a href=\"http:\/\/hegyvidekkozpont.hu\/\" data-replaced=\"true\" target=\"_blank\" rel=\"noopener\">www.hegyvidekkozpont.hu<\/a><\/p> <p><strong>Mamut Shopping Mall<\/strong>: <a href=\"http:\/\/www.mammut.hu\" data-replaced=\"true\">www.mammut.hu<\/a><\/p> <p><strong>MOM Park Shopping Mall<\/strong>: <a href=\"http:\/\/www.mompark.hu\" data-replaced=\"true\">www.mompark.hu<\/a><\/p> <p><strong>P\u00f3lus Center Shopping Mall<\/strong>: <a href=\"http:\/\/www.polus.hu\" data-replaced=\"true\">www.polus.hu<\/a><\/p> <p><strong>\u00daj Buda Center Shopping Mall<\/strong>: <a href=\"http:\/\/www.ujbudacenter.hu\" data-replaced=\"true\">www.ujbudacenter.hu<\/a><\/p> <p><strong>WestEnd City Center Shopping Mall<\/strong>: <a href=\"http:\/\/www.westend.hu\" data-replaced=\"true\">www.westend.hu<\/a><\/p> <p>&nbsp;<\/p> <h4><strong>Markets:<\/strong><\/h4> <p><strong>The Great Market Hall<\/strong>: <a href=\"http:\/\/www.budapestmarkethall.com\" data-replaced=\"true\" target=\"_blank\" rel=\"noopener\">www.budapestmarkethall.com<\/a><\/p> <p><strong>F\u00e9ny Street Market<\/strong>: <u><a href=\"http:\/\/www.fenyutcaipiac.hu\/\" data-replaced=\"true\">www.fenyutcaipiac.hu<\/a><\/u><\/p> <p><strong>Klauz\u00e1l Square Market<\/strong>: <a href=\"http:\/\/www.facebook.com\/klauzalpiac\" data-replaced=\"true\" target=\"_blank\" rel=\"noopener\">www.facebook.com\/klauzalpiac<\/a><\/p> <p><strong>Hold Street Market<\/strong>: <a href=\"http:\/\/www.belvarospiac.hu\" data-replaced=\"true\" target=\"_blank\" rel=\"noopener\">www.belvarospiac.hu<\/a><\/p> <p><strong>Lehel Square Market<\/strong>: <a href=\"http:\/\/www.kozszolgaltato.bp13.hu\/lehel-csarnok\" data-replaced=\"true\">www.kozszolgaltato.bp13.hu\/lehel-csarnok<\/a><\/p> <p><strong>Biokult\u00fara Biomarket<\/strong>:<a href=\"http:\/\/www.biokultura.org\/hu\/biokultura-okopiac\" data-replaced=\"true\" target=\"_blank\" rel=\"noopener\"> www.biokultura.org\/hu\/biokultura-okopiac<\/a><\/p> <p><strong>Szimplakerti Market<\/strong>: <a href=\"http:\/\/www.szimpla.hu\" data-replaced=\"true\" target=\"_blank\" rel=\"noopener\">www.szimpla.hu<\/a><\/p>","protected":false},"excerpt":{"rendered":"<p>Shopping Malls: Ar\u00e9na Shopping Mall: www.arenaplaza.hu Asia Center Shopping Mall: www.asiacenter.hu \u00c1rk\u00e1d Shopping Mall (\u00d6rs vez\u00e9r Square): www.arkadbudapest.hu Campona Shopping Mall: www.campona.hu Corvin Shopping Mall: www.corvinplaza.hu Duna Shopping Mall: www.dunaplaza.hu Europeum Shopping Mall: www.europeum.hu Hegyvid\u00e9k Shopping Mall: www.hegyvidekkozpont.hu Mamut Shopping Mall: www.mammut.hu MOM Park Shopping Mall: www.mompark.hu P\u00f3lus Center Shopping Mall: www.polus.hu \u00daj Buda Center<\/p>\n","protected":false},"author":7,"featured_media":0,"parent":34208,"menu_order":105,"comment_status":"closed","ping_status":"closed","template":"","meta":{"_acf_changed":false,"footnotes":""},"categories":[],"tags":[],"class_list":["post-37861","page","type-page","status-publish","hentry"],"acf":[],"_links":{"self":[{"href":"https:\/\/univet.hu\/en\/wp-json\/wp\/v2\/pages\/37861","targetHints":{"allow":["GET"]}}],"collection":[{"href":"https:\/\/univet.hu\/en\/wp-json\/wp\/v2\/pages"}],"about":[{"href":"https:\/\/univet.hu\/en\/wp-json\/wp\/v2\/types\/page"}],"author":[{"embeddable":true,"href":"https:\/\/univet.hu\/en\/wp-json\/wp\/v2\/users\/7"}],"replies":[{"embeddable":true,"href":"https:\/\/univet.hu\/en\/wp-json\/wp\/v2\/comments?post=37861"}],"version-history":[{"count":0,"href":"https:\/\/univet.hu\/en\/wp-json\/wp\/v2\/pages\/37861\/revisions"}],"up":[{"embeddable":true,"href":"https:\/\/univet.hu\/en\/wp-json\/wp\/v2\/pages\/34208"}],"wp:attachment":[{"href":"https:\/\/univet.hu\/en\/wp-json\/wp\/v2\/media?parent=37861"}],"wp:term":[{"taxonomy":"category","embeddable":true,"href":"https:\/\/univet.hu\/en\/wp-json\/wp\/v2\/categories?post=37861"},{"taxonomy":"post_tag","embeddable":true,"href":"https:\/\/univet.hu\/en\/wp-json\/wp\/v2\/tags?post=37861"}],"curies":[{"name":"wp","href":"https:\/\/api.w.org\/{rel}","templated":true}]}}