{"id":37865,"date":"2019-04-11T13:33:20","date_gmt":"2019-04-11T11:33:20","guid":{"rendered":"https:\/\/univet.hu\/?page_id=37865"},"modified":"2019-04-11T13:41:24","modified_gmt":"2019-04-11T11:41:24","slug":"hungarian-language","status":"publish","type":"page","link":"https:\/\/univet.hu\/en\/student-support-services-at-univet-budapest\/useful-links-info\/hungarian-language\/","title":{"rendered":"Hungarian language"},"content":{"rendered":"<p><strong>Online Hungarian lessons<\/strong>:\u00a0<a href=\"http:\/\/www.magyarora.com\" data-replaced=\"true\">www.magyarora.com<\/a><\/p> <p><strong>Hungarian Language Reference<\/strong>:\u00a0<a href=\"http:\/\/www.hungarianreference.com\/\" data-replaced=\"true\">www.hungarianreference.com<\/a><\/p> <p><strong>Hungarian &#8211; English dictionary<\/strong>:\u00a0<a href=\"http:\/\/szotar.sztaki.hu\/english-hungarian\" data-replaced=\"true\">szotar.sztaki.hu\/english-hungarian<\/a><\/p> <p><strong>Language schools<\/strong><\/p> <p><strong>Berlitz<\/strong>: www.berlitz.hu<\/p> <p><strong>British Council<\/strong>: www.britishcouncil.hu<\/p> <p><strong>Hungarian Language School<\/strong>: www.magyar-iskola.hu<\/p> <p><strong>Ulysses<\/strong>: www.ulysses.co.hu<\/p> <p><strong>Euro<\/strong>: www.euro-nyelviskola.hu<\/p> <p><strong>Inter-Lingua<\/strong>: www.budapest-nyelviskola.hu<\/p> <p><strong>Soter<\/strong>: www.soternyelviskola.hu<\/p> <p><strong>Katedra<\/strong>: www.budapest.katedra.hu<\/p> <h4><\/h4> <table> <tbody> <tr> <th> <h4>Survival dictionary<\/h4> <\/th> <td><\/td> <td><\/td> <\/tr> <tr> <td>Hi!<\/td> <td>See-ya!<\/td> <td>Szia!<\/td> <\/tr> <tr> <td>Cheers!<\/td> <td>Eh-gayss-shay-gehd-reh!<\/td> <td>Eg\u00e9szs\u00e9gedre!<\/td> <\/tr> <tr> <td>Good morning!<\/td> <td>Yo rehg-gehlt!<\/td> <td>J\u00f3 reggelt!<\/td> <\/tr> <tr> <td>How are you?<\/td> <td>Hodge vahdge?<\/td> <td>Hogy vagy?<\/td> <\/tr> <tr> <td>A moment, please.<\/td> <td>Edge pill-ah-naht<\/td> <td>Egy pillanat<\/td> <\/tr> <tr> <td>No problem<\/td> <td>Sham-me bahy<\/td> <td>Semmi baj<\/td> <\/tr> <\/tbody> <\/table> <p>&nbsp;<\/p>","protected":false},"excerpt":{"rendered":"<p>Online Hungarian lessons:\u00a0www.magyarora.com Hungarian Language Reference:\u00a0www.hungarianreference.com Hungarian &#8211; English dictionary:\u00a0szotar.sztaki.hu\/english-hungarian Language schools Berlitz: www.berlitz.hu British Council: www.britishcouncil.hu Hungarian Language School: www.magyar-iskola.hu Ulysses: www.ulysses.co.hu Euro: www.euro-nyelviskola.hu Inter-Lingua: www.budapest-nyelviskola.hu Soter: www.soternyelviskola.hu Katedra: www.budapest.katedra.hu Survival dictionary Hi! See-ya! Szia! Cheers! Eh-gayss-shay-gehd-reh! Eg\u00e9szs\u00e9gedre! Good morning! Yo rehg-gehlt! J\u00f3 reggelt! How are you? Hodge vahdge? Hogy vagy? A moment, please.<\/p>\n","protected":false},"author":7,"featured_media":0,"parent":34208,"menu_order":97,"comment_status":"closed","ping_status":"closed","template":"","meta":{"_acf_changed":false,"footnotes":""},"categories":[],"tags":[],"class_list":["post-37865","page","type-page","status-publish","hentry"],"acf":[],"_links":{"self":[{"href":"https:\/\/univet.hu\/en\/wp-json\/wp\/v2\/pages\/37865","targetHints":{"allow":["GET"]}}],"collection":[{"href":"https:\/\/univet.hu\/en\/wp-json\/wp\/v2\/pages"}],"about":[{"href":"https:\/\/univet.hu\/en\/wp-json\/wp\/v2\/types\/page"}],"author":[{"embeddable":true,"href":"https:\/\/univet.hu\/en\/wp-json\/wp\/v2\/users\/7"}],"replies":[{"embeddable":true,"href":"https:\/\/univet.hu\/en\/wp-json\/wp\/v2\/comments?post=37865"}],"version-history":[{"count":0,"href":"https:\/\/univet.hu\/en\/wp-json\/wp\/v2\/pages\/37865\/revisions"}],"up":[{"embeddable":true,"href":"https:\/\/univet.hu\/en\/wp-json\/wp\/v2\/pages\/34208"}],"wp:attachment":[{"href":"https:\/\/univet.hu\/en\/wp-json\/wp\/v2\/media?parent=37865"}],"wp:term":[{"taxonomy":"category","embeddable":true,"href":"https:\/\/univet.hu\/en\/wp-json\/wp\/v2\/categories?post=37865"},{"taxonomy":"post_tag","embeddable":true,"href":"https:\/\/univet.hu\/en\/wp-json\/wp\/v2\/tags?post=37865"}],"curies":[{"name":"wp","href":"https:\/\/api.w.org\/{rel}","templated":true}]}}