{"id":37867,"date":"2019-04-11T13:34:44","date_gmt":"2019-04-11T11:34:44","guid":{"rendered":"https:\/\/univet.hu\/?page_id=37867"},"modified":"2019-04-11T13:41:58","modified_gmt":"2019-04-11T11:41:58","slug":"health","status":"publish","type":"page","link":"https:\/\/univet.hu\/en\/student-support-services-at-univet-budapest\/useful-links-info\/health\/","title":{"rendered":"Health"},"content":{"rendered":"<p><strong>EU Health Insurance Card:<\/strong> www.ec.europa.eu\/social\/main.jsp?catId=559<\/p> <p><strong>National Health Insurance Fund<\/strong>: www.oep.hu<\/p> <p><strong>Central Accident Outpatient Service<\/strong>: www.obsi.hu<\/p> <p>&nbsp;<\/p> <h4><strong>Private GPS and Medical Centers<\/strong><\/h4> <p><strong>Medicover<\/strong>: www.medicover.hu<\/p> <p><strong>Dunamedical Center<\/strong>: www.dunamedicalcenter.org\/hu<\/p> <p><strong>Budai Health Center<\/strong>: www. bhc.hu<\/p> <p><strong>MeDoc Health Center<\/strong>: www.medocklinika.hu<\/p> <p><strong>Affidea\u00a0Private Diagnostic Center<\/strong>: www.affidea.hu<\/p> <p>&nbsp;<\/p> <h4><strong>Private Labs<\/strong><\/h4> <p><strong>Synlab<\/strong>: <a href=\"http:\/\/www.synlab.hu\" data-replaced=\"true\">www.synlab.hu<\/a><\/p> <p><strong>Gell\u00e9rt Medical Lab<\/strong>: www.gellertlabor.hu<\/p> <p><strong>Cetrum-Lab<\/strong>: www.centrumlab.hu<u><\/u><\/p> <p>&nbsp;<\/p> <h4><strong>Insurance companies<\/strong><\/h4> <p><strong>AEGON Magyarorsz\u00e1g \u00c1ltal\u00e1nos Biztos\u00edt\u00f3 Zrt<\/strong>: <a href=\"http:\/\/www.aegon.hu\" data-replaced=\"true\">www.aegon.hu<\/a><\/p> <p><strong>ALLIANZ HUNG\u00c1RIA Biztos\u00edt\u00f3 Zrt<\/strong>:\u00a0<a href=\"http:\/\/www.allianz.hu\" data-replaced=\"true\">www.allianz.hu<\/a><\/p> <p><strong>GENERALI Biztos\u00edt\u00f3 Zrt:<\/strong>\u00a0\u00a0<a href=\"http:\/\/www.generali.hu\" data-replaced=\"true\">www.generali.hu<\/a><\/p> <p><strong>GROUPAMA Biztos\u00edt\u00f3 Zrt<\/strong>:\u00a0<a href=\"http:\/\/www.groupama.hu\" data-replaced=\"true\">www.groupama.hu<\/a><\/p> <p><strong>K&amp;H Biztos\u00edt\u00f3 Zrt<\/strong>:\u00a0<a href=\"http:\/\/www.kh.hu\" data-replaced=\"true\">www.kh.hu<\/a><\/p> <p><strong>MEDICOVER F\u00f6rs\u00e4krings AB (publ) Magyarorsz\u00e1gi Fi\u00f3ktelepe<\/strong>:\u00a0<a href=\"http:\/\/www.medicover.hu\" data-replaced=\"true\">www.medicover.hu<\/a><\/p> <p><strong>UNION Vienna Insurance Group Biztos\u00edt\u00f3 Zrt<\/strong>:\u00a0<a href=\"http:\/\/www.unionbiztosito.hu\" data-replaced=\"true\">www.unionbiztosito.hu<\/a><\/p> <p><strong>UNIQA Biztos\u00edt\u00f3 Zrt<\/strong>: <a href=\"http:\/\/www.uniqa.hu\" data-replaced=\"true\">www.uniqa.hu<\/a><\/p> <p>&nbsp;<\/p> <h4><\/h4>","protected":false},"excerpt":{"rendered":"<p>EU Health Insurance Card: www.ec.europa.eu\/social\/main.jsp?catId=559 National Health Insurance Fund: www.oep.hu Central Accident Outpatient Service: www.obsi.hu &nbsp; Private GPS and Medical Centers Medicover: www.medicover.hu Dunamedical Center: www.dunamedicalcenter.org\/hu Budai Health Center: www. bhc.hu MeDoc Health Center: www.medocklinika.hu Affidea\u00a0Private Diagnostic Center: www.affidea.hu &nbsp; Private Labs Synlab: www.synlab.hu Gell\u00e9rt Medical Lab: www.gellertlabor.hu Cetrum-Lab: www.centrumlab.hu &nbsp; Insurance companies AEGON Magyarorsz\u00e1g<\/p>\n","protected":false},"author":7,"featured_media":0,"parent":34208,"menu_order":94,"comment_status":"closed","ping_status":"closed","template":"","meta":{"_acf_changed":false,"footnotes":""},"categories":[],"tags":[],"class_list":["post-37867","page","type-page","status-publish","hentry"],"acf":[],"_links":{"self":[{"href":"https:\/\/univet.hu\/en\/wp-json\/wp\/v2\/pages\/37867","targetHints":{"allow":["GET"]}}],"collection":[{"href":"https:\/\/univet.hu\/en\/wp-json\/wp\/v2\/pages"}],"about":[{"href":"https:\/\/univet.hu\/en\/wp-json\/wp\/v2\/types\/page"}],"author":[{"embeddable":true,"href":"https:\/\/univet.hu\/en\/wp-json\/wp\/v2\/users\/7"}],"replies":[{"embeddable":true,"href":"https:\/\/univet.hu\/en\/wp-json\/wp\/v2\/comments?post=37867"}],"version-history":[{"count":0,"href":"https:\/\/univet.hu\/en\/wp-json\/wp\/v2\/pages\/37867\/revisions"}],"up":[{"embeddable":true,"href":"https:\/\/univet.hu\/en\/wp-json\/wp\/v2\/pages\/34208"}],"wp:attachment":[{"href":"https:\/\/univet.hu\/en\/wp-json\/wp\/v2\/media?parent=37867"}],"wp:term":[{"taxonomy":"category","embeddable":true,"href":"https:\/\/univet.hu\/en\/wp-json\/wp\/v2\/categories?post=37867"},{"taxonomy":"post_tag","embeddable":true,"href":"https:\/\/univet.hu\/en\/wp-json\/wp\/v2\/tags?post=37867"}],"curies":[{"name":"wp","href":"https:\/\/api.w.org\/{rel}","templated":true}]}}