{"id":37906,"date":"2019-04-11T20:08:32","date_gmt":"2019-04-11T18:08:32","guid":{"rendered":"https:\/\/univet.hu\/?page_id=37906"},"modified":"2019-04-11T20:08:32","modified_gmt":"2019-04-11T18:08:32","slug":"justina-gerbutaviciute","status":"publish","type":"page","link":"https:\/\/univet.hu\/en\/about\/project-proposals\/presentation-day-2019\/justina-gerbutaviciute\/","title":{"rendered":"Justina Gerbutavi\u010di\u016bt\u0117"},"content":{"rendered":"<h4><strong>Bio:<\/strong><\/h4> <p><a href=\"https:\/\/univet.hu\/wp-content\/uploads\/2019\/04\/Justina-Gerbutavi\u010di\u016bt\u0117_Fot\u00f3.jpg\"><img loading=\"lazy\" decoding=\"async\" class=\"alignright size-medium wp-image-37888\" src=\"https:\/\/univet.hu\/wp-content\/uploads\/2019\/04\/Justina-Gerbutavi\u010di\u016bt\u0117_Fot\u00f3-240x320.jpg\" data-replaced=\"true\" alt=\"\" width=\"240\" height=\"320\" srcset=\"https:\/\/univet.hu\/wp-content\/uploads\/2019\/04\/Justina-Gerbutavi\u010di\u016bt\u0117_Fot\u00f3-240x320.jpg 240w, https:\/\/univet.hu\/wp-content\/uploads\/2019\/04\/Justina-Gerbutavi\u010di\u016bt\u0117_Fot\u00f3-768x1024.jpg 768w, https:\/\/univet.hu\/wp-content\/uploads\/2019\/04\/Justina-Gerbutavi\u010di\u016bt\u0117_Fot\u00f3-720x960.jpg 720w, https:\/\/univet.hu\/wp-content\/uploads\/2019\/04\/Justina-Gerbutavi\u010di\u016bt\u0117_Fot\u00f3.jpg 1935w\" sizes=\"auto, (max-width: 240px) 100vw, 240px\" \/><\/a>Hi! My name is Justina Gerbutavi\u010di\u016bt\u0117, I am from Lithuania. As you see in the picture, I am really &#8220;into&#8221; cows. Many people ask, why cows? I would like to use a quote by Mary Temple Grandin, \u00a0an American professor of animal science: &#8220;Cows are curiously afraid\u201c. And it is true: that makes me curious about them. My research about ovary dysfunctions conforms with intensive dairy farming because animal keepers want to reach high production and I want to help them to have a healthy herd. My goal is early diagnostics of the ovaries, which I will introduce you soon.<\/p> <p><strong>Topic:\u00a0Innovative dairy herd management program helps to diagnose and differentiate early ovarian dysfunction after parturition in dairy cows.<\/strong><\/p>","protected":false},"excerpt":{"rendered":"<p>Bio: Hi! My name is Justina Gerbutavi\u010di\u016bt\u0117, I am from Lithuania. As you see in the picture, I am really &#8220;into&#8221; cows. Many people ask, why cows? I would like to use a quote by Mary Temple Grandin, \u00a0an American professor of animal science: &#8220;Cows are curiously afraid\u201c. And it is true: that makes me<\/p>\n","protected":false},"author":7,"featured_media":0,"parent":37764,"menu_order":0,"comment_status":"closed","ping_status":"closed","template":"","meta":{"_acf_changed":false,"footnotes":""},"categories":[],"tags":[],"class_list":["post-37906","page","type-page","status-publish","hentry"],"acf":[],"_links":{"self":[{"href":"https:\/\/univet.hu\/en\/wp-json\/wp\/v2\/pages\/37906","targetHints":{"allow":["GET"]}}],"collection":[{"href":"https:\/\/univet.hu\/en\/wp-json\/wp\/v2\/pages"}],"about":[{"href":"https:\/\/univet.hu\/en\/wp-json\/wp\/v2\/types\/page"}],"author":[{"embeddable":true,"href":"https:\/\/univet.hu\/en\/wp-json\/wp\/v2\/users\/7"}],"replies":[{"embeddable":true,"href":"https:\/\/univet.hu\/en\/wp-json\/wp\/v2\/comments?post=37906"}],"version-history":[{"count":0,"href":"https:\/\/univet.hu\/en\/wp-json\/wp\/v2\/pages\/37906\/revisions"}],"up":[{"embeddable":true,"href":"https:\/\/univet.hu\/en\/wp-json\/wp\/v2\/pages\/37764"}],"wp:attachment":[{"href":"https:\/\/univet.hu\/en\/wp-json\/wp\/v2\/media?parent=37906"}],"wp:term":[{"taxonomy":"category","embeddable":true,"href":"https:\/\/univet.hu\/en\/wp-json\/wp\/v2\/categories?post=37906"},{"taxonomy":"post_tag","embeddable":true,"href":"https:\/\/univet.hu\/en\/wp-json\/wp\/v2\/tags?post=37906"}],"curies":[{"name":"wp","href":"https:\/\/api.w.org\/{rel}","templated":true}]}}