{"id":3842,"date":"2017-10-24T15:43:00","date_gmt":"2017-10-24T13:43:00","guid":{"rendered":"http:\/\/univet.hu\/about\/staff\/gerencser-ferencne\/"},"modified":"2026-02-10T04:30:10","modified_gmt":"2026-02-10T03:30:10","slug":"gerencser-ferencne","status":"publish","type":"page","link":"https:\/\/univet.hu\/en\/about\/staff\/gerencser-ferencne\/","title":{"rendered":"Gerencs\u00e9r Ferencn\u00e9"},"content":{"rendered":"<p style=\"text-align: center;\"><strong><span style=\"font-size: 14pt;\">Introduction<\/span><\/strong><\/p> <p>I joined the Department of Botany in 2014 in connection with the teaching of medicinal plants. Later, I also participated in the teaching of veterinary botany and the development of the redesigned curriculum, primarily plant chemistry. In addition to these two subjects, I am currently leading a course in German on poisonous garden and indoor plants. I see myself as a teacher, I only carry out research tasks as a collaborator on smaller projects.<\/p> <p>My work is my hobby: I am interested in everything related to education, herbs and the German language. I spend my time outside of work with my family.<\/p> <p><strong>Main research areas:<\/strong><\/p> <ul> <li>possibilities of using medicinal plants in veterinary practice<\/li> <li>secondary metabolic products and their detection<\/li> <\/ul> <p><strong>Progress<\/strong><\/p> <table style=\"height: 266px;\" width=\"981\"> <tbody> <tr style=\"height: 54px;\"> <td style=\"width: 231.108px; text-align: center; height: 54px;\">Workplaces<\/td> <td style=\"width: 456.236px; text-align: center; height: 54px;\">Institutions<\/td> <td style=\"width: 273.139px; text-align: center; height: 54px;\">Post<\/td> <\/tr> <tr style=\"height: 54px;\"> <td style=\"width: 231.108px; text-align: center; height: 54px;\">\u00a01993 -1994<\/td> <td style=\"width: 456.236px; text-align: center; height: 54px;\"> <p>\u00a0Gy\u00f3gyn\u00f6v\u00e9nykutat\u00f3 Int\u00e9zet<\/p> <p>(Medicinal Plant Research Institute)<\/td> <td style=\"width: 273.139px; text-align: center; height: 54px;\">scientific intern<\/td> <\/tr> <tr style=\"height: 54px;\"> <td style=\"width: 231.108px; text-align: center; height: 54px;\">\u00a01990-1993<\/td> <td style=\"width: 456.236px; text-align: center; height: 54px;\"> <p>\u00a0G\u00f6d\u00f6ll\u0151i Agr\u00e1rtudom\u00e1nyi Egyetem Tan\u00e1rk\u00e9pz\u0151 Int\u00e9zete<\/p> <p>(G\u00f6d\u00f6ll\u0151 University of Agricultural Sciences Teacher Training Institute)<\/td> <td style=\"width: 273.139px; text-align: center; height: 54px;\">teacher of horticultural engineering<\/td> <\/tr> <tr style=\"height: 104px;\"> <td style=\"width: 231.108px; text-align: center; height: 104px;\">\u00a01988-1993<\/td> <td style=\"width: 456.236px; text-align: center; height: 104px;\"> <p>\u00a0Kert\u00e9szeti \u00e9s \u00c9lelmiszeripari Egyetem, Kert\u00e9szeti Kar, Gy\u00f3gyn\u00f6v\u00e9nytermeszt\u00e9s Szak<\/p> <p>(University of Horticulture and Food Industry, Faculty of Horticulture, Cultivation of Medicinal Plants)<\/td> <td style=\"width: 273.139px; text-align: center; height: 104px;\">\u00a0certified horticultural engineer<\/td> <\/tr> <\/tbody> <\/table> <p><strong>Professional organization membership<\/strong><\/p> <p><strong>Number of thesis\/TDK students to date<\/strong><\/p> <p>1<\/p> <table width=\"569\"> <tbody> <tr> <td colspan=\"2\" width=\"569\"><strong>PhD-students<\/strong><\/td> <\/tr> <\/tbody> <\/table> <p><strong>Publication list (Top10)<\/strong><\/p> <p>MTMT:<\/p>","protected":false},"excerpt":{"rendered":"<p>Introduction I joined the Department of Botany in 2014 in connection with the teaching of medicinal plants. Later, I also participated in the teaching of veterinary botany and the development of the redesigned curriculum, primarily plant chemistry. In addition to these two subjects, I am currently leading a course in German on poisonous garden and<\/p>\n","protected":false},"author":5824,"featured_media":0,"parent":857,"menu_order":210,"comment_status":"closed","ping_status":"closed","template":"","meta":{"_acf_changed":false,"footnotes":""},"categories":[19],"tags":[],"class_list":["post-3842","page","type-page","status-publish","hentry","category-staff"],"acf":[],"_links":{"self":[{"href":"https:\/\/univet.hu\/en\/wp-json\/wp\/v2\/pages\/3842","targetHints":{"allow":["GET"]}}],"collection":[{"href":"https:\/\/univet.hu\/en\/wp-json\/wp\/v2\/pages"}],"about":[{"href":"https:\/\/univet.hu\/en\/wp-json\/wp\/v2\/types\/page"}],"author":[{"embeddable":true,"href":"https:\/\/univet.hu\/en\/wp-json\/wp\/v2\/users\/5824"}],"replies":[{"embeddable":true,"href":"https:\/\/univet.hu\/en\/wp-json\/wp\/v2\/comments?post=3842"}],"version-history":[{"count":1,"href":"https:\/\/univet.hu\/en\/wp-json\/wp\/v2\/pages\/3842\/revisions"}],"predecessor-version":[{"id":200060,"href":"https:\/\/univet.hu\/en\/wp-json\/wp\/v2\/pages\/3842\/revisions\/200060"}],"up":[{"embeddable":true,"href":"https:\/\/univet.hu\/en\/wp-json\/wp\/v2\/pages\/857"}],"wp:attachment":[{"href":"https:\/\/univet.hu\/en\/wp-json\/wp\/v2\/media?parent=3842"}],"wp:term":[{"taxonomy":"category","embeddable":true,"href":"https:\/\/univet.hu\/en\/wp-json\/wp\/v2\/categories?post=3842"},{"taxonomy":"post_tag","embeddable":true,"href":"https:\/\/univet.hu\/en\/wp-json\/wp\/v2\/tags?post=3842"}],"curies":[{"name":"wp","href":"https:\/\/api.w.org\/{rel}","templated":true}]}}