{"id":3896,"date":"2018-04-19T12:32:00","date_gmt":"2018-04-19T10:32:00","guid":{"rendered":"http:\/\/univet.hu\/about\/staff\/hazai-diana\/"},"modified":"2026-02-10T04:30:14","modified_gmt":"2026-02-10T03:30:14","slug":"hazai-diana","status":"publish","type":"page","link":"https:\/\/univet.hu\/en\/about\/staff\/hazai-diana\/","title":{"rendered":"Hazai Di\u00e1na"},"content":{"rendered":"<p>Office hours: during the semester, every Thursday 12:00-13:00<\/p> <h2>Introduction<\/h2> <div> <p>Scientific degrees: 2002. Diploma in Zoology (Szent Istv\u00e1n University, Department of Veterinary Sciences)<br \/> 2007. PhD-in Veterinary Sciences<\/p> <\/div> <h2>Activity<\/h2> <div> <p>Scientific and academic memberships: Hungarian Neuroscience Society<br \/> Hungarian Anatomical Society<br \/> IBRO<br \/> Educational activity: Anatomy practicals, lectures and plenary lectures for English and Hungarian groups<br \/> Scientific activity and production:<\/p> <p>Citoszkelet\u00e1lis eredet\u0171 neurol\u00f3giai k\u00f3rk\u00e9p kvantitat\u00edv elektronmikroszk\u00f3pos vizsg\u00e1lata eg\u00e9rmodellen<br \/> R\u00e1cz B, Hazai D, Czeibert K, S\u00f3tonyi PMAGYAR \u00c1LLATORVOSOK LAPJA 136:(1) pp. 52-58. (2014)<\/p> <p>Ultrastructural abnormalities in CA1 hippocampus caused by deletion of the actin regulator WAVE-1.<br \/> Hazai D, Szudoczki R, Ding J, Soderling SH, Weinberg RJ, S\u00f3tonyi P, R\u00e1cz B.<br \/> PLoS One. 2013 Sep 25;8(9):e75248. doi: 10.1371\/journal.pone.0075248. eCollection 2013.PMID:24086480<br \/> [PubMed &#8211; in process]<\/p> <p>Diana Hazai: The dystrophin protein family, Localization and physiological role.<br \/> ISBN: 978-3-8383-9623-1, LAMBERT Academic Publishing, 2010<\/p> <p>Ecto-nucleoside triphosphate diphosphohydrolase 3 in the ventral and lateral hypothalamic area of female rats: morphological characterization and functional implications.<br \/> Kiss DS, Zsarnovszky A, Horvath K, Gyorffy A, Bartha T, Hazai D, Sotonyi P, Somogyi V, Frenyo LV, Diano S.<br \/> Reprod Biol Endocrinol. 2009 Apr 22;7:31.PMID:19383175[PubMed &#8211; indexed for MEDLINE]<\/p> <p>Synaptic alpha-dystrobrevin: localization of a short alpha-dystrobrevin isoform in melanin-concentrating hormone neurons of the hypothalamus.<br \/> Hazai D, Lien CF, Haj\u00f3s F, Halasy K, G\u00f3recki DC, Jancsik V.Brain Res. 2008 Mar 27;1201:52-9. Epub 2008 Jan 26.PMID:18314094[PubMed &#8211; indexed for MEDLINE]<\/p> <p>Expression of alpha-dystrobrevin in blood-tissue barriers: sub-cellular localisation and molecular characterisation in normal and dystrophic mice.<br \/> Lien CF, Hazai D, Yeung D, Tan J, F\u00fcchtbauer EM, Jancsik V, G\u00f3recki DC.<br \/> Cell Tissue Res. 2007 Jan;327(1):67-82. Epub 2006 Jul 26.PMID:16868787[PubMed &#8211; indexed for MEDLINE]<\/p> <p>Diana Hazai: Duchenne muscle distrophy, inheritable muscle atrophy Life and Science, 2006\/3, 86-87<\/p> <p>Dystrophin splice variants are distinctly localized in the hippocampus.<br \/> Hazai D, Halasy K, Mornet D, Haj\u00f3s F, Jancsik V.<br \/> Acta Biol Hung. 2006 Jun;57(2):141-6.PMID:16841465[PubMed &#8211; indexed for MEDLINE]<\/p> <\/div>","protected":false},"excerpt":{"rendered":"<p>Office hours: during the semester, every Thursday 12:00-13:00 Introduction Scientific degrees: 2002. Diploma in Zoology (Szent Istv\u00e1n University, Department of Veterinary Sciences) 2007. PhD-in Veterinary Sciences Activity Scientific and academic memberships: Hungarian Neuroscience Society Hungarian Anatomical Society IBRO Educational activity: Anatomy practicals, lectures and plenary lectures for English and Hungarian groups Scientific activity and production:<\/p>\n","protected":false},"author":5824,"featured_media":0,"parent":857,"menu_order":210,"comment_status":"closed","ping_status":"closed","template":"","meta":{"_acf_changed":false,"footnotes":""},"categories":[19],"tags":[],"class_list":["post-3896","page","type-page","status-publish","hentry","category-staff"],"acf":[],"_links":{"self":[{"href":"https:\/\/univet.hu\/en\/wp-json\/wp\/v2\/pages\/3896","targetHints":{"allow":["GET"]}}],"collection":[{"href":"https:\/\/univet.hu\/en\/wp-json\/wp\/v2\/pages"}],"about":[{"href":"https:\/\/univet.hu\/en\/wp-json\/wp\/v2\/types\/page"}],"author":[{"embeddable":true,"href":"https:\/\/univet.hu\/en\/wp-json\/wp\/v2\/users\/5824"}],"replies":[{"embeddable":true,"href":"https:\/\/univet.hu\/en\/wp-json\/wp\/v2\/comments?post=3896"}],"version-history":[{"count":1,"href":"https:\/\/univet.hu\/en\/wp-json\/wp\/v2\/pages\/3896\/revisions"}],"predecessor-version":[{"id":190679,"href":"https:\/\/univet.hu\/en\/wp-json\/wp\/v2\/pages\/3896\/revisions\/190679"}],"up":[{"embeddable":true,"href":"https:\/\/univet.hu\/en\/wp-json\/wp\/v2\/pages\/857"}],"wp:attachment":[{"href":"https:\/\/univet.hu\/en\/wp-json\/wp\/v2\/media?parent=3896"}],"wp:term":[{"taxonomy":"category","embeddable":true,"href":"https:\/\/univet.hu\/en\/wp-json\/wp\/v2\/categories?post=3896"},{"taxonomy":"post_tag","embeddable":true,"href":"https:\/\/univet.hu\/en\/wp-json\/wp\/v2\/tags?post=3896"}],"curies":[{"name":"wp","href":"https:\/\/api.w.org\/{rel}","templated":true}]}}