{"id":3914,"date":"2018-04-10T12:36:00","date_gmt":"2018-04-10T10:36:00","guid":{"rendered":"http:\/\/univet.hu\/about\/staff\/hejel-peter\/"},"modified":"2026-02-10T04:31:12","modified_gmt":"2026-02-10T03:31:12","slug":"hejel-peter","status":"publish","type":"page","link":"https:\/\/univet.hu\/en\/about\/staff\/hejel-peter\/","title":{"rendered":"Hejel P\u00e9ter"},"content":{"rendered":"<p style=\"text-align: center;\"><span style=\"font-size: 14pt;\"><strong>Introduction<\/strong><\/span><\/p> <p>I have been working in the dairy dairy cattle sector since 1996, in the development, planning and operation of husbandry technology systems, production management, animal health and feeding management of herds, breeding organization, veterinary pharmaceutical trade.<\/p> <p>However, university research and teaching are mostly close to my professional interests. As an instructor, in addition to imparting theoretical and scientific knowledge, I try to incorporate my practical experience into my lectures. As a researcher, I am most interested in practice-oriented, applied research.<\/p> <p><strong>Progress<\/strong><\/p> <p>In 2021, I obtained a PhD degree with a &#8220;summa cum laude&#8221; qualification at the UoVM\u2019s. Doctoral School of Veterinary Medicine.<\/p> <p>Important milestones: in 1996 agricultural engineering specializing in livestock breeding, in 2001 certified agricultural engineering, then in 2010 MSc in wildlife management engineering. obtaining diplomas.<\/p> <p>In 2017, I started working at the current \u00c1TE Department of Animal Hygiene, Herd-health and Mobile Clinic, where I returned in January 2023 after a one-year absence. My duties include Animal Hygiene I. and II. within the scope of subjects, veterinary environmental hygiene, precision animal husbandry, and veterinary diagnostic and monitoring methods, education of some subfields of cattle herd-health, I am an instructor \u00a0in mobile clinical practices.<\/p> <p>In 2020, I took part in the ruminant medicine veterinary specialist training as an lecturer and co-organizer of one of the thematic programs.<\/p> <p>I contributed to EFOP 3.6.1. and 3.6.2. in the compilation of instrument purchases for tenders, as well as in the development of an instrument in the framework of the tender that can automatically measure environmental hygiene parameters and some animal responses.<\/p> <p>As an practical training instructor, I contribute to the training of students from the United Arab Emirates.<\/p> <p>I participate in the preparation of the curriculum of the Digital Welfare Program 2.0 &#8211; Digital Agricultural Academy&#8217;s Animal Health Module, as well as in the related theoretical lectures and exercises.<\/p> <p>I actively participate in the external research and expert service work carried out by the Department, for example in the examination of the metabolic profile of dairy herds.<\/p> <p>Upon request, I also take on proofreading activities in various professional journals, such as the Magyar \u00c1llatorvosok Lapja [Hungarian Veterinary Journal].<\/p> <p><strong>His main research areas:<\/strong><\/p> <p>My research is primarily focused on cattle herd-health, including the development of veterinary environmental hygiene and herd-level diagnostic and monitoring systems. I wrote my dissertation on the development of an <em>in vivo<\/em> oxidative stress monitoring method for cows and calves. The current focus of my research is precision veterinary diagnostics, with particular regard to its application possibilities in practical herd health monitoring.<\/p> <ul> <li>The best possible understanding of the biological reactions given by farm animals to changes in the environment and the practical application of this knowledge<\/li> <li>Possibilities for optimizing livestock technology and feeding systems<\/li> <li>Development of herd-level diagnostic protocols, with particular regard to metabolic disorders<\/li> <li>The development of precision animal husbandry and veterinary diagnostic methods and the possibilities of their practical application<\/li> <\/ul> <p><strong>Number of thesis\/TDK students to date: <\/strong>3<\/p> <p><strong>Selected publications:<\/strong><\/p> <p>My detailed publishing activities are available in the various databases:<\/p> <p>MTMT ID: 10057588<\/p> <p>ORCID ID: 0000-0002-9942-8781<\/p> <ol> <li>Hejel, P\u00e9ter; Gerhard, Zechner; Csorba, Csaba; K\u00f6nyves, L\u00e1szl\u00f3: Survey of ketolactia, determining the main predisposing management factors and consequences in Hungarian dairy herds by using a cow-side milk test. VETERINARY RECORD OPEN 2018;5:e000253. doi:10.1136\/vetreco-2017-000253<\/li> <li>Hejel, P\u00e9ter; S\u00e1f\u00e1r, J\u00e1nos; Bogn\u00e1r, Barbara; Kiss, L\u00e1szl\u00f3; Jurkovich, Viktor; Brydl, Endre; K\u00f6nyves, L\u00e1szl\u00f3: The impact of the oxidative status on the reproduction of cows and the calves\u2019 health \u2013 a review. ACTA VETERINARIA BRNO 90: 1 pp. 3-13., 11 p. (2021)<\/li> <li>Hejel, P\u00e9ter; Jurkovich, Viktor; Bogn\u00e1r, Barbara; Kov\u00e1cs, P\u00e9ter; Brydl, Endre; K\u00f6nyves, L\u00e1szl\u00f3: Monitoring the redox status in dairy cows by using plasma dROMs, PAT, and OSI biomarkers. ACTA VETERINARIA BRNO 90: 2 pp. 125-134., 10 p. (2021)<\/li> <li>Levente, Kov\u00e1cs; M\u00e1ty\u00e1s, P\u00e1lffy; P\u00e9ter, Hejel; Walter, Baumgartner; Ott\u00f3, Szenci: Subacute ruminal acidosis in dairy cows &#8211; physiological background, risk factors and diagnostic methods. VETERINARSKA STANICA 51: 1 pp. 1-13., 13 p. (2020)<\/li> <li>P\u00e9ter, Hejel; Viktor, Jurkovich; Przemys\u0142aw, Sobiech; Dominika, Wysocka; Gerda, Kiss; Blanka, Horv\u00e1th; L\u00e1szl\u00f3, K\u00f6nyves: Examination of the redox status of calves during the milk feeding period in a Hungarian large-scale dairy farm. \u00c9LELMISZERVIZSG\u00c1LATI K\u00d6ZLEM\u00c9NYEK Spec. Ed.: 1 pp. 27-31., 5 p. (2020)<\/li> <li>Hejel, P\u00e9ter; Jurkovich, Viktor; Kov\u00e1cs, P\u00e9ter; Bakony, Mikolt; K\u00f6nyves, L\u00e1szl\u00f3: A robotiz\u00e1lt fej\u00e9si rendszerek elterjed\u00e9s\u00e9t \u00e9s hat\u00e9kony m\u0171k\u00f6dtet\u00e9s\u00e9t befoly\u00e1sol\u00f3 t\u00e9nyez\u0151k: Szakirodalmi \u00d6szefogl: Automatic milking systems- factors involved in growing popularity and conditions of effective operation. MAGYAR \u00c1LLATORVOSOK LAPJA 140: 5 pp. 289-301., 13 p. (2018)<\/li> <li>Hejel, P\u00e9ter; Harnos, Andrea; K\u00f6nyves, L\u00e1szl\u00f3: A bend\u0151beli pH- \u00e9s h\u0151m\u00e9rs\u00e9klet\u00e9rt\u00e9kek v\u00e1ltoz\u00e1s\u00e1nak vizsg\u00e1lata a k\u00f6rnyezeti h\u0151m\u00e9rs\u00e9klet \u00e9s p\u00e1ratartalom, valamint a tejtermel\u00e9s f\u00fcggv\u00e9ny\u00e9ben t\u00f6bbsz\u00f6r ellett holstein-fr\u00edz tehenekben. El\u0151zetes eredm\u00e9nyek.: Investigation of changes in intra-luminal temperature and pH-values in context of ambient temperature, humidity and milk production in multiparous Holstein-friesian cows. A preliminary study.. In: Szenci, O; Brydl, E (szerk.) A Magyar Buiatrikus T\u00e1rsas\u00e1g XXVII. Nemzetk\u00f6zi Kongresszusa, 27th International Congress of the Hungarian Association for Buiatrics<\/li> <li>Hejel, P\u00e9ter; Csorba, Csaba; Gubik, Zolt\u00e1n; J\u00f3n\u00e1s, S\u00e1ndor; K\u00f6nyves, L\u00e1szl\u00f3: A gyakoribb takarm\u00e1nyoz\u00e1si, \u00e1llom\u00e1ny-eg\u00e9szs\u00e9g\u00fcgyi \u00e9s tart\u00e1stechnol\u00f3giai kock\u00e1zati t\u00e9nyez\u0151k az ell\u00e9s k\u00f6r\u00fcli id\u0151szakban tejel\u0151 tehenekben: Irodalmi \u00f6sszefoglal\u00f3: Frequent nutritional-, herd-health- and management risk factors in transition period for dairy cows. MAGYAR \u00c1LLATORVOSOK LAPJA 138: 7 pp. 391-400.<\/li> <li>Hejel, P\u00e9ter; K\u00f6nyves, L\u00e1szl\u00f3: Management factors affecting dairy cows&#8217; health and performance during periparturient period: Relevance and tools for herd-level monitoring. MAGYAR \u00c1LLATORVOSOK LAPJA 137: Suppl. I pp. 302-308. , 7 p. (2015)<\/li> <\/ol> <p>&nbsp;<\/p> <p>&nbsp;<\/p>","protected":false},"excerpt":{"rendered":"<p>Introduction I have been working in the dairy dairy cattle sector since 1996, in the development, planning and operation of husbandry technology systems, production management, animal health and feeding management of herds, breeding organization, veterinary pharmaceutical trade. However, university research and teaching are mostly close to my professional interests. As an instructor, in addition to<\/p>\n","protected":false},"author":5824,"featured_media":0,"parent":857,"menu_order":211,"comment_status":"closed","ping_status":"closed","template":"","meta":{"_acf_changed":false,"footnotes":""},"categories":[19],"tags":[],"class_list":["post-3914","page","type-page","status-publish","hentry","category-staff"],"acf":[],"_links":{"self":[{"href":"https:\/\/univet.hu\/en\/wp-json\/wp\/v2\/pages\/3914","targetHints":{"allow":["GET"]}}],"collection":[{"href":"https:\/\/univet.hu\/en\/wp-json\/wp\/v2\/pages"}],"about":[{"href":"https:\/\/univet.hu\/en\/wp-json\/wp\/v2\/types\/page"}],"author":[{"embeddable":true,"href":"https:\/\/univet.hu\/en\/wp-json\/wp\/v2\/users\/5824"}],"replies":[{"embeddable":true,"href":"https:\/\/univet.hu\/en\/wp-json\/wp\/v2\/comments?post=3914"}],"version-history":[{"count":1,"href":"https:\/\/univet.hu\/en\/wp-json\/wp\/v2\/pages\/3914\/revisions"}],"predecessor-version":[{"id":200160,"href":"https:\/\/univet.hu\/en\/wp-json\/wp\/v2\/pages\/3914\/revisions\/200160"}],"up":[{"embeddable":true,"href":"https:\/\/univet.hu\/en\/wp-json\/wp\/v2\/pages\/857"}],"wp:attachment":[{"href":"https:\/\/univet.hu\/en\/wp-json\/wp\/v2\/media?parent=3914"}],"wp:term":[{"taxonomy":"category","embeddable":true,"href":"https:\/\/univet.hu\/en\/wp-json\/wp\/v2\/categories?post=3914"},{"taxonomy":"post_tag","embeddable":true,"href":"https:\/\/univet.hu\/en\/wp-json\/wp\/v2\/tags?post=3914"}],"curies":[{"name":"wp","href":"https:\/\/api.w.org\/{rel}","templated":true}]}}