{"id":3920,"date":"2016-08-01T15:30:00","date_gmt":"2016-08-01T13:30:00","guid":{"rendered":"http:\/\/univet.hu\/about\/staff\/hetenyi-nikoletta\/"},"modified":"2026-02-10T04:31:13","modified_gmt":"2026-02-10T03:31:13","slug":"hetenyi-nikoletta","status":"publish","type":"page","link":"https:\/\/univet.hu\/en\/about\/staff\/hetenyi-nikoletta\/","title":{"rendered":"Het\u00e9nyi Nikoletta"},"content":{"rendered":"<h2 style=\"text-align: center\"><span style=\"font-size: 14pt\">Introduction<\/span><\/h2> <p><strong>Teaching experiences:<\/strong><\/p> <p>Required courses:<\/p> <ul> <li>Animal Nutrition I and II.<\/li> <li>Futtermittelkunde<\/li> <\/ul> <p>Elective courses:<\/p> <ul> <li>Feeding of exotic<\/li> <li>Insects as food and feed<\/li> <\/ul> <p><strong>Languages<\/strong>: English, German<\/p> <p><strong>Study trips:<\/strong><\/p> <ul> <li>2011, Aktion \u00d6sterreich-Ungarn, 3 week long German language scholarship in Innsbruck,<\/li> <li>Bilateral agreement, 2012, 2017 and 2018: University of Veterinary Medicine, Vienna, Institute of Animal Nutrition and Functional Plant Compounds<\/li> <li>Bilateral agreement, 2016: University of Veterinary Medicine Hannover, Institute for Animal Nutrition<\/li> <\/ul> <p><strong>Qualification<\/strong>: Doctor of Veterinary Medicine, Wildlife Medicine Degree, PhD<\/p> <p>Scientific degree: PhD<\/p> <p>Scientific activity: Nutritional diseases of reptiles. Husbandry, health, and nutrition of exotic pet animals. Insects as animal feed. Insect farming and nutrition.<\/p> <p><strong>Progress:<\/strong><\/p> <ul> <li>2007: Doctor of Veterinary Medicine<\/li> <li>2008: veterinarian at the University of Veterinary Medicine<\/li> <li>2018: PhD<\/li> <li>2019: research fellow<\/li> <li>2019: Wildlife Medicine Degree<\/li> <\/ul> <p>&nbsp;<\/p> <p><strong>Professional memberships:<\/strong><\/p> <table style=\"height: 162px\" width=\"743\"> <tbody> <tr style=\"height: 46px\"> <td style=\"width: 240.333px;height: 46px;text-align: center\">Name of Committee<\/td> <td style=\"width: 240.333px;height: 46px;text-align: center\">Period<\/td> <td style=\"width: 240.333px;height: 46px;text-align: center\">Position<\/td> <\/tr> <tr style=\"height: 70px\"> <td style=\"width: 240.333px;height: 70px;text-align: center\">European Society of Veterinary and Comparative Nutrition<\/td> <td style=\"width: 240.333px;height: 70px;text-align: center\">\u00a0since 2017<\/td> <td style=\"width: 240.333px;height: 70px;text-align: center\"><\/td> <\/tr> <tr style=\"height: 46px\"> <td style=\"width: 240.333px;height: 46px;text-align: center\">Hungarian Society of Laboratory Animal Science<\/td> <td style=\"width: 240.333px;height: 46px;text-align: center\">since 2016<\/td> <td style=\"width: 240.333px;height: 46px;text-align: center\"><\/td> <\/tr> <\/tbody> <\/table> <p><strong>Number of theses supervised<\/strong>:<\/p> <p>\u00b7 Theses: 14<\/p> <p>\u00b7 TDK works: 10<\/p> <p>PhD students supervised: &#8211;<\/p> <p><strong>List of publications<\/strong> (Top 10)<\/p> <p>MTMT link: <a href=\"https:\/\/m2.mtmt.hu\/gui2\/?type=authors&amp;mode=browse&amp;sel=authors10023169\">https:\/\/m2.mtmt.hu\/gui2\/?type=authors&amp;mode=browse&amp;sel=authors10023169<\/a><\/p> <p>1. Szab\u00f3. J, Andr\u00e1sofszky E, Tuboly T, Bers\u00e9nyi A, Weisz A, Het\u00e9nyi N, Hull\u00e1r I.: Effects of arginine or glutamine supplementation on production, organ weights, interferon gamma, interleukin 6 and antibody titre of broilers. Acta Veterinaria Hungarica. 62:(3)., pp. 348-361. 2014.<\/p> <p>2. Het\u00e9nyi N, S\u00e1torhelyi T, Kov\u00e1cs Sz, Hull\u00e1r I.: Effects of two dietary vitamin and mineral supplements on the growth and health of Hermann&#8217;s tortoise (Testudo hermanni). Berliner und M\u00fcnchener Tier\u00e4rztliche Wochenschrift. 127:(5\/6) pp. 251-256. 2014.<\/p> <p>3. Het\u00e9nyi N., Lang Zs., S\u00e1torhelyi T., Hull\u00e1r I.: Effects of different vitamin D sources on blood biochemistry of bearded dragons (Pogona spp) and Hermann\u2019s tortoises (Testudo hermanni). Berliner und M\u00fcnchener Tier\u00e4rtzliche Wochenschrift, 2020, 133. 149-158 doi: 10.2376\/0005-9366-19024. online first: 31.03.2020.<\/p> <p>4. Het\u00e9nyi N, Andr\u00e1sofszky E: Evaluation of commercial tortoise and turtle feeds. Slovenian Veterinary Research. 2022. 59 (3). https:\/\/doi.org\/10.26873\/SVR-1216-2022<\/p> <p>5. Het\u00e9nyi N, S\u00e1torhelyi T, Kov\u00e1cs Sz, Hull\u00e1r I.: Variations in blood biochemical values of male Hermann\u2019s tortoises (Testudo hermanni). Veterinaria. 65:(1) pp. 15-21. 2016.<\/p> <p>6. Kristensen, A. U., Zsinka, B., Lang, Z., Het\u00e9nyi, N. (2023). Survey of the Husbandry, Health, and Welfare of Norwegian Pet Rabbits. Journal of Advanced Veterinary Research, 13(5), 767-775. Retrieved from https:\/\/advetresearch.com\/index.php\/AVR\/article\/view\/1244<\/p> <p>7. Het\u00e9nyi N., Lang Zs., Andr\u00e1sofszky E., Hull\u00e1r I.: Fibrosus Diets for Herbivore Tortoise. J. Anim. Vet. Adv., 18. 139-142, 2019.<\/p> <p>8. Het\u00e9nyi N., S\u00e1torhelyi T.: Survey of pet rabbit husbandry and nutrition. Magyar \u00c1llatorvosok Lapja, 143 (7) pp. 409-417. 2021.<\/p> <p>9. Het\u00e9nyi N, Andr\u00e1sofszky E, Hull\u00e1r I: Investigations concerning the voluntary dry matter intake, passage time, and the nutrients\u2019 digestibility in Hermann\u2019s tortoises (Testudo hermanni). Magyar \u00c1llatorvosok Lapja. 138:(5) pp. 307-312. 2016.<\/p> <p>10.Het\u00e9nyi N, Hull\u00e1r I.: Life-span of compact UVB-bulbs dedicated to tropical and desert reptiles and their role in the prevention of metabolic bone disease. Magyar \u00c1llatorvosok Lapja. 140:(8) pp. 501-505. 2018.<\/p> <div> <p>&nbsp;<\/p> <\/div> <p><strong>Consultation: Monday 9-10<\/strong><\/p>","protected":false},"excerpt":{"rendered":"<p>Introduction Teaching experiences: Required courses: Animal Nutrition I and II. Futtermittelkunde Elective courses: Feeding of exotic Insects as food and feed Languages: English, German Study trips: 2011, Aktion \u00d6sterreich-Ungarn, 3 week long German language scholarship in Innsbruck, Bilateral agreement, 2012, 2017 and 2018: University of Veterinary Medicine, Vienna, Institute of Animal Nutrition and Functional Plant<\/p>\n","protected":false},"author":5824,"featured_media":0,"parent":857,"menu_order":211,"comment_status":"closed","ping_status":"closed","template":"","meta":{"_acf_changed":false,"footnotes":""},"categories":[19],"tags":[],"class_list":["post-3920","page","type-page","status-publish","hentry","category-staff"],"acf":[],"_links":{"self":[{"href":"https:\/\/univet.hu\/en\/wp-json\/wp\/v2\/pages\/3920","targetHints":{"allow":["GET"]}}],"collection":[{"href":"https:\/\/univet.hu\/en\/wp-json\/wp\/v2\/pages"}],"about":[{"href":"https:\/\/univet.hu\/en\/wp-json\/wp\/v2\/types\/page"}],"author":[{"embeddable":true,"href":"https:\/\/univet.hu\/en\/wp-json\/wp\/v2\/users\/5824"}],"replies":[{"embeddable":true,"href":"https:\/\/univet.hu\/en\/wp-json\/wp\/v2\/comments?post=3920"}],"version-history":[{"count":1,"href":"https:\/\/univet.hu\/en\/wp-json\/wp\/v2\/pages\/3920\/revisions"}],"predecessor-version":[{"id":197841,"href":"https:\/\/univet.hu\/en\/wp-json\/wp\/v2\/pages\/3920\/revisions\/197841"}],"up":[{"embeddable":true,"href":"https:\/\/univet.hu\/en\/wp-json\/wp\/v2\/pages\/857"}],"wp:attachment":[{"href":"https:\/\/univet.hu\/en\/wp-json\/wp\/v2\/media?parent=3920"}],"wp:term":[{"taxonomy":"category","embeddable":true,"href":"https:\/\/univet.hu\/en\/wp-json\/wp\/v2\/categories?post=3920"},{"taxonomy":"post_tag","embeddable":true,"href":"https:\/\/univet.hu\/en\/wp-json\/wp\/v2\/tags?post=3920"}],"curies":[{"name":"wp","href":"https:\/\/api.w.org\/{rel}","templated":true}]}}