{"id":3971,"date":"2016-08-01T15:51:00","date_gmt":"2016-08-01T13:51:00","guid":{"rendered":"http:\/\/univet.hu\/about\/staff\/hullar-istvan\/"},"modified":"2026-02-10T04:30:15","modified_gmt":"2026-02-10T03:30:15","slug":"hullar-istvan","status":"publish","type":"page","link":"https:\/\/univet.hu\/en\/about\/staff\/hullar-istvan\/","title":{"rendered":"Hull\u00e1r Istv\u00e1n"},"content":{"rendered":"<p style=\"text-align: center\"><span style=\"font-size: 14pt\">Introduction<\/span><\/p> <p>Date of application: 1990.<br \/> Specialization: nutrition of farm animals and pets.<br \/> Teaching activity: animal nutrition (in Hungarian, in English, and in German).<\/p> <p>Examining activity: animal nutrition (in Hungarian, in English, and in German).<\/p> <p>Elective courses:<\/p> <ol> <li>Breeding and nutrition of fur animals (in Hungarian, in English, and in German);<\/li> <li>Feeding and nutrition of exotic animals (in Hungarian, in English, and in German).<\/li> <\/ol> <p>Teaching activity in other universities: MATE, G\u00f6d\u00f6ll\u0151 (Hungary), MATE Keszthely (Hungary).<\/p> <p>Scholarship received based on the teaching activity: Sz\u00e9chenyi Istv\u00e1n scholarship, Ministry of Education, 2001-2004.<\/p> <p>Awards<\/p> <p>&#8211; Szent Istv\u00e1n University, Silver Medal, 2005,<\/p> <p>&#8211; Nagyv\u00e1thy J\u00e1nos Award (Ministry of Agriculture), 2019.<\/p> <p><strong>Scientific activity<\/strong>: nutrients\u2019 digestibility, feed preferences, feeding of small animals.<\/p> <p><strong>Professional memberships<\/strong><\/p> <table style=\"height: 619px\" width=\"872\"> <tbody> <tr> <td style=\"width: 605.7px;text-align: center\"><strong>Name of Committee<\/strong><\/td> <td style=\"width: 121.8px;text-align: center\"><strong>Period<\/strong><\/td> <td style=\"width: 122.5px;text-align: center\"><strong>Position<\/strong><\/td> <\/tr> <tr> <td style=\"width: 605.7px;text-align: center\">Public Body of Hungarian Academy of Science<\/td> <td style=\"width: 121.8px;text-align: center\">1992-<\/td> <td style=\"width: 122.5px;text-align: center\">member<\/td> <\/tr> <tr> <td style=\"width: 605.7px;text-align: center\">Committee of Anim. Sci., of Hungarian Academy of Science<\/td> <td style=\"width: 121.8px;text-align: center\">2017-<\/td> <td style=\"width: 122.5px;text-align: center\">member<\/td> <\/tr> <tr> <td style=\"width: 605.7px;text-align: center\">Hungarian Accreditation Committee<\/td> <td style=\"width: 121.8px;text-align: center\">2018-<\/td> <td style=\"width: 122.5px;text-align: center\">secretary<\/td> <\/tr> <tr> <td style=\"width: 605.7px;text-align: center\">Society of Nutrition Physiology (Germany)<\/td> <td style=\"width: 121.8px;text-align: center\">1993-<\/td> <td style=\"width: 122.5px;text-align: center\">member<\/td> <\/tr> <tr> <td style=\"width: 605.7px;text-align: center\">World Rabbit Science Association<\/td> <td style=\"width: 121.8px;text-align: center\">1992-<\/td> <td style=\"width: 122.5px;text-align: center\">member<\/td> <\/tr> <tr> <td style=\"width: 605.7px;text-align: center\">MATE, Committee of Doctoral School (Hungary)<\/td> <td style=\"width: 121.8px;text-align: center\">2014-<\/td> <td style=\"width: 122.5px;text-align: center\">member<\/td> <\/tr> <tr> <td style=\"width: 605.7px;text-align: center\">Univ. Vet. Med., Justice on Animal Health<\/td> <td style=\"width: 121.8px;text-align: center\">2017-<\/td> <td style=\"width: 122.5px;text-align: center\">member<\/td> <\/tr> <tr> <td style=\"width: 605.7px;text-align: center\">Univ. Vet. Med., Students\u2019 Disciplinary Committee<\/td> <td style=\"width: 121.8px;text-align: center\">2019-<\/td> <td style=\"width: 122.5px;text-align: center\">president<\/td> <\/tr> <tr> <td style=\"width: 605.7px;text-align: center\">Univ. Vet. Med., Students\u2019 Reconsidering Committee<\/td> <td style=\"width: 121.8px;text-align: center\">2016-<\/td> <td style=\"width: 122.5px;text-align: center\">member<\/td> <\/tr> <\/tbody> <\/table> <p><strong>Number of theses supervised<\/strong><strong>: <\/strong>60.<\/p> <p><strong>PhD students supervised:<\/strong><\/p> <p>Graduated PhD students:<\/p> <p>Dr. Vucskits Andr\u00e1s: coo supervisor (0.5),<\/p> <p>Dr. Het\u00e9nyi Nikoletta: supervisor (1).<\/p> <div> <p>LIST OF PUBLICATIONS\u00a0<a href=\"https:\/\/m2.mtmt.hu\/gui2\/?type=authors&amp;mode=browse&amp;sel=10002299\" target=\"_blank\" rel=\"noopener\" data-replaced=\"true\">https:\/\/m2.mtmt.hu\/gui2\/?type=authors&amp;mode=browse&amp;sel=10002299<\/a><\/p> <table style=\"height: 296px\" width=\"933\"> <tbody> <tr style=\"height: 80px\"> <td style=\"width: 42px;height: 80px\">1.<\/td> <td style=\"width: 876.2px;height: 80px\"><strong><em>Hull\u00e1r<\/em><\/strong>, I., Meleg, I., Fekete, S., Romv\u00e1ri, R.: Studies on the energy content of pigeon feeds. I. Determination of the digestibility and metabolizable energy content. Poultry Sci., 78 (12):1757-1762.<\/td> <\/tr> <tr style=\"height: 24px\"> <td style=\"width: 42px;height: 24px\">2.<\/td> <td style=\"width: 876.2px;height: 24px\">Fekete, S., Meleg, I., <strong><em>Hull\u00e1r<\/em><\/strong>, I., Z\u00f6ld\u00e1g, L.: Studies on the energy content of pigeon feeds. II. Determination of the incorporated energy. Poultry Sci., 78 (12):1763-1767.<\/td> <\/tr> <tr style=\"height: 24px\"> <td style=\"width: 42px;height: 24px\">3.<\/td> <td style=\"width: 876.2px;height: 24px\">Huszenicza, G., Fekete, S., Szigeti, G., Kulcs\u00e1r, M., F\u00e9bel, H., Kellems, R. O., Nagy, P., Cseh, S., Veresegyh\u00e1zy, T., <strong><em>Hull\u00e1r<\/em><\/strong>, I.: Ovarian consequences of low dose peroral fusarium (T-2) toxin in a ewe and heifer model. Theriogenology, 53. 8. 1631-1639.<\/td> <\/tr> <tr style=\"height: 24px\"> <td style=\"width: 42px;height: 24px\">4.<\/td> <td style=\"width: 876.2px;height: 24px\">Szalay, F., Zsarnovszky, A., Fekete, S., <strong><em>Hull\u00e1r<\/em><\/strong>, I., Jancsik, V., Haj\u00f3s, F.: Retarded myelination in the lumbar spinal cord of piglets born with spread-leg syndrome. Anatomy and Embryology, 203:53-59.<\/td> <\/tr> <tr style=\"height: 24px\"> <td style=\"width: 42px;height: 24px\">5.<\/td> <td style=\"width: 876.2px;height: 24px\">Fekete, S., <strong><em>Hull\u00e1r<\/em><\/strong>, I., Andr\u00e1sofszky, E., Rig\u00f3, Zs., Berk\u00e9nyi, T.: Reduction of the energy density of cat foods by increasing their fibre content with a view to nutrients&#8217; digestibility. J. Anim. Physiol. a. Anim. Nutr. 85 (2001), 200-204.<\/td> <\/tr> <tr style=\"height: 24px\"> <td style=\"width: 42px;height: 24px\">6.<\/td> <td style=\"width: 876.2px;height: 24px\"><strong><em>Hull\u00e1r<\/em><\/strong>, I., Fekete, S., Andr\u00e1sofszky, E., Sz\u0151cs, Z., Berk\u00e9nyi, T.: Factors influencing the food preference of cats. J. Anim. Physiol. a. Anim. Nutr., <strong>85<\/strong> (2001), 205-211.<\/td> <\/tr> <tr style=\"height: 24px\"> <td style=\"width: 42px;height: 24px\">7.<\/td> <td style=\"width: 876.2px;height: 24px\">Fekete, S., <strong><em>Hull\u00e1r<\/em><\/strong>, I., Andr\u00e1sofszky, E., Kelemen, F.: Effect of different fibre types on the digestibility of nutrients in cats. J. Anim. Physiol. a. Anim. Nutr. 88 (2004), 138-142.<\/td> <\/tr> <tr style=\"height: 24px\"> <td style=\"width: 42px;height: 24px\">8.<\/td> <td style=\"width: 876.2px;height: 24px\"><b><i>c<\/i><\/b><\/td> <\/tr> <tr style=\"height: 24px\"> <td style=\"width: 42px;height: 24px\">9.<\/td> <td style=\"width: 876.2px;height: 24px\">Vucskits, A.V., <strong><em>Hull\u00e1r, I.<\/em><\/strong>, Bers\u00e9nyi, A., Andr\u00e1sofszky, E., Kulcs\u00e1r, M., Szab\u00f3, J.: Effect of fulvic and humic acids on performance, immune response and thyroid function in rats. Anim. Physiol. a. Anim. Nutr., 94 (2010), 6. 721-728.<\/td> <\/tr> <tr style=\"height: 24px\"> <td style=\"width: 42px;height: 24px\">10.<\/td> <td style=\"width: 876.2px;height: 24px\">Szab\u00f3, J., Mar\u00f3ti, G., Solymosi, N., Andr\u00e1sofszky, E., Tuboly, T., Bers\u00e9nyi, A., Bruckner, G., <strong><em>Hull\u00e1r, I.<\/em><\/strong>: Fructose, glucose and fat interrelationships with metabolic pathway regulation and effects on the gut microbiota. Acta. Vet. Hung., 69 (2), 134-156 (2021).<\/td> <\/tr> <\/tbody> <\/table> <\/div>","protected":false},"excerpt":{"rendered":"<p>Introduction Date of application: 1990. Specialization: nutrition of farm animals and pets. Teaching activity: animal nutrition (in Hungarian, in English, and in German). Examining activity: animal nutrition (in Hungarian, in English, and in German). Elective courses: Breeding and nutrition of fur animals (in Hungarian, in English, and in German); Feeding and nutrition of exotic animals<\/p>\n","protected":false},"author":5824,"featured_media":0,"parent":857,"menu_order":210,"comment_status":"closed","ping_status":"closed","template":"","meta":{"_acf_changed":false,"footnotes":""},"categories":[19],"tags":[],"class_list":["post-3971","page","type-page","status-publish","hentry","category-staff"],"acf":[],"_links":{"self":[{"href":"https:\/\/univet.hu\/en\/wp-json\/wp\/v2\/pages\/3971","targetHints":{"allow":["GET"]}}],"collection":[{"href":"https:\/\/univet.hu\/en\/wp-json\/wp\/v2\/pages"}],"about":[{"href":"https:\/\/univet.hu\/en\/wp-json\/wp\/v2\/types\/page"}],"author":[{"embeddable":true,"href":"https:\/\/univet.hu\/en\/wp-json\/wp\/v2\/users\/5824"}],"replies":[{"embeddable":true,"href":"https:\/\/univet.hu\/en\/wp-json\/wp\/v2\/comments?post=3971"}],"version-history":[{"count":1,"href":"https:\/\/univet.hu\/en\/wp-json\/wp\/v2\/pages\/3971\/revisions"}],"predecessor-version":[{"id":197634,"href":"https:\/\/univet.hu\/en\/wp-json\/wp\/v2\/pages\/3971\/revisions\/197634"}],"up":[{"embeddable":true,"href":"https:\/\/univet.hu\/en\/wp-json\/wp\/v2\/pages\/857"}],"wp:attachment":[{"href":"https:\/\/univet.hu\/en\/wp-json\/wp\/v2\/media?parent=3971"}],"wp:term":[{"taxonomy":"category","embeddable":true,"href":"https:\/\/univet.hu\/en\/wp-json\/wp\/v2\/categories?post=3971"},{"taxonomy":"post_tag","embeddable":true,"href":"https:\/\/univet.hu\/en\/wp-json\/wp\/v2\/tags?post=3971"}],"curies":[{"name":"wp","href":"https:\/\/api.w.org\/{rel}","templated":true}]}}