{"id":39903,"date":"2019-06-10T18:46:39","date_gmt":"2019-06-10T16:46:39","guid":{"rendered":"https:\/\/univet.hu\/?page_id=39903"},"modified":"2019-06-10T19:08:35","modified_gmt":"2019-06-10T17:08:35","slug":"linkreplacer-test","status":"publish","type":"page","link":"https:\/\/univet.hu\/en\/linkreplacer-test\/","title":{"rendered":"Linkreplacer test"},"content":{"rendered":"<p>See the function of this page in <a href=\"https:\/\/univet.hu\/hu\/linkjavito-teszt\/\" data-replaced=\"true\">Hungarian<\/a>. Test all English links in this page, in English mode.<\/p> <ul> <li><a href=\"https:\/\/univet.hu\/en\/about\/international-relations\/erasmus\/\" data-replaced=\"true\">\/en\/about\/international-relations\/erasmus\/<\/a> (relat\u00edv hivatkoz\u00e1s! Elv\u00e1rt m\u0171k\u00f6d\u00e9s: ne az OLD-ra vigyen)<\/li> <li><a href=\"https:\/\/univet.hu\/en\/about\/international-relations\/erasmus\/\" data-replaced=\"trueerasmus-outgoing-mobility\/information-about-partner-universities\/\">\/en\/about\/international-relations\/erasmus\/erasmus-outgoing-mobility\/information-about-partner-universities\/<\/a> (elv\u00e1rt m\u0171k\u00f6d\u00e9s:<\/li> <\/ul>","protected":false},"excerpt":{"rendered":"<p>See the function of this page in Hungarian. Test all English links in this page, in English mode. \/en\/about\/international-relations\/erasmus\/ (relat\u00edv hivatkoz\u00e1s! Elv\u00e1rt m\u0171k\u00f6d\u00e9s: ne az OLD-ra vigyen) \/en\/about\/international-relations\/erasmus\/erasmus-outgoing-mobility\/information-about-partner-universities\/ (elv\u00e1rt m\u0171k\u00f6d\u00e9s:<\/p>\n","protected":false},"author":1,"featured_media":0,"parent":0,"menu_order":68,"comment_status":"closed","ping_status":"closed","template":"","meta":{"_acf_changed":false,"footnotes":""},"categories":[],"tags":[],"class_list":["post-39903","page","type-page","status-publish","hentry"],"acf":[],"_links":{"self":[{"href":"https:\/\/univet.hu\/en\/wp-json\/wp\/v2\/pages\/39903","targetHints":{"allow":["GET"]}}],"collection":[{"href":"https:\/\/univet.hu\/en\/wp-json\/wp\/v2\/pages"}],"about":[{"href":"https:\/\/univet.hu\/en\/wp-json\/wp\/v2\/types\/page"}],"author":[{"embeddable":true,"href":"https:\/\/univet.hu\/en\/wp-json\/wp\/v2\/users\/1"}],"replies":[{"embeddable":true,"href":"https:\/\/univet.hu\/en\/wp-json\/wp\/v2\/comments?post=39903"}],"version-history":[{"count":0,"href":"https:\/\/univet.hu\/en\/wp-json\/wp\/v2\/pages\/39903\/revisions"}],"wp:attachment":[{"href":"https:\/\/univet.hu\/en\/wp-json\/wp\/v2\/media?parent=39903"}],"wp:term":[{"taxonomy":"category","embeddable":true,"href":"https:\/\/univet.hu\/en\/wp-json\/wp\/v2\/categories?post=39903"},{"taxonomy":"post_tag","embeddable":true,"href":"https:\/\/univet.hu\/en\/wp-json\/wp\/v2\/tags?post=39903"}],"curies":[{"name":"wp","href":"https:\/\/api.w.org\/{rel}","templated":true}]}}