{"id":4004,"date":"2017-04-24T15:59:00","date_gmt":"2017-04-24T13:59:00","guid":{"rendered":"http:\/\/univet.hu\/about\/staff\/jerzsele-akos\/"},"modified":"2026-02-10T04:31:19","modified_gmt":"2026-02-10T03:31:19","slug":"jerzsele-akos","status":"publish","type":"page","link":"https:\/\/univet.hu\/en\/about\/staff\/jerzsele-akos\/","title":{"rendered":"Jerzsele \u00c1kos"},"content":{"rendered":"<p><span style=\"font-size: 14pt\"><strong>Introduction<\/strong><\/span><\/p> <p align=\"justify\">Dr. \u00c1kos Jerzsele was born in Budapest and, after graduating from high school, was admitted to the Budapest University of Veterinary Medicine in 1999.<\/p> <p>Dr. \u00c1kos Jerzsele became a member of the Department of Pharmacology and Toxicology at the University on December 1, 2004, immediately after receiving his diploma. In 2009, he earned his PhD degree after defending his doctoral dissertation titled &#8220;Comparative Pharmacokinetics of Amoxicillin-Clavulanic Acid in Broiler Chickens and Turkeys, and Studies on Bacterial Sensitivity and Stability.&#8221; In 2011, he obtained a Specialist Veterinary Clinical Diploma in Small Animal Medicine.<\/p> <p>Since 2018, he has been the head of the Department, and since 2019, he has served as the Vice-Rector for Science and Innovation at the University of Veterinary Medicine.<\/p> <p>His main research areas include antimicrobial resistance, antibiotic alternatives, and drug repurposing.<\/p> <p>Over the past 20 years, he has supervised nearly 40 undergraduate and Scientific Students&#8217; Association (TDK) theses, with many of his students achieving top positions in Scientific Student Conferences. He also co-supervised a student who received the Pro Scientia Award in the biology section of the National Scientific Students&#8217; Conference (OTDK). Since 2015, he has been actively involved in the TDK Committee as a reviewer and committee member.<\/p> <p>Among his doctoral students, five have earned a PhD degree, and he currently supervises three active PhD students.<\/p> <p style=\"text-align: center\"><strong>APPOINTMENTS AND POSITIONS<\/strong><\/p> <table class=\"aligncenter\" style=\"height: 405px;width: 602px\" width=\"625\"> <tbody> <tr style=\"height: 24px\"> <td style=\"text-align: center;width: 137px;height: 24px\"><strong>Workplaces<\/strong><\/td> <td style=\"text-align: center;width: 250px;height: 24px\"><strong>Name of institution<\/strong><\/td> <td style=\"text-align: center;width: 193px;height: 24px\"><strong>Positions<\/strong><\/td> <\/tr> <tr style=\"height: 48px\"> <td style=\"text-align: center;width: 137px;height: 48px\">2019-<\/td> <td style=\"text-align: center;width: 250px;height: 48px\">\u00c1llatorvostudom\u00e1nyi Egyetem<\/td> <td style=\"text-align: center;width: 193px;height: 48px\">deputy vice rector for innovation and science<\/td> <\/tr> <tr style=\"height: 48px\"> <td style=\"text-align: center;width: 137px;height: 48px\">2019-<\/td> <td style=\"text-align: center;width: 250px;height: 48px\">\u00c1llatorvostudom\u00e1nyi Egyetem, Gy\u00f3gyszertani \u00e9s M\u00e9regtani Tansz\u00e9k<\/td> <td style=\"text-align: center;width: 193px;height: 48px\">head of department, associate professor<\/td> <\/tr> <tr style=\"height: 48px\"> <td style=\"text-align: center;width: 137px;height: 48px\">2016-<\/td> <td style=\"text-align: center;width: 250px;height: 48px\">\u00c1llatorvostudom\u00e1nyi Egyetem, Gy\u00f3gyszertani \u00e9s M\u00e9regtani Tansz\u00e9k<\/td> <td style=\"text-align: center;width: 193px;height: 48px\">Associate professor<\/td> <\/tr> <tr style=\"height: 48px\"> <td style=\"text-align: center;width: 137px;height: 48px\">2012-2016<\/td> <td style=\"text-align: center;width: 250px;height: 48px\">SZIE \u00c1OTK, Gy\u00f3gyszertani \u00e9s M\u00e9regtani Tansz\u00e9k<\/td> <td style=\"text-align: center;width: 193px;height: 48px\">Senior lecturer<\/td> <\/tr> <tr style=\"height: 48px\"> <td style=\"text-align: center;width: 137px;height: 48px\">2009\u20132012<\/td> <td style=\"text-align: center;width: 250px;height: 48px\">SZIE \u00c1OTK, Gy\u00f3gyszertani \u00e9s M\u00e9regtani Tansz\u00e9k<\/td> <td style=\"text-align: center;width: 193px;height: 48px\">Assistant lecturer<\/td> <\/tr> <tr style=\"height: 48px\"> <td style=\"text-align: center;width: 137px;height: 48px\">2006\u20132009<\/td> <td style=\"text-align: center;width: 250px;height: 48px\">SZIE \u00c1OTK, Gy\u00f3gyszertani \u00e9s M\u00e9regtani Tansz\u00e9k<\/td> <td style=\"text-align: center;width: 193px;height: 48px\">PhD-student<\/td> <\/tr> <\/tbody> <\/table> <p>&nbsp;<\/p> <p style=\"text-align: center\"><strong>Professional membership<\/strong><\/p> <table class=\"aligncenter\" style=\"height: 323px;width: 600px\" width=\"631\"> <tbody> <tr> <td style=\"width: 202px;text-align: center;vertical-align: middle\"><strong>Committee<\/strong><\/td> <td style=\"width: 168px;text-align: center;vertical-align: middle\"><strong>Time<\/strong><\/td> <td style=\"width: 208px;text-align: center;vertical-align: middle\"><strong>Post<\/strong><\/td> <\/tr> <tr> <td style=\"width: 202px;text-align: center;vertical-align: middle\">EAVPT (European Association of Veterinary Pharmacology and Toxicology)<\/td> <td style=\"width: 168px;text-align: center;vertical-align: middle\">2012-<\/td> <td style=\"width: 208px;text-align: center;vertical-align: middle\">tag<\/td> <\/tr> <tr> <td style=\"width: 202px;text-align: center;vertical-align: middle\">ESVD (European Society of Veterinary Dermatology)<\/td> <td style=\"width: 168px;text-align: center;vertical-align: middle\">2013-<\/td> <td style=\"width: 208px;text-align: center;vertical-align: middle\">tag<\/td> <\/tr> <tr> <td style=\"width: 202px;text-align: center;vertical-align: middle\">Magyar Mikrobiol\u00f3gusok T\u00e1rsas\u00e1ga<\/td> <td style=\"width: 168px;text-align: center;vertical-align: middle\">2013-<\/td> <td style=\"width: 208px;text-align: center;vertical-align: middle\">tag<\/td> <\/tr> <tr> <td style=\"width: 202px;text-align: center;vertical-align: middle\">Magyar \u00c1llatorvosi Kamara<\/td> <td style=\"width: 168px;text-align: center;vertical-align: middle\">2004-<\/td> <td style=\"width: 208px;text-align: center;vertical-align: middle\">tag<\/td> <\/tr> <tr> <td style=\"width: 202px;text-align: center;vertical-align: middle\">Magyar Rektori Konferencia Innov\u00e1ci\u00f3s Bizotts\u00e1ga<\/td> <td style=\"width: 168px;text-align: center;vertical-align: middle\">2019-<\/td> <td style=\"width: 208px;text-align: center;vertical-align: middle\">tag<\/td> <\/tr> <\/tbody> <\/table> <p style=\"text-align: center\"><strong><br \/> Previous dissertation \/ number of TDK students:<\/strong> 30<\/p> <p>&nbsp;<\/p> <table class=\"aligncenter\" style=\"height: 210px;width: 56.4974%\" width=\"616\"> <tbody> <tr style=\"height: 24px\"> <td style=\"text-align: center;width: 558px;height: 24px\" colspan=\"2\"><strong>PhD-students<\/strong><\/td> <\/tr> <tr style=\"height: 24px\"> <td style=\"text-align: center;width: 276px;height: 24px\">Dr. Gyetvai B\u00e9la<\/td> <td style=\"text-align: center;width: 276px;height: 24px\">2012<\/td> <\/tr> <tr style=\"height: 24px\"> <td style=\"text-align: center;width: 276px;height: 24px\">Dr. Veres Adrienn Merc\u00e9desz<\/td> <td style=\"text-align: center;width: 276px;height: 24px\">2015<\/td> <\/tr> <tr style=\"height: 24px\"> <td style=\"text-align: center;width: 276px;height: 24px\">Dr. Somogyi Zolt\u00e1n<\/td> <td style=\"text-align: center;width: 276px;height: 24px\">2017<\/td> <\/tr> <tr style=\"height: 24px\"> <td style=\"text-align: center;width: 276px;height: 24px\">Dr. Kov\u00e1cs D\u00f3ra<\/td> <td style=\"text-align: center;width: 276px;height: 24px\">2018<\/td> <\/tr> <tr style=\"height: 24px\"> <td style=\"text-align: center;width: 276px;height: 24px\">Dr. Kerek \u00c1d\u00e1m<\/td> <td style=\"text-align: center;width: 276px;height: 24px\">2020<\/td> <\/tr> <tr> <td style=\"text-align: center;width: 276px\">Dr. Mag Patrik<\/td> <td style=\"text-align: center;width: 276px\">2022<\/td> <\/tr> <\/tbody> <\/table> <p>&nbsp;<\/p> <p style=\"text-align: center\"><strong>Publication list (Top10)<\/strong><\/p> <p style=\"text-align: center\">MTMT:\u00a0<a href=\"https:\/\/m2.mtmt.hu\/gui2\/?type=authors&amp;mode=browse&amp;sel=authors10023378\">https:\/\/m2.mtmt.hu\/gui2\/?type=authors&amp;mode=browse&amp;sel=authors10023378<\/a><\/p> <table class=\"aligncenter\" style=\"height: 659px;width: 126.9%\"> <tbody> <tr> <td style=\"width: 122px;text-align: center\">1.<\/td> <td style=\"width: 1132px\">L\u00e1nyi Katalin, Monostory Katalin, Steinmetzer Torsten, Jerzsele \u00c1kos, P\u00e1szti-Gere Erzs\u00e9bet: In Vitro Pharmacokinetic Behavior of Antiviral 3-Amidinophenylalanine Derivatives in Rat, Dog and Monkey Hepatocytes, BIOMEDICINES 11: (3) p. 682.<\/td> <\/tr> <tr> <td style=\"width: 122px;text-align: center\">2.<\/td> <td style=\"width: 1132px\">Tr\u00e1j Patrik, Seb\u0151k Csilla, Mackei M\u00e1t\u00e9, Kem\u00e9ny \u00c1gnes, Farkas Orsolya, K\u00e1konyi \u00c1kos, Kov\u00e1cs L\u00e1szl\u00f3, Neogr\u00e1dy Zsuzsanna, Jerzsele \u00c1kos, M\u00e1tis G\u00e1bor: Luteolin: A Phytochemical to Mitigate S. Typhimurium Flagellin-Induced Inflammation in a Chicken In Vitro Hepatic Model, ANIMALS 13: (8) 1410<\/td> <\/tr> <tr> <td style=\"width: 122px;text-align: center\">3.<\/td> <td style=\"width: 1132px\">Somogyi Z., Mag P., Simon R., Kerek \u00c1., Szab\u00f3 P., Albert E., Biksi I., Jerzsele \u00c1.: Pharmacokinetics and Pharmacodynamics of Florfenicol in Plasma and Synovial Fluid of Pigs at a Dose of 30 mg\/kgbw Following Intramuscular Administration, ANTIBIOTICS 12: (4) 758<\/td> <\/tr> <tr> <td style=\"width: 122px;text-align: center\">4.<\/td> <td style=\"width: 1132px\">Somogyi Zolt\u00e1n, Mag Patrik, Kov\u00e1cs D\u00f3ra, Kerek \u00c1d\u00e1m, Szab\u00f3 P\u00e1l, Makrai L\u00e1szl\u00f3, Jerzsele \u00c1kos: Synovial and Systemic Pharmacokinetics of Florfenicol and PK\/PD Integration against Streptococcus suis in Pigs, PHARMACEUTICS 14: (1) 109<\/td> <\/tr> <tr> <td style=\"width: 122px;text-align: center\">5.<\/td> <td style=\"width: 1132px\">Kov\u00e1cs D\u00f3ra, Palkovicsn\u00e9 P\u00e9zsa Nikolett, Jerzsele \u00c1kos, S\u00fcth Mikl\u00f3s, Farkas Orsolya: Protective Effects of Grape Seed Oligomeric Proanthocyanidins in IPEC-J2\u2013Escherichia coli\/Salmonella Typhimurium Co-Culture, ANTIBIOTICS 11: (1) 110<\/td> <\/tr> <tr> <td style=\"width: 122px;text-align: center\">6.<\/td> <td style=\"width: 1132px\">Fedor Z., Szentkir\u00e1lyi-T\u00f3th A., Nagy G., Szimr\u00f3k Z., Varga E., P\u00e1szti A., P\u00e1szti Z., Jerzsele \u00c1., Pilgram O., Steinmetzer T., M\u00e1tis G., Neogr\u00e1dy Z., P\u00e1szti-Gere E.: Interspecies Comparisons of the Effects of Potential Antiviral 3-Amidinophenylalanine Derivatives on Cytochrome P450 1A2 Isoenzyme, VETERINARY SCIENCES 9: (4) 156<\/td> <\/tr> <tr> <td style=\"width: 122px;text-align: center\">7.<\/td> <td style=\"width: 1132px\">Kerek \u00c1d\u00e1m, Sasv\u00e1ri M\u00e1ty\u00e1s, Jerzsele \u00c1kos, Somogyi Zolt\u00e1n, Janov\u00e1k L\u00e1szl\u00f3, Abonyi-T\u00f3th Zsolt, D\u00e9k\u00e1ny Imre: Photoreactive Coating Material as an Effective and Durable Antimicrobial Composite in Reducing Bacterial Load on Surfaces in Livestock, BIOMEDICINES 10: (9) 2312<\/td> <\/tr> <tr> <td style=\"width: 122px;text-align: center\">8.<\/td> <td style=\"width: 1132px\">Tuska-Szalay Barbara, Sipos G\u00e1bor, Tak\u00e1cs N\u00f3ra, Kontsch\u00e1n Jen\u0151, S\u00e1ndor Attila D., P\u00e9ter \u00c1ron, Berta Kriszti\u00e1n, Kerek \u00c1d\u00e1m, Jerzsele \u00c1kos, Vot\u00fdpka Jan, Hornok S\u00e1ndor: Molecular epidemiological study of Trichomonas gallinae focusing on central and southeastern Europe, FRONTIERS IN VETERINARY SCIENCE 9: 1050561<\/td> <\/tr> <tr> <td style=\"width: 122px;text-align: center\">9.<\/td> <td style=\"width: 1132px\">T\u00f3th Adrienn Gr\u00e9ta, Csabai Istv\u00e1n, Mar\u00f3ti Gergely, Jerzsele \u00c1kos, Dubecz Attila, Patai \u00c1rp\u00e1d V., Judge Maura Fiona, Nagy S\u00e1ra \u00c1gnes, Makrai L\u00e1szl\u00f3, B\u00e1nyai Kriszti\u00e1n, Szita G\u00e9za, Solymosi Norbert: A glimpse of antimicrobial resistance gene diversity in kefir and yoghurt, SCIENTIFIC REPORTS 10: (1) 22458<\/td> <\/tr> <tr> <td style=\"width: 122px;text-align: center\">10.<\/td> <td style=\"width: 1132px\">Bek\u0151 Katinka, Felde Orsolya, Sulyok Kinga M., Kreizinger Zsuzsa, Hrivn\u00e1k Veronika, Kiss Kriszti\u00e1n, Biksi Imre, Jerzsele \u00c1kos, Gyuranecz Mikl\u00f3s: Antibiotic susceptibility profiles of Mycoplasma hyorhinis strains isolated from swine in Hungary, VETERINARY MICROBIOLOGY 228: pp. 196-201.<\/td> <\/tr> <\/tbody> <\/table> <p>(Updated: January 2025)<\/p>","protected":false},"excerpt":{"rendered":"<p>Introduction Dr. \u00c1kos Jerzsele was born in Budapest and, after graduating from high school, was admitted to the Budapest University of Veterinary Medicine in 1999. Dr. \u00c1kos Jerzsele became a member of the Department of Pharmacology and Toxicology at the University on December 1, 2004, immediately after receiving his diploma. In 2009, he earned his<\/p>\n","protected":false},"author":5824,"featured_media":0,"parent":857,"menu_order":211,"comment_status":"closed","ping_status":"closed","template":"","meta":{"_acf_changed":false,"footnotes":""},"categories":[19],"tags":[],"class_list":["post-4004","page","type-page","status-publish","hentry","category-staff"],"acf":[],"_links":{"self":[{"href":"https:\/\/univet.hu\/en\/wp-json\/wp\/v2\/pages\/4004","targetHints":{"allow":["GET"]}}],"collection":[{"href":"https:\/\/univet.hu\/en\/wp-json\/wp\/v2\/pages"}],"about":[{"href":"https:\/\/univet.hu\/en\/wp-json\/wp\/v2\/types\/page"}],"author":[{"embeddable":true,"href":"https:\/\/univet.hu\/en\/wp-json\/wp\/v2\/users\/5824"}],"replies":[{"embeddable":true,"href":"https:\/\/univet.hu\/en\/wp-json\/wp\/v2\/comments?post=4004"}],"version-history":[{"count":2,"href":"https:\/\/univet.hu\/en\/wp-json\/wp\/v2\/pages\/4004\/revisions"}],"predecessor-version":[{"id":172705,"href":"https:\/\/univet.hu\/en\/wp-json\/wp\/v2\/pages\/4004\/revisions\/172705"}],"up":[{"embeddable":true,"href":"https:\/\/univet.hu\/en\/wp-json\/wp\/v2\/pages\/857"}],"wp:attachment":[{"href":"https:\/\/univet.hu\/en\/wp-json\/wp\/v2\/media?parent=4004"}],"wp:term":[{"taxonomy":"category","embeddable":true,"href":"https:\/\/univet.hu\/en\/wp-json\/wp\/v2\/categories?post=4004"},{"taxonomy":"post_tag","embeddable":true,"href":"https:\/\/univet.hu\/en\/wp-json\/wp\/v2\/tags?post=4004"}],"curies":[{"name":"wp","href":"https:\/\/api.w.org\/{rel}","templated":true}]}}