{"id":4007,"date":"2018-04-10T09:32:00","date_gmt":"2018-04-10T07:32:00","guid":{"rendered":"http:\/\/univet.hu\/about\/staff\/jocsak-gergely\/"},"modified":"2026-02-10T04:31:20","modified_gmt":"2026-02-10T03:31:20","slug":"jocsak-gergely","status":"publish","type":"page","link":"https:\/\/univet.hu\/en\/about\/staff\/jocsak-gergely\/","title":{"rendered":"J\u00f3cs\u00e1k Gergely"},"content":{"rendered":"<p><strong>Introduction<\/strong><\/p> <p>I was born in 1987 in Budapest. After starting as a Biologist at the University of Szeged, I\u2019ve transferred to Budapest (E\u00f6tv\u00f6s Lor\u00e1nd University, Faculty of Science) where I\u2019ve obtained my MSc degree as a Neurobiologist.<\/p> <p>After getting my degree I\u2019ve started to work here at the University of Veterinary Medicine, Budapest, currently as a research fellow. I give lectures and hold practical courses in Hungarian, English, and German, moreover I have some elective courses in the following topics: radiobiology, neurobiology, communication.<\/p> <p>I received my PhD degree in 2018 here (at the University of Veterinary Medicine, Budapest), the main topic of my thesis is the effect of four well-known and widespread endocrine disruptors of different origins, and their effects on estrogen -, and thyroid receptors.<\/p> <p>Additionally to my teaching and research obligations, I also closely work with the Secretariat for International Study-Programs and with the International Relations department as a coordinator of international studies.<\/p> <p>&nbsp;<\/p> <p><strong>Scientific activity<br \/> <\/strong><\/p> <ul> <li>Glutamate receptors in the central nervous system (AMPA, NMDA, KAR)<\/li> <li>Endocrine disruptor effects on human and animal development, physiology, hormonal regulation (bisphenol A, zearalenone, arsenic, camphor, ethinylestradiol)<\/li> <li>Primary neural cell culture<\/li> <\/ul> <p>&nbsp;<\/p> <p><strong>Education<\/strong><\/p> <p>2005\u00a0\u00a0\u00a0 Computer Operator<\/p> <p>2011\u00a0\u00a0\u00a0 Biology M.Sc., Structural and functional biology, Neurobiology; E\u00f6tv\u00f6s Lor\u00e1nd University, Faculty of Science, Budapest<\/p> <p>2018\u00a0\u00a0\u00a0 PhD; University of Veterinary Medicine, Budapest<\/p> <p>2022\u00a0\u00a0\u00a0 Experimental toxicologist (ongoing); University of Veterinary Medicine, Budapest<\/p> <p>&nbsp;<\/p> <p><strong><span class=\"VIiyi\" lang=\"en\"><span class=\"JLqJ4b ChMk0b\" data-language-for-alternatives=\"en\" data-language-to-translate-into=\"hu\" data-phrase-index=\"0\" data-number-of-phrases=\"1\">Professional membership<\/span><\/span> <\/strong><\/p> <ul> <li>Hungarian Neuroscience Society<\/li> <li>Hungarian Physiological Society<\/li> <li>Hungarian Cycling Club<\/li> <\/ul> <p>&nbsp;<\/p> <p><strong>\u00a0<\/strong><strong><span class=\"VIiyi\" lang=\"en\"><span class=\"JLqJ4b ChMk0b\" data-language-for-alternatives=\"en\" data-language-to-translate-into=\"hu\" data-phrase-index=\"0\" data-number-of-phrases=\"1\">Number of theses \/ TDK students so far<\/span><\/span><\/strong><\/p> <p>16<\/p> <table width=\"569\"> <tbody> <tr> <td colspan=\"2\" width=\"569\"><strong>PhD-students<\/strong><\/td> <\/tr> <tr> <td width=\"281\">&#8211;<\/td> <td width=\"288\"><\/td> <\/tr> <\/tbody> <\/table> <p>&nbsp;<\/p> <p><strong><span class=\"VIiyi\" lang=\"en\"><span class=\"JLqJ4b ChMk0b\" data-language-for-alternatives=\"en\" data-language-to-translate-into=\"hu\" data-phrase-index=\"0\" data-number-of-phrases=\"1\">List of publications<\/span><\/span> (Top10)<\/strong><\/p> <p>MTMT: 10039543<\/p> <p>(<a href=\"https:\/\/m2.mtmt.hu\/gui2\/?type=authors&amp;mode=browse&amp;sel=10039543\">https:\/\/m2.mtmt.hu\/gui2\/?type=authors&amp;mode=browse&amp;sel=10039543<\/a>)<\/p> <ol> <li>Kiss DS., Jocsak G., Zsarnovszky A.: <strong>Az inzulin szerepe a t\u00e1pl\u00e1l\u00e9kf\u00f6lv\u00e9tel k\u00f6zponti idegrendszeri szab\u00e1lyoz\u00e1s\u00e1ban<\/strong>, Magyar \u00c1llatorvosok Lapja\/Hungarian Veterinary Journal, 134(10):635\u2013640, 2012. (IF: 0.185)<\/li> <li>Toth I., Kiss DS., Jocsak G., Somogyi V., Toronyi E., Bartha T., Frenyo VL., Horvath TL., Zsarnovszky A.: <strong>Estrogen- and Satiety State-Dependent Metabolic Lateralization in the Hypothalamus of Female Rats<\/strong>, PLoSONE, 10(9):e0137462, 2015. (IF: 3.234)<\/li> <li>Kiss DS., Toth I., Jocsak G., Sterczer A., Bartha T., Frenyo VL., Zsarnovszky A.: <strong>Preparation of purified perikaryal and synaptosomal mitochondrial fractions from relatively small hypothalamic brain samples<\/strong>, <em>MethodsX, <\/em>3:417\u2013429, 2016. (IF: 1.34)<\/li> <li>Jocsak G., Kiss DS., Toth I., Goszleth G., Bartha T., Frenyo LV., Horvath TL., Zsarnovszky A.: <strong>Comparison of Individual and Combined Effects of Four Endocrine Disruptors on Estrogen Receptor Beta Transcription in Cerebellar Cell Culture: The Modulatory Role of Estradiol and Triiodo-Thyronine<\/strong>, <em>Int J Environ Res Public Health<\/em>, 13(6). pii: E619. doi: 10.3390\/ijerph13060619., 2016. (IF: 2.035)<\/li> <li>Zsarnovszky A., Kiss DS., Jocsak G., Nemeth G.; Toth I., Horvath TL.: <strong>Thyroid hormone- and estrogen receptor interactions with natural ligands and endocrine disruptors in the cerebellum<\/strong>, <em>Frontiers in Neuroendocrinology,<\/em> 48:23-36, 2018. (IF: 9.425)<\/li> <li>Kiss DS., Ioja E., Toth I., Barany Z., Jocsak G., Bartha T., Horvath TL., Zsarnovszky A.: <strong>Comparative analysis of zearalenone effects on thyroid receptor alpha (TR\u03b1) and beta (TR\u03b2) expression in rat primary cerebellar cell cultures<\/strong>, <em>International Journal of Molecular Sciences, <\/em>19(5). pii: E1440. doi: 10.3390\/ijms19051440, 2018. (IF: 3.226)<\/li> <li>Toth I., Jocsak G., Szilasi A., Kiss DS., Barany Z., Bartha T., Mandoki M.: <strong>\u00c1llatorvostudom\u00e1nyok oktat\u00e1sa a digit\u00e1lis korszakban (Teaching veterinary medicine in the digital age)<\/strong>, <em>Magyar \u00c1llatorvosok Lapja\/Hungarian Veterinary Journal, <\/em>140(4):697-703, 2018. (IF: 0.185)<\/li> <li>Jocsak G., Ioja E, Kiss DS., Toth I., Barany Z., Bartha T., Frenyo VL., Zsarnovszky A.: <strong>Endocrine Disruptors Induced Distinct Expression of Thyroid and Estrogen Receptors in Rat versus Mouse Primary Cerebellar Cell Cultures<\/strong>, Brain Sci., 9(12), 359, 2019. (IF: 2.786)<\/li> <li>Kiss DS., Toth I., Jocsak G., Barha T., Frenyo VL., Barany Z., Horvath TL., Zsarnovszky A.: <strong>Metabolic lateralization in the hypothalamus of male rats related to reproductive and satiety states<\/strong>. Reprod Sci., DOI: 10.1007\/s43032-019-00131-3, 2020. (IF: 2.559)<\/li> <li>Kiss DS., Toth I., Jocsak G., Barany Z., Barha T., Frenyo VL., Horvath TL., Zsarnovszky A..: <strong>Functional aspects of hypothalamic asymmetry<\/strong>. Brain Sci., 10(6),389, DOI: 10.3390\/brainsci10060389, 2020. (IF: 3.332)<\/li> <\/ol> <p>&nbsp;<\/p>","protected":false},"excerpt":{"rendered":"<p>Introduction I was born in 1987 in Budapest. After starting as a Biologist at the University of Szeged, I\u2019ve transferred to Budapest (E\u00f6tv\u00f6s Lor\u00e1nd University, Faculty of Science) where I\u2019ve obtained my MSc degree as a Neurobiologist. After getting my degree I\u2019ve started to work here at the University of Veterinary Medicine, Budapest, currently as<\/p>\n","protected":false},"author":5824,"featured_media":0,"parent":857,"menu_order":211,"comment_status":"closed","ping_status":"closed","template":"","meta":{"_acf_changed":false,"footnotes":""},"categories":[19],"tags":[],"class_list":["post-4007","page","type-page","status-publish","hentry","category-staff"],"acf":[],"_links":{"self":[{"href":"https:\/\/univet.hu\/en\/wp-json\/wp\/v2\/pages\/4007","targetHints":{"allow":["GET"]}}],"collection":[{"href":"https:\/\/univet.hu\/en\/wp-json\/wp\/v2\/pages"}],"about":[{"href":"https:\/\/univet.hu\/en\/wp-json\/wp\/v2\/types\/page"}],"author":[{"embeddable":true,"href":"https:\/\/univet.hu\/en\/wp-json\/wp\/v2\/users\/5824"}],"replies":[{"embeddable":true,"href":"https:\/\/univet.hu\/en\/wp-json\/wp\/v2\/comments?post=4007"}],"version-history":[{"count":2,"href":"https:\/\/univet.hu\/en\/wp-json\/wp\/v2\/pages\/4007\/revisions"}],"predecessor-version":[{"id":188023,"href":"https:\/\/univet.hu\/en\/wp-json\/wp\/v2\/pages\/4007\/revisions\/188023"}],"up":[{"embeddable":true,"href":"https:\/\/univet.hu\/en\/wp-json\/wp\/v2\/pages\/857"}],"wp:attachment":[{"href":"https:\/\/univet.hu\/en\/wp-json\/wp\/v2\/media?parent=4007"}],"wp:term":[{"taxonomy":"category","embeddable":true,"href":"https:\/\/univet.hu\/en\/wp-json\/wp\/v2\/categories?post=4007"},{"taxonomy":"post_tag","embeddable":true,"href":"https:\/\/univet.hu\/en\/wp-json\/wp\/v2\/tags?post=4007"}],"curies":[{"name":"wp","href":"https:\/\/api.w.org\/{rel}","templated":true}]}}