{"id":4043,"date":"2017-09-28T11:37:00","date_gmt":"2017-09-28T09:37:00","guid":{"rendered":"http:\/\/univet.hu\/about\/staff\/kalmanne-kertesz-zsuzsanna\/"},"modified":"2026-02-10T04:31:21","modified_gmt":"2026-02-10T03:31:21","slug":"kalmanne-kertesz-zsuzsanna","status":"publish","type":"page","link":"https:\/\/univet.hu\/en\/about\/staff\/kalmanne-kertesz-zsuzsanna\/","title":{"rendered":"K\u00e1lm\u00e1nn\u00e9 Kert\u00e9sz Zsuzsanna"},"content":{"rendered":"","protected":false},"excerpt":{"rendered":"","protected":false},"author":5824,"featured_media":0,"parent":857,"menu_order":211,"comment_status":"closed","ping_status":"closed","template":"","meta":{"_acf_changed":false,"footnotes":""},"categories":[19],"tags":[],"class_list":["post-4043","page","type-page","status-publish","hentry","category-staff"],"acf":[],"_links":{"self":[{"href":"https:\/\/univet.hu\/en\/wp-json\/wp\/v2\/pages\/4043","targetHints":{"allow":["GET"]}}],"collection":[{"href":"https:\/\/univet.hu\/en\/wp-json\/wp\/v2\/pages"}],"about":[{"href":"https:\/\/univet.hu\/en\/wp-json\/wp\/v2\/types\/page"}],"author":[{"embeddable":true,"href":"https:\/\/univet.hu\/en\/wp-json\/wp\/v2\/users\/5824"}],"replies":[{"embeddable":true,"href":"https:\/\/univet.hu\/en\/wp-json\/wp\/v2\/comments?post=4043"}],"version-history":[{"count":1,"href":"https:\/\/univet.hu\/en\/wp-json\/wp\/v2\/pages\/4043\/revisions"}],"predecessor-version":[{"id":200176,"href":"https:\/\/univet.hu\/en\/wp-json\/wp\/v2\/pages\/4043\/revisions\/200176"}],"up":[{"embeddable":true,"href":"https:\/\/univet.hu\/en\/wp-json\/wp\/v2\/pages\/857"}],"wp:attachment":[{"href":"https:\/\/univet.hu\/en\/wp-json\/wp\/v2\/media?parent=4043"}],"wp:term":[{"taxonomy":"category","embeddable":true,"href":"https:\/\/univet.hu\/en\/wp-json\/wp\/v2\/categories?post=4043"},{"taxonomy":"post_tag","embeddable":true,"href":"https:\/\/univet.hu\/en\/wp-json\/wp\/v2\/tags?post=4043"}],"curies":[{"name":"wp","href":"https:\/\/api.w.org\/{rel}","templated":true}]}}