{"id":4064,"date":"2016-08-02T12:41:00","date_gmt":"2016-08-02T10:41:00","guid":{"rendered":"http:\/\/univet.hu\/about\/staff\/karancsi-zita\/"},"modified":"2026-02-10T04:33:01","modified_gmt":"2026-02-10T03:33:01","slug":"karancsi-zita","status":"publish","type":"page","link":"https:\/\/univet.hu\/en\/about\/staff\/karancsi-zita\/","title":{"rendered":"Karancsi Zita"},"content":{"rendered":"<p align=\"justify\">She was born in Kazincbarcika an industrial town in North-East of Hungary. She finished her high school studies here before was admitted to Szent Istv\u00e1n University. She continued her studies as a veterinary student and graduated in 2014 <em>summa cum laude<\/em>. In the autumn of 2015, she started her PhD studies under the supervision of dr. P\u00e9ter G\u00e1lfi and dr. Orsolya Farkas. In parallel she began her Professional small animal veterinarian postgraduate studies in 2016 and finished successfully in 2018.<\/p> <p align=\"justify\">At the Pharmacology and Toxicology Department she works from 2015 as a clinical veterinarian and from 2018 as an assistant lecturer. She holds practicals of Veterinary Pharmacology in Hungarian an in English. Furthermore, she holds lectures of Veterinary Pharmacology, Veterinary Toxicology and Prudent use of antimicrobial drugs. Every year she leads several students in their thesis writing.<\/p> <p align=\"justify\">During her research and PhD work she examines natural compounds and their beneficial activities on intestinal cells. For these <em>in vitro<\/em> studies she works with IPEC-J2 cell line, and she focuses on polyphenol substances. \u00a0In addition, she helps in other research projects of the Pharmacology and Toxicology Department, like toxicology studies, antimicrobial and feed supplement efficiency investigation.<\/p> <p>&nbsp;<\/p> <hr align=\"center\" size=\"5\" width=\"60%\" \/> <p><span style=\"font-family: impact, sans-serif;\">Advancement<\/span><\/p> <table style=\"height: 48px; width: 803px;\" width=\"750\"> <tbody> <tr style=\"height: 24px;\"> <td style=\"width: 176px; height: 24px; text-align: center;\">2015 &#8211;<\/td> <td style=\"width: 611px; height: 24px; text-align: center;\">PhD-student<\/td> <\/tr> <tr style=\"height: 24px;\"> <td style=\"width: 176px; height: 24px; text-align: center;\">2018 &#8211;<\/td> <td style=\"width: 611px; height: 24px; text-align: center;\">assistant professor<\/td> <\/tr> <\/tbody> <\/table> <p>&nbsp;<\/p> <hr align=\"center\" size=\"5\" width=\"60%\" \/> <p><span style=\"font-family: impact, sans-serif; font-size: 14pt;\"><strong>Top 10 main publications (Top10)<\/strong><\/span><\/p> <p style=\"text-align: center;\">MTMT:\u00a0<a href=\"https:\/\/m2.mtmt.hu\/gui2\/?type=authors&amp;mode=browse&amp;sel=authors10052060\">https:\/\/m2.mtmt.hu\/gui2\/?type=authors&amp;mode=browse&amp;sel=authors10052060<\/a><\/p> <table style=\"height: 240px;\" width=\"1292\"> <tbody> <tr style=\"height: 24px;\"> <td style=\"width: 117px; text-align: center; height: 24px;\">1.<\/td> <td style=\"width: 1159px; height: 24px;\">\u00c1. Jerzsele, Z. Karancsi, E. P\u00e1szti-Gere, \u00c1. Sterczer, A. Bers\u00e9nyi, K. Fodor, D. Szab\u00f3, P. Vajdovich. Effects of p.o. administered xylitol in cats. J. Vet. Pharmachol Therap. 2018; 41:409-414.<\/td> <\/tr> <tr style=\"height: 24px;\"> <td style=\"width: 117px; text-align: center; height: 24px;\">2.<\/td> <td style=\"width: 1159px; height: 24px;\">Karancsi Z., Bal\u00e1zs A., G\u00e1lfi P., Farkas O.: Flavonoids \u2013 new perspectives in the veterinary medicine. Magyar \u00c1llatorvosok Lapja 2015. 137.\/695-704.<\/td> <\/tr> <tr style=\"height: 24px;\"> <td style=\"width: 117px; text-align: center; height: 24px;\">3.<\/td> <td style=\"width: 1159px; height: 24px;\">Karancsi, A.V. M\u00f3ritz, N. Lewin, A. M. Veres, \u00c1. Jerzsele, O. Farkas. Beneficial effect of fermented wheat germ extract in intestinal epithelial cells in case of lipopolysaccharide-evoked inflammation. Oxidative Medicine and Cellular Longevity. Accepted for publishing.<\/td> <\/tr> <tr style=\"height: 24px;\"> <td style=\"width: 117px; text-align: center; height: 24px;\">4.<\/td> <td style=\"width: 1159px; height: 24px;\"> <ol> <li>Suny\u00e1l O., Karancsi Z., Vere a. M., Jerzsele \u00c1.: Usage of antibacterial agents in companion animal medicine I. Magyar \u00c1llatorvosok Lapja 2018. 140\/361-374.<\/li> <\/ol> <\/td> <\/tr> <tr style=\"height: 24px;\"> <td style=\"width: 117px; text-align: center; height: 24px;\">5.<\/td> <td style=\"width: 1159px; height: 24px;\">L\u00e9n\u00e1rt \u00c1., Karancsi Z., Vere a. M., Jerzsele \u00c1.: Aetiology and treatment of urinary tract infections in companion animals. Magyar \u00c1llatorvosok Lapja 2018. 140\/401-410.<\/td> <\/tr> <tr style=\"height: 24px;\"> <td style=\"width: 117px; text-align: center; height: 24px;\">6.<\/td> <td style=\"width: 1159px; height: 24px;\">Roszkos Zs., Veres A. M., Karancsi Z., Jerzsele \u00c1.: Usage of antibacterial agents in companion animal medicine II. Magyar \u00c1llatorvosok Lapja 2018. 140\/669-683.<\/td> <\/tr> <tr style=\"height: 24px;\"> <td style=\"width: 117px; text-align: center; height: 24px;\">7.<\/td> <td style=\"width: 1159px; height: 24px;\">Karancsi Z., Jerzsele \u00c1., Sz\u00e9n\u00e1si E., Kiss K.: Clinical pharmacology of anthelminthics in the small animal medicine. Magyar \u00c1llatorvosok Lapja 2019. 141\/373-384.<\/td> <\/tr> <tr style=\"height: 24px;\"> <td style=\"width: 117px; text-align: center; height: 24px;\">8.<\/td> <td style=\"width: 1159px; height: 24px;\">Karancsi Z., Szab\u00f3 A., Farkas O., G\u00e1lfi P.: Kvercetin hidroxi \u00e9s metoxil\u00e1lt form\u00e1j\u00e1nak oxidat\u00edv stresszre gyakorolt hat\u00e1sa IPC-J2 sejteken. \u00c1llatorvos-tudom\u00e1nyi Akad\u00e9miai Besz\u00e1mol\u00f3, 2016. janu\u00e1r 25.<\/td> <\/tr> <tr style=\"height: 24px;\"> <td style=\"width: 117px; text-align: center; height: 24px;\">9.<\/td> <td style=\"width: 1159px; height: 24px;\">Karancsi Z., Farkas O., G\u00e1lfi P.: Sejtintegrit\u00e1s v\u00e1ltoz\u00e1s\u00e1nak vizsg\u00e1lata potenci\u00e1lisan k\u00e1ros\u00edt\u00f3 anyagok hat\u00e1s\u00e1ra kvercetin mellett IPEC-J2 sejteken. \u00c1llatorvostudom\u00e1nyi Akad\u00e9miai Besz\u00e1mol\u00f3, 2017. janu\u00e1r 23.<\/td> <\/tr> <tr style=\"height: 24px;\"> <td style=\"width: 117px; text-align: center; height: 24px;\">10.<\/td> <td style=\"width: 1159px; height: 24px;\">Karancsi Z., Farkas O., G\u00e1lfi P.: Kvercetinsz\u00e1rmaz\u00e9kok hat\u00e1sa a b\u00e9lbarrier \u00e9ps\u00e9g\u00e9re, valamint szerep\u00fck a gyullad\u00e1s kiv\u00e9d\u00e9s\u00e9ben. Magyar Szabadgy\u00f6k-kutat\u00f3 T\u00e1rgas\u00e1g Kongresszusa, G\u00f6d\u00f6ll\u0151 2017. augusztus 25-26.<\/td> <\/tr> <\/tbody> <\/table> <p>&nbsp;<\/p> <p style=\"text-align: center;\">(Updated: August 2021)<\/p>","protected":false},"excerpt":{"rendered":"<p>She was born in Kazincbarcika an industrial town in North-East of Hungary. She finished her high school studies here before was admitted to Szent Istv\u00e1n University. She continued her studies as a veterinary student and graduated in 2014 summa cum laude. In the autumn of 2015, she started her PhD studies under the supervision of<\/p>\n","protected":false},"author":5824,"featured_media":0,"parent":857,"menu_order":212,"comment_status":"closed","ping_status":"closed","template":"","meta":{"_acf_changed":false,"footnotes":""},"categories":[19],"tags":[],"class_list":["post-4064","page","type-page","status-publish","hentry","category-staff"],"acf":[],"_links":{"self":[{"href":"https:\/\/univet.hu\/en\/wp-json\/wp\/v2\/pages\/4064","targetHints":{"allow":["GET"]}}],"collection":[{"href":"https:\/\/univet.hu\/en\/wp-json\/wp\/v2\/pages"}],"about":[{"href":"https:\/\/univet.hu\/en\/wp-json\/wp\/v2\/types\/page"}],"author":[{"embeddable":true,"href":"https:\/\/univet.hu\/en\/wp-json\/wp\/v2\/users\/5824"}],"replies":[{"embeddable":true,"href":"https:\/\/univet.hu\/en\/wp-json\/wp\/v2\/comments?post=4064"}],"version-history":[{"count":1,"href":"https:\/\/univet.hu\/en\/wp-json\/wp\/v2\/pages\/4064\/revisions"}],"predecessor-version":[{"id":200281,"href":"https:\/\/univet.hu\/en\/wp-json\/wp\/v2\/pages\/4064\/revisions\/200281"}],"up":[{"embeddable":true,"href":"https:\/\/univet.hu\/en\/wp-json\/wp\/v2\/pages\/857"}],"wp:attachment":[{"href":"https:\/\/univet.hu\/en\/wp-json\/wp\/v2\/media?parent=4064"}],"wp:term":[{"taxonomy":"category","embeddable":true,"href":"https:\/\/univet.hu\/en\/wp-json\/wp\/v2\/categories?post=4064"},{"taxonomy":"post_tag","embeddable":true,"href":"https:\/\/univet.hu\/en\/wp-json\/wp\/v2\/tags?post=4064"}],"curies":[{"name":"wp","href":"https:\/\/api.w.org\/{rel}","templated":true}]}}