{"id":4100,"date":"2016-08-02T13:19:00","date_gmt":"2016-08-02T11:19:00","guid":{"rendered":"http:\/\/univet.hu\/about\/staff\/kis-janos\/"},"modified":"2026-02-10T04:30:17","modified_gmt":"2026-02-10T03:30:17","slug":"kis-janos","status":"publish","type":"page","link":"https:\/\/univet.hu\/en\/about\/staff\/kis-janos\/","title":{"rendered":"Kis J\u00e1nos"},"content":{"rendered":"<p><strong>Introduction<\/strong><\/p> <p>I am Dr. J\u00e1nos Kis, senior scientific associate of the Department of Zoology. At the department, I teach Behavioral Biology and Field Practice I subjects in the undergraduate education. In the master&#8217;s program, I teach the subjects Scientific Communication and Application Writing, Behavioral Biology Methods and Journal Club 1. I teach Natural Science Research Planning at the \u00c1TE Doctoral School, and Research Planning in the Applied Biostatistics postgraduate course. My research area is the ecology and behavioral biology of butterflies.<\/p> <p>&nbsp;<\/p> <p><strong>Main research areas<\/strong><\/p> <ul> <li>nutritional ecology<\/li> <li>reproductive system<\/li> <li>demography\u00a0in small Apollo moths<\/li> <\/ul> <p><strong>Topic management<\/strong><\/p> <p>PhD-students: 4<\/p> <p>MSc students: 9<\/p> <p>BSc students: 6<\/p> <p>TDK theses: 9<\/p> <p>&nbsp;<\/p> <p><strong>Optional thesis topics<\/strong><\/p> <p>A new topic is expected from autumn 2023<\/p> <p>&nbsp;<\/p> <p><strong>Progress<\/strong><\/p> <p>2020- University of Veterinary Medicine, Department of Zoology, senior research fellow<\/p> <p>2018 Habilitation, University of Veterinary Medicine<\/p> <p>2005-2019 University of Veterinary Medicine, Department of Ecology, research fellow<\/p> <p>2001-2005 Szent Istv\u00e1n University, Faculty of Veterinary Medicine, Institute of Zoology,\u00a0assistant research fellow<\/p> <p>1998-2001 University of Veterinary Sciences, Institute of Zoology, scientific and technical administrator<\/p> <p>1995-1998 E\u00f6tv\u00f6s Lor\u00e1nd University, Doctoral School of Biology<\/p> <p>1995 E\u00f6tv\u00f6s Lor\u00e1nd University biologist &#8211; English translator<\/p> <p>&nbsp;<\/p> <p><strong>Publication list(Top10) <\/strong><a href=\"https:\/\/m2.mtmt.hu\/gui2\/?type=authors&amp;mode=browse&amp;sel=10002125&amp;view=simpleList\"><strong>MTMT<\/strong><\/a> | <a href=\"https:\/\/scholar.google.com\/citations?user=bMXZlvQAAAAJ&amp;hl=en\"><strong>Google Scholar<\/strong><\/a> | <a href=\"https:\/\/orcid.org\/0000-0001-9354-1292\"><strong>ORCID<\/strong><\/a><\/p> <p>Vajna, F., Szigeti, V., Harnos, A. &amp; <strong>Kis, J.<\/strong> (2021) A kis apoll\u00f3lepke (Parnassius mnemosyne (LINNAEUS, 1758 )) nekt\u00e1rn\u00f6v\u00e9nyfajok k\u00f6zti v\u00e1laszt\u00e1sa. <em>\u00c1llattani K\u00f6zlem\u00e9nyek<\/em>, 106.\u00a0DOI: 10.20331\/AllKoz.2021.106.1-2.1<\/p> <p>Vajna, F., <strong>Kis, J.<\/strong> &amp; Szigeti, V. (2021) Measuring proboscis length in Lepidoptera: a review. <em>Zoomorphology<\/em>, 140, 1\u201315.\u00a0DOI: 10.1007\/s00435-020-00507-z<\/p> <p>Szigeti, V., Vajna, F., K\u0151r\u00f6si, \u00c1. &amp; <strong>Kis, J.<\/strong> (2020) Are all butterflies equal? Population-wise proboscis length variation predicts flower choice in a butterfly. <em>Animal Behaviour<\/em>, 163, 135\u2013143.\u00a0DOI: 10.1016\/j.anbehav.2020.03.008<\/p> <p>Szigeti, V., K\u0151r\u00f6si, \u00c1., Harnos, A. &amp; <strong>Kis, J.<\/strong> (2019) Lifelong foraging and individual specialisation are influenced by temporal changes of resource availability. <em>Oikos<\/em>, 128, 649\u2013658.\u00a0DOI: 10.1111\/oik.05400<\/p> <p>Szigeti, V., K\u0151r\u00f6si, \u00c1., Harnos, A. &amp; <strong>Kis, J.<\/strong> (2018) Temporal changes in floral resource availability and flower visitation in a butterfly. <em>Arthropod-Plant Interactions<\/em>, 12, 177\u2013189.\u00a0DOI: 10.1007\/s11829-017-9585-6<\/p> <p>Szigeti, V., K\u0151r\u00f6si, \u00c1., Harnos, A., Nagy, J. &amp; <strong>Kis, J.<\/strong> (2016) Measuring floral resource availability for insect pollinators in temperate grasslands \u2013 a review. <em>Ecological Entomology<\/em>, 41, 231\u2013240.\u00a0 DOI: 10.1111\/een.12298<\/p> <p>B\u00f3kony, V., Liker, A., Sz\u00e9kely, T. &amp; <strong>Kis, J.<\/strong> (2003) Melanin-based plumage coloration and flight displays in plovers and allies. <em>Proceedings. Biological sciences \/ The Royal Society<\/em>, 270, 2491\u20137.\u00a0DOI: 10.1098\/rspb.2003.2506<\/p> <p>Blomqvist, D., Andersson, M., K\u00fcpper, C., Cuthill, I.C., <strong>Kis, J.<\/strong>, Lanctot, R.B., Sandercock, B.K., Sz\u00e9kely, T., Wallander, J. &amp; Kempenaers, B. (2002) Genetic similarity between mates and extra-pair parentage in three species of shorebirds. <em>Nature<\/em>, 419, 613\u2013615.\u00a0DOI: 10.1038\/nature01104<\/p> <p><strong>Kis, J.<\/strong>, Liker, A. &amp; Sz\u00e9kely, T. (2000) Nest defence by Lapwings: observations on natural behaviour and an experiment. <em>Ardea<\/em>, 88, 155\u2013163.\u00a0WoS: 000165527100004<\/p> <p>Sz\u00e9kely, T., Cuthill, I.C. &amp; <strong>Kis, J.<\/strong> (1999) Brood desertion in Kentish polver: sex differences in remating opportunities. <em>Behavioral Ecology<\/em>, 10, 185\u2013190.\u00a0DOI: 10.1093\/beheco\/10.2.185<\/p> <p><a href=\"http:\/\/www.univet.hu\/users\/jkis\/index_hu.html\" target=\"_blank\" rel=\"noopener\" data-replaced=\"true\">Own homepage<\/a><\/p>","protected":false},"excerpt":{"rendered":"<p>Introduction I am Dr. J\u00e1nos Kis, senior scientific associate of the Department of Zoology. At the department, I teach Behavioral Biology and Field Practice I subjects in the undergraduate education. In the master&#8217;s program, I teach the subjects Scientific Communication and Application Writing, Behavioral Biology Methods and Journal Club 1. I teach Natural Science Research<\/p>\n","protected":false},"author":5824,"featured_media":0,"parent":857,"menu_order":210,"comment_status":"closed","ping_status":"closed","template":"","meta":{"_acf_changed":false,"footnotes":""},"categories":[19],"tags":[],"class_list":["post-4100","page","type-page","status-publish","hentry","category-staff"],"acf":[],"_links":{"self":[{"href":"https:\/\/univet.hu\/en\/wp-json\/wp\/v2\/pages\/4100","targetHints":{"allow":["GET"]}}],"collection":[{"href":"https:\/\/univet.hu\/en\/wp-json\/wp\/v2\/pages"}],"about":[{"href":"https:\/\/univet.hu\/en\/wp-json\/wp\/v2\/types\/page"}],"author":[{"embeddable":true,"href":"https:\/\/univet.hu\/en\/wp-json\/wp\/v2\/users\/5824"}],"replies":[{"embeddable":true,"href":"https:\/\/univet.hu\/en\/wp-json\/wp\/v2\/comments?post=4100"}],"version-history":[{"count":1,"href":"https:\/\/univet.hu\/en\/wp-json\/wp\/v2\/pages\/4100\/revisions"}],"predecessor-version":[{"id":200070,"href":"https:\/\/univet.hu\/en\/wp-json\/wp\/v2\/pages\/4100\/revisions\/200070"}],"up":[{"embeddable":true,"href":"https:\/\/univet.hu\/en\/wp-json\/wp\/v2\/pages\/857"}],"wp:attachment":[{"href":"https:\/\/univet.hu\/en\/wp-json\/wp\/v2\/media?parent=4100"}],"wp:term":[{"taxonomy":"category","embeddable":true,"href":"https:\/\/univet.hu\/en\/wp-json\/wp\/v2\/categories?post=4100"},{"taxonomy":"post_tag","embeddable":true,"href":"https:\/\/univet.hu\/en\/wp-json\/wp\/v2\/tags?post=4100"}],"curies":[{"name":"wp","href":"https:\/\/api.w.org\/{rel}","templated":true}]}}