{"id":4109,"date":"2016-09-26T15:18:00","date_gmt":"2016-09-26T13:18:00","guid":{"rendered":"http:\/\/univet.hu\/about\/staff\/kiss-david-sandor\/"},"modified":"2026-02-10T04:30:17","modified_gmt":"2026-02-10T03:30:17","slug":"kiss-david-sandor","status":"publish","type":"page","link":"https:\/\/univet.hu\/en\/about\/staff\/kiss-david-sandor\/","title":{"rendered":"Kiss D\u00e1vid S\u00e1ndor"},"content":{"rendered":"<h4>Introduction<\/h4> <p>Research activities<\/p> <table style=\"width: 642px\"> <tbody> <tr> <td style=\"width: 88.65px\">2004-2007<\/td> <td style=\"width: 536.65px\">Investigation of the mechanism of action of the calpain family of proteins in the hippocampus by electrophysiological and electron microscopic methods.<\/td> <\/tr> <tr> <td style=\"width: 88.65px\">2007-<\/td> <td style=\"width: 536.65px\">Cellular mechanisms of hypothalamic controlling of food intake and reproductive processes. Investigation of the distribution of mGluR1\u03b1 receptors expressed in parvalbumin cells of hippocampal CA1 \/ 2\/3.<\/td> <\/tr> <tr> <td style=\"width: 88.65px\">2009-<\/td> <td style=\"width: 536.65px\">Regulation of hypothalamic neuronal energy levels: The role of NTPDases as potential energy regulator in positive gonadotropin feedback.<\/td> <\/tr> <tr> <td style=\"width: 88.65px\">2011<\/td> <td style=\"width: 536.65px\">Serotonergic neural pathways in the central nervous system of rodents.<\/td> <\/tr> <tr> <td style=\"width: 88.65px\">2011<\/td> <td style=\"width: 536.65px\">Development of novel methods for the analyzing mitochondrial metabolism of small brain samples.<\/td> <\/tr> <tr> <td style=\"width: 88.65px\">2012-<\/td> <td style=\"width: 536.65px\">Investigation of metabolic asymmetry of the hypothalamus.<\/td> <\/tr> <tr> <td style=\"width: 88.65px\">2012-<\/td> <td style=\"width: 536.65px\">Investigation of the effects of endocrine disruptors on the expression of estrogen and thyroid hormone receptors in cerebral and hypothalamic areas in developing rodents.<\/td> <\/tr> <tr> <td style=\"width: 88.65px\">2014-<\/td> <td style=\"width: 536.65px\">Changes in the hormone-receptor relationship during hepatic encephalopathy in the developing nervous system.<\/td> <\/tr> <tr> <td style=\"width: 88.65px\">2014-<\/td> <td style=\"width: 536.65px\">Head of Neurophysiology, Neuromorphology Research Group (Dept. of Physiology and Biochemistry, University of Veterinary Medicine Budapest)<\/td> <\/tr> <tr> <td style=\"width: 88.65px\">2015-<\/td> <td style=\"width: 536.65px\">Investigation of the role of hypothalamic asymmetry in the regulation of GnRH.<\/td> <\/tr> <tr> <td style=\"width: 88.65px\">2016-<\/td> <td style=\"width: 536.65px\">Role of astrocytes in the development of hepatic encephalopathy<\/td> <\/tr> <\/tbody> <\/table> <p><strong>\u00a0<\/strong><\/p> <p><strong>Education<\/strong><\/p> <table style=\"width: 683px\" width=\"602\"> <tbody> <tr> <td style=\"width: 64.2167px\">2007<\/td> <td style=\"width: 353.1px\">E\u00f6tv\u00f6s Lor\u00e1nd University (Budapest), Faculty of Science<\/td> <td style=\"width: 242.75px\">Graduate degree; MSc in Biology (biologist with specialization in neuroscience and human biology)<\/td> <\/tr> <tr> <td style=\"width: 64.2167px\">2012<\/td> <td style=\"width: 353.1px\">Szent Istv\u00e1n University (Budapest), Faculty of Veterinary Science<\/td> <td style=\"width: 242.75px\">Postgraduate degree; Experimental toxicologist<\/td> <\/tr> <tr> <td style=\"width: 64.2167px\">2013<\/td> <td style=\"width: 353.1px\">Szent Istv\u00e1n University (Budapest), Faculty of Veterinary Science, Doctoral School of Veterinary Science<\/td> <td style=\"width: 242.75px\">Doctoral degree; PhD in Veterinary Sciences<\/td> <\/tr> <\/tbody> <\/table> <p><strong>\u00a0<\/strong><\/p> <p><strong>Positions<\/strong><\/p> <table style=\"width: 692px\" width=\"602\"> <tbody> <tr> <td style=\"width: 122.833px\">2007-2015-<\/td> <td style=\"width: 316.983px\">Szent Istv\u00e1n University, Faculty of Veterinary Science, Department of Physiology and Biochemistry<\/td> <td style=\"width: 229.25px\">Research fellow<\/td> <\/tr> <tr> <td style=\"width: 122.833px\">2015-2016<\/td> <td style=\"width: 316.983px\">Szent Istv\u00e1n University, Faculty of Veterinary Science, Department of Physiology and Biochemistry<\/td> <td style=\"width: 229.25px\">Senior lecturer<\/td> <\/tr> <tr> <td style=\"width: 122.833px\">2016-2019<\/td> <td style=\"width: 316.983px\">University of Veterinary Medicine Budapest, Department of Physiology and Biochemistry<\/td> <td style=\"width: 229.25px\">Senior lecturer<\/td> <\/tr> <tr> <td style=\"width: 122.833px\">2019-<\/td> <td style=\"width: 316.983px\">University of Veterinary Medicine Budapest, Department of Physiology and Biochemistry<\/td> <td style=\"width: 229.25px\">Associate professor<\/td> <\/tr> <\/tbody> <\/table> <p><strong>\u00a0<\/strong><\/p> <p><strong>Teaching activities<\/strong><\/p> <table style=\"width: 696px\"> <tbody> <tr> <td style=\"width: 69.2px\">2007-<\/td> <td style=\"width: 610.1px\">Veterinary physiology practical courses and lectures in Hungarian, German and English<\/td> <\/tr> <tr> <td style=\"width: 69.2px\">2008-<\/td> <td style=\"width: 610.1px\">Comparative physiology for BSc Biology students<\/td> <\/tr> <tr> <td style=\"width: 69.2px\">2010-<\/td> <td style=\"width: 610.1px\">Physiology and biochemistry lectures in the Experimental toxicologist postgraduate program<\/td> <\/tr> <tr> <td style=\"width: 69.2px\">2013-<\/td> <td style=\"width: 610.1px\">Member of the Doctoral School of Veterinary Medicine, University of Veterinary Medicine Budapest<\/td> <\/tr> <tr> <td style=\"width: 69.2px\">2016-<\/td> <td style=\"width: 610.1px\">Animal Paleophysiology elective subject in English<\/td> <\/tr> <tr> <td style=\"width: 69.2px\">2017-<\/td> <td style=\"width: 610.1px\">Postgraduate Poultry Veterinary Training Course<\/td> <\/tr> <tr> <td style=\"width: 69.2px\">2018-<\/td> <td style=\"width: 610.1px\">Radiology for veterinarians in English and Hungarian<\/td> <\/tr> <tr> <td style=\"width: 69.2px\">2020-<\/td> <td style=\"width: 610.1px\">Environmental Physiology elective subject in English<\/td> <\/tr> <\/tbody> <\/table> <p><strong>\u00a0<\/strong><\/p> <p><strong>Memberships<\/strong><\/p> <table style=\"width: 505px\" width=\"403\"> <tbody> <tr> <td style=\"width: 85.7667px\">2002-2008<\/td> <td style=\"width: 402.533px\">Hungarian Biological Societ Society<\/td> <\/tr> <tr> <td style=\"width: 85.7667px\">2007-<\/td> <td style=\"width: 402.533px\">Hungarian Neuroscience Societ Society<\/td> <\/tr> <tr> <td style=\"width: 85.7667px\">2007-<\/td> <td style=\"width: 402.533px\">Hungarian Physiological Societ Society<\/td> <\/tr> <tr> <td style=\"width: 85.7667px\">2016-<\/td> <td style=\"width: 402.533px\">Friendly Association of Descendants from J\u00e1szf\u00e9nyszaru (2021 &#8211; vice president)<\/td> <\/tr> <\/tbody> <\/table> <p><strong>\u00a0<\/strong><\/p> <p><strong>\u00a0<\/strong><strong><span class=\"VIiyi\" lang=\"en\"><span class=\"JLqJ4b ChMk0b\" data-language-for-alternatives=\"en\" data-language-to-translate-into=\"hu\" data-phrase-index=\"0\" data-number-of-phrases=\"1\">Number of theses \/ TDK students so far<\/span><\/span><\/strong><\/p> <p>29<\/p> <table width=\"569\"> <tbody> <tr> <td colspan=\"2\" width=\"569\"><strong>PhD-students<\/strong><\/td> <\/tr> <tr> <td width=\"281\">2<\/td> <td width=\"288\"><\/td> <\/tr> <\/tbody> <\/table> <p><strong><span class=\"VIiyi\" lang=\"en\"><span class=\"JLqJ4b ChMk0b\" data-language-for-alternatives=\"en\" data-language-to-translate-into=\"hu\" data-phrase-index=\"0\" data-number-of-phrases=\"1\">List of publications<\/span><\/span> (Top10)<\/strong><\/p> <p>MTMT: 10023247 (<a href=\"https:\/\/m2.mtmt.hu\/gui2\/?type=authors&amp;mode=browse&amp;sel=10023247\">https:\/\/m2.mtmt.hu\/gui2\/?type=authors&amp;mode=browse&amp;sel=10023247<\/a>)<\/p> <ol> <li>Vilagi I., Kiss DS., Farkas A., Borbely S., Halasy K., Banoczi Z., Hudecz F., Friedrich P.: <strong>Synthetic calpain activator boosts neuronal excitability without extra Ca2+<\/strong>, Molecular and Cellular Neurosci., 38(4):629-36, 2008. (IF: 3,840)<\/li> <li>Toth I., Kiss DS., Goszleth G., Bartha T., Frenyo VL., Naftolin F., Horvath TL., Zsarnovszky A.: <strong>Hypothalamic Sidedness in Mitochondrial Metabolism: New Perspectives<\/strong>, <em>Reprod Sci.<\/em> 21(12):1492-8, 2014. (IF: 2.230)<\/li> <li>Toth I., Kiss DS., Jocsak G., Somogyi V., Toronyi E., Bartha T., Frenyo VL., Horvath TL., Zsarnovszky A.: <strong>Estrogen- and Satiety State-Dependent Metabolic Lateralization in the Hypothalamus of Female Rats<\/strong>, <em>PLoSONE<\/em>, 10(9):e0137462, 2015. (IF: 3.234)<\/li> <li>Kiss DS., Toth I., Jocsak G., Sterczer A., Bartha T., Frenyo VL., Zsarnovszky A.: <strong>Preparation of purified perikaryal and synaptosomal mitochondrial fractions from relatively small hypothalamic brain samples<\/strong>, <em>MethodsX, <\/em>3:417\u2013429, 2016. (IF: 1.34)<\/li> <li>Jocsak G., Kiss DS., Toth I., Goszleth G., Bartha T., Frenyo LV., Horvath TL., Zsarnovszky A.: <strong>Comparison of Individual and Combined Effects of Four Endocrine Disruptors on Estrogen Receptor Beta Transcription in Cerebellar Cell Culture: The Modulatory Role of Estradiol and Triiodo-Thyronine<\/strong>, <em>Int J Environ Res Public Health<\/em>, 13(6). pii: E619. doi: 10.3390\/ijerph13060619., 2016. (IF: 2.035)<\/li> <li>Zsarnovszky A., Kiss DS., Jocsak G., Nemeth G.; Toth I., Horvath TL.: <strong>Thyroid hormone- and estrogen receptor interactions with natural ligands and endocrine disruptors in the cerebellum<\/strong>, <em>Frontiers in Neuroendocrinology,<\/em> 48:23-36, 2018. (IF: 9.425)<\/li> <li>Kiss DS., Ioja E., Toth I., Barany Z., Jocsak G., Bartha T., Horvath TL., Zsarnovszky A.: <strong>Comparative analysis of zearalenone effects on thyroid receptor alpha (TR\u03b1) and beta (TR\u03b2) expression in rat primary cerebellar cell cultures<\/strong>, <em>International Journal of Molecular Sciences, <\/em>19(5). pii: E1440. doi: 10.3390\/ijms19051440, 2018. (IF: 3.226)<\/li> <li>Jocsak G., Ioja E, Kiss DS., Toth I., Barany Z., Bartha T., Frenyo VL., Zsarnovszky A.: <strong>Endocrine Disruptors Induced Distinct Expression of Thyroid and Estrogen Receptors in Rat versus Mouse Primary Cerebellar Cell Cultures<\/strong>, Brain Sci., 9(12), 359, 2019. (IF: 2.786)<\/li> <li>Kiss DS., Toth I., Jocsak G., Barha T., Frenyo VL., Barany Z., Horvath TL., Zsarnovszky A.: <strong>Metabolic lateralization in the hypothalamus of male rats related to reproductive and satiety states<\/strong>. Reprod Sci., DOI: 10.1007\/s43032-019-00131-3, 2020. (IF: 2.559)<\/li> <li>Kiss DS., Toth I., Jocsak G., Barany Z., Barha T., Frenyo VL., Horvath TL., Zsarnovszky A..: <strong>Functional aspects of hypothalamic asymmetry<\/strong>. Brain Sci., 10(6),389, DOI: 10.3390\/brainsci10060389, 2020. (IF: 3.332)<\/li> <\/ol> <p>&nbsp;<\/p>","protected":false},"excerpt":{"rendered":"<p>Introduction Research activities 2004-2007 Investigation of the mechanism of action of the calpain family of proteins in the hippocampus by electrophysiological and electron microscopic methods. 2007- Cellular mechanisms of hypothalamic controlling of food intake and reproductive processes. Investigation of the distribution of mGluR1\u03b1 receptors expressed in parvalbumin cells of hippocampal CA1 \/ 2\/3. 2009- Regulation<\/p>\n","protected":false},"author":5824,"featured_media":0,"parent":857,"menu_order":210,"comment_status":"closed","ping_status":"closed","template":"","meta":{"_acf_changed":false,"footnotes":""},"categories":[19],"tags":[],"class_list":["post-4109","page","type-page","status-publish","hentry","category-staff"],"acf":[],"_links":{"self":[{"href":"https:\/\/univet.hu\/en\/wp-json\/wp\/v2\/pages\/4109","targetHints":{"allow":["GET"]}}],"collection":[{"href":"https:\/\/univet.hu\/en\/wp-json\/wp\/v2\/pages"}],"about":[{"href":"https:\/\/univet.hu\/en\/wp-json\/wp\/v2\/types\/page"}],"author":[{"embeddable":true,"href":"https:\/\/univet.hu\/en\/wp-json\/wp\/v2\/users\/5824"}],"replies":[{"embeddable":true,"href":"https:\/\/univet.hu\/en\/wp-json\/wp\/v2\/comments?post=4109"}],"version-history":[{"count":1,"href":"https:\/\/univet.hu\/en\/wp-json\/wp\/v2\/pages\/4109\/revisions"}],"predecessor-version":[{"id":186911,"href":"https:\/\/univet.hu\/en\/wp-json\/wp\/v2\/pages\/4109\/revisions\/186911"}],"up":[{"embeddable":true,"href":"https:\/\/univet.hu\/en\/wp-json\/wp\/v2\/pages\/857"}],"wp:attachment":[{"href":"https:\/\/univet.hu\/en\/wp-json\/wp\/v2\/media?parent=4109"}],"wp:term":[{"taxonomy":"category","embeddable":true,"href":"https:\/\/univet.hu\/en\/wp-json\/wp\/v2\/categories?post=4109"},{"taxonomy":"post_tag","embeddable":true,"href":"https:\/\/univet.hu\/en\/wp-json\/wp\/v2\/tags?post=4109"}],"curies":[{"name":"wp","href":"https:\/\/api.w.org\/{rel}","templated":true}]}}