{"id":4148,"date":"2016-08-02T13:25:00","date_gmt":"2016-08-02T11:25:00","guid":{"rendered":"http:\/\/univet.hu\/about\/staff\/kovacs-ildiko\/"},"modified":"2026-02-10T04:30:21","modified_gmt":"2026-02-10T03:30:21","slug":"kovacs-ildiko","status":"publish","type":"page","link":"https:\/\/univet.hu\/en\/about\/staff\/kovacs-ildiko\/","title":{"rendered":"Kov\u00e1cs Ildik\u00f3 M\u00e1ria"},"content":{"rendered":"<p><strong>Biography<\/strong>:<\/p> <p>I manage the administration of the Department of Animal Breeding and Genetics.<\/p> <p>Among other things: Registration of leave, attendance sheets, mailing, other current administration.<\/p> <p>I manage the Neptun (Uniform System of Studies) and Poszeidon (Document and Record Management System) systems.<\/p> <p>My responsibilities are the administrative coordination of the Neptun, exams\u2019 and blackbook\u2019 related to the following subjects:<\/p> <ul> <li>Veterinary Genetics<\/li> <li>Animal breeding<\/li> <li>Animal Breeding summer practice<\/li> <li>Genetics of domestic animals (Zoologist)<\/li> <li>Animal Breeding (Zoologist)<\/li> <li>Incubation of poultry eggs<\/li> <li>Forensic Animal Genetics<\/li> <li>Modern Dog and Cat Breeding<\/li> <li>Horse Breeding<\/li> <li>Organic Animal Pruduction<\/li> <li>Precision Livestock Farming<\/li> <\/ul>","protected":false},"excerpt":{"rendered":"<p>Biography: I manage the administration of the Department of Animal Breeding and Genetics. Among other things: Registration of leave, attendance sheets, mailing, other current administration. I manage the Neptun (Uniform System of Studies) and Poszeidon (Document and Record Management System) systems. My responsibilities are the administrative coordination of the Neptun, exams\u2019 and blackbook\u2019 related to<\/p>\n","protected":false},"author":5824,"featured_media":0,"parent":857,"menu_order":210,"comment_status":"closed","ping_status":"closed","template":"","meta":{"_acf_changed":false,"footnotes":""},"categories":[19],"tags":[],"class_list":["post-4148","page","type-page","status-publish","hentry","category-staff"],"acf":[],"_links":{"self":[{"href":"https:\/\/univet.hu\/en\/wp-json\/wp\/v2\/pages\/4148","targetHints":{"allow":["GET"]}}],"collection":[{"href":"https:\/\/univet.hu\/en\/wp-json\/wp\/v2\/pages"}],"about":[{"href":"https:\/\/univet.hu\/en\/wp-json\/wp\/v2\/types\/page"}],"author":[{"embeddable":true,"href":"https:\/\/univet.hu\/en\/wp-json\/wp\/v2\/users\/5824"}],"replies":[{"embeddable":true,"href":"https:\/\/univet.hu\/en\/wp-json\/wp\/v2\/comments?post=4148"}],"version-history":[{"count":1,"href":"https:\/\/univet.hu\/en\/wp-json\/wp\/v2\/pages\/4148\/revisions"}],"predecessor-version":[{"id":200076,"href":"https:\/\/univet.hu\/en\/wp-json\/wp\/v2\/pages\/4148\/revisions\/200076"}],"up":[{"embeddable":true,"href":"https:\/\/univet.hu\/en\/wp-json\/wp\/v2\/pages\/857"}],"wp:attachment":[{"href":"https:\/\/univet.hu\/en\/wp-json\/wp\/v2\/media?parent=4148"}],"wp:term":[{"taxonomy":"category","embeddable":true,"href":"https:\/\/univet.hu\/en\/wp-json\/wp\/v2\/categories?post=4148"},{"taxonomy":"post_tag","embeddable":true,"href":"https:\/\/univet.hu\/en\/wp-json\/wp\/v2\/tags?post=4148"}],"curies":[{"name":"wp","href":"https:\/\/api.w.org\/{rel}","templated":true}]}}