{"id":4169,"date":"2016-08-02T14:08:00","date_gmt":"2016-08-02T12:08:00","guid":{"rendered":"http:\/\/univet.hu\/about\/staff\/konyves-laszlo\/"},"modified":"2026-02-10T04:31:24","modified_gmt":"2026-02-10T03:31:24","slug":"konyves-laszlo","status":"publish","type":"page","link":"https:\/\/univet.hu\/en\/about\/staff\/konyves-laszlo\/","title":{"rendered":"K\u00f6nyves L\u00e1szl\u00f3"},"content":{"rendered":"<p>&nbsp;<\/p> <h2>Activity<\/h2> <div> <p>Office hours: upon request\u00a0at times\u00a0previously arranged in e-mail<\/p> <\/div> <p><a href=\"http:\/\/www.univet.hu\/units\/Allathig\/KL.htm\" data-replaced=\"true\" target=\"_blank\" rel=\"noopener\">Own homepage<\/a><\/p>","protected":false},"excerpt":{"rendered":"<p>&nbsp; Activity Office hours: upon request\u00a0at times\u00a0previously arranged in e-mail Own homepage<\/p>\n","protected":false},"author":5824,"featured_media":0,"parent":857,"menu_order":211,"comment_status":"closed","ping_status":"closed","template":"","meta":{"_acf_changed":false,"footnotes":""},"categories":[19],"tags":[],"class_list":["post-4169","page","type-page","status-publish","hentry","category-staff"],"acf":[],"_links":{"self":[{"href":"https:\/\/univet.hu\/en\/wp-json\/wp\/v2\/pages\/4169","targetHints":{"allow":["GET"]}}],"collection":[{"href":"https:\/\/univet.hu\/en\/wp-json\/wp\/v2\/pages"}],"about":[{"href":"https:\/\/univet.hu\/en\/wp-json\/wp\/v2\/types\/page"}],"author":[{"embeddable":true,"href":"https:\/\/univet.hu\/en\/wp-json\/wp\/v2\/users\/5824"}],"replies":[{"embeddable":true,"href":"https:\/\/univet.hu\/en\/wp-json\/wp\/v2\/comments?post=4169"}],"version-history":[{"count":1,"href":"https:\/\/univet.hu\/en\/wp-json\/wp\/v2\/pages\/4169\/revisions"}],"predecessor-version":[{"id":200181,"href":"https:\/\/univet.hu\/en\/wp-json\/wp\/v2\/pages\/4169\/revisions\/200181"}],"up":[{"embeddable":true,"href":"https:\/\/univet.hu\/en\/wp-json\/wp\/v2\/pages\/857"}],"wp:attachment":[{"href":"https:\/\/univet.hu\/en\/wp-json\/wp\/v2\/media?parent=4169"}],"wp:term":[{"taxonomy":"category","embeddable":true,"href":"https:\/\/univet.hu\/en\/wp-json\/wp\/v2\/categories?post=4169"},{"taxonomy":"post_tag","embeddable":true,"href":"https:\/\/univet.hu\/en\/wp-json\/wp\/v2\/tags?post=4169"}],"curies":[{"name":"wp","href":"https:\/\/api.w.org\/{rel}","templated":true}]}}