{"id":4172,"date":"2016-08-02T14:09:00","date_gmt":"2016-08-02T12:09:00","guid":{"rendered":"http:\/\/univet.hu\/about\/staff\/kovago-csaba\/"},"modified":"2026-02-10T04:31:25","modified_gmt":"2026-02-10T03:31:25","slug":"kovago-csaba","status":"publish","type":"page","link":"https:\/\/univet.hu\/en\/about\/staff\/kovago-csaba\/","title":{"rendered":"K\u0151v\u00e1g\u00f3 Csaba"},"content":{"rendered":"<p style=\"font-family: impact, sans-serif\" align=\"justify\">Introduction<\/p> <p align=\"justify\">Dr. Csaba K\u0151v\u00e1g\u00f3, after completing his veterinary doctoral studies, began his PhD research in the Virology Division of the Department of Epidemiology and Microbiology at the University. Between 2004 and 2005, he worked as a research fellow in the United States at NASA&#8217;s Ames Research Center. He was awarded his PhD in 2016, at which time his interest shifted towards metallurgy, welding, and the occupational safety-toxicological aspects of these fields. Between 2016 and 2018, he obtained a Welding Qualification, and in 2018, he secured the NKFIH FK_18 grant titled: \u201cInvestigation of the Respiratory and Systemic Effects of Welding Fumes in a Mouse Model with Particular Focus on Tungsten Inert Gas (TIG) Welding, Ozone Emissions, and Metal Fume Fever Syndrome.\u201d<\/p> <p align=\"justify\">Dr. Csaba K\u0151v\u00e1g\u00f3 is a member of the Hungarian Association for Laboratory Animal Science, the Interdisciplinary Committee on Occupational Safety in Welding, and the Hungarian Welding Association (MAHEG). Since 2019, he has served as the Hungarian delegate to the International Institute of Welding (IIW) Commission C-VIII, &#8220;Health, Safety, and Environment.&#8221;<\/p> <p align=\"justify\">Currently, his research focuses on the biological effects of gas and fume emissions released during welding, specifically examining the kinetic behavior of metals present in these emissions following inhalation. An essential area of his research involves elucidating the pathogenesis of &#8220;metal fume fever&#8221; caused by the inhalation of zinc-containing dust and fumes. In this context, his PhD student, Dr. \u00c9va Sz\u0171cs-Somly\u00f3, successfully defended her dissertation in December 2024, titled &#8220;Investigation of the Immunotoxicological Effects of Metal Oxide Particles, Especially ZnO Inhalation.&#8221;<\/p> <hr align=\"center\" size=\"5\" width=\"60%\" \/> <p><span style=\"font-family: impact, sans-serif\">Progress<\/span><\/p> <table style=\"height: 235px;width: 809px\" width=\"811\"> <tbody> <tr style=\"height: 24px\"> <td style=\"width: 177px;height: 24px;text-align: center\">2004 &#8211; 2012<\/td> <td style=\"width: 616px;height: 24px;text-align: center\">department veterinarian<\/td> <\/tr> <tr style=\"height: 24px\"> <td style=\"width: 177px;height: 24px;text-align: center\">2012 &#8211; 2016<\/td> <td style=\"width: 616px;height: 24px;text-align: center\">research Assistant<\/td> <\/tr> <tr style=\"height: 24px\"> <td style=\"width: 177px;height: 23px;text-align: center\">2016 &#8211;<\/td> <td style=\"width: 616px;height: 23px;text-align: center\">research associate<\/td> <\/tr> <\/tbody> <\/table> <p>&nbsp;<\/p> <hr align=\"center\" size=\"5\" width=\"60%\" \/> <p><strong>Number of TDK&#8217;s students: 3<\/strong><\/p> <p><span style=\"font-family: impact, sans-serif\"><br \/> Publication list (Top10)<\/span><\/p> <p style=\"text-align: center\">MTMT:\u00a0<a href=\"https:\/\/m2.mtmt.hu\/gui2\/?type=authors&amp;mode=browse&amp;sel=authors10023379\">https:\/\/m2.mtmt.hu\/gui2\/?type=authors&amp;mode=browse&amp;sel=authors10023379<\/a><\/p> <table style=\"height: 542px;width: 113.544%\" width=\"1140\"> <tbody> <tr style=\"height: 86px\"> <td style=\"width: 3.52423%;height: 86px;text-align: center\">1.<\/td> <td style=\"width: 95.9471%;height: 86px\">Szucs-Somlyo, Eva ; Lehel, Jozsef ; Majlinger, Kornel ; Lorincz, Marta ; Kovago, Csaba &#x2709; Metal-oxide inhalation induced fever-Immuntoxicological aspects of welding fumes FOOD AND CHEMICAL TOXICOLOGY 175 Paper: 113722 , 11 p. (2023)<\/td> <\/tr> <tr style=\"height: 54px\"> <td style=\"width: 3.52423%;height: 54px;text-align: center\">2.<\/td> <td style=\"width: 95.9471%;height: 54px\">Sz\u0171cs-Somly\u00f3, \u00c9. ; Lehel, J. &#x2709; ; M\u00e1jlinger, K. ; T\u00f3th, F. ; Jerzsele, \u00c1. ; K\u0151v\u00e1g\u00f3, C. Immune response to zinc oxide inhalation in metal fume fever, and the possible role of IL-17f SCIENTIFIC REPORTS 13 : 1 Paper: 22239 , 11 p. (2023)<\/td> <\/tr> <tr style=\"height: 54px\"> <td style=\"width: 3.52423%;height: 54px;text-align: center\">3.<\/td> <td style=\"width: 95.9471%;height: 54px\">K\u0151v\u00e1g\u00f3, Csaba &#x2709; ; Szekeres, Barbara ; Sz\u0171cs-Somly\u00f3, \u00c9va ; M\u00e1jlinger, Korn\u00e9l ; Jerzsele, \u00c1kos ; Lehel, J\u00f3zsef Preliminary study to investigate the distribution and effects of certain metals after inhalation of welding fumes in mice ENVIRONMENTAL SCIENCE AND POLLUTION RESEARCH 29 pp. 49147-49160. , 14 p. (2022)<\/td> <\/tr> <tr style=\"height: 54px\"> <td style=\"width: 3.52423%;height: 54px;text-align: center\">4.<\/td> <td style=\"width: 95.9471%;height: 54px\">Mackei, M\u00e1t\u00e9 ; Moln\u00e1r, Andor ; Nagy, Szabolcs ; P\u00e1l, L\u00e1szl\u00f3 ; K\u0151v\u00e1g\u00f3, Csaba ; G\u00e1lfi, P\u00e9ter ; Dublecz, K\u00e1roly ; Husv\u00e9th, Ferenc ; Neogr\u00e1dy, Zsuzsanna ; M\u00e1tis, G\u00e1bor Effects of Acute Heat Stress on a Newly Established Chicken Hepatocyte \u2013 Nonparenchymal Cell Co Culture Model ANIMALS 10 : 3 Paper: 409 , 16 p. (2020)<\/td> <\/tr> <tr style=\"height: 31px\"> <td style=\"width: 3.52423%;height: 31px;text-align: center\">5.<\/td> <td style=\"width: 95.9471%;height: 31px\">Szekeres, B. G. ; Sz\u0171cs-Somly\u00f3, \u00c9. ; Lehel, J. ; K\u0151v\u00e1g\u00f3, Cs. Nanor\u00e9szecsk\u00e9k \u2013 m\u00falt, jelen, j\u00f6v\u0151 EG\u00c9SZS\u00c9GTUDOM\u00c1NY 64 : 1-2 pp. 16-38. , 23 p. (2020)<\/td> <\/tr> <tr style=\"height: 23px\"> <td style=\"width: 3.52423%;height: 23px;text-align: center\">6.<\/td> <td style=\"width: 95.9471%;height: 23px\">K\u0151v\u00e1g\u00f3, Csaba ; M\u00e1jlinger, Korn\u00e9l ; Lehel, J\u00f3zsef A hegeszt\u00e9si f\u00fcst szil\u00e1rd r\u00e9szecsk\u00e9inek eg\u00e9szs\u00e9g\u00fcgyi hat\u00e1sai a szakirodalom \u00e9s saj\u00e1t vizsg\u00e1lat t\u00fckr\u00e9ben HEGESZT\u00c9STECHNIKA 30 : 3 pp. 92-95. , 4 p. (2019)<\/td> <\/tr> <tr style=\"height: 48px\"> <td style=\"width: 3.52423%;text-align: center;height: 48px\">7.<\/td> <td style=\"width: 95.9471%;height: 48px\">K\u0151v\u00e1g\u00f3, Cs. ; M\u00e1jlinger, K. ; Lehel, J. \u00cdvf\u00e9ny \u00e1ltal keltett szervetlen emisszi\u00f3 toxikokinetik\u00e1j\u00e1nak vizsg\u00e1lata \u00e1llatmodellben In: Magyar Toxikol\u00f3gusok T\u00e1rsas\u00e1ga (szerk.) TOX&#8217;2018 Tudom\u00e1nyos Konferencia Program, kivonatok (2018) p. 64 Paper: C1-8 , 1 p.<\/td> <\/tr> <tr style=\"height: 72px\"> <td style=\"width: 3.52423%;text-align: center;height: 72px\">8.<\/td> <td style=\"width: 95.9471%;height: 72px\">K\u0151v\u00e1g\u00f3, Csaba ; Cserti, S\u00e1ndor ; Rusvai, Mikl\u00f3s A borjak \u00fajsz\u00fcl\u00f6ttkori panyctopeni\u00e1ja n\u00e9ven ismert k\u00f3rk\u00e9p egy szokatlan form\u00e1j\u00e1nak hazai el\u0151fordul\u00e1sa MAGYAR \u00c1LLATORVOSOK LAPJA 140 : Suppl 1 pp. 194-200. , 7 p. (2018)<\/td> <\/tr> <tr style=\"height: 72px\"> <td style=\"width: 3.52423%;text-align: center;height: 72px\">9.<\/td> <td style=\"width: 95.9471%;height: 72px\">K\u0151v\u00e1g\u00f3, Csaba ; Horny\u00e1k, \u00c1kos ; K\u00e9kesi, Violetta ; Rusvai, Mikl\u00f3s Demonstration of homologous recombination events in the evolution of bovine viral diarrhoea virus by in silico investigations ACTA VETERINARIA HUNGARICA 64 : 3 pp. 401-414. , 14 p. (2016)<\/td> <\/tr> <tr style=\"height: 48px\"> <td style=\"width: 3.52423%;text-align: center;height: 48px\">10.<\/td> <td style=\"width: 95.9471%;height: 48px\">Meggyeshazi, N ; Andocs, G ; Kovago, C ; Balogh, L ; Krenacs, T Modulated electrohyperthermia induced immunogenic cell death specific signals in colorectal adenocarcinoma model EUROPEAN JOURNAL OF CANCER 50 : Suppl. 5 pp. S81-S82. (2014)<\/td> <\/tr> <\/tbody> <\/table> <p>&nbsp;<\/p> <p>(Updated: January 2025)<\/p>","protected":false},"excerpt":{"rendered":"<p>Introduction Dr. Csaba K\u0151v\u00e1g\u00f3, after completing his veterinary doctoral studies, began his PhD research in the Virology Division of the Department of Epidemiology and Microbiology at the University. Between 2004 and 2005, he worked as a research fellow in the United States at NASA&#8217;s Ames Research Center. He was awarded his PhD in 2016, at<\/p>\n","protected":false},"author":5824,"featured_media":0,"parent":857,"menu_order":211,"comment_status":"closed","ping_status":"closed","template":"","meta":{"_acf_changed":false,"footnotes":""},"categories":[19],"tags":[],"class_list":["post-4172","page","type-page","status-publish","hentry","category-staff"],"acf":[],"_links":{"self":[{"href":"https:\/\/univet.hu\/en\/wp-json\/wp\/v2\/pages\/4172","targetHints":{"allow":["GET"]}}],"collection":[{"href":"https:\/\/univet.hu\/en\/wp-json\/wp\/v2\/pages"}],"about":[{"href":"https:\/\/univet.hu\/en\/wp-json\/wp\/v2\/types\/page"}],"author":[{"embeddable":true,"href":"https:\/\/univet.hu\/en\/wp-json\/wp\/v2\/users\/5824"}],"replies":[{"embeddable":true,"href":"https:\/\/univet.hu\/en\/wp-json\/wp\/v2\/comments?post=4172"}],"version-history":[{"count":3,"href":"https:\/\/univet.hu\/en\/wp-json\/wp\/v2\/pages\/4172\/revisions"}],"predecessor-version":[{"id":200183,"href":"https:\/\/univet.hu\/en\/wp-json\/wp\/v2\/pages\/4172\/revisions\/200183"}],"up":[{"embeddable":true,"href":"https:\/\/univet.hu\/en\/wp-json\/wp\/v2\/pages\/857"}],"wp:attachment":[{"href":"https:\/\/univet.hu\/en\/wp-json\/wp\/v2\/media?parent=4172"}],"wp:term":[{"taxonomy":"category","embeddable":true,"href":"https:\/\/univet.hu\/en\/wp-json\/wp\/v2\/categories?post=4172"},{"taxonomy":"post_tag","embeddable":true,"href":"https:\/\/univet.hu\/en\/wp-json\/wp\/v2\/tags?post=4172"}],"curies":[{"name":"wp","href":"https:\/\/api.w.org\/{rel}","templated":true}]}}