{"id":4175,"date":"2016-08-02T14:09:00","date_gmt":"2016-08-02T12:09:00","guid":{"rendered":"http:\/\/univet.hu\/about\/staff\/kover-szilvia\/"},"modified":"2026-02-10T04:31:26","modified_gmt":"2026-02-10T03:31:26","slug":"kover-szilvia","status":"publish","type":"page","link":"https:\/\/univet.hu\/en\/about\/staff\/kover-szilvia\/","title":{"rendered":"K\u00f6v\u00e9r Szilvia"},"content":{"rendered":"<p><strong>Introduction:<\/strong><\/p> <p>I am Dr. Szilvia K\u00f6v\u00e9r, a research associate at the Department of Zoology. I take part in the teaching of the field practice subject of the Biology BSc course, and I teach the subjects Evolutionary Biology, Genetics and Population Genetics and Modeling in the Biology MSc, and I participate in the lectures of the optional course &#8220;Sexuality in the Living World&#8221; and I give Informatics and Biomathematics exercises for the English-speaking veterinary students. . In addition to my higher education duties, I also participate in the Hungarian and English university preparatory programs of \u00c1TE. In my research, I deal with population biology, population genetics and biostatistics issues.<\/p> <p><strong>Main research areas:<\/strong><\/p> <ul> <li>survival estimation using the mark-recapture method<\/li> <li>population-survival analysis (PVA) of the Carpathian basin bald eagle population<\/li> <li>kinship and inbreeding estimation based on genetic data<\/li> <li>genetic-based study of the pair selection system of bald eagles<\/li> <li>prediction of the frequency of a mutant allele causing lysosomal storage disease in the American Staffordshire Terrier as a function of breeding policy<\/li> <\/ul> <p><strong>Topic management:<\/strong><\/p> <p>MSc students: 2<\/p> <p>BSc students: 3<\/p> <p>TDK theses: 2<\/p> <p>PhD students: 2, of which 1 is a graduate (Dr. Edina Nemesh\u00e1zi, 2018)<\/p> <p><strong>Optional thesis topics:<\/strong><\/p> <p>Prediction of Lysosomal Storage Disease Mutant Allele Frequency in the American Staffordshire Terrier as a Function of Breeding Policy<\/p> <p><strong>Progress:<\/strong><\/p> <p>2016 &#8211; Department of Zoology, University of Veterinary Medicine, <span data-olk-copy-source=\"MessageBody\">research fellow<\/span><\/p> <p>2008- 2016 SZIE \u00c1OTK and Department of Ecology, <span data-olk-copy-source=\"MessageBody\">research fellow<\/span><\/p> <p>2005-2007 Hungarian Museum of Natural Sciences, assistant museologist<\/p> <p>1998-2005 ELTE TTK, Department of Plant Systematics and Ecology, postdoctoral scholarship holder<\/p> <p>1992-1998 ELTE TTK, Department of Plant Systematics and Ecology, PhD Student<\/p> <p><strong>Publication list (Top 10):<\/strong><\/p> <p>Nemesh\u00e1zi, Edina; Fat, Silvia\u00a0; B\u00f3kony, Veronika Evolutionary and demographic consequences of temperature-induced masculinization under climate warming: the effects of mate choice BMC ECOLOGY AND EVOLUTION 21 : 1 Paper: 16 (2021)<\/p> <p>Szab\u00f3, Borb\u00e1la &#x2709;; Lang, Zsolt; Fat, Silvia\u00a0; Bakonyi, G\u00e1bor The inter-individual variance can provide additional information for the ecotoxicologists beside the mean ECOTOXICOLOGY AND ENVIRONMENTAL SAFETY 217 Paper: 112260 , 7 p. (2021)<\/p> <p>Nemesh\u00e1zi, Edina; Szab\u00f3, Kriszti\u00e1n; Horv\u00e1th, Zolt\u00e1n ; K\u00f6v\u00e9r, Szilvia The effects of genetic relatedness on mate choice and territorial intrusions in a monogamous raptor JOURNAL OF ORNITHOLOGY 159 : 1 pp. 233-244. , 12 p. (2018)<\/p> <p>Nemesh\u00e1zi, Edina; Szab\u00f3, Kriszti\u00e1n; Horv\u00e1th, Zolt\u00e1n ; K\u00f6v\u00e9r, Szilvia Genetic structure confirms female-biased natal dispersal in the White-tailed Eagle population of the Carpathian Basin ACTA ZOOLOGICA ACADEMIAE SCIENTIARUM HUNGARICAE 64 : 3 pp. 243-257. , 15 p. (2018)<\/p> <p>Bokony, V; K\u00f6ver, S; Nemesh\u00e1zi, E; Liker, A; Sz\u00e9kely, T Climate-driven shifts in adult sex ratios via sex reversals: the type of sex determination matters PHILOSOPHICAL TRANSACTIONS OF THE ROYAL SOCIETY B &#8211; BIOLOGICAL SCIENCES 372 : 1729 Paper: 20160325 (2017)<\/p> <p>Nemesh\u00e1zi, Edina; Fat, Silvia\u00a0; Zachos, Frank E ; Horv\u00e1th, Zolt\u00e1n ; Tihanyi, G\u00e1bor ; M\u00f3rocz, Attila ; Mikuska, Tibor ; Ham, Istv\u00e1n ; Literak, Ivan ; Ponnikas, Suvi et al. Natural and anthropogenic influences on the population structure of white-tailed eagles in the Carpathian Basin and central Europe JOURNAL OF AVIAN BIOLOGY 47: 6 pp. 795-805. , 11 p.m. (2016)<\/p> <p>K\u0151r\u00f6si, \u00c1d\u00e1m\u00a0; Szentirmai, Istv\u00e1n; Bat\u00e1ry, P\u00e9ter; Fat, Silvia\u00a0; \u00d6rv\u00f6ssy, No\u00e9mi; Peregovits, L\u00e1szl\u00f3 Effects of timing and frequency of mowing on the threatened scarce large blue butterfly: A fine-scale experiment AGRICULTURE ECOSYSTEMS &amp; ENVIRONMENT 196 pp. 24-33. , 10 p.m. (2014)<\/p> <p>Szalai, Mark; Kiss, Joseph; Fat, Silvia\u00a0; Toepfer, Stefan Simulating crop rotation strategies with a spatiotemporal lattice model to improve legislation for the management of the maize pest Diabrotica virgifera virgifera AGRICULTURAL SYSTEMS 124 pp. 39-50. , 12 p. (2014)<\/p> <p>K\u0151r\u00f6si, \u00c1; Orv\u00f6ssy, N; Bat\u00e1ry, P; Fat, S; Peregovits, L Restricted within-habitat movement and time-constrained egg laying of female Maculinea rebeli butterflies OECOLOGIA 156 pp. 455-464. , 10 p.m. (2008)<\/p> <p>Fat, Silvia\u00a0; Szathm\u00e1ry, E\u00f6rs Evolution of Sex In: Reeve, ECR (ed.) Encyclopedia of Genetics London, United Kingdom \/ England, Chicago (IL), United States of America : Fitzroy Dearborn Publishers (2001) 952 p. pp. 881-890. , 10 p.m.<\/p> <p>MTMT2| Google Scholar | ORCHID<\/p>","protected":false},"excerpt":{"rendered":"<p>Introduction: I am Dr. Szilvia K\u00f6v\u00e9r, a research associate at the Department of Zoology. I take part in the teaching of the field practice subject of the Biology BSc course, and I teach the subjects Evolutionary Biology, Genetics and Population Genetics and Modeling in the Biology MSc, and I participate in the lectures of the<\/p>\n","protected":false},"author":5824,"featured_media":0,"parent":857,"menu_order":211,"comment_status":"closed","ping_status":"closed","template":"","meta":{"_acf_changed":false,"footnotes":""},"categories":[19],"tags":[],"class_list":["post-4175","page","type-page","status-publish","hentry","category-staff"],"acf":[],"_links":{"self":[{"href":"https:\/\/univet.hu\/en\/wp-json\/wp\/v2\/pages\/4175","targetHints":{"allow":["GET"]}}],"collection":[{"href":"https:\/\/univet.hu\/en\/wp-json\/wp\/v2\/pages"}],"about":[{"href":"https:\/\/univet.hu\/en\/wp-json\/wp\/v2\/types\/page"}],"author":[{"embeddable":true,"href":"https:\/\/univet.hu\/en\/wp-json\/wp\/v2\/users\/5824"}],"replies":[{"embeddable":true,"href":"https:\/\/univet.hu\/en\/wp-json\/wp\/v2\/comments?post=4175"}],"version-history":[{"count":1,"href":"https:\/\/univet.hu\/en\/wp-json\/wp\/v2\/pages\/4175\/revisions"}],"predecessor-version":[{"id":200185,"href":"https:\/\/univet.hu\/en\/wp-json\/wp\/v2\/pages\/4175\/revisions\/200185"}],"up":[{"embeddable":true,"href":"https:\/\/univet.hu\/en\/wp-json\/wp\/v2\/pages\/857"}],"wp:attachment":[{"href":"https:\/\/univet.hu\/en\/wp-json\/wp\/v2\/media?parent=4175"}],"wp:term":[{"taxonomy":"category","embeddable":true,"href":"https:\/\/univet.hu\/en\/wp-json\/wp\/v2\/categories?post=4175"},{"taxonomy":"post_tag","embeddable":true,"href":"https:\/\/univet.hu\/en\/wp-json\/wp\/v2\/tags?post=4175"}],"curies":[{"name":"wp","href":"https:\/\/api.w.org\/{rel}","templated":true}]}}