{"id":41850,"date":"2019-08-14T14:15:23","date_gmt":"2019-08-14T12:15:23","guid":{"rendered":"https:\/\/univet.hu\/?page_id=41850"},"modified":"2026-02-10T04:28:18","modified_gmt":"2026-02-10T03:28:18","slug":"laszlo-kovacs","status":"publish","type":"page","link":"https:\/\/univet.hu\/en\/about\/staff\/laszlo-kovacs\/","title":{"rendered":"Kov\u00e1cs L\u00e1szl\u00f3"},"content":{"rendered":"<p style=\"text-align: center;\"><strong>\u00a0\u00a0<span style=\"font-size: 14pt;\">\u00a0Introduction\u00a0<\/span><br \/> <\/strong><\/p> <p>Dr. L\u00e1szl\u00f3 Kov\u00e1cs was born in Szolnok. After completing his high school studies at the Lehel Vez\u00e9r High School in J\u00e1szber\u00e9ny, he was admitted to the Budapest University of Veterinary Medicine (its legal predecessor at the time, the SZIE Faculty of Veterinary Medicine) in 2011. In 2017, he graduated cum laude, and after receiving his diploma, he started working at Gallicoop Zrt. in Szarvas as a veterinarian for turkey production integration. From 2018, he worked as a veterinarian on duck, goose and chicken farms. Between 2018-2020, he completed the postgraduate training of the University of Veterinary Medicine and obtained the qualification of specialist veterinarian in poultry health. In 2019, he was called back to the Department of Animal Hygiene, and was entrusted with the theoretical and practical teaching tasks of the poultry health clinic and the poultry mobile clinic. He started his PhD studies in 2020. From 2021, he will also conduct research at the University of Veterinary Medicine in Vienna, and through the University of Vienna he began the poultry health college training as a resident ECPVS. In addition to his teaching and research activities, he works as a poultry health consultant. Both in practice and in research, he shows an expressed interest in the examination of telehygienic, non-specific disease prevention methods, and the so-called specific prevention methods, immunization protocols, or in the direction of immunological research.<\/p> <p>.<\/p> <p><strong>Main research areas:<\/strong><\/p> <ul> <li>poultry health inspections<\/li> <li>examination of farm microclimatic factors<\/li> <li>immunological studies<\/li> <li>farm hygiene<\/li> <li>examination of the epidemic prevention systems of poultry farms<\/li> <\/ul> <p><b>Advancements<\/b><\/p> <table style=\"height: 510px;\" width=\"871\"> <tbody> <tr> <td style=\"width: 201.067px; text-align: center;\"><b>Time<\/b><\/td> <td style=\"width: 365.4px; text-align: center;\"><strong>Institution name<\/strong><\/td> <td style=\"width: 282.533px; text-align: center;\"><b>Post<\/b><\/td> <\/tr> <tr> <td style=\"width: 201.067px;\">2023-<\/td> <td style=\"width: 365.4px;\">\u00c1llatorvostudom\u00e1nyi Egyetem, \u00c1llathigi\u00e9niai, \u00c1llom\u00e1ny-eg\u00e9szs\u00e9gtani Tansz\u00e9k<\/td> <td style=\"width: 282.533px;\">university teaching assistant<\/td> <\/tr> <tr> <td style=\"width: 201.067px;\">2022-<\/td> <td style=\"width: 365.4px;\">Baromfi Term\u00e9k Tan\u00e1cs J\u00e1rv\u00e1nyv\u00e9delmi Telepaudit\u00e1l\u00f3 Rendszer\u00ae<\/td> <td style=\"width: 282.533px;\">profession supervisor<\/td> <\/tr> <tr> <td style=\"width: 201.067px;\">2021-<\/td> <td style=\"width: 365.4px;\">B\u00e9csi \u00c1llatorvostudom\u00e1nyi Egyetem<\/td> <td style=\"width: 282.533px;\">ECPVS resident<br \/> (Poultry Health Vocational College)<\/td> <\/tr> <tr> <td style=\"width: 201.067px;\">2020-<\/td> <td style=\"width: 365.4px;\">\u00c1llatorvostudom\u00e1nyi Egyetem, \u00c1llathigi\u00e9niai, \u00c1llom\u00e1ny-eg\u00e9szs\u00e9gtani Tansz\u00e9k<\/td> <td style=\"width: 282.533px;\">PhD student<\/td> <\/tr> <tr> <td style=\"width: 201.067px;\">2019-<\/td> <td style=\"width: 365.4px;\">\u00c1llatorvostudom\u00e1nyi Egyetem, \u00c1llathigi\u00e9niai, \u00c1llom\u00e1ny-eg\u00e9szs\u00e9gtani Tansz\u00e9k<\/td> <td style=\"width: 282.533px;\">department veterinarian<\/td> <\/tr> <tr> <td style=\"width: 201.067px;\">2019-<\/td> <td style=\"width: 365.4px;\">Poultry-Care Kft.<\/td> <td style=\"width: 282.533px;\">Poultry Health Veterinarian<\/td> <\/tr> <tr> <td style=\"width: 201.067px;\">2017\u20132018<\/td> <td style=\"width: 365.4px;\">Galliccop Zrt.<\/td> <td style=\"width: 282.533px;\">integrative veterinarian<\/td> <\/tr> <\/tbody> <\/table> <p>&nbsp;<\/p> <p><strong>Professional organization membership<\/strong><\/p> <table style=\"height: 172px;\" width=\"749\"> <tbody> <tr style=\"height: 13px;\"> <td style=\"text-align: center; height: 13px; width: 259.167px;\"><strong>Committee name<\/strong><\/td> <td style=\"text-align: center; height: 13px; width: 208.267px;\"><b>Time<\/b><\/td> <td style=\"text-align: center; height: 13px; width: 259.567px;\"><strong>Rank<\/strong><\/td> <\/tr> <tr style=\"height: 48px;\"> <td style=\"height: 48px; width: 259.167px;\">\u00c1llatorvostudom\u00e1nyi Egyetem Szen\u00e1tus<\/td> <td style=\"height: 48px; width: 208.267px;\">2021-<\/td> <td style=\"height: 48px; width: 259.567px;\">senator<\/td> <\/tr> <tr style=\"height: 48px;\"> <td style=\"height: 48px; width: 259.167px;\">Magyar Baromfi-eg\u00e9szs\u00e9g\u00fcgyi T\u00e1rsas\u00e1g<\/td> <td style=\"height: 48px; width: 208.267px;\">2017-<\/td> <td style=\"height: 48px; width: 259.567px;\">member<\/td> <\/tr> <tr style=\"height: 24px;\"> <td style=\"height: 24px; width: 259.167px;\">Magyar \u00c1llatorvosi Kamara<\/td> <td style=\"height: 24px; width: 208.267px;\">2017-<\/td> <td style=\"height: 24px; width: 259.567px;\">member<\/td> <\/tr> <\/tbody> <\/table> <p><strong>\u00a0<\/strong><\/p> <p><strong>Number of thesis\/TDK students to date: 2<\/strong><\/p>","protected":false},"excerpt":{"rendered":"<p>\u00a0\u00a0\u00a0Introduction\u00a0 Dr. L\u00e1szl\u00f3 Kov\u00e1cs was born in Szolnok. After completing his high school studies at the Lehel Vez\u00e9r High School in J\u00e1szber\u00e9ny, he was admitted to the Budapest University of Veterinary Medicine (its legal predecessor at the time, the SZIE Faculty of Veterinary Medicine) in 2011. In 2017, he graduated cum laude, and after receiving<\/p>\n","protected":false},"author":5824,"featured_media":0,"parent":857,"menu_order":37,"comment_status":"closed","ping_status":"closed","template":"","meta":{"_acf_changed":false,"footnotes":""},"categories":[],"tags":[],"class_list":["post-41850","page","type-page","status-publish","hentry"],"acf":[],"_links":{"self":[{"href":"https:\/\/univet.hu\/en\/wp-json\/wp\/v2\/pages\/41850","targetHints":{"allow":["GET"]}}],"collection":[{"href":"https:\/\/univet.hu\/en\/wp-json\/wp\/v2\/pages"}],"about":[{"href":"https:\/\/univet.hu\/en\/wp-json\/wp\/v2\/types\/page"}],"author":[{"embeddable":true,"href":"https:\/\/univet.hu\/en\/wp-json\/wp\/v2\/users\/5824"}],"replies":[{"embeddable":true,"href":"https:\/\/univet.hu\/en\/wp-json\/wp\/v2\/comments?post=41850"}],"version-history":[{"count":1,"href":"https:\/\/univet.hu\/en\/wp-json\/wp\/v2\/pages\/41850\/revisions"}],"predecessor-version":[{"id":199930,"href":"https:\/\/univet.hu\/en\/wp-json\/wp\/v2\/pages\/41850\/revisions\/199930"}],"up":[{"embeddable":true,"href":"https:\/\/univet.hu\/en\/wp-json\/wp\/v2\/pages\/857"}],"wp:attachment":[{"href":"https:\/\/univet.hu\/en\/wp-json\/wp\/v2\/media?parent=41850"}],"wp:term":[{"taxonomy":"category","embeddable":true,"href":"https:\/\/univet.hu\/en\/wp-json\/wp\/v2\/categories?post=41850"},{"taxonomy":"post_tag","embeddable":true,"href":"https:\/\/univet.hu\/en\/wp-json\/wp\/v2\/tags?post=41850"}],"curies":[{"name":"wp","href":"https:\/\/api.w.org\/{rel}","templated":true}]}}