{"id":41994,"date":"2019-08-21T19:07:16","date_gmt":"2019-08-21T17:07:16","guid":{"rendered":"https:\/\/univet.hu\/?page_id=41994"},"modified":"2025-09-18T10:43:56","modified_gmt":"2025-09-18T08:43:56","slug":"insurance","status":"publish","type":"page","link":"https:\/\/univet.hu\/en\/student-support-services-at-univet-budapest\/admin-help-for-freshers\/insurance\/","title":{"rendered":"Insurance"},"content":{"rendered":"<p>Students are required to have full medical insurance coverage during their studies. Please, arrange a\u00a0<strong>basic medical insurance<\/strong>\u00a0and\/or ask for the European Health Insurance Card (EHIC).<\/p> <p>Our students arrange their medical insurance\u00a0<span style=\"float: none;background-color: #ffffff;color: #333333;cursor: text;font-family: Georgia,'Times New Roman','Bitstream Charter',Times,serif;font-size: 16px;font-style: normal;font-variant: normal;font-weight: 400;letter-spacing: normal;text-align: left;text-decoration: none;text-indent: 0px;text-transform: none\">mostly<\/span> with following partners of Univet Budapest:<\/p> <p>&nbsp;<\/p> <p><span style=\"font-size: 14pt\"><strong>STUDIUM Fee-for-Service Health Insurance<\/strong><\/span><\/p> <p><span style=\"font-size: 14pt\"><strong>Generali Insurance Company<\/strong><\/span><\/p> <p>You can read about Terms and Conditions <a href=\"https:\/\/univet.hu\/wp-content\/uploads\/2019\/08\/Generali-Studium.pdf\" target=\"_blank\" rel=\"noopener\">here<\/a><\/p> <p>The annual cost is 115 200 HUF.<\/p> <p>Your contact:<\/p> <p>Ms. G\u00f6nczi J\u00falia<\/p> <p>E-mail:\u00a0<strong><a class=\"decrypt\" rel=\"hqh\/hpod{jkvmjbAhnbjm\/dpn\" href=\"javascript:void(0);\">[Click to see email]<\/a><\/strong><\/p> <p>mobile: <strong>+36-30-617-32-26<\/strong><\/p> <p>&nbsp;<\/p> <p><span style=\"font-size: 14pt\"><strong>UniMed Insurance<\/strong><\/span><\/p> <p><span style=\"font-size: 14pt\"><strong>Semmelweis Eg\u00e9szs\u00e9g\u00fcgyi Kft.<br \/> UNION Insurance Company<\/strong><\/span><\/p> <p><span style=\"float: none;background-color: #ffffff;color: #333333;cursor: text;font-family: Georgia,'Times New Roman','Bitstream Charter',Times,serif;font-size: 16px;font-style: normal;font-variant: normal;font-weight: 400;letter-spacing: normal;text-align: left;text-decoration: none;text-indent: 0px;text-transform: none\">You can read about Terms and Conditions <a href=\"https:\/\/semmelweiskft.hu\/unimed-unicard\">here<\/a><\/span><\/p> <p>Find further infos about the insurance : <a href=\"https:\/\/univet.hu\/wp-content\/uploads\/2019\/08\/UniMed-Customer-information-6912.pdf\">UniMed Customer information 6,9,12<\/a> \u00a0\u00a0<a href=\"https:\/\/univet.hu\/wp-content\/uploads\/2019\/08\/UniMed-Kundeninformation-6912.pdf\">UniMed Kundeninformation 6,9,12<\/a><\/p> <p><span style=\"float: none;background-color: #ffffff;color: #333333;cursor: text;font-family: Georgia,'Times New Roman','Bitstream Charter',Times,serif;font-size: 16px;font-style: normal;font-variant: normal;font-weight: 400;letter-spacing: normal;text-align: left;text-decoration: none;text-indent: 0px;text-transform: none\">The annual cost is 68 000 HUF (only in cash accepted).<\/span><\/p> <p>You can arrange the insurance in Mc Daniel College (1071 Bp, Bethlen G\u00e1bor t\u00e9r 2.).<\/p> <p>Your contact:<\/p> <p>Ms. Erika Gergely<br \/> tel:\u00a0\u00a0\u00a0\u00a0\u00a0\u00a0\u00a0\u00a0 413-3003<br \/> e-Mail: <a class=\"decrypt\" rel=\"fhfshfmzAndebojfm\/iv\" href=\"javascript:void(0);\">[Click to see email]<\/a><br \/> office: 2 nd floor, room 213<\/p> <p>&nbsp;<\/p> <p>&nbsp;<\/p>","protected":false},"excerpt":{"rendered":"<p>Students are required to have full medical insurance coverage during their studies. Please, arrange a\u00a0basic medical insurance\u00a0and\/or ask for the European Health Insurance Card (EHIC). Our students arrange their medical insurance\u00a0mostly with following partners of Univet Budapest: &nbsp; STUDIUM Fee-for-Service Health Insurance Generali Insurance Company You can read about Terms and Conditions here The annual<\/p>\n","protected":false},"author":7,"featured_media":0,"parent":34315,"menu_order":0,"comment_status":"closed","ping_status":"closed","template":"","meta":{"_acf_changed":false,"footnotes":""},"categories":[],"tags":[],"class_list":["post-41994","page","type-page","status-publish","hentry"],"acf":[],"_links":{"self":[{"href":"https:\/\/univet.hu\/en\/wp-json\/wp\/v2\/pages\/41994","targetHints":{"allow":["GET"]}}],"collection":[{"href":"https:\/\/univet.hu\/en\/wp-json\/wp\/v2\/pages"}],"about":[{"href":"https:\/\/univet.hu\/en\/wp-json\/wp\/v2\/types\/page"}],"author":[{"embeddable":true,"href":"https:\/\/univet.hu\/en\/wp-json\/wp\/v2\/users\/7"}],"replies":[{"embeddable":true,"href":"https:\/\/univet.hu\/en\/wp-json\/wp\/v2\/comments?post=41994"}],"version-history":[{"count":1,"href":"https:\/\/univet.hu\/en\/wp-json\/wp\/v2\/pages\/41994\/revisions"}],"predecessor-version":[{"id":190623,"href":"https:\/\/univet.hu\/en\/wp-json\/wp\/v2\/pages\/41994\/revisions\/190623"}],"up":[{"embeddable":true,"href":"https:\/\/univet.hu\/en\/wp-json\/wp\/v2\/pages\/34315"}],"wp:attachment":[{"href":"https:\/\/univet.hu\/en\/wp-json\/wp\/v2\/media?parent=41994"}],"wp:term":[{"taxonomy":"category","embeddable":true,"href":"https:\/\/univet.hu\/en\/wp-json\/wp\/v2\/categories?post=41994"},{"taxonomy":"post_tag","embeddable":true,"href":"https:\/\/univet.hu\/en\/wp-json\/wp\/v2\/tags?post=41994"}],"curies":[{"name":"wp","href":"https:\/\/api.w.org\/{rel}","templated":true}]}}