{"id":4241,"date":"2016-08-02T14:12:00","date_gmt":"2016-08-02T12:12:00","guid":{"rendered":"http:\/\/univet.hu\/about\/staff\/lefler-gaborne-dora\/"},"modified":"2026-02-10T04:30:14","modified_gmt":"2026-02-10T03:30:14","slug":"horvath-david-geza","status":"publish","type":"page","link":"https:\/\/univet.hu\/en\/about\/staff\/horvath-david-geza\/","title":{"rendered":"Horv\u00e1th D\u00e1vid G\u00e9za"},"content":{"rendered":"<p style=\"text-align: center;\"><strong>Introduction<\/strong><\/p> <p>Since 2020, I have been teaching pathology exercises for third- and fourth-year veterinary students, and laboratory diagnostics for 11th semester students in Hungarian and English.<\/p> <p><strong>Main research areas<\/strong><\/p> <p>Veterinary application of digital pathology, especially in the case of histopathological changes of some viral swine diseases.<br \/> <strong>Progress<\/strong><\/p> <p>As a student, I participated in the mentor program, and as a demonstrator, I assisted in the autopsy exercises of third-year students. In 2020, I graduated with a summa cum laude degree in veterinary medicine and started working at the Department of Pathology. I was first employed as a departmental veterinarian, then in the same year I was admitted to the PhD course. My topic is digital section analysis in veterinary pathology.<\/p> <p><strong>Number of thesis\/TDK students to date:<\/strong><\/p> <p>Supervision of 1 thesis graduate student<\/p> <p><strong>Publication list<\/strong><\/p> <table style=\"height: 145px;\" width=\"881\"> <tbody> <tr style=\"height: 72px;\"> <td style=\"width: 40.0469px; height: 72px;\">1.<\/td> <td style=\"width: 824.953px; height: 72px;\"><span data-contrast=\"auto\">D\u00e9nes L, Horv\u00e1th DG, Duran O, Ratkhjen PH, Kraft C, Acs B, Sz\u00e1sz AM, R\u00fcmenapf T, Papp M, Ladinig A, Balka G (2021): In Situ Hybridization of PRRSV-1 Combined with Digital Image Analysis in Lung Tissues of Pigs Challenged with PRRSV-1. Veterinary Science. 8:235<\/span><\/td> <\/tr> <tr style=\"height: 48px;\"> <td style=\"width: 40.0469px; height: 48px;\">2.<\/td> <td style=\"width: 824.953px; height: 48px;\"><span data-contrast=\"auto\">Horv\u00e1th DG, S\u00f3s E, D\u00e9nes L, D\u00e1n \u00c1, Biksi I, Balka G (2020): Az elef\u00e1ntok endotheliotropikus herpeszv\u00edrusa, Irodalmi \u00f6sszefoglal\u00f3. Magyar Allatorvosok Lapja. 142:303-312<\/span><\/td> <\/tr> <tr style=\"height: 25px;\"> <td style=\"width: 40.0469px; height: 25px;\">3.<\/td> <td style=\"width: 824.953px; height: 25px;\">\u00a0Horv\u00e1th DG, T\u00f3th G, Lencse Z, Balka G (2021): Multirezisztens <i style=\"font-family: inherit; font-size: inherit;\"><span data-contrast=\"auto\">Enterococcus faecium<\/span><\/i><span style=\"font-family: inherit; font-size: inherit;\" data-contrast=\"auto\"> okozta gerincvel\u0151burok-gyullad\u00e1s kuty\u00e1ban. Magyar Allatorvosok Lapja. 143:451-464<\/span><\/td> <\/tr> <\/tbody> <\/table> <p>&nbsp;<\/p>","protected":false},"excerpt":{"rendered":"<p>Introduction Since 2020, I have been teaching pathology exercises for third- and fourth-year veterinary students, and laboratory diagnostics for 11th semester students in Hungarian and English. Main research areas Veterinary application of digital pathology, especially in the case of histopathological changes of some viral swine diseases. Progress As a student, I participated in the mentor<\/p>\n","protected":false},"author":5824,"featured_media":0,"parent":857,"menu_order":210,"comment_status":"closed","ping_status":"closed","template":"","meta":{"_acf_changed":false,"footnotes":""},"categories":[19],"tags":[],"class_list":["post-4241","page","type-page","status-publish","hentry","category-staff"],"acf":[],"_links":{"self":[{"href":"https:\/\/univet.hu\/en\/wp-json\/wp\/v2\/pages\/4241","targetHints":{"allow":["GET"]}}],"collection":[{"href":"https:\/\/univet.hu\/en\/wp-json\/wp\/v2\/pages"}],"about":[{"href":"https:\/\/univet.hu\/en\/wp-json\/wp\/v2\/types\/page"}],"author":[{"embeddable":true,"href":"https:\/\/univet.hu\/en\/wp-json\/wp\/v2\/users\/5824"}],"replies":[{"embeddable":true,"href":"https:\/\/univet.hu\/en\/wp-json\/wp\/v2\/comments?post=4241"}],"version-history":[{"count":1,"href":"https:\/\/univet.hu\/en\/wp-json\/wp\/v2\/pages\/4241\/revisions"}],"predecessor-version":[{"id":200067,"href":"https:\/\/univet.hu\/en\/wp-json\/wp\/v2\/pages\/4241\/revisions\/200067"}],"up":[{"embeddable":true,"href":"https:\/\/univet.hu\/en\/wp-json\/wp\/v2\/pages\/857"}],"wp:attachment":[{"href":"https:\/\/univet.hu\/en\/wp-json\/wp\/v2\/media?parent=4241"}],"wp:term":[{"taxonomy":"category","embeddable":true,"href":"https:\/\/univet.hu\/en\/wp-json\/wp\/v2\/categories?post=4241"},{"taxonomy":"post_tag","embeddable":true,"href":"https:\/\/univet.hu\/en\/wp-json\/wp\/v2\/tags?post=4241"}],"curies":[{"name":"wp","href":"https:\/\/api.w.org\/{rel}","templated":true}]}}