{"id":42448,"date":"2019-08-28T11:24:12","date_gmt":"2019-08-28T09:24:12","guid":{"rendered":"https:\/\/univet.hu\/about\/staff\/voroshazi-julia\/"},"modified":"2026-02-10T04:28:44","modified_gmt":"2026-02-10T03:28:44","slug":"voroshazi-julia","status":"publish","type":"page","link":"https:\/\/univet.hu\/en\/about\/staff\/voroshazi-julia\/","title":{"rendered":"V\u00f6r\u00f6sh\u00e1zi J\u00falia"},"content":{"rendered":"<p><strong><u>Degree: <\/u><\/strong>Biology MSc: 2019<\/p> <p><strong><u>Research:<\/u><\/strong><\/p> <p>In vitro examinations on hepatic cell culture models.<\/p> <p>Examination of the molecular effect of different mycotoxins on three dimensional (3D) hepatic cell cultures.<\/p> <p><strong><u>Teaching:<\/u><\/strong><\/p> <p>Veterinary biochemistry laboratory courses (Hungarian, English)<\/p> <p>Lectures in Comparative biochemistry (Biology BSc) and Biological chemistry (Biology MSc)<\/p> <p>Consulting hours: Tuesday,\u00a010:00-12:00<\/p> <p>MTMT: <a href=\"https:\/\/m2.mtmt.hu\/gui2\/?type=authors&amp;mode=browse&amp;sel=10071862\">https:\/\/m2.mtmt.hu\/gui2\/?type=authors&amp;mode=browse&amp;sel=10071862<\/a><\/p> <p>ResearchGate: <a href=\"https:\/\/www.researchgate.net\/profile\/Julia_Voeroeshazi\">https:\/\/www.researchgate.net\/profile\/Julia_Voeroeshazi<\/a><\/p>","protected":false},"excerpt":{"rendered":"<p>Degree: Biology MSc: 2019 Research: In vitro examinations on hepatic cell culture models. Examination of the molecular effect of different mycotoxins on three dimensional (3D) hepatic cell cultures. Teaching: Veterinary biochemistry laboratory courses (Hungarian, English) Lectures in Comparative biochemistry (Biology BSc) and Biological chemistry (Biology MSc) Consulting hours: Tuesday,\u00a010:00-12:00 MTMT: https:\/\/m2.mtmt.hu\/gui2\/?type=authors&amp;mode=browse&amp;sel=10071862 ResearchGate: https:\/\/www.researchgate.net\/profile\/Julia_Voeroeshazi<\/p>\n","protected":false},"author":5824,"featured_media":0,"parent":857,"menu_order":37,"comment_status":"closed","ping_status":"closed","template":"","meta":{"_acf_changed":false,"footnotes":""},"categories":[],"tags":[],"class_list":["post-42448","page","type-page","status-publish","hentry"],"acf":[],"_links":{"self":[{"href":"https:\/\/univet.hu\/en\/wp-json\/wp\/v2\/pages\/42448","targetHints":{"allow":["GET"]}}],"collection":[{"href":"https:\/\/univet.hu\/en\/wp-json\/wp\/v2\/pages"}],"about":[{"href":"https:\/\/univet.hu\/en\/wp-json\/wp\/v2\/types\/page"}],"author":[{"embeddable":true,"href":"https:\/\/univet.hu\/en\/wp-json\/wp\/v2\/users\/5824"}],"replies":[{"embeddable":true,"href":"https:\/\/univet.hu\/en\/wp-json\/wp\/v2\/comments?post=42448"}],"version-history":[{"count":1,"href":"https:\/\/univet.hu\/en\/wp-json\/wp\/v2\/pages\/42448\/revisions"}],"predecessor-version":[{"id":199966,"href":"https:\/\/univet.hu\/en\/wp-json\/wp\/v2\/pages\/42448\/revisions\/199966"}],"up":[{"embeddable":true,"href":"https:\/\/univet.hu\/en\/wp-json\/wp\/v2\/pages\/857"}],"wp:attachment":[{"href":"https:\/\/univet.hu\/en\/wp-json\/wp\/v2\/media?parent=42448"}],"wp:term":[{"taxonomy":"category","embeddable":true,"href":"https:\/\/univet.hu\/en\/wp-json\/wp\/v2\/categories?post=42448"},{"taxonomy":"post_tag","embeddable":true,"href":"https:\/\/univet.hu\/en\/wp-json\/wp\/v2\/tags?post=42448"}],"curies":[{"name":"wp","href":"https:\/\/api.w.org\/{rel}","templated":true}]}}