{"id":4295,"date":"2016-08-02T14:14:00","date_gmt":"2016-08-02T12:14:00","guid":{"rendered":"http:\/\/univet.hu\/about\/staff\/mandoki-mira\/"},"modified":"2026-02-10T04:32:08","modified_gmt":"2026-02-10T03:32:08","slug":"mandoki-mira","status":"publish","type":"page","link":"https:\/\/univet.hu\/en\/about\/staff\/mandoki-mira\/","title":{"rendered":"M\u00e1ndoki M\u00edra"},"content":{"rendered":"<p style=\"text-align: center;\"><strong>Introduction<\/strong><\/p> <p>I have been involved in the teaching of veterinary pathology since 2000. For third- and fourth-year veterinary students, I hold histopathology and autopsy diagnostic, as well as plenary exercises and lectures in Hungarian and English. Since 2007, I have been teaching the optional subject &#8220;History of Veterinary Medicine&#8221; in English. I am the course supervisor for the optional Hungarian-language course entitled &#8220;Practical problems of large-scale poultry farming&#8221;. In 2016, I started the subject &#8220;New forms and tools of knowledge transfer in veterinary training &#8211; with practical examples&#8221; in Hungarian and English. Two years ago, starting in the spring of 2020, I also announced the optional subject Life skills for vets with experts in communication, digital and business skills from other departments. I feel that it is recognition of my teaching activity that I am regularly ranked in the top 10 among evaluated university lecturers in student reviews.<\/p> <p><strong>Main research areas:<\/strong><\/p> <ul> <li>veterinary autopsy &#8211; poultry stunting-dwarfism syndrome, chicken infectious nephritis virus<\/li> <li>molecular biology &#8211; diagnostic developments<\/li> <li>e-learning &#8211; Xerte, CASUS, Courselab, Moodle, VirtualClassroom, ePASS<\/li> <li>education development &#8211; teacher training, communication, presentation, feedback, assessment<\/li> <\/ul> <p><strong>Progress<\/strong><\/p> <p>In 1998, I obtained a doctorate in veterinary medicine at the then University of Veterinary Medicine. I spent my internship year in 1999 at the Department of Pathology and Forensic Veterinary Medicine, where I later worked as a PhD student and then as a clinical veterinarian. He was appointed assistant professor in May 2006, assistant professor in April 2008, and associate professor from May 1, 2013, by the dean of the Faculty of Veterinary Medicine at the then Szent Istv\u00e1n University. As of January 1, 2018, I am the head of the Department of Pathology, as the first female head of the department. Currently, from January 1, 2021, I am already serving my second term, which was voted unanimously by the department collective. The President of the Republic of Hungary has appointed me as a university professor from September 1, 2022.<\/p> <p><strong>Professional organization membership<\/strong><\/p> <table style=\"width: 843px; height: 202px;\" data-tablestyle=\"MsoNormalTable\" data-tablelook=\"1184\" aria-rowcount=\"6\"> <tbody> <tr style=\"height: 24px;\" aria-rowindex=\"1\"> <td style=\"text-align: center; width: 627.898px; height: 24px;\" data-celllook=\"69905\"><strong>Committee name<\/strong><\/td> <td style=\"text-align: center; width: 50.1278px; height: 24px;\" data-celllook=\"69905\"><b>Time<\/b><\/td> <td style=\"text-align: center; width: 144.46px; height: 24px;\" data-celllook=\"69905\"><span data-ccp-props=\"{&quot;201341983&quot;:0,&quot;335551550&quot;:2,&quot;335551620&quot;:2,&quot;335559740&quot;:240}\"><b>Rank<\/b>\u00a0<\/span><\/td> <\/tr> <tr style=\"height: 24px;\"> <td style=\"text-align: center; width: 627.898px; height: 24px;\"><span data-contrast=\"auto\">Veterinary Continuous Education in Europe (VetCEE)<\/span><\/td> <td style=\"text-align: center; width: 50.1278px; height: 24px;\"><span data-contrast=\"auto\">2022-<\/span><\/td> <td style=\"text-align: center; width: 144.46px; height: 24px;\">Member of the Board<\/td> <\/tr> <tr style=\"height: 72px;\" aria-rowindex=\"2\"> <td style=\"text-align: center; width: 627.898px; height: 72px;\" data-celllook=\"69905\"><span data-ccp-props=\"{&quot;201341983&quot;:0,&quot;335559740&quot;:240}\">Davis Thompson Foundation<br \/> For the Advancement of Veterinary and Comparative Pathology<\/span><\/td> <td style=\"text-align: center; width: 50.1278px; height: 72px;\" data-celllook=\"69905\"><span data-contrast=\"auto\">2021-<\/span><span data-ccp-props=\"{&quot;201341983&quot;:0,&quot;335551550&quot;:2,&quot;335551620&quot;:2,&quot;335559740&quot;:240}\">\u00a0<\/span><\/td> <td style=\"text-align: center; width: 144.46px; height: 72px;\" data-celllook=\"69905\"><span data-contrast=\"auto\">Member of the Board<br \/> <\/span><span data-ccp-props=\"{&quot;201341983&quot;:0,&quot;335551550&quot;:2,&quot;335551620&quot;:2,&quot;335559740&quot;:240}\">(Board of Directors)<\/span><\/td> <\/tr> <tr style=\"height: 24px;\" aria-rowindex=\"3\"> <td style=\"text-align: center; width: 627.898px; height: 10px;\" data-celllook=\"69905\"><span data-ccp-props=\"{&quot;201341983&quot;:0,&quot;335559740&quot;:259}\">Poultry Health Society, MO\u00c1E\u00a0(Baromfi-eg\u00e9szs\u00e9g\u00fcgyi T\u00e1rsas\u00e1g,\u00a0MO\u00c1E)<\/span><\/td> <td style=\"text-align: center; width: 50.1278px; height: 10px;\" data-celllook=\"69905\"><span data-contrast=\"auto\">2017-<\/span><span data-ccp-props=\"{&quot;201341983&quot;:0,&quot;335551550&quot;:2,&quot;335551620&quot;:2,&quot;335559740&quot;:240}\">\u00a0<\/span><\/td> <td style=\"text-align: center; width: 144.46px; height: 10px;\" data-celllook=\"69905\">Member of the Board<\/td> <\/tr> <tr style=\"height: 24px;\" aria-rowindex=\"4\"> <td style=\"text-align: center; width: 627.898px; height: 24px;\" data-celllook=\"69905\"><span data-contrast=\"auto\">MTA Public Body\u00a0(MTA K\u00f6ztest\u00fclete)<\/span><\/td> <td style=\"text-align: center; width: 50.1278px; height: 24px;\" data-celllook=\"69905\"><span data-contrast=\"auto\">2006-<\/span><span data-ccp-props=\"{&quot;201341983&quot;:0,&quot;335551550&quot;:2,&quot;335551620&quot;:2,&quot;335559740&quot;:240}\">\u00a0<\/span><\/td> <td style=\"text-align: center; width: 144.46px; height: 24px;\" data-celllook=\"69905\">member<\/td> <\/tr> <tr style=\"height: 24px;\" aria-rowindex=\"5\"> <td style=\"text-align: center; width: 627.898px; height: 24px;\" data-celllook=\"69905\"><span data-contrast=\"auto\">Society of Hungarian Pathologists\u00a0(Magyar Pathol\u00f3gusok T\u00e1rsas\u00e1ga)<\/span><\/td> <td style=\"text-align: center; width: 50.1278px; height: 24px;\" data-celllook=\"69905\"><span data-contrast=\"auto\">2006-<\/span><span data-ccp-props=\"{&quot;201341983&quot;:0,&quot;335551550&quot;:2,&quot;335551620&quot;:2,&quot;335559740&quot;:240}\">\u00a0<\/span><\/td> <td style=\"text-align: center; width: 144.46px; height: 24px;\" data-celllook=\"69905\">member<\/td> <\/tr> <tr style=\"height: 24px;\" aria-rowindex=\"6\"> <td style=\"text-align: center; width: 627.898px; height: 24px;\" data-celllook=\"69905\"><span data-contrast=\"auto\">Hungarian Society of Microbiology (Magyar Mikrobiol\u00f3giai T\u00e1rsas\u00e1g)<\/span><\/td> <td style=\"text-align: center; width: 50.1278px; height: 24px;\" data-celllook=\"69905\"><span data-contrast=\"auto\">2006-<\/span><span data-ccp-props=\"{&quot;201341983&quot;:0,&quot;335551550&quot;:2,&quot;335551620&quot;:2,&quot;335559740&quot;:240}\">\u00a0<\/span><\/td> <td style=\"text-align: center; width: 144.46px; height: 24px;\" data-celllook=\"69905\">member<\/td> <\/tr> <\/tbody> <\/table> <p>&nbsp;<\/p> <p><strong>Number of thesis\/TDK students to date<\/strong><\/p> <ul> <li>Supervision of 18 thesis graduate students<\/li> <li>Supervision of 8 TDK theses<\/li> <li>9 theses supervision in veterinary training<\/li> <\/ul> <table data-tablestyle=\"MsoTableGrid\" data-tablelook=\"1184\" aria-rowcount=\"2\"> <tbody> <tr aria-rowindex=\"1\"> <td data-celllook=\"0\"><span data-contrast=\"none\">PhD student name<\/span><\/td> <td data-celllook=\"0\"><span data-ccp-props=\"{&quot;134233118&quot;:true,&quot;201341983&quot;:0,&quot;335551550&quot;:2,&quot;335551620&quot;:2,&quot;335559740&quot;:259}\">Year of graduation\u00a0<\/span><\/td> <\/tr> <tr aria-rowindex=\"2\"> <td data-celllook=\"0\"><span data-contrast=\"none\">Dr. B\u00f3na M\u00e1rta<\/span><span data-ccp-props=\"{&quot;134233118&quot;:true,&quot;201341983&quot;:0,&quot;335551550&quot;:2,&quot;335551620&quot;:2,&quot;335559740&quot;:259}\">\u00a0<\/span><\/td> <td data-celllook=\"0\"><span data-ccp-props=\"{&quot;134233118&quot;:true,&quot;201341983&quot;:0,&quot;335551550&quot;:6,&quot;335551620&quot;:6,&quot;335559739&quot;:160,&quot;335559740&quot;:240}\">The planned date of the PhD defense is spring 2023 <\/span><span data-ccp-props=\"{&quot;134233118&quot;:true,&quot;201341983&quot;:0,&quot;335559738&quot;:240,&quot;335559739&quot;:160,&quot;335559740&quot;:240}\">\u00a0<\/span><\/td> <\/tr> <\/tbody> <\/table> <p>&nbsp;<\/p> <p><strong>Publication list (Top10)<\/strong><\/p> <p><span data-contrast=\"none\">MTMT: <\/span><span data-contrast=\"auto\">https:\/\/m2.mtmt.hu\/api\/publication?cond=authors;in;10001081&amp;labelLang=hun<\/span><span data-ccp-props=\"{&quot;134233118&quot;:true,&quot;201341983&quot;:0,&quot;335551550&quot;:2,&quot;335551620&quot;:2,&quot;335559739&quot;:160,&quot;335559740&quot;:240}\">\u00a0<\/span><\/p> <table data-tablestyle=\"MsoNormalTable\" data-tablelook=\"480\" aria-rowcount=\"12\"> <tbody> <tr aria-rowindex=\"1\"> <td data-celllook=\"69905\"><span data-ccp-props=\"{&quot;201341983&quot;:0,&quot;335559740&quot;:259}\">\u00a0<\/span><\/td> <td data-celllook=\"69905\">Publications on which the Hirsch index is based<br \/> Author(s), title, place of publication<\/td> <td data-celllook=\"69905\">number of independent citers:<\/td> <\/tr> <tr aria-rowindex=\"2\"> <td data-celllook=\"69905\"><span data-contrast=\"auto\">1.<\/span><span data-ccp-props=\"{&quot;201341983&quot;:0,&quot;335559740&quot;:259}\">\u00a0<\/span><\/td> <td data-celllook=\"69905\"> <p><span data-contrast=\"auto\">Leav I, Merk FB, Lee KF, Loda M,<\/span> <span data-contrast=\"auto\">M\u00e1ndoki M, McNeal JE, Ho SM (1999): <\/span><span data-contrast=\"auto\">Prolactin receptor expression in the developing human prostate and in hyperplastic, dysplastic, and neoplastic lesions.<\/span><span data-ccp-props=\"{&quot;134233117&quot;:true,&quot;134233118&quot;:true,&quot;201341983&quot;:0,&quot;335559740&quot;:240}\">\u00a0<\/span><\/p> <p><b><i><span data-contrast=\"none\">AMERICAN JOURNAL OF PATHOLOGY <\/span><\/i><\/b><b><span data-contrast=\"none\">154 <\/span><\/b><span data-contrast=\"none\">(3):<\/span><i><span data-contrast=\"none\"> 863-870.<\/span><\/i><span data-ccp-props=\"{&quot;134233117&quot;:true,&quot;134233118&quot;:true,&quot;201341983&quot;:0,&quot;335559740&quot;:240}\">\u00a0<\/span><\/td> <td data-celllook=\"69905\"><b><span data-contrast=\"auto\">73<\/span><\/b><span data-ccp-props=\"{&quot;201341983&quot;:0,&quot;335551550&quot;:2,&quot;335551620&quot;:2,&quot;335559740&quot;:259}\">\u00a0<\/span><\/td> <\/tr> <tr aria-rowindex=\"3\"> <td data-celllook=\"69905\"><span data-contrast=\"auto\">2.<\/span><span data-ccp-props=\"{&quot;201341983&quot;:0,&quot;335559740&quot;:259}\">\u00a0<\/span><\/td> <td data-celllook=\"69905\"> <p><span data-contrast=\"auto\">Jacs\u00f3 O,<\/span> <span data-contrast=\"auto\">M\u00e1ndoki M, Majoros G P\u00e9tsch M, Mortarino M, Genchi C, Fok \u00c9 (2009): First autochthonous Dirofilaria immitis (Leidy, 1856) infection in a dog in Hungary.<\/span><span data-ccp-props=\"{&quot;134233117&quot;:true,&quot;134233118&quot;:true,&quot;201341983&quot;:0,&quot;335559740&quot;:240}\">\u00a0<\/span><\/p> <p><b><i><span data-contrast=\"none\">HELMINTHOLOGIA <\/span><\/i><\/b><b><span data-contrast=\"none\">46:<\/span><\/b><span data-contrast=\"none\">(3) <\/span><i><span data-contrast=\"none\">pp. 159-161.<\/span><\/i><span data-ccp-props=\"{&quot;134233117&quot;:true,&quot;134233118&quot;:true,&quot;201341983&quot;:0,&quot;335559740&quot;:240}\">\u00a0<\/span><\/td> <td data-celllook=\"69905\"><b><span data-contrast=\"auto\">26<\/span><\/b><span data-ccp-props=\"{&quot;201341983&quot;:0,&quot;335551550&quot;:2,&quot;335551620&quot;:2,&quot;335559740&quot;:259}\">\u00a0<\/span><\/td> <\/tr> <tr aria-rowindex=\"4\"> <td data-celllook=\"69905\"><span data-contrast=\"auto\">3.<\/span><span data-ccp-props=\"{&quot;201341983&quot;:0,&quot;335559740&quot;:259}\">\u00a0<\/span><\/td> <td data-celllook=\"69905\"> <p><span data-contrast=\"auto\">M\u00e1ndoki M, Bakonyi T, Ivanics E, Nemes C, Dobos Kov\u00e1cs M, Rusvai M (2006): <\/span><span data-contrast=\"auto\">Phylogenetic diversity of avian nephritis virus in Hungarian chicken flocks.<\/span><span data-ccp-props=\"{&quot;134233117&quot;:true,&quot;134233118&quot;:true,&quot;201341983&quot;:0,&quot;335559740&quot;:240}\">\u00a0<\/span><\/p> <p><b><i><span data-contrast=\"none\">AVIAN PATHOLOGY <\/span><\/i><\/b><b><span data-contrast=\"none\">35: <\/span><\/b><i><span data-contrast=\"none\">pp. 224-229.<\/span><\/i><span data-ccp-props=\"{&quot;134233117&quot;:true,&quot;134233118&quot;:true,&quot;201341983&quot;:0,&quot;335559740&quot;:240}\">\u00a0<\/span><\/td> <td data-celllook=\"69905\"><b><span data-contrast=\"auto\">24<\/span><\/b><span data-ccp-props=\"{&quot;201341983&quot;:0,&quot;335551550&quot;:2,&quot;335551620&quot;:2,&quot;335559740&quot;:259}\">\u00a0<\/span><\/td> <\/tr> <tr aria-rowindex=\"5\"> <td data-celllook=\"69905\"><span data-contrast=\"auto\">4.<\/span><span data-ccp-props=\"{&quot;201341983&quot;:0,&quot;335559740&quot;:259}\">\u00a0<\/span><\/td> <td data-celllook=\"69905\"> <p><span data-contrast=\"auto\">Palade EA, Kisary J, Benyeda Zs,<\/span> <span data-contrast=\"auto\">M\u00e1ndoki M, Balka Gy, Jakab Cs, V\u00e9gh B, Demeter Z, Rusvai M (2006): <\/span><span data-contrast=\"auto\">Naturally occurring parvoviral infection in Hungarian broiler flocks.<\/span><span data-ccp-props=\"{&quot;134233117&quot;:true,&quot;134233118&quot;:true,&quot;201341983&quot;:0,&quot;335559740&quot;:240}\">\u00a0<\/span><\/p> <p><b><i><span data-contrast=\"none\">AVIAN PATHOLOGY <\/span><\/i><\/b><b><span data-contrast=\"none\">40:<\/span><\/b><span data-contrast=\"none\">(2) <\/span><i><span data-contrast=\"none\">pp. 191-197.<\/span><\/i><span data-ccp-props=\"{&quot;134233117&quot;:true,&quot;134233118&quot;:true,&quot;201341983&quot;:0,&quot;335559740&quot;:240}\">\u00a0<\/span><\/td> <td data-celllook=\"69905\"><b><span data-contrast=\"auto\">24<\/span><\/b><span data-ccp-props=\"{&quot;201341983&quot;:0,&quot;335551550&quot;:2,&quot;335551620&quot;:2,&quot;335559740&quot;:259}\">\u00a0<\/span><\/td> <\/tr> <tr aria-rowindex=\"6\"> <td data-celllook=\"69905\"><span data-contrast=\"auto\">5.<\/span><span data-ccp-props=\"{&quot;201341983&quot;:0,&quot;335559740&quot;:259}\">\u00a0<\/span><\/td> <td data-celllook=\"69905\"> <p><span data-contrast=\"auto\">Duijn, CCMA; Welink, LS; Mandoki, M; ten Cate, OTJ; Kremer, WDJ; Bok, HGJ (2017): Am I ready for it? Students\u2019 perceptions of meaningful feedback on entrustable professional activities<\/span><span data-ccp-props=\"{&quot;134233117&quot;:true,&quot;134233118&quot;:true,&quot;201341983&quot;:0,&quot;335559740&quot;:240}\">\u00a0<\/span><\/p> <p><b><i><span data-contrast=\"auto\">PERSPECTIVES ON MEDICAL EDUCATION<\/span><\/i><\/b><span data-contrast=\"auto\"> 6: 4 pp. 256-264., 9 p.<\/span><span data-ccp-props=\"{&quot;134233117&quot;:true,&quot;134233118&quot;:true,&quot;201341983&quot;:0,&quot;335559740&quot;:240}\">\u00a0<\/span><\/td> <td data-celllook=\"69905\"><b><span data-contrast=\"auto\">19<\/span><\/b><span data-ccp-props=\"{&quot;201341983&quot;:0,&quot;335551550&quot;:2,&quot;335551620&quot;:2,&quot;335559740&quot;:259}\">\u00a0<\/span><\/td> <\/tr> <tr aria-rowindex=\"7\"> <td data-celllook=\"69905\"><span data-contrast=\"auto\">6.<\/span><span data-ccp-props=\"{&quot;201341983&quot;:0,&quot;335559740&quot;:259}\">\u00a0<\/span><\/td> <td data-celllook=\"69905\"> <p><span data-contrast=\"auto\">Kov\u00e1cs, M; Tornyos, G; Matics, Zs; M\u00e9zes, M; Balogh, K; Rajli, V; Bloch-Bodn\u00e1r, Zs ; Rusvai, M; M\u00e1ndoki, M; Cseh, S (2013): Effect of chronic T-2 toxin exposure in rabbit bucks, determination of the No Observed Adverse Effect Level (NOAEL)<\/span><span data-ccp-props=\"{&quot;134233117&quot;:true,&quot;134233118&quot;:true,&quot;201341983&quot;:0,&quot;335559740&quot;:240}\">\u00a0<\/span><\/p> <p><b><i><span data-contrast=\"auto\">ANIMAL REPRODUCTION SCIENCE<\/span><\/i><\/b><span data-contrast=\"auto\"> 137: 3-4 pp. 245-252. Paper: ISSN 0378-4320 , 8 p. (2013)<\/span><span data-ccp-props=\"{&quot;134233117&quot;:true,&quot;134233118&quot;:true,&quot;201341983&quot;:0,&quot;335559740&quot;:240}\">\u00a0<\/span><\/td> <td data-celllook=\"69905\"><b><span data-contrast=\"auto\">11<\/span><\/b><span data-ccp-props=\"{&quot;201341983&quot;:0,&quot;335551550&quot;:2,&quot;335551620&quot;:2,&quot;335559740&quot;:259}\">\u00a0<\/span><\/td> <\/tr> <tr aria-rowindex=\"8\"> <td data-celllook=\"69905\"><span data-contrast=\"auto\">7.<\/span><span data-ccp-props=\"{&quot;201341983&quot;:0,&quot;335559740&quot;:259}\">\u00a0<\/span><\/td> <td data-celllook=\"69905\"> <p><span data-contrast=\"auto\">Palade, EA; Bir\u00f3, N; Dobos-Kov\u00e1cs, M; Demeter, Z; M\u00e1ndoki, M; Rusvai, M (2008): Poxvirus infection in Hungarian great tits (Parus major)<\/span><span data-ccp-props=\"{&quot;134233117&quot;:true,&quot;134233118&quot;:true,&quot;201341983&quot;:0,&quot;335559740&quot;:240}\">\u00a0<\/span><\/p> <p><b><i><span data-contrast=\"auto\">ACTA VETERINARIA HUNGARICA<\/span><\/i><\/b><span data-contrast=\"auto\"> 56: 4 pp. 539-546., 8 p. (2008)<\/span><span data-ccp-props=\"{&quot;134233117&quot;:true,&quot;134233118&quot;:true,&quot;201341983&quot;:0,&quot;335559740&quot;:240}\">\u00a0<\/span><\/td> <td data-celllook=\"69905\"><b><span data-contrast=\"auto\">14<\/span><\/b><span data-ccp-props=\"{&quot;201341983&quot;:0,&quot;335551550&quot;:2,&quot;335551620&quot;:2,&quot;335559740&quot;:259}\">\u00a0<\/span><\/td> <\/tr> <tr aria-rowindex=\"9\"> <td data-celllook=\"69905\"><span data-contrast=\"auto\">8.<\/span><span data-ccp-props=\"{&quot;201341983&quot;:0,&quot;335559740&quot;:259}\">\u00a0<\/span><\/td> <td data-celllook=\"69905\"> <p><span data-contrast=\"none\">Baillie, S; Ehlers, JP; Koch, M; M\u00e1ndoki, M; Ciobotaru, E; de Groot, E (2011): Developing an online professional network for veterinary education: The NOVICE project<\/span><span data-ccp-props=\"{&quot;134233117&quot;:true,&quot;134233118&quot;:true,&quot;201341983&quot;:0,&quot;335559740&quot;:240}\">\u00a0<\/span><\/p> <p><b><i><span data-contrast=\"none\">JOURNAL OF VETERINARY MEDICAL EDUCATION<\/span><\/i><\/b><span data-contrast=\"none\"> 38: 4 pp. 395-403., 9 p. (2011)<\/span><span data-ccp-props=\"{&quot;134233117&quot;:true,&quot;134233118&quot;:true,&quot;201341983&quot;:0,&quot;335559740&quot;:240}\">\u00a0<\/span><\/td> <td data-celllook=\"69905\"><b><span data-contrast=\"auto\">7<\/span><\/b><span data-ccp-props=\"{&quot;201341983&quot;:0,&quot;335551550&quot;:2,&quot;335551620&quot;:2,&quot;335559740&quot;:259}\">\u00a0<\/span><\/td> <\/tr> <tr aria-rowindex=\"10\"> <td data-celllook=\"69905\"><span data-contrast=\"auto\">9.<\/span><span data-ccp-props=\"{&quot;201341983&quot;:0,&quot;335559740&quot;:259}\">\u00a0<\/span><\/td> <td data-celllook=\"69905\"> <p><span data-contrast=\"none\">G\u00e1l, J; Horny\u00e1k, \u00c1; M\u00e1ndoki, M; Bakonyi, T; Balka, Gy; Szeredi, L; Maros\u00e1n, M; Lud\u00e1nyi, T; Forg\u00e1ch, P; S\u00f3s, Endre et al.<\/span><span data-ccp-props=\"{&quot;134233117&quot;:true,&quot;134233118&quot;:true,&quot;201341983&quot;:0,&quot;335559740&quot;:240}\">\u00a0<\/span><\/p> <p><span data-contrast=\"none\">Novel mastadenovirus infection and clinical disease in a pygmy marmoset (Callithrix [Cebuella] pygmaea)<\/span><span data-ccp-props=\"{&quot;134233117&quot;:true,&quot;134233118&quot;:true,&quot;201341983&quot;:0,&quot;335559740&quot;:240}\">\u00a0<\/span><\/p> <p><b><i><span data-contrast=\"none\">VETERINARY MICROBIOLOGY<\/span><\/i><\/b><span data-contrast=\"none\"> 167: 3-4 pp. 695-699., 5 p. (2013)<\/span><span data-ccp-props=\"{&quot;134233117&quot;:true,&quot;134233118&quot;:true,&quot;201341983&quot;:0,&quot;335559740&quot;:240}\">\u00a0<\/span><\/td> <td data-celllook=\"69905\"><b><span data-contrast=\"auto\">10<\/span><\/b><span data-ccp-props=\"{&quot;201341983&quot;:0,&quot;335551550&quot;:2,&quot;335551620&quot;:2,&quot;335559740&quot;:259}\">\u00a0<\/span><\/td> <\/tr> <tr aria-rowindex=\"11\"> <td data-celllook=\"69905\"><span data-contrast=\"auto\">10.<\/span><span data-ccp-props=\"{&quot;201341983&quot;:0,&quot;335559740&quot;:259}\">\u00a0<\/span><\/td> <td data-celllook=\"69905\"> <p><span data-contrast=\"none\">G\u00e1l, J; Jakab, Cs; Szab\u00f3, Z; Paz\u00e1r, P; Ps\u00e1der, R; Roeber, F; Hegyi, \u00c1; Lefler, KK; Farkas, B; M\u00e1ndoki, M (2009): Hemangioma in the oesophagus of Red-eared Slider (Trachemys scripta elegans)<\/span><span data-ccp-props=\"{&quot;134233117&quot;:true,&quot;134233118&quot;:true,&quot;201341983&quot;:0,&quot;335559740&quot;:240}\">\u00a0<\/span><\/p> <p><b><i><span data-contrast=\"none\">ACTA VETERINARIA HUNGARICA<\/span><\/i><\/b><span data-contrast=\"none\"> 57: 4 pp. 477-484., 8 p. (2009)<\/span><span data-ccp-props=\"{&quot;134233117&quot;:true,&quot;134233118&quot;:true,&quot;201341983&quot;:0,&quot;335559740&quot;:240}\">\u00a0<\/span><\/td> <td data-celllook=\"69905\"><b><span data-contrast=\"auto\">7<\/span><\/b><span data-ccp-props=\"{&quot;201341983&quot;:0,&quot;335551550&quot;:2,&quot;335551620&quot;:2,&quot;335559740&quot;:259}\">\u00a0<\/span><\/td> <\/tr> <tr aria-rowindex=\"12\"> <td data-celllook=\"69905\"><span data-contrast=\"auto\">11.<\/span><span data-ccp-props=\"{&quot;201341983&quot;:0,&quot;335559740&quot;:259}\">\u00a0<\/span><\/td> <td data-celllook=\"69905\"> <p><span data-contrast=\"auto\">M\u00e1ndoki M, Dobos Kov\u00e1cs M, Bakonyi T, Rusvai M (2006): <\/span><span data-contrast=\"auto\">Molecular diagnosis of avian nephritis: Preliminary report.<\/span><span data-ccp-props=\"{&quot;134233117&quot;:true,&quot;134233118&quot;:true,&quot;201341983&quot;:0,&quot;335559740&quot;:240}\">\u00a0<\/span><\/p> <p><b><i><span data-contrast=\"none\">ACTA VETERINARIA HUNGARICA <\/span><\/i><\/b><b><span data-contrast=\"none\">54: <\/span><\/b><i><span data-contrast=\"none\">pp. 51-60.<\/span><\/i><span data-ccp-props=\"{&quot;134233117&quot;:true,&quot;134233118&quot;:true,&quot;201341983&quot;:0,&quot;335559740&quot;:240}\">\u00a0<\/span><\/td> <td data-celllook=\"69905\"><b><span data-contrast=\"auto\">10<\/span><\/b><span data-ccp-props=\"{&quot;201341983&quot;:0,&quot;335551550&quot;:2,&quot;335551620&quot;:2,&quot;335559740&quot;:259}\">\u00a0<\/span><\/td> <\/tr> <\/tbody> <\/table> <p><span data-ccp-props=\"{&quot;134233118&quot;:true,&quot;201341983&quot;:0,&quot;335551550&quot;:2,&quot;335551620&quot;:2,&quot;335559739&quot;:160,&quot;335559740&quot;:240}\">\u00a0<\/span><\/p>","protected":false},"excerpt":{"rendered":"<p>Introduction I have been involved in the teaching of veterinary pathology since 2000. For third- and fourth-year veterinary students, I hold histopathology and autopsy diagnostic, as well as plenary exercises and lectures in Hungarian and English. Since 2007, I have been teaching the optional subject &#8220;History of Veterinary Medicine&#8221; in English. I am the course<\/p>\n","protected":false},"author":5824,"featured_media":0,"parent":857,"menu_order":211,"comment_status":"closed","ping_status":"closed","template":"","meta":{"_acf_changed":false,"footnotes":""},"categories":[19],"tags":[],"class_list":["post-4295","page","type-page","status-publish","hentry","category-staff"],"acf":[],"_links":{"self":[{"href":"https:\/\/univet.hu\/en\/wp-json\/wp\/v2\/pages\/4295","targetHints":{"allow":["GET"]}}],"collection":[{"href":"https:\/\/univet.hu\/en\/wp-json\/wp\/v2\/pages"}],"about":[{"href":"https:\/\/univet.hu\/en\/wp-json\/wp\/v2\/types\/page"}],"author":[{"embeddable":true,"href":"https:\/\/univet.hu\/en\/wp-json\/wp\/v2\/users\/5824"}],"replies":[{"embeddable":true,"href":"https:\/\/univet.hu\/en\/wp-json\/wp\/v2\/comments?post=4295"}],"version-history":[{"count":1,"href":"https:\/\/univet.hu\/en\/wp-json\/wp\/v2\/pages\/4295\/revisions"}],"predecessor-version":[{"id":200200,"href":"https:\/\/univet.hu\/en\/wp-json\/wp\/v2\/pages\/4295\/revisions\/200200"}],"up":[{"embeddable":true,"href":"https:\/\/univet.hu\/en\/wp-json\/wp\/v2\/pages\/857"}],"wp:attachment":[{"href":"https:\/\/univet.hu\/en\/wp-json\/wp\/v2\/media?parent=4295"}],"wp:term":[{"taxonomy":"category","embeddable":true,"href":"https:\/\/univet.hu\/en\/wp-json\/wp\/v2\/categories?post=4295"},{"taxonomy":"post_tag","embeddable":true,"href":"https:\/\/univet.hu\/en\/wp-json\/wp\/v2\/tags?post=4295"}],"curies":[{"name":"wp","href":"https:\/\/api.w.org\/{rel}","templated":true}]}}