{"id":4310,"date":"2017-09-07T09:02:00","date_gmt":"2017-09-07T07:02:00","guid":{"rendered":"http:\/\/univet.hu\/about\/staff\/mathe-akos\/"},"modified":"2026-02-10T04:33:05","modified_gmt":"2026-02-10T03:33:05","slug":"mathe-akos","status":"publish","type":"page","link":"https:\/\/univet.hu\/en\/about\/staff\/mathe-akos\/","title":{"rendered":"M\u00e1th\u00e9 \u00c1kos"},"content":{"rendered":"<p>&nbsp;<\/p> <h2>Introduction<\/h2> <div> <p>Doctor of Veterinary Medicine 1994.<br \/> Companion Animal Specialist 2003.<br \/> PhD 2007.<br \/> Habilitation 2017.<\/p> <\/div> <h2>Activity<\/h2> <div> <p>Gives gradual lectures and practices in the following subjects:<br \/> obligatory: &#8220;Internal medicine&#8221;, &#8220;Internal clinical diagnostics&#8221;, &#8220;Pathophysiology&#8221;<br \/> facultative: &#8220;Clinical demonstrations&#8221;.<br \/> Internal medicine, dermatology and endocrinology ambulatory patient consultations.<br \/> Leader of the Internal Medicine Ambulatory Unit 2011.-2024.<\/p> <\/div>","protected":false},"excerpt":{"rendered":"<p>&nbsp; Introduction Doctor of Veterinary Medicine 1994. Companion Animal Specialist 2003. PhD 2007. Habilitation 2017. Activity Gives gradual lectures and practices in the following subjects: obligatory: &#8220;Internal medicine&#8221;, &#8220;Internal clinical diagnostics&#8221;, &#8220;Pathophysiology&#8221; facultative: &#8220;Clinical demonstrations&#8221;. Internal medicine, dermatology and endocrinology ambulatory patient consultations. Leader of the Internal Medicine Ambulatory Unit 2011.-2024.<\/p>\n","protected":false},"author":5824,"featured_media":0,"parent":857,"menu_order":212,"comment_status":"closed","ping_status":"closed","template":"","meta":{"_acf_changed":false,"footnotes":""},"categories":[19],"tags":[],"class_list":["post-4310","page","type-page","status-publish","hentry","category-staff"],"acf":[],"_links":{"self":[{"href":"https:\/\/univet.hu\/en\/wp-json\/wp\/v2\/pages\/4310","targetHints":{"allow":["GET"]}}],"collection":[{"href":"https:\/\/univet.hu\/en\/wp-json\/wp\/v2\/pages"}],"about":[{"href":"https:\/\/univet.hu\/en\/wp-json\/wp\/v2\/types\/page"}],"author":[{"embeddable":true,"href":"https:\/\/univet.hu\/en\/wp-json\/wp\/v2\/users\/5824"}],"replies":[{"embeddable":true,"href":"https:\/\/univet.hu\/en\/wp-json\/wp\/v2\/comments?post=4310"}],"version-history":[{"count":1,"href":"https:\/\/univet.hu\/en\/wp-json\/wp\/v2\/pages\/4310\/revisions"}],"predecessor-version":[{"id":200288,"href":"https:\/\/univet.hu\/en\/wp-json\/wp\/v2\/pages\/4310\/revisions\/200288"}],"up":[{"embeddable":true,"href":"https:\/\/univet.hu\/en\/wp-json\/wp\/v2\/pages\/857"}],"wp:attachment":[{"href":"https:\/\/univet.hu\/en\/wp-json\/wp\/v2\/media?parent=4310"}],"wp:term":[{"taxonomy":"category","embeddable":true,"href":"https:\/\/univet.hu\/en\/wp-json\/wp\/v2\/categories?post=4310"},{"taxonomy":"post_tag","embeddable":true,"href":"https:\/\/univet.hu\/en\/wp-json\/wp\/v2\/tags?post=4310"}],"curies":[{"name":"wp","href":"https:\/\/api.w.org\/{rel}","templated":true}]}}