{"id":4340,"date":"2018-05-03T13:29:00","date_gmt":"2018-05-03T11:29:00","guid":{"rendered":"http:\/\/univet.hu\/about\/staff\/mozer-aniko\/"},"modified":"2026-02-10T04:32:10","modified_gmt":"2026-02-10T03:32:10","slug":"mozer-aniko","status":"publish","type":"page","link":"https:\/\/univet.hu\/en\/about\/staff\/mozer-aniko\/","title":{"rendered":"M\u00f3zer Anik\u00f3"},"content":{"rendered":"<p>I was born in 1989 in Budapest. From a very young age, I decided to be a veterinarian. At the age of 13, I had the opportunity to join the daily life of a veterinary practice.<\/p> <p>After secondary school, I studied biology at E\u00f6tv\u00f6s Lor\u00e1nd University for a short time, and later I was admitted to the Faculty of Veterinary Medicine at Szent Istv\u00e1n University. I graduated from the University of Veterinary Medicine in 2018.<\/p> <p>As a second year student, I became interested in exotic animal medicine. During the years I spent a lot of time in the clinic of the Exotic Department. As a fourth year student I had the opportunity to get involved in the daily work of the Department.<\/p> <p>After graduation I started working as a clinical veterinarian in the Department. I developed my knowledge and practice in exotic clinics in several European universities (Hannover, Brno, Kosice). I enjoy participating in continuing education courses, mainly in the field of small mammal medicine. In 2020, I started my postgraduate training in exotic animal medicine and became a specialist veterinarian in 2022.<\/p> <p>Dr. M\u00f3zer Anik\u00f3 is currently on maternity leave.<\/p>","protected":false},"excerpt":{"rendered":"<p>I was born in 1989 in Budapest. From a very young age, I decided to be a veterinarian. At the age of 13, I had the opportunity to join the daily life of a veterinary practice. After secondary school, I studied biology at E\u00f6tv\u00f6s Lor\u00e1nd University for a short time, and later I was admitted<\/p>\n","protected":false},"author":5824,"featured_media":0,"parent":857,"menu_order":211,"comment_status":"closed","ping_status":"closed","template":"","meta":{"_acf_changed":false,"footnotes":""},"categories":[19],"tags":[],"class_list":["post-4340","page","type-page","status-publish","hentry","category-staff"],"acf":[],"_links":{"self":[{"href":"https:\/\/univet.hu\/en\/wp-json\/wp\/v2\/pages\/4340","targetHints":{"allow":["GET"]}}],"collection":[{"href":"https:\/\/univet.hu\/en\/wp-json\/wp\/v2\/pages"}],"about":[{"href":"https:\/\/univet.hu\/en\/wp-json\/wp\/v2\/types\/page"}],"author":[{"embeddable":true,"href":"https:\/\/univet.hu\/en\/wp-json\/wp\/v2\/users\/5824"}],"replies":[{"embeddable":true,"href":"https:\/\/univet.hu\/en\/wp-json\/wp\/v2\/comments?post=4340"}],"version-history":[{"count":1,"href":"https:\/\/univet.hu\/en\/wp-json\/wp\/v2\/pages\/4340\/revisions"}],"predecessor-version":[{"id":181661,"href":"https:\/\/univet.hu\/en\/wp-json\/wp\/v2\/pages\/4340\/revisions\/181661"}],"up":[{"embeddable":true,"href":"https:\/\/univet.hu\/en\/wp-json\/wp\/v2\/pages\/857"}],"wp:attachment":[{"href":"https:\/\/univet.hu\/en\/wp-json\/wp\/v2\/media?parent=4340"}],"wp:term":[{"taxonomy":"category","embeddable":true,"href":"https:\/\/univet.hu\/en\/wp-json\/wp\/v2\/categories?post=4340"},{"taxonomy":"post_tag","embeddable":true,"href":"https:\/\/univet.hu\/en\/wp-json\/wp\/v2\/tags?post=4340"}],"curies":[{"name":"wp","href":"https:\/\/api.w.org\/{rel}","templated":true}]}}