{"id":43545,"date":"2019-09-12T07:19:56","date_gmt":"2019-09-12T05:19:56","guid":{"rendered":"https:\/\/univet.hu\/?page_id=43545"},"modified":"2020-09-11T14:31:57","modified_gmt":"2020-09-11T12:31:57","slug":"human-medical-microbiology-and-infectology","status":"publish","type":"page","link":"https:\/\/univet.hu\/en\/education\/courses\/human-medical-microbiology-and-infectology\/","title":{"rendered":"Human medical microbiology and infectology"},"content":{"rendered":"<p>Medical microbiology and infectiology<\/p> <p>Subject lecturer: Dr. Lengyel Gy\u00f6rgy PhD<\/p> <p>(Board certified microbiologist and pharmaceutical infectiologist)<\/p> <p>Subject supervisor: Dr. L\u0151rincz M\u00e1rta PhD (senior lecturer)<\/p> <p>Time schedule: 14 x 45\u2019<\/p> <p>&nbsp;<\/p> <p>The field of medical microbiology and infectiology includes the management of laboratory diagnosis, patient care and the therapy of infectious diseases. In this course we are going to present the most common human infectious diseases, via case studies by the route of clinical differential diagnosis, supplemented with laboratory diagnosis (including sampling, transport, sample processing and result interpretation). On the written form (simple choice test) of the exam, important findings in the fields of clinical microbiology and infectiology will be considered.<\/p> <p>Skills to be acquired on this course:<\/p> <ul> <li>Critical, diagnosis-oriented thinking<\/li> <li>Knowledge on the differential diagnostic algorithms<\/li> <li>Recognition of symptoms and signs of the most common human pathogens and infections<\/li> <li>Proper handling of samples, and insight into the laboratory processes<\/li> <\/ul> <p>&nbsp;<\/p> <p>Requirements for admission:<\/p> <ul> <li>Completion of the following courses: Veterinary bacteriology, Veterinary virology<\/li> <\/ul> <p>Recommended for 4<sup>th<\/sup> year veterinary students.<\/p> <p>&nbsp;<\/p> <p>Recommended literature:<\/p> <ol> <li>Mandell, Douglas, and Bennett&#8217;s Principles and Practice of Infectious Diseases<\/li> <\/ol> <p>Lippincott Illustrated Reviews: Microbiology<\/p>","protected":false},"excerpt":{"rendered":"<p>Medical microbiology and infectiology Subject lecturer: Dr. Lengyel Gy\u00f6rgy PhD (Board certified microbiologist and pharmaceutical infectiologist) Subject supervisor: Dr. L\u0151rincz M\u00e1rta PhD (senior lecturer) Time schedule: 14 x 45\u2019 &nbsp; The field of medical microbiology and infectiology includes the management of laboratory diagnosis, patient care and the therapy of infectious diseases. In this course we<\/p>\n","protected":false},"author":3837,"featured_media":0,"parent":676,"menu_order":34,"comment_status":"closed","ping_status":"closed","template":"","meta":{"_acf_changed":false,"footnotes":""},"categories":[],"tags":[],"class_list":["post-43545","page","type-page","status-publish","hentry"],"acf":[],"_links":{"self":[{"href":"https:\/\/univet.hu\/en\/wp-json\/wp\/v2\/pages\/43545","targetHints":{"allow":["GET"]}}],"collection":[{"href":"https:\/\/univet.hu\/en\/wp-json\/wp\/v2\/pages"}],"about":[{"href":"https:\/\/univet.hu\/en\/wp-json\/wp\/v2\/types\/page"}],"author":[{"embeddable":true,"href":"https:\/\/univet.hu\/en\/wp-json\/wp\/v2\/users\/3837"}],"replies":[{"embeddable":true,"href":"https:\/\/univet.hu\/en\/wp-json\/wp\/v2\/comments?post=43545"}],"version-history":[{"count":1,"href":"https:\/\/univet.hu\/en\/wp-json\/wp\/v2\/pages\/43545\/revisions"}],"predecessor-version":[{"id":174527,"href":"https:\/\/univet.hu\/en\/wp-json\/wp\/v2\/pages\/43545\/revisions\/174527"}],"up":[{"embeddable":true,"href":"https:\/\/univet.hu\/en\/wp-json\/wp\/v2\/pages\/676"}],"wp:attachment":[{"href":"https:\/\/univet.hu\/en\/wp-json\/wp\/v2\/media?parent=43545"}],"wp:term":[{"taxonomy":"category","embeddable":true,"href":"https:\/\/univet.hu\/en\/wp-json\/wp\/v2\/categories?post=43545"},{"taxonomy":"post_tag","embeddable":true,"href":"https:\/\/univet.hu\/en\/wp-json\/wp\/v2\/tags?post=43545"}],"curies":[{"name":"wp","href":"https:\/\/api.w.org\/{rel}","templated":true}]}}