{"id":44002,"date":"2019-09-18T14:20:40","date_gmt":"2019-09-18T12:20:40","guid":{"rendered":"https:\/\/univet.hu\/?page_id=44002"},"modified":"2023-09-07T16:08:32","modified_gmt":"2023-09-07T14:08:32","slug":"alumni-donation","status":"publish","type":"page","link":"https:\/\/univet.hu\/en\/alumni\/alumni-donation\/","title":{"rendered":"Alumni Donations"},"content":{"rendered":"<h4>There are several noble causes you can support!<\/h4> <p>If you would like to offer donations to help the operation and work of the University of Veterinary Medicine, please consider the following initiatives and events:<\/p> <figure id=\"attachment_45011\" aria-describedby=\"caption-attachment-45011\" style=\"width: 320px\" class=\"wp-caption alignright\"><img loading=\"lazy\" decoding=\"async\" class=\"wp-image-45011 size-medium\" src=\"https:\/\/univet.hu\/wp-content\/uploads\/2019\/10\/DJI_0855-320x213.jpg\" alt=\"\" width=\"320\" height=\"213\" srcset=\"https:\/\/univet.hu\/wp-content\/uploads\/2019\/10\/DJI_0855-320x213.jpg 320w, https:\/\/univet.hu\/wp-content\/uploads\/2019\/10\/DJI_0855-768x512.jpg 768w, https:\/\/univet.hu\/wp-content\/uploads\/2019\/10\/DJI_0855-960x640.jpg 960w\" sizes=\"auto, (max-width: 320px) 100vw, 320px\" \/><figcaption id=\"caption-attachment-45011\" class=\"wp-caption-text\">Statue park &#8211; Dog breeds originating in Hungary<\/figcaption><\/figure> <ul> <li>Talent management<\/li> <li>Operation of the Student Research Societies<\/li> <li>Support for financially underprivileged students<\/li> <li>Fundraising for statues at campus park<\/li> <li>Renovation of our protected heritage fence<\/li> <li>Graduation banquet<\/li> <li>Prom for first-year students<\/li> <li>Summer prep school organized for high-school students<\/li> <li>Job fair<\/li> <\/ul> <p>&nbsp;<\/p> <p><strong>Name of the foundation<\/strong>: EQUUSVET Hallgat\u00f3i Kultur\u00e1lis \u00e9s Szoci\u00e1lis Alap\u00edtv\u00e1ny (EQUUSVET Student Cultural and Social Foundation)<\/p> <p><strong>Bank account number:<\/strong> OTP Bank 11707024-20437925<\/p> <p><strong>Tax number:<\/strong> 181787742-1-42<\/p> <p><strong>Comment section:<\/strong> please indicate which initiative you wish to support<\/p> <p><strong>We highly appreciate your donation and we thank you very much in advance!<\/strong><\/p>","protected":false},"excerpt":{"rendered":"<p>There are several noble causes you can support! If you would like to offer donations to help the operation and work of the University of Veterinary Medicine, please consider the following initiatives and events: Talent management Operation of the Student Research Societies Support for financially underprivileged students Fundraising for statues at campus park Renovation of<\/p>\n","protected":false},"author":7,"featured_media":0,"parent":43939,"menu_order":0,"comment_status":"closed","ping_status":"closed","template":"","meta":{"_acf_changed":false,"footnotes":""},"categories":[],"tags":[],"class_list":["post-44002","page","type-page","status-publish","hentry"],"acf":[],"_links":{"self":[{"href":"https:\/\/univet.hu\/en\/wp-json\/wp\/v2\/pages\/44002","targetHints":{"allow":["GET"]}}],"collection":[{"href":"https:\/\/univet.hu\/en\/wp-json\/wp\/v2\/pages"}],"about":[{"href":"https:\/\/univet.hu\/en\/wp-json\/wp\/v2\/types\/page"}],"author":[{"embeddable":true,"href":"https:\/\/univet.hu\/en\/wp-json\/wp\/v2\/users\/7"}],"replies":[{"embeddable":true,"href":"https:\/\/univet.hu\/en\/wp-json\/wp\/v2\/comments?post=44002"}],"version-history":[{"count":0,"href":"https:\/\/univet.hu\/en\/wp-json\/wp\/v2\/pages\/44002\/revisions"}],"up":[{"embeddable":true,"href":"https:\/\/univet.hu\/en\/wp-json\/wp\/v2\/pages\/43939"}],"wp:attachment":[{"href":"https:\/\/univet.hu\/en\/wp-json\/wp\/v2\/media?parent=44002"}],"wp:term":[{"taxonomy":"category","embeddable":true,"href":"https:\/\/univet.hu\/en\/wp-json\/wp\/v2\/categories?post=44002"},{"taxonomy":"post_tag","embeddable":true,"href":"https:\/\/univet.hu\/en\/wp-json\/wp\/v2\/tags?post=44002"}],"curies":[{"name":"wp","href":"https:\/\/api.w.org\/{rel}","templated":true}]}}