{"id":44008,"date":"2019-09-18T14:26:26","date_gmt":"2019-09-18T12:26:26","guid":{"rendered":"https:\/\/univet.hu\/?page_id=44008"},"modified":"2023-09-08T10:00:26","modified_gmt":"2023-09-08T08:00:26","slug":"alumni-forums","status":"publish","type":"page","link":"https:\/\/univet.hu\/en\/alumni\/alumni-forums\/","title":{"rendered":"Professional &#038; Social Forums"},"content":{"rendered":"<p>The Forums are designed to help you discuss questions and share personal stories and anecdotes about your student years.<\/p> <p><img loading=\"lazy\" decoding=\"async\" class=\"alignright size-thumbnail wp-image-45573\" src=\"https:\/\/univet.hu\/wp-content\/uploads\/2019\/10\/FLO-k\u00e9mia-di\u00e1k-\u00e9s-oktat\u00f3-320x320.jpg\" alt=\"\" width=\"320\" height=\"320\" \/><\/p> <p>The content of the Forums will only be accessible for Alumni Members, so please register <a href=\"https:\/\/indico.univet.hu\/e\/AlumniRegistration\" target=\"_blank\" rel=\"noopener\">here<\/a>.<\/p>","protected":false},"excerpt":{"rendered":"<p>The Forums are designed to help you discuss questions and share personal stories and anecdotes about your student years. The content of the Forums will only be accessible for Alumni Members, so please register here.<\/p>\n","protected":false},"author":7,"featured_media":0,"parent":43939,"menu_order":0,"comment_status":"closed","ping_status":"closed","template":"","meta":{"_acf_changed":false,"footnotes":""},"categories":[],"tags":[],"class_list":["post-44008","page","type-page","status-publish","hentry"],"acf":[],"_links":{"self":[{"href":"https:\/\/univet.hu\/en\/wp-json\/wp\/v2\/pages\/44008","targetHints":{"allow":["GET"]}}],"collection":[{"href":"https:\/\/univet.hu\/en\/wp-json\/wp\/v2\/pages"}],"about":[{"href":"https:\/\/univet.hu\/en\/wp-json\/wp\/v2\/types\/page"}],"author":[{"embeddable":true,"href":"https:\/\/univet.hu\/en\/wp-json\/wp\/v2\/users\/7"}],"replies":[{"embeddable":true,"href":"https:\/\/univet.hu\/en\/wp-json\/wp\/v2\/comments?post=44008"}],"version-history":[{"count":0,"href":"https:\/\/univet.hu\/en\/wp-json\/wp\/v2\/pages\/44008\/revisions"}],"up":[{"embeddable":true,"href":"https:\/\/univet.hu\/en\/wp-json\/wp\/v2\/pages\/43939"}],"wp:attachment":[{"href":"https:\/\/univet.hu\/en\/wp-json\/wp\/v2\/media?parent=44008"}],"wp:term":[{"taxonomy":"category","embeddable":true,"href":"https:\/\/univet.hu\/en\/wp-json\/wp\/v2\/categories?post=44008"},{"taxonomy":"post_tag","embeddable":true,"href":"https:\/\/univet.hu\/en\/wp-json\/wp\/v2\/tags?post=44008"}],"curies":[{"name":"wp","href":"https:\/\/api.w.org\/{rel}","templated":true}]}}