{"id":4421,"date":"2018-01-25T15:04:00","date_gmt":"2018-01-25T14:04:00","guid":{"rendered":"http:\/\/univet.hu\/about\/staff\/ozsvari-laszlo\/"},"modified":"2026-02-10T04:32:17","modified_gmt":"2026-02-10T03:32:17","slug":"ozsvari-laszlo","status":"publish","type":"page","link":"https:\/\/univet.hu\/en\/about\/staff\/ozsvari-laszlo\/","title":{"rendered":"\u00d3zsv\u00e1ri L\u00e1szl\u00f3"},"content":{"rendered":"<p style=\"text-align: center;\"><strong>Introduction<\/strong><\/p> <p>L\u00e1szl\u00f3 \u00d3zsv\u00e1ri is the Head of the Department of Veterinary Forensics and Economics and the vice rector for educational affairs at the University of Veterinary Medicine Budapest (UVMB). Earlier, he worked at the Ministry of Agriculture and Rural Development as the Head of the Animal Health and Welfare Unit taking part in national control and eradication programs of contagious diseases in different species and collaborating with stakeholders both nationally and internationally. He graduated as a veterinarian at UVMB and received his PhD degree on Management and Business Administration from Szent Istv\u00e1n University (SZIU) and his MBA degree from Webster University. He is an experienced associate professor with a demonstrated history of working in the higher education industry. He has a multidisciplinary expertise on animal health economics and management, veterinary public health and food chain safety. He takes part in many national and international research projects and has performed research across multiple species (e.g. ruminants, pigs). His research has resulted in cc. 120 peer-reviewed journal papers, 15 textbook\/manual chapters and numerous presentations and posters at national and international conferences.<\/p> <p><strong>Main research areas:<\/strong><\/p> <ul> <li>Animal health economics and management<\/li> <li>Veterinary practice management<\/li> <li>State veterinary medicine, animal welfare<\/li> <\/ul> <p><strong>Publication list (Top10)<\/strong><\/p> <table width=\"946\"> <tbody> <tr> <td>1.<\/td> <td>Ozsvari L., Lang Zs., Monostori A., Kostoulas P., Fodor I.:\u00a0<strong>Bayesian estimation of the true prevalence of paratuberculosis in Hungarian dairy cattle herds<\/strong>, PREVENTIVE VETERINARY MEDICINE 183: p. 105124. (2020)<br \/> <a href=\"https:\/\/dx.doi.org\/10.1016\/j.prevetmed.2020.105124\"><strong>URL<\/strong><\/a><\/td> <\/tr> <tr> <td>2.<\/td> <td>Ozsvari Laszlo, Harnos Andrea, Lang Zsolt, Monostori Attila, Strain Sam, Fodor Istvan:\u00a0<strong>The Impact of Paratuberculosis on Milk Production, Fertility, and Culling in Large Commercial Hungarian Dairy Herds<\/strong>, FRONTIERS IN VETERINARY SCIENCE 7: 565324 (2020)<br \/> <a href=\"https:\/\/doi.org\/10.3389%2Ffvets.2020.565324\"><strong>URL<\/strong><\/a><\/td> <\/tr> <tr> <td>3.<\/td> <td>Fodor I., G\u00e1bor Gy., Lang Zs., Abonyi-T\u00f3th Zs., \u00d3zsv\u00e1ri L:\u00a0<strong>Relationship between reproductive management practices and fertility in primiparous and multiparous dairy cows<\/strong>, CANADIAN JOURNAL OF VETERINARY RESEARCH-REVUE CANADIENNE DE RECHERCHE VETERINAIRE 83: (3) pp. 218-227. (2019)<\/td> <\/tr> <tr> <td>4.<\/td> <td>Fodor I, Baumgartner W, Abonyi-T\u00f3th Z, Lang Z, \u00d3zsv\u00e1ri L:\u00a0<strong>Associations between management practices and major reproductive parameters of Holstein-Friesian replacement heifers<\/strong>, ANIMAL REPRODUCTION SCIENCE 188: pp. 114-122. (2018)<br \/> <a href=\"https:\/\/dx.doi.org\/10.1016\/j.anireprosci.2017.11.015\"><strong>URL<\/strong><\/a><\/td> <\/tr> <tr> <td>5.<\/td> <td>Fodor I, Abonyi-Toth Z, Ozsvari L:\u00a0<strong>Management practices associated with reproductive performance in Holstein cows on large commercial dairy farms.<\/strong>, ANIMAL: THE INTERNATIONAL JOURNAL OF ANIMAL BIOSCIENCES 12: (11) pp. 2401-6. (2018)<br \/> <a href=\"https:\/\/dx.doi.org\/10.1017\/S1751731118000101\"><strong>URL<\/strong><\/a><\/td> <\/tr> <tr> <td>6.<\/td> <td>Szilvia Vetter, L\u00e1szl\u00f3 Vasa, L\u00e1szl\u00f3 \u00d3zsv\u00e1ri:\u00a0<strong>Economic aspects of animal welfare<\/strong>, ACTA POLYTECHNICA HUNGARICA 11: (7) pp. 119-134. (2014)<br \/> <a href=\"https:\/\/doi.org\/10.12700%2FAPH.11.07.2014.07.8\"><strong>URL<\/strong><\/a><\/td> <\/tr> <tr> <td>7.<\/td> <td>Reiczigel J, Foldi J, Ozsvari L:\u00a0<strong>Exact confidence limits for prevalence of a disease with an imperfect diagnostic test<\/strong>, EPIDEMIOLOGY AND INFECTION 138: (11) pp. 1674-1678. (2010)<br \/> <a href=\"https:\/\/dx.doi.org\/10.1017\/S0950268810000385\"><strong>URL<\/strong><\/a><\/td> <\/tr> <tr> <td>8.<\/td> <td>Gabor G, Toth F, Ozsvari L, Abonyi-Toth Z, Sasser RG:\u00a0<strong>Factors influencing pregnancy rate and late embryonic loss in dairycattle<\/strong>, REPRODUCTION IN DOMESTIC ANIMALS 43: (1) pp. 53-58. (2008)<br \/> <a href=\"https:\/\/doi.org\/10.1111%2Fj.1439-0531.2007.00854.x\"><strong>URL<\/strong><\/a><\/td> <\/tr> <tr> <td>9.<\/td> <td>Gabor G, Torth F, Ozsvari L, Abonyi-Toth Z, Sasser RG:\u00a0<strong>Early detection of pregnancy and embryonic loss in dairy cattle by ELISA tests<\/strong>, REPRODUCTION IN DOMESTIC ANIMALS 42: (6) pp. 633-636. (2007)<br \/> <a href=\"https:\/\/dx.doi.org\/10.1111\/j.1439-0531.2006.00834.x\"><strong>URL<\/strong><\/a><\/td> <\/tr> <tr> <td>10.<\/td> <td>Ozsvari L, Barna R, Visnyei L:\u00a0<strong>L\u00e1bv\u00e9gbetegs\u00e9gek okozta gazdas\u00e1gi vesztes\u00e9gek nagy\u00fczemi holstein-fr\u00edz tehen\u00e9szetekben<\/strong>, MAGYAR \u00c1LLATORVOSOK LAPJA 129: (1) pp. 23-28. (2007)<\/td> <\/tr> <\/tbody> <\/table> <p>&nbsp;<\/p> <p>&nbsp;<\/p>","protected":false},"excerpt":{"rendered":"<p>Introduction L\u00e1szl\u00f3 \u00d3zsv\u00e1ri is the Head of the Department of Veterinary Forensics and Economics and the vice rector for educational affairs at the University of Veterinary Medicine Budapest (UVMB). Earlier, he worked at the Ministry of Agriculture and Rural Development as the Head of the Animal Health and Welfare Unit taking part in national control<\/p>\n","protected":false},"author":5824,"featured_media":0,"parent":857,"menu_order":211,"comment_status":"closed","ping_status":"closed","template":"","meta":{"_acf_changed":false,"footnotes":""},"categories":[19],"tags":[],"class_list":["post-4421","page","type-page","status-publish","hentry","category-staff"],"acf":[],"_links":{"self":[{"href":"https:\/\/univet.hu\/en\/wp-json\/wp\/v2\/pages\/4421","targetHints":{"allow":["GET"]}}],"collection":[{"href":"https:\/\/univet.hu\/en\/wp-json\/wp\/v2\/pages"}],"about":[{"href":"https:\/\/univet.hu\/en\/wp-json\/wp\/v2\/types\/page"}],"author":[{"embeddable":true,"href":"https:\/\/univet.hu\/en\/wp-json\/wp\/v2\/users\/5824"}],"replies":[{"embeddable":true,"href":"https:\/\/univet.hu\/en\/wp-json\/wp\/v2\/comments?post=4421"}],"version-history":[{"count":5,"href":"https:\/\/univet.hu\/en\/wp-json\/wp\/v2\/pages\/4421\/revisions"}],"predecessor-version":[{"id":188990,"href":"https:\/\/univet.hu\/en\/wp-json\/wp\/v2\/pages\/4421\/revisions\/188990"}],"up":[{"embeddable":true,"href":"https:\/\/univet.hu\/en\/wp-json\/wp\/v2\/pages\/857"}],"wp:attachment":[{"href":"https:\/\/univet.hu\/en\/wp-json\/wp\/v2\/media?parent=4421"}],"wp:term":[{"taxonomy":"category","embeddable":true,"href":"https:\/\/univet.hu\/en\/wp-json\/wp\/v2\/categories?post=4421"},{"taxonomy":"post_tag","embeddable":true,"href":"https:\/\/univet.hu\/en\/wp-json\/wp\/v2\/tags?post=4421"}],"curies":[{"name":"wp","href":"https:\/\/api.w.org\/{rel}","templated":true}]}}