{"id":4496,"date":"2017-04-12T09:31:00","date_gmt":"2017-04-12T07:31:00","guid":{"rendered":"http:\/\/univet.hu\/about\/staff\/pilipecz-mihaly-viktor\/"},"modified":"2026-02-10T04:30:28","modified_gmt":"2026-02-10T03:30:28","slug":"pilipecz-mihaly-viktor","status":"publish","type":"page","link":"https:\/\/univet.hu\/en\/about\/staff\/pilipecz-mihaly-viktor\/","title":{"rendered":"Pilipecz Mih\u00e1ly Viktor"},"content":{"rendered":"<h2>Introduction<\/h2> <pre class=\"tw-data-text tw-text-large tw-ta\" dir=\"ltr\" data-placeholder=\"Ford\u00edt\u00e1s\"><span class=\"Y2IQFc\" lang=\"en\" style=\"font-family: georgia, palatino, serif;\">I was born in 1978. After Szent L\u00e1szl\u00f3 secondary school, I completed the specialization in   pharmaceutical research at the ELTE TTK University and graduated in chemistry in 2001. I have been   working at the Department of Chemistry since September 2001. In 2010, I obtained the Ph.D. degree and  the position of university assistant professor. The subject of my doctoral thesis was the synthesis of   heterocycles with diverse nitrogen content. In my free time, I like to travel, read and cook.    Main research areas:    Push-pull alkenes and nitrogen-containing heterocyclic compounds.  <\/span><\/pre> <pre id=\"tw-target-text\" class=\"tw-data-text tw-text-large tw-ta\" dir=\"ltr\" data-placeholder=\"Ford\u00edt\u00e1s\"><span class=\"Y2IQFc\" lang=\"en\" style=\"font-family: georgia, palatino, serif;\">List of most important publications:<\/span><\/pre> <p>MTMT:\u00a0 10023285<\/p> <table width=\"903\"> <tbody> <tr> <td width=\"21\">1.<\/td> <td width=\"947\">Mih\u00e1ly V. Pilipecz, Zolt\u00e1n Mucsi, P\u00e9ter Nemes, P\u00e1l Scheiber: Chemistry of nitroenamines. Synthesis of pyrrolizine derivatives,\u00a0\u00a0<em>Heterocycles<\/em>,\u00a0<strong>2007<\/strong>, 71, 9, 1919-1928.<\/td> <\/tr> <tr> <td width=\"21\">2.<\/td> <td width=\"947\">Mih\u00e1ly V. Pilipecz, Tam\u00e1s R. Varga, Zolt\u00e1n Mucsi, P\u00e1l Scheiber, P\u00e9ter Nemes:\u00a0 [3+3] Cyclization reactions of beta-nitroenamines and beta-enaminonitriles with alpha,beta-unsaturated carboxylic acid chlorides,\u00a0<em>Tetrahedron<\/em>,\u00a0<strong>2008<\/strong>, 64, 5545-5550.<\/td> <\/tr> <tr> <td width=\"21\">3.<\/td> <td width=\"947\">P\u00e1l Scheiber, G\u00e1bor T\u00f3th, Mih\u00e1ly V. Pilipecz, Tam\u00e1s R. Varga, P\u00e9ter Nemes:\u00a0 Chemistry of Nitroenamines. Part 2. Synthesis of Saturated Pyrrolo-pyrimidines and -pyrazines,\u00a0\u00a0<em>Heterocycles<\/em>,\u00a0<strong>2011<\/strong>, 83, 9, 2001-2010.<\/td> <\/tr> <tr> <td width=\"21\">4.<\/td> <td width=\"947\">Mih\u00e1ly V. Pilipecz, Tam\u00e1s R. Varga, P\u00e1l Scheiber, Zolt\u00e1n Mucsi, Am\u00e9lie F\u00e0vre-Mourgues, S\u00e1ndor Boros, L\u00e1szl\u00f3 Bal\u00e1zs, G\u00e1bor T\u00f3th, P\u00e9ter Nemes:\u00a0 Reductive transformations of unsaturated azabicyclic nitrolactams,\u00a0\u00a0<em>Tetrahedron<\/em>,\u00a0<strong>2012<\/strong>, 68, 5547-5553.<\/td> <\/tr> <tr> <td width=\"21\">5.<\/td> <td width=\"947\">Mih\u00e1ly V. Pilipecz, P\u00e1l Scheiber, Zolt\u00e1n Vincze, Tam\u00e1s R. Varga, G\u00e1bor T\u00f3th, P\u00e9ter Nemes: One-pot reactions of nitroenamines with anilines and ethyl glyoxylate,\u00a0\u00a0<em>Tetrahedron<\/em>,\u00a0<strong>2014<\/strong>, 70, 4355-4360.<\/td> <\/tr> <tr> <td width=\"21\">6.<\/td> <td width=\"947\">Zolt\u00e1n Vincze, Mih\u00e1ly V. Pilipecz, P\u00e1l Scheiber, Tam\u00e1s R. Varga, G\u00e1bor T\u00f3th, P\u00e9ter Nemes: Simple route to multisubstituted tetrahydropyrimidines,\u00a0\u00a0\u00a0<em>Tetrahedron<\/em>,\u00a0<strong>2015<\/strong>, 71, 6135-6142.<\/td> <\/tr> <tr> <td width=\"21\">7.<\/td> <td width=\"947\">L\u00e1szl\u00f3 A. Kondacs, Mih\u00e1ly V. Pilipecz, Zolt\u00e1n Mucsi, Barbara Bal\u00e1zs, Tam\u00e1s G\u00e1ti, Mikl\u00f3s Nyerges, Andr\u00e1s Dancs\u00f3, P\u00e9ter Nemes: Synthesis of Isoxazoline Derivatives Based on Nitrile Oxide Cycloaddition of Nitroso-Nitro-Enamine:\u00a0\u00a0<em>Eur. J. Org. Chem.<\/em><strong>2015<\/strong>, 31, 6872-6890.<\/td> <\/tr> <tr> <td width=\"21\">8.<\/td> <td width=\"947\">Mih\u00e1ly V. Pilipecz, Tam\u00e1s R. Varga, P\u00e9ter Krall, Zolt\u00e1n Vincze, Zolt\u00e1n Mucsi, Ruth Deme, P\u00e1l T. Szab\u00f3, P\u00e9ter Nemes:\u00a0\u00a0 Simple route to new oxadiazaboroles and oxadiazoles via amidoximes,\u00a0\u00a0<em>Synth. Comm<\/em>.\u00a0<strong>2020<\/strong>, 50, 1712-1723.<\/td> <\/tr> <tr> <td width=\"21\">9.<\/td> <td width=\"947\">D\u00e1niel Nagy, Mih\u00e1ly V. Pilipecz, L\u00e1szl\u00f3 Kiss, Anna Alekszi-Kasz\u00e1s, Andr\u00e1s Simon, Gitta Z. Schlosser, P\u00e9ter Nemes, Tam\u00e1s R. Varga:\u00a0 Synthesis of 2-aryl-1,2,4-triazol-3-one derivatives from beta-nitroenamines,\u00a0\u00a0<em>Synth. Comm.<\/em><strong>2021<\/strong>, 51, 1956-1962.<\/td> <\/tr> <tr> <td width=\"21\">10.<\/td> <td width=\"947\">Mih\u00e1ly V. Pilipecz, Tam\u00e1s R. Varga, Zolt\u00e1n Mucsi, P\u00e9ter Nemes, P\u00e1l Scheiber:\u00a0 New Synthetic Concepts toward Pyrrolizidines and Indolizidines,\u00a0\u00a0<em>20<\/em><em><sup>th<\/sup><\/em><em>\u00a0International Congress on Heterocyclic Chemistry: Book of Abstacts<\/em>,\u00a0<strong>2005<\/strong>, p. 130.<\/td> <\/tr> <\/tbody> <\/table> <p>&nbsp;<\/p> <pre id=\"tw-target-text\" class=\"tw-data-text tw-text-large tw-ta\" dir=\"ltr\" data-placeholder=\"Ford\u00edt\u00e1s\"><span class=\"Y2IQFc\" lang=\"en\" style=\"font-family: georgia, palatino, serif;\">\u00a0<\/span><\/pre> <div> <p><span style=\"font-family: georgia, palatino, serif;\">Office hours:\u00a0 Tuesday 10:00-11:00<\/span><\/p> <\/div>","protected":false},"excerpt":{"rendered":"<p>Introduction I was born in 1978. After Szent L\u00e1szl\u00f3 secondary school, I completed the specialization in pharmaceutical research at the ELTE TTK University and graduated in chemistry in 2001. I have been working at the Department of Chemistry since September 2001. In 2010, I obtained the Ph.D. degree and the position of university assistant professor.<\/p>\n","protected":false},"author":5824,"featured_media":0,"parent":857,"menu_order":210,"comment_status":"closed","ping_status":"closed","template":"","meta":{"_acf_changed":false,"footnotes":""},"categories":[19],"tags":[],"class_list":["post-4496","page","type-page","status-publish","hentry","category-staff"],"acf":[],"_links":{"self":[{"href":"https:\/\/univet.hu\/en\/wp-json\/wp\/v2\/pages\/4496","targetHints":{"allow":["GET"]}}],"collection":[{"href":"https:\/\/univet.hu\/en\/wp-json\/wp\/v2\/pages"}],"about":[{"href":"https:\/\/univet.hu\/en\/wp-json\/wp\/v2\/types\/page"}],"author":[{"embeddable":true,"href":"https:\/\/univet.hu\/en\/wp-json\/wp\/v2\/users\/5824"}],"replies":[{"embeddable":true,"href":"https:\/\/univet.hu\/en\/wp-json\/wp\/v2\/comments?post=4496"}],"version-history":[{"count":1,"href":"https:\/\/univet.hu\/en\/wp-json\/wp\/v2\/pages\/4496\/revisions"}],"predecessor-version":[{"id":200090,"href":"https:\/\/univet.hu\/en\/wp-json\/wp\/v2\/pages\/4496\/revisions\/200090"}],"up":[{"embeddable":true,"href":"https:\/\/univet.hu\/en\/wp-json\/wp\/v2\/pages\/857"}],"wp:attachment":[{"href":"https:\/\/univet.hu\/en\/wp-json\/wp\/v2\/media?parent=4496"}],"wp:term":[{"taxonomy":"category","embeddable":true,"href":"https:\/\/univet.hu\/en\/wp-json\/wp\/v2\/categories?post=4496"},{"taxonomy":"post_tag","embeddable":true,"href":"https:\/\/univet.hu\/en\/wp-json\/wp\/v2\/tags?post=4496"}],"curies":[{"name":"wp","href":"https:\/\/api.w.org\/{rel}","templated":true}]}}