{"id":4547,"date":"2018-03-12T16:13:00","date_gmt":"2018-03-12T15:13:00","guid":{"rendered":"http:\/\/univet.hu\/about\/staff\/reinitz-laszlo-zoltan\/"},"modified":"2026-02-10T04:32:26","modified_gmt":"2026-02-10T03:32:26","slug":"reinitz-laszlo-zoltan","status":"publish","type":"page","link":"https:\/\/univet.hu\/en\/about\/staff\/reinitz-laszlo-zoltan\/","title":{"rendered":"Reinitz L\u00e1szl\u00f3 Zolt\u00e1n"},"content":{"rendered":"<p>Office hours: during the semester, every Thursday 12:00-13:00 (Anatomy related issues)<\/p> <h2>Introduction<\/h2> <div> <p><em><strong>PERSONAL:<\/strong><\/em><\/p> <p><em>\u00a0 \u00a0 \u00a0 \u00a0 \u00a0 \u00a0Birth name:<\/em> L\u00e1szl\u00f3 Zolt\u00e1n R\u00e9v<\/p> <p><em>\u00a0 \u00a0 \u00a0 \u00a0 \u00a0 \u00a0Birth date:<\/em> 25th of April, 1979<\/p> <p><em>\u00a0 \u00a0 \u00a0 \u00a0 \u00a0 \u00a0<\/em>ORCID: 0000-0002-9927-652X<\/p> <p><strong><em>EDUCATION<\/em><\/strong><em>:<\/em><\/p> <p style=\"margin-left: 36.0pt\"><strong>2010-2016: PhD in Veterinary Science.\u00a0<\/strong>Szent Istv\u00e1n University, Faculty of Veterinary Science,\u00a0School of Doctoral Studies.<\/p> <p style=\"margin-left: 36.0pt\"><em>\u00a0 \u00a0 \u00a0 \u00a0 \u00a0 \u00a0Thesis<\/em>:\u00a0<em>Volumetric measurement, anatomical relations and 3D modelling of the canine cerebrospinal fluid<\/em><\/p> <p style=\"margin-left: 36.0pt\"><strong>2000-2007: <\/strong>Szent Istv\u00e1n University, Faculty of Veterinary Science,\u00a0Doctor of Veterinary Medicine (DVM) course<\/p> <p style=\"margin-left: 62.9pt\"><strong>Thesis (2006)<\/strong>: <em>3D representation of the dog\u2019s thoracic organs<\/em><\/p> <p style=\"margin-left: 62.95pt\"><strong>Radiology Internship (2004): <\/strong>Cornell University<strong>, <\/strong>Faculty of Veterinary Science, Ithaca, NY, USA<\/p> <p style=\"margin-left: 62.95pt\"><strong>6th semester (2003): <\/strong>ERASMUS scholarship; Technical University of Lisbon, Faculty of Veterinary Science<\/p> <p style=\"margin-left: 36.0pt\"><strong>1998-2000<\/strong>: Semmelweis Medical University, Faculty of Pharmacy<\/p> <p style=\"margin-left: 36.0pt\"><strong>1993-1998<\/strong>: Mechwart Andr\u00e1s high School,\u00a0IT. Course (mid level software technician diploma)<\/p> <p style=\"margin-left: 26.95pt\"><strong>1985<\/strong>&#8211;<strong>1993<\/strong>: Cs\u00edkihegyek Elementary School<\/p> <p style=\"margin-left: 36.0pt\">English course<\/p> <p><strong><em>LANGUAGE SKILL<\/em><\/strong><strong><em>:<\/em><\/strong><\/p> <p style=\"margin-left: 36.0pt\"><strong>Hungarian<\/strong>: native language<\/p> <p style=\"margin-left: 36.0pt\"><strong>English<\/strong>: Advanced level (type \u201cC1\u201d), state accredited language exam<\/p> <p style=\"margin-left: 36.0pt\"><strong>German<\/strong>: Basic level (type \u201cC1\u201d), state accredited language exam, conversational knowledge<\/p> <p style=\"margin-left: 36.0pt\"><strong>Portuguese:<\/strong> Basic level<\/p> <p style=\"margin-left: 36.0pt\"><strong>Spanish<\/strong>: Basic level<\/p> <p><strong><em>WORK EXPERIENCE: <\/em><\/strong><\/p> <p style=\"margin-left: 45.0pt\"><strong>2016-current: University of Veterinary Science, Department of Anatomy and Histology<\/strong><\/p> <p style=\"margin-left: 45pt;padding-left: 40px\"><em><strong>2017.01.01-2025.07.01: <\/strong>associate professor\u00a0 \u00a0 \u00a0 \u00a0 \u00a0<\/em><\/p> <p style=\"margin-left: 45pt;padding-left: 40px\"><em> <strong>2017.01.01-2025.07.01: <\/strong>assistant professor<\/em><\/p> <p style=\"margin-left: 45.0pt\"><em><strong>\u00a0 \u00a0 \u00a0 \u00a0 \u00a0\u00a0<\/strong><\/em><strong>2016.07.01-2016.12.31<\/strong>: <em>research fellow<\/em><\/p> <p style=\"margin-left: 45.0pt\"><strong>2009-: Szent Istv\u00e1n University, Faculty of Veterinary Science, Department of Anatomy and Histology<\/strong><\/p> <p style=\"margin-left: 45.0pt\"><em>\u00a0 \u00a0 \u00a0 \u00a0 \u00a0 \u00a0<\/em><strong>2013-2016.06.30: <\/strong><em>research fellow<\/em><\/p> <p style=\"margin-left: 45.0pt\"><em>\u00a0 \u00a0 \u00a0 \u00a0 \u00a0 \u00a0<\/em><strong>2010-2013: <\/strong><em>PhD student<\/em><\/p> <p style=\"margin-left: 45.0pt\"><em>\u00a0 \u00a0 \u00a0 \u00a0 \u00a0 \u00a0<\/em><strong>2009-2010: <\/strong><em>research fellow<\/em><\/p> <p style=\"margin-left: 45.0pt\"><strong>1996-2009: FeliCaVet Veterinary Clinic and Animal Hospital<\/strong><\/p> <p style=\"margin-left: 45.0pt\"><em>\u00a0 \u00a0 \u00a0 \u00a0 \u00a0 \u00a0<\/em><strong>2008. December-2009. May: <\/strong>Chief veterinarian for the hospital<\/p> <p style=\"margin-left: 45.0pt\"><em>\u00a0 \u00a0 \u00a0 \u00a0 \u00a0 \u00a0<\/em><strong>2007. September-2008. December: <\/strong>full time clinical veterinarian<\/p> <p style=\"margin-left: 45.0pt\"><em>\u00a0 \u00a0 \u00a0 \u00a0 \u00a0 \u00a0<\/em><strong>2007. April-2007. September: <\/strong>part time clinical veterinarian<\/p> <p style=\"margin-left: 45.0pt\"><em>\u00a0 \u00a0 \u00a0 \u00a0 \u00a0 \u00a0<\/em><strong>2004-2007: <\/strong>part time veterinary technician<\/p> <p style=\"margin-left: 45.0pt\"><em>\u00a0 \u00a0 \u00a0 \u00a0 \u00a0 \u00a0<\/em><strong>1996-2003: <\/strong>volunteer<\/p> <p style=\"margin-left: 36.0pt\"><strong>2001-2007: Szent Istv\u00e1n University, Faculty of Veterinary Science, Student council: <\/strong>Editor-in-chef for the student&#8217;s magazine, variable organizing responsibilities<\/p> <p style=\"margin-left: 36.0pt\"><strong>1999-2007: Semmelweis University, &#8220;Instructor&#8221; Fraternity: <\/strong>administrative and organizing responsibilities<\/p> <p style=\"margin-left: 36.0pt\"><strong>2003-2004: EU European Volunteer Service<\/strong><\/p> <p style=\"margin-left: 63.0pt\">Vertigem &#8211; Associa\u00e7\u00e3o Para Promo\u00e7\u00e3o DO Patrim\u00f3nio: community work with 6-10 years old children in the field of environment protection<\/p> <p style=\"margin-left: 36.0pt\"><strong>1997-1998<\/strong>: <strong>University of Veterinary Science, Department and Clinics for Internal Medicine, Intensive Care Unit:<\/strong> veterinary technician<\/p> <\/div> <h2>Activity<\/h2> <div> <p><strong>TEACHING:<\/strong><\/p> <p style=\"margin-left: 36.0pt\"><strong>Veterinary Course (SzIU, Veterinary Faculty), graduate course: <\/strong>Veterinary Anatomy, Topographical Anatomy, Radiological Anatomy, Anatomy of the Domestic birds, Development of the Organs; <em>theoretical and practical classes, examining in Hungarian, English and German language<\/em><\/p> <p style=\"margin-left: 36.0pt\"><strong>Equestrian Culture Education (Semmelweis University, Faculty of Physical Education and Sport Sciences), postgraduate course: <\/strong>Anatomy; <em>theoretical and practical classes, examining<\/em><\/p> <p style=\"margin-left: 36.0pt\"><strong>Equine trainer and organizer (SzIU, Veterinary Faculty), postgraduate course:<\/strong> Anatomy; <em>theoretical and practical classes, examining<\/em><\/p> <p><strong>FUNDING:<\/strong><\/p> <p style=\"margin-left: 36.0pt\"><strong>Talent-scouting program for high schools in the Anatomical Museum and Dissection Hall<\/strong>: NTP-TDK-0011-A-0009 (2012); NTP-OKA-XXII.\/090 (2011); NTP-OKA-I.\/043 (2010)<\/p> <p style=\"margin-left: 27.0pt\"><strong>European Volunteer Service<\/strong> (2004)<\/p> <p style=\"margin-left: 27.0pt\"><strong>ERASMUS<\/strong> <strong>scholarship<\/strong> (2003)<\/p> <p><strong>MEMBERSHIP:<\/strong><\/p> <p style=\"margin-left: 27.0pt\"><strong>Hungarian Anatomical Society, 18th congress, <\/strong>organizing committee (2013)<\/p> <p style=\"margin-left: 27.0pt\"><strong>Young Generation of Veterinary Anatomists <\/strong>(2013)<\/p> <p style=\"margin-left: 27.0pt\"><strong>European Association of Veterinary Anatomists <\/strong>(2013)<\/p> <p style=\"margin-left: 27.0pt\"><strong>SzIE-\u00c1OTK Students\u2019 Research Circle<\/strong> secretary (2011)<\/p> <p style=\"margin-left: 27.0pt\"><strong>Hungarian Anatomical Society <\/strong>(2010)<\/p> <p><strong>TUTORING:<\/strong><\/p> <p style=\"padding-left: 30px\"><strong>Barak Wolnerman: <\/strong>Anatomical mapping of a Rothschild\u2019s giraffe forelimb (2022)<\/p> <p style=\"padding-left: 30px\"><strong>Claudia Cerny: <\/strong>Computer tomography based 3D reconstruction of the Blood supply of rhinoceros&#8217; distal limbs (2022)<\/p> <p style=\"padding-left: 30px\"><strong>Fanni Bakarecz: <\/strong>CT-based measurement of heart rate in dogs of different body weights (2021)<\/p> <p style=\"padding-left: 30px\"><strong>Shannon R\u00fcck: <\/strong>3D reconstruction and analyses of the anatomy of an elephant\u2019s foot using CT and MRI (2020)<\/p> <p style=\"padding-left: 30px\"><strong>Veronika Szilassy: <\/strong>Analysis of the correlation between heart morphology and the thorax shape using CT based 3D reconstruction technology (2020)<\/p> <p style=\"padding-left: 30px\"><strong>Roz\u00e1lia Alf\u00f6ldi: <\/strong>CT based, comparison anatomy of canine heart with different body frame. (2020)<\/p> <p style=\"padding-left: 30px\"><strong>Anett Bozsik: <\/strong>Exploring the role of statistical learning in dog vocabulary learning using awake fMRI (2019)<\/p> <p style=\"padding-left: 30px\"><strong>Mil\u00e1n Kondor: <\/strong>Interesting aspects of the topographic anatomy of the ostrich (Struthio camelus) (2018)<\/p> <p style=\"padding-left: 30px\"><strong>Helena Waid: <\/strong>Clinical experiences after the insertion of a Cyclosporine-A drug delivery device in Warmblood Horses with Equine Recurrent Uveitis (2016)<\/p> <p><strong>\u00a0 \u00a0 \u00a0 \u00a0 \u00a0Bianka Zank\u00f3: <\/strong>Three-dimensional model of the skeletal and arterial system of the dog\u2019s forelimb (2015)<\/p> <p><strong>\u00a0 \u00a0 \u00a0 \u00a0 \u00a0Bianka Benedek: <\/strong>3D reconstruction and volumetric measurement of the canine ventricles with MRI (2014)<\/p> <p><strong>\u00a0 \u00a0 \u00a0 \u00a0 \u00a0D\u00e1vid Prevics:<\/strong> Demonstrating the anatomy of the canine heart using MRI based 3D reconstruction technology (2014)<\/p> <p><strong>\u00a0 \u00a0 \u00a0 \u00a0 \u00a0Martin Bilger: <\/strong>Topographische und klinische Anatomie des Luftsacks beim Pferd (2013)<\/p> <p><strong>AWARDS<\/strong><strong>:<\/strong><\/p> <p><strong>\u00a0 \u00a0 \u00a0 \u00a0 \u00a02007, XXVIII.<\/strong> <strong>National Students\u2019 Research Congress<\/strong> &#8211; Special Award<\/p> <p><strong>\u00a0 \u00a0 \u00a0 \u00a0 \u00a0<\/strong><strong>2006, SzIE-Veterinary Faculty Students\u2019 Research Congress<\/strong>\u2013 1st prize and Special Award of the Rector<\/p> <p><strong>AWARDS WON BY TUTORED STUDENTS<\/strong><\/p> <p style=\"padding-left: 60px\"><strong>2022, <\/strong><strong>\u00c1TE <\/strong><strong>Students\u2019 Research Congress <\/strong>\u2013 Award of the Elanco Hungary Kft.<\/p> <p style=\"padding-left: 60px\"><strong>2022, <\/strong><strong>\u00c1TE <\/strong><strong>Students\u2019 Research Congress <\/strong>\u2013 Award of the Hungarian Veterinary Chamber (Cerny Claudia)<\/p> <p style=\"padding-left: 60px\"><strong>2021, <\/strong><strong>\u00c1TE <\/strong><strong>Students\u2019 Research Congress <\/strong>\u2013Fenyves B\u00e9la memorial award (Bakarecz Fanni)<\/p> <p style=\"padding-left: 60px\"><strong>2020, <\/strong><strong>\u00c1TE <\/strong><strong>Students\u2019 Research Congress <\/strong>&#8211; Zoetis Award (R\u00fcck, Shannon)<\/p> <p style=\"padding-left: 60px\"><strong>2020, <\/strong><strong>\u00c1TE <\/strong><strong>Students\u2019 Research Congress <\/strong>&#8211; KRKA Hunagary Award (Szilassy Veronika)<\/p> <p style=\"padding-left: 60px\"><strong>2020, <\/strong><strong>\u00c1TE <\/strong><strong>Students\u2019 Research Congress <\/strong>\u2013 Award of the Center for Continuing Education and Research Organization (Alf\u00f6ldi Roz\u00e1lia)<\/p> <p style=\"padding-left: 60px\"><strong>2019, <\/strong><strong>\u00c1TE <\/strong><strong>Students\u2019 Research Congress <\/strong>\u2013 Awardof the Royal Canin (Bozsik Anett)<\/p> <p style=\"padding-left: 60px\"><strong>2018, \u00c1TE <\/strong><strong>Students\u2019 Research Congress &#8211; <\/strong>Professor Emeritus Award of Prof. Dr. Ferenc Kov\u00e1cs (Mil\u00e1n Kondor)<\/p> <p style=\"padding-left: 60px\"><strong>2016, \u00c1TE <\/strong><strong>Students\u2019 Research Congress \u2013 <\/strong>Award of the Vide-Vet Kft. (Helena Waid)<\/p> <p style=\"margin-left: 45.0pt\"><strong>2015, <\/strong><strong>SzIE-Veterinary Faculty Students\u2019 Research Congress &#8211; <\/strong>Award of the Hungarian Small Animal Veterinary Association (Bianka Zank\u00f3)<\/p> <p style=\"margin-left: 45.0pt\"><strong>2015, <\/strong><strong>National Students\u2019 Research Congress <\/strong>\u2013 Special award (D\u00e1vid Prevics)<\/p> <p style=\"margin-left: 45.0pt\"><strong>2014, <\/strong><strong>SzIE-Veterinary Faculty Students\u2019 Research Congress &#8211; <\/strong>Award of the Hungarian Small Animal Veterinary Association (Bianka Benedek)<\/p> <p style=\"margin-left: 45.0pt\"><strong>2014, <\/strong><strong>SzIE-Veterinary Faculty Students\u2019 Research Congress &#8211; <\/strong>Special award of the Student government (D\u00e1vid Prevics)<\/p> <p style=\"margin-left: 45.0pt\"><strong>2014, <\/strong><strong>SzIE-Veterinary Faculty Students\u2019 Research Congress \u2013 <\/strong>Professor Emeritus Award of Prof. Dr. Ferenc Kov\u00e1cs (D\u00e1vid Prevics)<\/p> <p style=\"margin-left: 45.0pt\"><strong>2013, <\/strong><strong>SzIE-Veterinary Faculty Students\u2019 Research Congress &#8211;<\/strong> 1st prize and Special Award of the Rector (Martin Bilger)<\/p> <p><strong>PUBLICATIONS: <\/strong><\/p> <p style=\"padding-left: 30px\">Petneh\u00e1zy \u00d6., R\u00fcck S., S\u00f3s E., <u>Reinitz L.<\/u>: <strong>3D Reconstruction of the Blood Supply in an Elephant\u2019s Forefoot Using Fused CT and MRI Sequences<\/strong>. Animals. 13. 1789. 10.3390\/ani13111789.<\/p> <p style=\"padding-left: 30px\">R\u00fcck S., <u>Reinitz L.<\/u>, Petneh\u00e1zy \u00d6.:\u00a0<strong>3D reconstruction and analyses of the anatomy of an elephant\u2019s foot using CT and MRI.\u00a0<\/strong><em>25th Graz Conference; Budapest 2022.04.21-23<\/em><\/p> <p style=\"padding-left: 30px\">Alf\u00f6ldi R., <u>Reinitz L.<\/u>, Garamv\u00f6lgyi R., K\u0151r\u00f6si D., Petneh\u00e1zy \u00d6.: <strong>A kutyasz\u00edv anat\u00f3mi\u00e1j\u00e1nak vizsg\u00e1lata multidetector CT alkalmaz\u00e1s\u00e1val<\/strong>. Magyar \u00c1llatorvosok Lapja, 144. \u00e9vf., 2022\/6 pp. 397-409<\/p> <p style=\"padding-left: 30px\"><u>Reinitz L.:\u00a0<\/u><strong>Introduction to the 3D projector and its possibilities in teaching anatomy.\u00a0<\/strong><em>25th Graz Conference; Budapest 2022.04.21-23<\/em><\/p> <p style=\"padding-left: 30px\"><u>Reinitz L<\/u>.,\u00a0 Bajzik G., Garamv\u00f6lgyi R., Benedek B., Petneh\u00e1zy \u00d6., Lass\u00f3 A., Abonyi-T\u00f3th Zs., L\u0151rincz B., S\u00f3tonyi P.: <strong>Linear relationship found between cerebrospinal fluid volume and bodyweight in dogs with MRI<\/strong>. Acta Veterinaria Hungarica. 2017 Mar;65(1):1-12. doi: 10.1556\/004.2017.001.<\/p> <p style=\"padding-left: 30px\"><u>Reinitz L.<\/u>, Sz\u0151ke B., V\u00e1rkonyi E., S\u00f3tonyi P., Jancsik V.: <strong>Three-dimensional visualization of the distribution of melanin-concentrating hormone producing neurons in the mouse hypothalamus<\/strong>. Journal of Chemical Neuroanatomy. 2016 Jan; 71:20-5. doi: 10.1016\/j.jchemneu.2015.11.009.<\/p> <p style=\"padding-left: 30px\"><u>Reinitz L.<\/u>, Bajzik G., Garamv\u00f6lgyi R., Petneh\u00e1zy \u00d6., Lass\u00f3 A., Abonyi-T\u00f3th Zs., L\u0151rincz B., S\u00f3tonyi P.: <strong>Comparison between magnetic resonance imaging estimates of extracranial cerebrospinal fluid volume and physical measurements in healthy dogs<\/strong>. Veterinary Radiology and Ultrasound. 2015 Nov-Dec; 56(6):658-65. doi: 10.1111\/vru.12283.<\/p> <p style=\"padding-left: 30px\"><u>Reinitz L.<\/u>, Petneh\u00e1zy \u00d6., Bajzik G., Bir\u00f3 G., Garamv\u00f6lgyi R., Benedek B., S\u00f3tonyi P.: <strong>M\u00f3dszer a kutya (Canis familiaris) agykamr\u00e1inak in vivo t\u00e9rfogatm\u00e9r\u00e9s\u00e9re MRI-vel.\u00a0<\/strong>Magyar \u00c1llatorvosok Lapja 135. \u00e9vf. 2013\/8 pp. 451-460 (IF.:0,185)<\/p> <p style=\"padding-left: 30px\"><u>Reinitz L.<\/u>: <strong>A v\u00e1ll\u00edz\u00fclet \u00e9s a k\u00f6ny\u00f6k\u00edz\u00fclet anat\u00f3mi\u00e1ja kuty\u00e1ban \u00e9s macsk\u00e1ban.\u00a0<\/strong>Kis\u00e1llatpraxis, 2010., 3\/94.<\/p> <p style=\"padding-left: 30px\">\u00d3zsv\u00e1ri L., <u>Reinitz L.<\/u>: <strong>Labork\u00e9sz\u00fcl\u00e9kek \u00fczemeltet\u00e9s\u00e9nek k\u00f6lts\u00e9ghat\u00e9konys\u00e1ga a hazai kis\u00e1llatpraxisokban.\u00a0<\/strong>Magyar \u00c1llatorvosok Lapja, 129. \u00e9vf. 2007\/11 pp. 689-698 (IF.:0,185)<\/p> <p style=\"padding-left: 30px\"><u>Reinitz L<\/u>., Bajzik G., Garamv\u00f6lgyi R., Petneh\u00e1zy \u00d6., Benedek B., Abonyi-T\u00f3th Zs., S\u00f3tonyi P.:\u00a0<strong>Relationship between asymmetry of the lateral ventricles and the paw preference.\u00a0<\/strong><em>32nd Congress of European Association of Veterinary Anatomists; Hannover 2018.07.25-28<\/em><\/p> <p style=\"padding-left: 30px\">Kondor M.,<u> Reinitz L<\/u>.:\u00a0<strong>Interesting aspects of the topographic anatomy of the ostrich (Struthio camelus).\u00a0<\/strong><em>32nd Congress of European Association of Veterinary Anatomists; Hannover 2018.07.25-28<\/em><\/p> <p style=\"padding-left: 30px\"><u>Reinitz L<\/u>., Kov\u00e1cs T., Veres D.:\u00a0<strong>IOS based 3D application of the skeleton of the dog.\u00a0<\/strong><em>8th meeting of Young Generation of Veterinary Anatomists; Poznan, 2015.07.15-17<\/em><\/p> <p style=\"padding-left: 30px\">Prevics D, <u>Reinitz L.<\/u>, Petneh\u00e1zy O., Garamv\u00f6lgyi R., Bajzik G., S\u00f3tonyi P.:\u00a0<strong>Demonstrating the anatomy of the canine heart using MRI based 3D reconstruction technology.\u00a0<\/strong><em>8th meeting of Young Generation of Veterinary Anatomists; Poznan, 2015.07.15-17<\/em><\/p> <p style=\"padding-left: 30px\"><u>Reinitz L.<\/u>, Bajzik G., Garamv\u00f6lgyi R., Benedek B., Petneh\u00e1zy \u00d6., Lass\u00f3 A., Abonyi-T\u00f3th Z., L\u0151rincz B., S\u00f3tonyi P.:\u00a0<strong>Volume and distribution of the cerebrospinal fluid in dogs.\u00a0<\/strong><em>Magyar Anat\u00f3mus T\u00e1rsas\u00e1g XIX. Kongresszusa; Szeged; 2015. 06.11-13<\/em><\/p> <p style=\"padding-left: 30px\">Prevics D., <u>Reinitz L.<\/u>, Petneh\u00e1zy \u00d6., Garamv\u00f6lgyi R., Bajzik G., S\u00f3tonyi P.:\u00a0<strong>Demonstrating the anatomy of the canine heart using MRI based 3D reconstruction technology.\u00a0<\/strong><em>Magyar Anat\u00f3mus T\u00e1rsas\u00e1g XIX. Kongresszusa; Szeged; 2015. 06.11-13.<\/em><\/p> <p style=\"padding-left: 30px\"><u>Reinitz L.<\/u>, Bajzik G.. Garamv\u00f6lgyi R., Petneh\u00e1zy \u00d6., Lass\u00f3 A., Abonyi-T\u00f3th Z., L\u0151rincz B., Benedek B., S\u00f3tonyi P.:\u00a0<strong>Volumetric measurements of the canine cerebrospinal fluid using magnetic resonance imaging.\u00a0<\/strong><em>Anatomia Histologia Embryologia. 2014 (43\/1) P.76-77.\u00a0<\/em><em>The XXXth Congress of the European Association of Veterinary Anatomists; Cluj-Napoca; 2014.07. 23-26<\/em><\/p> <p style=\"padding-left: 30px\">Zank\u00f3 B., <u>Reinitz L.<\/u>, Csontos G., Kov\u00e1cs T., Arany-T\u00f3th A., S\u00f3tonyi P.:<strong>Three-dimensional model of the skeletal and vascular system of the dog\u2019s forelimb.\u00a0<\/strong><em>Anatomia Histologia Embryologia. 2014 (43\/1) P.101.\u00a0<\/em><em>The XXXth Congress of the European Association of Veterinary Anatomists; Cluj-Napoca; 2014.07. <\/em><em>23-26<\/em><\/p> <p style=\"padding-left: 30px\"><u>Reinitz L.<\/u>, Sz\u0151ke B., Gerics B., S\u00f3tonyi P., Jancsik V.:\u00a0<strong>3-D reconstruction of the distribution of melanin-concentrating hormone producing neurons in the mouse hypothalamus.\u00a0<\/strong><em>International Brain Research Organization Workshop 2014; Debrecen, 2014.01.16-17.\u00a0<\/em><u>Reinitz L.<\/u>, Petneh\u00e1zy \u00d6., Bajzik G., Kov\u00e1cs T., Arany-T\u00f3th A., Lass\u00f3 A., Bilger M., Czeibert K., S\u00f3tonyi P.<\/p> <p style=\"padding-left: 30px\"><strong>The use of 3D Slicer and 3DS Max for anatomical demonstration:\u00a0<\/strong><em>7th meeting of Young Generation of Veterinary Anatomists; Leipzig, 2013.07.17-20.<\/em><\/p> <p style=\"padding-left: 30px\">Bilger M., <u>Reinitz L.<\/u>, Czeibert K., S\u00f3tonyi P.:\u00a0<strong>Topographical and clinical anatomy of the guttural pouch in horse.\u00a0<\/strong><em>7th meeting of Young Generation of Veterinary Anatomists; Leipzig, 2013.07.17-20.<\/em><\/p> <p style=\"padding-left: 30px\"><u>Reinitz L.<\/u>, Petneh\u00e1zy \u00d6., Bajzik G., Bir\u00f3 G., Garamv\u00f6lgyi R., Benedek B., S\u00f3tonyi P.:\u00a0<strong>M\u00f3dszer a kutya (Canis familiaris) agykamr\u00e1inak in vivo t\u00e9rfogatm\u00e9r\u00e9s\u00e9re MRI-vel.\u00a0<\/strong><em>Magyar Anat\u00f3mus T\u00e1rsas\u00e1g XVIII. Kongresszusa; Budapest; 2013. 06.13-15.<\/em><\/p> <p style=\"padding-left: 30px\">Szak\u00e1cs Cs., <u>Reinitz L.:\u00a0<\/u><strong>Muze\u00e1lis \u00e9rt\u00e9k\u0171, anat\u00f3mia oktat\u00e1s\u00e1ra haszn\u00e1lt l\u00f3 szobor fel\u00faj\u00edt\u00e1sa.\u00a0<\/strong><em>Magyar Anat\u00f3mus T\u00e1rsas\u00e1g XVIII. Kongresszusa; Budapest; 2013. 06.13-15<\/em><\/p> <p style=\"padding-left: 30px\">Bilger M., <u>Reinitz L<\/u>., Czeibert K., S\u00f3tonyi P.:\u00a0<strong>A l\u00f3 l\u00e9gzacsk\u00f3j\u00e1nak klinikai anat\u00f3miai viszonyai.\u00a0<\/strong><em>Magyar Anat\u00f3mus T\u00e1rsas\u00e1g XVIII. Kongresszusa; Budapest; 2013. 06.13-15<\/em><\/p> <\/div>","protected":false},"excerpt":{"rendered":"<p>Office hours: during the semester, every Thursday 12:00-13:00 (Anatomy related issues) Introduction PERSONAL: \u00a0 \u00a0 \u00a0 \u00a0 \u00a0 \u00a0Birth name: L\u00e1szl\u00f3 Zolt\u00e1n R\u00e9v \u00a0 \u00a0 \u00a0 \u00a0 \u00a0 \u00a0Birth date: 25th of April, 1979 \u00a0 \u00a0 \u00a0 \u00a0 \u00a0 \u00a0ORCID: 0000-0002-9927-652X EDUCATION: 2010-2016: PhD in Veterinary Science.\u00a0Szent Istv\u00e1n University, Faculty of Veterinary Science,\u00a0School of Doctoral<\/p>\n","protected":false},"author":5824,"featured_media":0,"parent":857,"menu_order":211,"comment_status":"closed","ping_status":"closed","template":"","meta":{"_acf_changed":false,"footnotes":""},"categories":[19],"tags":[],"class_list":["post-4547","page","type-page","status-publish","hentry","category-staff"],"acf":[],"_links":{"self":[{"href":"https:\/\/univet.hu\/en\/wp-json\/wp\/v2\/pages\/4547","targetHints":{"allow":["GET"]}}],"collection":[{"href":"https:\/\/univet.hu\/en\/wp-json\/wp\/v2\/pages"}],"about":[{"href":"https:\/\/univet.hu\/en\/wp-json\/wp\/v2\/types\/page"}],"author":[{"embeddable":true,"href":"https:\/\/univet.hu\/en\/wp-json\/wp\/v2\/users\/5824"}],"replies":[{"embeddable":true,"href":"https:\/\/univet.hu\/en\/wp-json\/wp\/v2\/comments?post=4547"}],"version-history":[{"count":4,"href":"https:\/\/univet.hu\/en\/wp-json\/wp\/v2\/pages\/4547\/revisions"}],"predecessor-version":[{"id":191602,"href":"https:\/\/univet.hu\/en\/wp-json\/wp\/v2\/pages\/4547\/revisions\/191602"}],"up":[{"embeddable":true,"href":"https:\/\/univet.hu\/en\/wp-json\/wp\/v2\/pages\/857"}],"wp:attachment":[{"href":"https:\/\/univet.hu\/en\/wp-json\/wp\/v2\/media?parent=4547"}],"wp:term":[{"taxonomy":"category","embeddable":true,"href":"https:\/\/univet.hu\/en\/wp-json\/wp\/v2\/categories?post=4547"},{"taxonomy":"post_tag","embeddable":true,"href":"https:\/\/univet.hu\/en\/wp-json\/wp\/v2\/tags?post=4547"}],"curies":[{"name":"wp","href":"https:\/\/api.w.org\/{rel}","templated":true}]}}