{"id":4628,"date":"2017-03-29T17:02:00","date_gmt":"2017-03-29T15:02:00","guid":{"rendered":"http:\/\/univet.hu\/about\/staff\/somogyi-zoltan\/"},"modified":"2026-02-10T04:30:31","modified_gmt":"2026-02-10T03:30:31","slug":"somogyi-zoltan","status":"publish","type":"page","link":"https:\/\/univet.hu\/en\/about\/staff\/somogyi-zoltan\/","title":{"rendered":"Somogyi Zolt\u00e1n"},"content":{"rendered":"<p style=\"font-family: impact, sans-serif;\" align=\"justify\">Introduction<\/p> <p align=\"justify\">Dr. Zolt\u00e1n Somogyi was born in Debrecen and continued his grammar school years here. He graduated from the University of Veterinary Medicine in 2017 as a doctor of veterinary medicine and in the same year he started his PhD studies at the Department of Pharmacology and Toxicology of the University. At the same time, since graduating from the University, he has also been active in the pig sector as a caring veterinarian. His research topic is based on the study of the pharmacokinetic and pharmacodynamic properties of antibiotics, mainly in pigs and in bacterial strains isolated from pigs. He is a supervisor of 2-3 students on an ongoing basis and an active participant in several departmental research projects.<\/p> <hr align=\"center\" size=\"5\" width=\"60%\" \/> <p><span style=\"font-family: impact, sans-serif;\">Progress<\/span><\/p> <table style=\"height: 58px; width: 361px;\" width=\"218\"> <tbody> <tr> <td style=\"width: 69.9219px;\">2017 &#8211;<\/td> <td style=\"width: 275.078px; text-align: center;\">PhD-student<\/td> <\/tr> <tr> <td style=\"width: 69.9219px;\">2021-<\/td> <td style=\"width: 275.078px; text-align: center;\">assistant professor<\/td> <\/tr> <\/tbody> <\/table> <p>&nbsp;<\/p> <hr align=\"center\" size=\"5\" width=\"60%\" \/> <p><span style=\"font-family: impact, sans-serif;\">Publication list (Top10)<\/span><\/p> <p style=\"text-align: center;\">MTMT:\u00a0<a href=\"https:\/\/m2.mtmt.hu\/gui2\/?type=authors&amp;mode=browse&amp;sel=authors10068730\">https:\/\/m2.mtmt.hu\/gui2\/?type=authors&amp;mode=browse&amp;sel=authors10068730<\/a><\/p> <table style=\"height: 302px; width: 1140px;\" width=\"1140\"> <tbody> <tr style=\"height: 86px;\"> <td style=\"width: 36px; height: 86px; text-align: center;\">1.<\/td> <td style=\"width: 1088px; height: 86px;\">Jerzsele, \u00c1kos ; Somogyi, Zolt\u00e1n ; Szalai, M\u00e1ria ; Kov\u00e1cs, D\u00f3ra A ferment\u00e1lt b\u00fazacs\u00edra-kivonat hat\u00e1sa brojlercsirk\u00e9k mesters\u00e9ges Salmonella Typhimurium fert\u0151z\u00e9s\u00e9re MAGYAR \u00c1LLATORVOSOK LAPJA 142 : 2 pp. 77-85. , 9 p. (2020)<\/td> <\/tr> <tr style=\"height: 54px;\"> <td style=\"width: 36px; height: 54px; text-align: center;\">2.<\/td> <td style=\"width: 1088px; height: 54px;\">Somogyi, Zolt\u00e1n ; Karancsi, Zita ; Jerzsele, \u00c1kos Farmakokinetika\/farmakodin\u00e1mia (PK\/PD) megk\u00f6zel\u00edt\u00e9s az \u00e1llatgy\u00f3gy\u00e1szatban : Irodalmi \u00f6sszefoglal\u00f3 MAGYAR \u00c1LLATORVOSOK LAPJA 140 : 1 pp. 37-46. , 10 p. (2018)<\/td> <\/tr> <tr style=\"height: 54px;\"> <td style=\"width: 36px; height: 54px; text-align: center;\">3.<\/td> <td style=\"width: 1088px; height: 54px;\">Veres, AM ; Somogyi, Z ; Jerzsele, A In vitro toxicity of gentamicin, tobramycin, amikacin and spectinomycin on bovine kidney derived MDBK cell line JOURNAL OF VETERINARY PHARMACOLOGY AND THERAPEUTICS 41 : 1 pp. 103-103. , 1 p. (2018)<\/td> <\/tr> <tr style=\"height: 54px;\"> <td style=\"width: 36px; height: 54px; text-align: center;\">4.<\/td> <td style=\"width: 1088px; height: 54px;\">Jerzsele, \u00c1kos ; Kov\u00e1cs, D\u00f3ra ; Somogyi, Zolt\u00e1n Az oklacitinib, egy \u00faj Janus-kin\u00e1zg\u00e1tl\u00f3 hat\u00f3anyag kuty\u00e1k at\u00f3pi\u00e1s b\u0151rgyullad\u00e1s\u00e1nak \u00e9s egy\u00e9b, viszket\u00e9ssel j\u00e1r\u00f3 megbeteged\u00e9seinek kezel\u00e9s\u00e9re : Irodalmi \u00f6sszefoglal\u00f3 MAGYAR \u00c1LLATORVOSOK LAPJA 139 : 9 pp. 545-552. , 8 p. (2017)<\/td> <\/tr> <tr style=\"height: 31px;\"> <td style=\"width: 36px; height: 31px; text-align: center;\">5.<\/td> <td style=\"width: 1088px; height: 31px;\">Jerzsele, \u00c1kos ; Somogyi, Zolt\u00e1n ; Kov\u00e1cs, D\u00f3ra ; G\u00e1l, J\u00e1nos A f\u00e9regellenes kezel\u00e9sek jelent\u0151s\u00e9ge \u00e9s lehet\u0151s\u00e9gei az intenz\u00edv baromfitart\u00e1sban MAGYAR \u00c1LLATORVOSOK LAPJA 139 : 7 pp. 397-404. , 8 p. (Somogyi, Zolt\u00e1n ; Pal\u00f3cz, Orsolya ; G\u00e1l, J\u00e1nos ; Csik\u00f3, Gy\u00f6rgy<\/td> <\/tr> <tr style=\"height: 23px;\"> <td style=\"width: 36px; height: 23px; text-align: center;\">6.<\/td> <td style=\"width: 1088px; height: 23px;\">Az Echinacea purpurea hat\u00e9konys\u00e1g\u00e1nak vizsg\u00e1lata nyulak P. multocida fert\u0151z\u00e9s\u00e9ben: Investigation of the activity of Echinacea purpurea in P. multocida infection of rabbits MAGYAR \u00c1LLATORVOSOK LAPJA 138 : 3 pp. 169-176. , 8 p. (2016)2017)<\/td> <\/tr> <tr> <td style=\"width: 36px; text-align: center;\">7.<\/td> <td style=\"width: 1088px;\">Palocz, O ; Gal, J ; Clayton, P ; Dinya, Z ; Somogyi, Z ; Juhasz, C ; Csiko, G Alternative treatment of serious and mild Pasteurella multocida infection in New Zealand White rabbits. BMC VETERINARY RESEARCH 10 : 1 Paper: 276 , 7 p. (2014)<\/td> <\/tr> <\/tbody> <\/table> <p>&nbsp;<\/p> <p>(Updated: August 2021)<\/p>","protected":false},"excerpt":{"rendered":"<p>Introduction Dr. Zolt\u00e1n Somogyi was born in Debrecen and continued his grammar school years here. He graduated from the University of Veterinary Medicine in 2017 as a doctor of veterinary medicine and in the same year he started his PhD studies at the Department of Pharmacology and Toxicology of the University. At the same time,<\/p>\n","protected":false},"author":5824,"featured_media":0,"parent":857,"menu_order":210,"comment_status":"closed","ping_status":"closed","template":"","meta":{"_acf_changed":false,"footnotes":""},"categories":[19],"tags":[],"class_list":["post-4628","page","type-page","status-publish","hentry","category-staff"],"acf":[],"_links":{"self":[{"href":"https:\/\/univet.hu\/en\/wp-json\/wp\/v2\/pages\/4628","targetHints":{"allow":["GET"]}}],"collection":[{"href":"https:\/\/univet.hu\/en\/wp-json\/wp\/v2\/pages"}],"about":[{"href":"https:\/\/univet.hu\/en\/wp-json\/wp\/v2\/types\/page"}],"author":[{"embeddable":true,"href":"https:\/\/univet.hu\/en\/wp-json\/wp\/v2\/users\/5824"}],"replies":[{"embeddable":true,"href":"https:\/\/univet.hu\/en\/wp-json\/wp\/v2\/comments?post=4628"}],"version-history":[{"count":1,"href":"https:\/\/univet.hu\/en\/wp-json\/wp\/v2\/pages\/4628\/revisions"}],"predecessor-version":[{"id":200096,"href":"https:\/\/univet.hu\/en\/wp-json\/wp\/v2\/pages\/4628\/revisions\/200096"}],"up":[{"embeddable":true,"href":"https:\/\/univet.hu\/en\/wp-json\/wp\/v2\/pages\/857"}],"wp:attachment":[{"href":"https:\/\/univet.hu\/en\/wp-json\/wp\/v2\/media?parent=4628"}],"wp:term":[{"taxonomy":"category","embeddable":true,"href":"https:\/\/univet.hu\/en\/wp-json\/wp\/v2\/categories?post=4628"},{"taxonomy":"post_tag","embeddable":true,"href":"https:\/\/univet.hu\/en\/wp-json\/wp\/v2\/tags?post=4628"}],"curies":[{"name":"wp","href":"https:\/\/api.w.org\/{rel}","templated":true}]}}