{"id":4637,"date":"2018-03-07T17:10:00","date_gmt":"2018-03-07T16:10:00","guid":{"rendered":"http:\/\/univet.hu\/about\/staff\/sotonyi-peter\/"},"modified":"2026-02-10T04:30:34","modified_gmt":"2026-02-10T03:30:34","slug":"sotonyi-peter","status":"publish","type":"page","link":"https:\/\/univet.hu\/en\/about\/staff\/sotonyi-peter\/","title":{"rendered":"S\u00f3tonyi P\u00e9ter"},"content":{"rendered":"<p>&nbsp;<\/p> <h2>Introduction<\/h2> <div> <p>Personal data:<br \/> Name: S\u00f3tonyi P\u00e9ter<br \/> Birth: Mosonmagyar\u00f3v\u00e1r, 1954. 27th of Sept.<br \/> Mother: Behofsich Erzs\u00e9bet<br \/> Married to Sz\u0171ts L\u00edvia, music teacher<br \/> Kids: Kata (borned: 1985.), Tam\u00e1s (borned: 1990.)<\/p> <p>Education:<br \/> High School: Kossuth Lajos Gimn\u00e1zium, Mosonmagyar\u00f3v\u00e1r (1969-1973)<br \/> University: University of Veterinary Science, Budapest (1973-1979)<br \/> Scientific degree: MTA\u00a0(DSc, 2013)<br \/> Language: Mid-level German, mid-level English<\/p> <p>Workplaces, leadership mandates:<\/p> <p>1979: University of Veterinary Science, Department of Anatomy and Histology<br \/> 1982 &#8211; 1985: Semmelweis University of Medical Science, Institute for Biology, scholar<br \/> since 1985: University of Veterinary Science (between 2000. 1st of January- 2016., 30th of June: Szent Istv\u00e1n University, Faculty of Veterinary Science,\u00a0Department of Anatomy and Histology)<br \/> 2001-ongoing: Professor, Head of Department<br \/> 2012-2016: Dean<br \/> 2016-ongoing: Rector<\/p> <\/div> <h2>Activity<\/h2> <div> <p>Teaching<br \/> mandatory courses<br \/> Anatomy<br \/> Topographical Anatomy<br \/> Biology<\/p> <p>Optional courses<br \/> X-Ray Anatomy for veterinarian<br \/> Apllied surgical anatomy<br \/> Archeological anatomy<br \/> History of the hungarian veterinary training<br \/> Organogenesis<br \/> Anatomy of the birds<\/p> <p>Supervisor in thesis, TDK and Phd:<br \/> Thesis and veterinary degree: 8<br \/> TDK: 17<br \/> PhD: 6 finished, 2 in process<\/p> <p>Scientific publications: 48<br \/> Impact factor: 75.5<br \/> Independent citation: 987<\/p> <p>&nbsp;<\/p> <\/div> <p><a href=\"http:\/\/www.univet.hu\/sc1\/user.php?id=12&amp;lang=hu\" data-replaced=\"true\" target=\"_blank\" rel=\"noopener\">Own homepage<\/a><\/p>","protected":false},"excerpt":{"rendered":"<p>&nbsp; Introduction Personal data: Name: S\u00f3tonyi P\u00e9ter Birth: Mosonmagyar\u00f3v\u00e1r, 1954. 27th of Sept. Mother: Behofsich Erzs\u00e9bet Married to Sz\u0171ts L\u00edvia, music teacher Kids: Kata (borned: 1985.), Tam\u00e1s (borned: 1990.) Education: High School: Kossuth Lajos Gimn\u00e1zium, Mosonmagyar\u00f3v\u00e1r (1969-1973) University: University of Veterinary Science, Budapest (1973-1979) Scientific degree: MTA\u00a0(DSc, 2013) Language: Mid-level German, mid-level English Workplaces, leadership<\/p>\n","protected":false},"author":5824,"featured_media":0,"parent":857,"menu_order":210,"comment_status":"closed","ping_status":"closed","template":"","meta":{"_acf_changed":false,"footnotes":""},"categories":[19],"tags":[],"class_list":["post-4637","page","type-page","status-publish","hentry","category-staff"],"acf":[],"_links":{"self":[{"href":"https:\/\/univet.hu\/en\/wp-json\/wp\/v2\/pages\/4637","targetHints":{"allow":["GET"]}}],"collection":[{"href":"https:\/\/univet.hu\/en\/wp-json\/wp\/v2\/pages"}],"about":[{"href":"https:\/\/univet.hu\/en\/wp-json\/wp\/v2\/types\/page"}],"author":[{"embeddable":true,"href":"https:\/\/univet.hu\/en\/wp-json\/wp\/v2\/users\/5824"}],"replies":[{"embeddable":true,"href":"https:\/\/univet.hu\/en\/wp-json\/wp\/v2\/comments?post=4637"}],"version-history":[{"count":1,"href":"https:\/\/univet.hu\/en\/wp-json\/wp\/v2\/pages\/4637\/revisions"}],"predecessor-version":[{"id":200100,"href":"https:\/\/univet.hu\/en\/wp-json\/wp\/v2\/pages\/4637\/revisions\/200100"}],"up":[{"embeddable":true,"href":"https:\/\/univet.hu\/en\/wp-json\/wp\/v2\/pages\/857"}],"wp:attachment":[{"href":"https:\/\/univet.hu\/en\/wp-json\/wp\/v2\/media?parent=4637"}],"wp:term":[{"taxonomy":"category","embeddable":true,"href":"https:\/\/univet.hu\/en\/wp-json\/wp\/v2\/categories?post=4637"},{"taxonomy":"post_tag","embeddable":true,"href":"https:\/\/univet.hu\/en\/wp-json\/wp\/v2\/tags?post=4637"}],"curies":[{"name":"wp","href":"https:\/\/api.w.org\/{rel}","templated":true}]}}