{"id":4739,"date":"2017-10-17T16:56:00","date_gmt":"2017-10-17T14:56:00","guid":{"rendered":"http:\/\/univet.hu\/about\/staff\/szilasi-anna\/"},"modified":"2026-02-10T04:30:38","modified_gmt":"2026-02-10T03:30:38","slug":"szilasi-anna","status":"publish","type":"page","link":"https:\/\/univet.hu\/en\/about\/staff\/szilasi-anna\/","title":{"rendered":"Szilasi Anna"},"content":{"rendered":"<p style=\"text-align: center;\"><strong>Introduction<\/strong><\/p> <p>I received my veterinary degree in 2014 at the Faculty of Veterinary Medicine of the then Szent Istv\u00e1n University. This year I started working as a departmental veterinarian at the Department of Pathology. After that, under the supervision of Dr. Gyula Balka, I have been working as a PhD student since September 2015, then as a department veterinarian from 2018, then as a university teaching assistant, and from 2022 as an assistant professor at the Department of Pathology of the University of Veterinary Medicine, where I have been actively involved in diagnostic work and education from the beginning , and in research. From 2014, in addition to pathology, I also gained clinical experience: first I participated in outpatient and intensive care for 2 years at the Department and Clinic of the University of Veterinary Medicine, then from 2016 I provided outpatient care for exotic animals at the Budatet\u00e9ny Veterinary Hospital until 2018. Currently, I give pathology, plenary and histopathology exercises as well as lectures in Hungarian and English for third- and fourth-year students. In the department, I am also responsible for performing and evaluating the necropsy part of animal experiments, as well as administrative activities related to education (website, Moodle, student contact).<\/p> <p><strong>Main research areas:<\/strong><\/p> <ul> <li>Development of diagnostic procedures for the presence of feline retroviruses (FIV, FeLV), with a strong emphasis on molecular biology and in situ hybridization test methods<\/li> <li>Pathological examination of feline infectious diseases, with special regard to histopathological and molecular biological procedures<\/li> <li>Detection of feline viral diseases on Hungarian samples, prevalence studies (leukemia virus, immunodeficiency virus, hepadnavirus, morbillivirus, alpha and gamma herpesvirus)<\/li> <li>Pathological and molecular biological investigation of COVID-19 in domestic and wild felines<\/li> <\/ul> <p><strong>Progress:<\/strong><\/p> <p>Graduation: Kosztol\u00e1nyi Dezs\u0151 Elementary School and High School, Budapest, 2008<\/p> <p>Higher education:<\/p> <p>SZIE \u00c1OTK \u2013 Doctor of Veterinary Medicine, 2014, 73\/2014<\/p> <p>Scientific progress:<\/p> <p>\u00c1TE \u2013 PhD, 2021 (Assessment of domestic occurrence of feline retroviruses using molecular biological methods, genetic testing of some viruses)<\/p> <p><strong>Professional organization membership<\/strong><\/p> <table style=\"height: 310px;\" width=\"840\" data-tablestyle=\"MsoTableGrid\" data-tablelook=\"1184\" aria-rowcount=\"5\"> <tbody> <tr aria-rowindex=\"1\"> <td style=\"width: 445.25px; text-align: center;\" data-celllook=\"0\"><strong>Committee name<\/strong><\/td> <td style=\"width: 75.6833px; text-align: center;\" data-celllook=\"0\"><span data-ccp-props=\"{&quot;134233118&quot;:true,&quot;201341983&quot;:0,&quot;335551550&quot;:2,&quot;335551620&quot;:2,&quot;335559740&quot;:259}\"><b>Time<\/b>\u00a0<\/span><\/td> <td style=\"width: 297.067px; text-align: center;\" data-celllook=\"0\"><span data-ccp-props=\"{&quot;134233118&quot;:true,&quot;201341983&quot;:0,&quot;335551550&quot;:2,&quot;335551620&quot;:2,&quot;335559740&quot;:259}\"><b>Rank<\/b>\u00a0<\/span><\/td> <\/tr> <tr aria-rowindex=\"2\"> <td style=\"width: 445.25px; text-align: center;\" data-celllook=\"0\">Workplace Animal Welfare Committee<\/td> <td style=\"width: 75.6833px; text-align: center;\" data-celllook=\"0\"><span data-contrast=\"none\">2020\u2013<\/span><span data-ccp-props=\"{&quot;134233118&quot;:true,&quot;201341983&quot;:0,&quot;335559740&quot;:259}\">\u00a0<\/span><\/td> <td style=\"width: 297.067px; text-align: center;\" data-celllook=\"0\">member<\/td> <\/tr> <tr aria-rowindex=\"3\"> <td style=\"width: 445.25px; text-align: center;\" data-celllook=\"0\">University Senate<\/td> <td style=\"width: 75.6833px; text-align: center;\" data-celllook=\"0\"> <p><span data-contrast=\"none\">2020\u20132022;<\/span><\/p> <p><span data-ccp-props=\"{&quot;134233118&quot;:true,&quot;201341983&quot;:0,&quot;335559740&quot;:259}\">2024\u2013<\/span><\/td> <td style=\"width: 297.067px; text-align: center;\" data-celllook=\"0\">member (assigned lecturer-researcher)<\/td> <\/tr> <tr aria-rowindex=\"4\"> <td style=\"width: 445.25px; text-align: center;\" data-celllook=\"0\">University Website Committee<\/td> <td style=\"width: 75.6833px; text-align: center;\" data-celllook=\"0\"><span data-contrast=\"none\">2020\u2013<\/span><span data-ccp-props=\"{&quot;134233118&quot;:true,&quot;201341983&quot;:0,&quot;335559740&quot;:259}\">\u00a0<\/span><\/td> <td style=\"width: 297.067px; text-align: center;\" data-celllook=\"0\">memeber<\/td> <\/tr> <tr aria-rowindex=\"5\"> <td style=\"width: 445.25px; text-align: center;\" data-celllook=\"0\"><span data-contrast=\"none\">C.L. Davis and S.W. Thompson Foundation<\/span><span data-ccp-props=\"{&quot;134233118&quot;:true,&quot;201341983&quot;:0,&quot;335559740&quot;:259}\">\u00a0<\/span><\/td> <td style=\"width: 75.6833px; text-align: center;\" data-celllook=\"0\"><span data-contrast=\"none\">2021\u2013<\/span><span data-ccp-props=\"{&quot;134233118&quot;:true,&quot;201341983&quot;:0,&quot;335559740&quot;:259}\">\u00a0<\/span><\/td> <td style=\"width: 297.067px; text-align: center;\" data-celllook=\"0\">member<\/td> <\/tr> <\/tbody> <\/table> <p><strong>Number of thesis\/TDK students to date: 21<\/strong><\/p> <p>&#8211; Supervision of 21 thesis graduate students<\/p> <p>&#8211; Topic supervision of 8 TDK theses<\/p> <p><strong>Number of PhD students to date: 0<\/strong><\/p> <p><strong>Publication list (Top10)<\/strong> in chronological order<\/p> <table style=\"height: 285px;\" width=\"1235\"> <tbody> <tr> <td style=\"width: 35.0333px;\">1.<\/td> <td style=\"width: 1183.97px;\"><span data-contrast=\"auto\">Lakatos, B., Demeter, Z., Palade, A., Mari, V., <\/span><b><span data-contrast=\"auto\">Szilasi, A.,<\/span><\/b><span data-contrast=\"auto\"> Decaro, N., Rusvai, M.: A kuty\u00e1k pantropikus coronav\u00edrusfert\u0151z\u00e9s\u00e9nek kimutat\u00e1sa Magyarorsz\u00e1gon, MAGYAR \u00c1LLATORVOSOK LAPJA, 135. 41-47, 2013.<\/span><span data-ccp-props=\"{&quot;201341983&quot;:0,&quot;335559739&quot;:160,&quot;335559740&quot;:259}\">\u00a0<\/span><\/td> <\/tr> <tr> <td style=\"width: 35.0333px;\">2.<\/td> <td style=\"width: 1183.97px;\"><b><span data-contrast=\"auto\">Szilasi A.,<\/span><\/b><span data-contrast=\"auto\"> Balka Gy.: A macsk\u00e1k retrov\u00edrus fert\u0151z\u00e9sei: Feline Immunodeficiency Virus (FIV) Irodalmi \u00e1ttekint\u00e9s 1. r\u00e9sz, MAGYAR \u00c1LLATORVOSOK LAPJA, 137. 351-360, 2015.<\/span><span data-ccp-props=\"{&quot;201341983&quot;:0,&quot;335559739&quot;:160,&quot;335559740&quot;:259}\">\u00a0<\/span><\/td> <\/tr> <tr> <td style=\"width: 35.0333px;\">3.<\/td> <td style=\"width: 1183.97px;\"><b><span data-contrast=\"auto\">Szilasi A.,<\/span><\/b><span data-contrast=\"auto\"> Reinhard, E., Balka Gy.: A macsk\u00e1k retrov\u00edrus fert\u0151z\u00e9sei: Feline Immunodeficiency Virus (FIV) Irodalmi \u00e1ttekint\u00e9s 2. r\u00e9sz, MAGYAR \u00c1LLATORVOSOK LAPJA, 137. 729-738, 2015<\/span><span data-ccp-props=\"{&quot;201341983&quot;:0,&quot;335559739&quot;:160,&quot;335559740&quot;:259}\">\u00a0<\/span><\/td> <\/tr> <tr> <td style=\"width: 35.0333px;\">4.<\/td> <td style=\"width: 1183.97px;\"><b><span data-contrast=\"auto\">Szilasi, A.,<\/span><\/b><span data-contrast=\"auto\"> D\u00e9nes, L., Balka, Gy.: A macsk\u00e1k retrov\u00edrus fert\u0151z\u00e9sei: Feline Leukemia Virus (FeLV) Irodalmi \u00e1ttekint\u00e9s, MAGYAR \u00c1LLATORVOSOK LAPJA, 140. 457-472, 2018<\/span><span data-ccp-props=\"{&quot;201341983&quot;:0,&quot;335559739&quot;:160,&quot;335559740&quot;:259}\">\u00a0<\/span><\/td> <\/tr> <tr> <td style=\"width: 35.0333px;\">5.<\/td> <td style=\"width: 1183.97px;\"><span data-contrast=\"auto\">D\u00e9nes, L., Biksi, I., Albert, M., Szeredi, L., Knapp, D. G., <\/span><b><span data-contrast=\"auto\">Szilasi, A.<\/span><\/b><span data-contrast=\"auto\">, B\u00e1lint, \u00c1., Balka, Gy.: Detection and phylogenetic characterization of atypicalporcine pestivirus strains in Hungary, TRANSBOUNDARY AND EMERGING DISEASES, 65. 2039-2042, 2018<\/span><span data-ccp-props=\"{&quot;201341983&quot;:0,&quot;335559739&quot;:160,&quot;335559740&quot;:259}\">\u00a0<\/span><\/td> <\/tr> <tr> <td style=\"width: 35.0333px;\">6.<\/td> <td style=\"width: 1183.97px;\"><b><span data-contrast=\"auto\">Szilasi, A.,<\/span><\/b><span data-contrast=\"auto\"> D\u00e9nes, L., Krik\u00f3, E., Heenemann, K., Ertl, R., M\u00e1ndoki, M., Vahlenkamp T. W., Balka, Gy.: Prevalence of feline immunodeficiency virus and feline leukaemia virus in domestic cats in Hungary, JOURNAL OF FELINE MEDICINE AND SURGERY OPEN REPORTS, 5(2). 1-7, 2019.<\/span><span data-ccp-props=\"{&quot;201341983&quot;:0,&quot;335559739&quot;:160,&quot;335559740&quot;:259}\">\u00a0<\/span><\/td> <\/tr> <tr> <td style=\"width: 35.0333px;\">7.<\/td> <td style=\"width: 1183.97px;\"><b><span data-contrast=\"auto\">Szilasi, A.,<\/span><\/b><span data-contrast=\"auto\"> D\u00e9nes, L., Jakab, Cs., Erd\u00e9lyi, I., Resende, T., Vannucci, F., Csomor, J., M\u00e1ndoki, M., Balka, Gy.: In situ hybridization of feline leukemia virus in a primary neural B-cell lymphoma, JOURNAL OF VETERINARY DIAGNOSTIC INVESTIGATION, 32(3). 454-457, 2020<\/span><span data-ccp-props=\"{&quot;201341983&quot;:0,&quot;335559739&quot;:160,&quot;335559740&quot;:259}\">\u00a0<\/span><\/td> <\/tr> <tr> <td style=\"width: 35.0333px;\">8.<\/td> <td style=\"width: 1183.97px;\"><b><span data-contrast=\"auto\">Szilasi, A.,<\/span><\/b><span data-contrast=\"auto\"> D\u00e9nes, L., Krik\u00f3, E., Murray, C., M\u00e1ndoki, M., Balka, Gy.: Prevalence of feline leukaemia virus and feline immunodeficiency virus in domestic cats in Ireland, ACTA VETERINARIA HUNGARICA, 68(4). 413-420, 2020<\/span><span data-ccp-props=\"{&quot;201341983&quot;:0,&quot;335559739&quot;:160,&quot;335559740&quot;:259}\">\u00a0<\/span><\/td> <\/tr> <tr> <td style=\"width: 35.0333px;\">9.<\/td> <td style=\"width: 1183.97px;\"><span data-contrast=\"auto\">Menyh\u00e9rt, Zs., Vizi, Zs., <\/span><b><span data-contrast=\"auto\">Szilasi, A.<\/span><\/b><span data-contrast=\"auto\">: T\u00fcd\u0151-leishmaniasis kuty\u00e1ban, Esetismertet\u00e9s \u00e9s irodalmi \u00e1ttekint\u00e9s, MAGYAR \u00c1LLATORVOSOK LAPJA, 142. 163-176, 2020.<\/span><span data-ccp-props=\"{&quot;201341983&quot;:0,&quot;335559739&quot;:160,&quot;335559740&quot;:259}\">\u00a0<\/span><\/td> <\/tr> <tr> <td style=\"width: 35.0333px;\">10.<\/td> <td style=\"width: 1183.97px;\"><span data-contrast=\"auto\">D\u00e9nes, L., Ruedas-Torres, I., <\/span><b><span data-contrast=\"auto\">Szilasi, A.<\/span><\/b><span data-contrast=\"auto\">, Balka, Gy.: Detection and localization of atypical porcine pestivirus in the testicles of naturally infected, congenital tremor affected piglets, TRANSBOUNDARY AND EMERGING DISEASES, https:\/\/doi.org\/10.1111\/tbed.14355, 2021<\/span><span data-ccp-props=\"{&quot;201341983&quot;:0,&quot;335559739&quot;:160,&quot;335559740&quot;:259}\">\u00a0<\/span><\/td> <\/tr> <\/tbody> <\/table> <p><span data-ccp-props=\"{&quot;134233118&quot;:true,&quot;201341983&quot;:0,&quot;335559739&quot;:160,&quot;335559740&quot;:240}\">\u00a0<\/span><\/p> <p><span data-contrast=\"none\">MTMT ID: 10051881<\/span><span data-ccp-props=\"{&quot;134233118&quot;:true,&quot;201341983&quot;:0,&quot;335559739&quot;:160,&quot;335559740&quot;:240}\">\u00a0<\/span><\/p> <p>&nbsp;<\/p>","protected":false},"excerpt":{"rendered":"<p>Introduction I received my veterinary degree in 2014 at the Faculty of Veterinary Medicine of the then Szent Istv\u00e1n University. This year I started working as a departmental veterinarian at the Department of Pathology. After that, under the supervision of Dr. Gyula Balka, I have been working as a PhD student since September 2015, then<\/p>\n","protected":false},"author":5824,"featured_media":0,"parent":857,"menu_order":210,"comment_status":"closed","ping_status":"closed","template":"","meta":{"_acf_changed":false,"footnotes":""},"categories":[19],"tags":[],"class_list":["post-4739","page","type-page","status-publish","hentry","category-staff"],"acf":[],"_links":{"self":[{"href":"https:\/\/univet.hu\/en\/wp-json\/wp\/v2\/pages\/4739","targetHints":{"allow":["GET"]}}],"collection":[{"href":"https:\/\/univet.hu\/en\/wp-json\/wp\/v2\/pages"}],"about":[{"href":"https:\/\/univet.hu\/en\/wp-json\/wp\/v2\/types\/page"}],"author":[{"embeddable":true,"href":"https:\/\/univet.hu\/en\/wp-json\/wp\/v2\/users\/5824"}],"replies":[{"embeddable":true,"href":"https:\/\/univet.hu\/en\/wp-json\/wp\/v2\/comments?post=4739"}],"version-history":[{"count":1,"href":"https:\/\/univet.hu\/en\/wp-json\/wp\/v2\/pages\/4739\/revisions"}],"predecessor-version":[{"id":200106,"href":"https:\/\/univet.hu\/en\/wp-json\/wp\/v2\/pages\/4739\/revisions\/200106"}],"up":[{"embeddable":true,"href":"https:\/\/univet.hu\/en\/wp-json\/wp\/v2\/pages\/857"}],"wp:attachment":[{"href":"https:\/\/univet.hu\/en\/wp-json\/wp\/v2\/media?parent=4739"}],"wp:term":[{"taxonomy":"category","embeddable":true,"href":"https:\/\/univet.hu\/en\/wp-json\/wp\/v2\/categories?post=4739"},{"taxonomy":"post_tag","embeddable":true,"href":"https:\/\/univet.hu\/en\/wp-json\/wp\/v2\/tags?post=4739"}],"curies":[{"name":"wp","href":"https:\/\/api.w.org\/{rel}","templated":true}]}}