{"id":48182,"date":"2020-01-16T15:38:40","date_gmt":"2020-01-16T14:38:40","guid":{"rendered":"https:\/\/univet.hu\/?page_id=48182"},"modified":"2020-03-19T13:19:57","modified_gmt":"2020-03-19T12:19:57","slug":"great-ancestors","status":"publish","type":"page","link":"https:\/\/univet.hu\/en\/alumni\/hall-of-fame\/great-ancestors\/","title":{"rendered":"Great ancestors"},"content":{"rendered":"<p><strong>We would like to pay our special respects to the achievements of our great ancestors who laid the foundations for the progress and success of today\u2019s Hungarian veterinary medicine.<\/strong><\/p> <table style=\"width: 846px; height: 295px;\"> <tbody> <tr style=\"height: 23px;\"> <td style=\"width: 271.2px; height: 23px;\"><a href=\"https:\/\/univet.hu\/en\/aladar-aujeszky-1869-1933\/\" target=\"_blank\" rel=\"noopener\">Alad\u00e1r Aujeszky (1869 \u2013 1933)<\/a><\/td> <td style=\"width: 270.4px; height: 23px;\"><a href=\"https:\/\/univet.hu\/en\/ferenc-kovacs-1921-2015\/\" target=\"_blank\" rel=\"noopener\">Ferenc Kov\u00e1cs (1921 &#8211; 2015)<\/a><\/td> <td style=\"width: 284px; height: 23px;\"><a href=\"https:\/\/univet.hu\/en\/istvan-ratz-1860-1917\/\" target=\"_blank\" rel=\"noopener\">Istv\u00e1n R\u00e1tz (1860 &#8211; 1917)<\/a><\/td> <\/tr> <tr style=\"height: 23px;\"> <td style=\"width: 271.2px; height: 23px;\"><a href=\"https:\/\/univet.hu\/en\/akos-azary-1850-1888\/\" target=\"_blank\" rel=\"noopener\">\u00c1kos Azary (1850 \u2013 1888)<\/a><\/td> <td style=\"width: 270.4px; height: 23px;\"><a href=\"https:\/\/univet.hu\/en\/jeno-kovacs-1910-1990\/\" target=\"_blank\" rel=\"noopener\">Jen\u0151 Kov\u00e1cs (1910-1990)<\/a><\/td> <td style=\"width: 284px; height: 23px;\"><a href=\"https:\/\/univet.hu\/en\/gyula-salyi-1903-1982\/\" target=\"_blank\" rel=\"noopener\">Gyula S\u00e1lyi (1903-1982)<\/a><\/td> <\/tr> <tr style=\"height: 23px;\"> <td style=\"width: 271.2px; height: 23px;\"><a href=\"https:\/\/univet.hu\/en\/istvan-bugarszky-1868-1941\/\" target=\"_blank\" rel=\"noopener\">Istv\u00e1n Bugarszky (1868-1941)<\/a><\/td> <td style=\"width: 270.4px; height: 23px;\"><a href=\"https:\/\/univet.hu\/en\/gyula-magyary-kossa-1865-1944\/\" target=\"_blank\" rel=\"noopener\">Gyula Magyary-Kossa (1865-1944)<\/a><\/td> <td style=\"width: 284px; height: 23px;\"><a href=\"https:\/\/univet.hu\/en\/lajos-thanhoffer-1843-1909\/\" target=\"_blank\" rel=\"noopener\">Lajos Thanhoffer (1843 &#8211; 1909)<\/a><\/td> <\/tr> <tr style=\"height: 23px;\"> <td style=\"width: 271.2px; height: 23px;\"><a href=\"https:\/\/univet.hu\/en\/gyula-groh-1886-1952\/\" target=\"_blank\" rel=\"noopener\">Gyula Gr\u00f3h (1886 &#8211; 1952)<\/a><\/td> <td style=\"width: 270.4px; height: 23px;\"><a href=\"https:\/\/univet.hu\/en\/rezso-manninger-1890-1970\/\" target=\"_blank\" rel=\"noopener\">Rezs\u0151 Manninger (1890-1970)<\/a><\/td> <td style=\"width: 284px; height: 23px;\"><a href=\"https:\/\/univet.hu\/en\/sandor-tolnay-1748-1818\/\">S\u00e1ndor Tolnay (1748-1818)<\/a><\/td> <\/tr> <tr style=\"height: 23px;\"> <td style=\"width: 271.2px; height: 23px;\"><a href=\"https:\/\/univet.hu\/en\/artur-horn-1911-2013\/\" target=\"_blank\" rel=\"noopener\">Art\u00far Horn (1911 &#8211; 2013)<\/a><\/td> <td style=\"width: 270.4px; height: 23px;\"><a href=\"https:\/\/univet.hu\/en\/jozsef-marek-1868-1952\/\" target=\"_blank\" rel=\"noopener\">J\u00f3zsef Marek (1868-1952)<\/a><\/td> <td style=\"width: 284px; height: 23px;\"><a href=\"https:\/\/univet.hu\/en\/bela-tormay-1839-1906\/\" target=\"_blank\" rel=\"noopener\">B\u00e9la Tormay (1839 \u2013 1906)<\/a><\/td> <\/tr> <tr style=\"height: 23px;\"> <td style=\"width: 271.2px; height: 23px;\"><a href=\"https:\/\/univet.hu\/en\/ferenc-hutyra-1860-1934\/\" target=\"_blank\" rel=\"noopener\">Ferenc Hutyra (1860 \u2013 1934)<\/a><\/td> <td style=\"width: 270.4px; height: 23px;\"><a href=\"https:\/\/univet.hu\/en\/janos-mocsy-1895-1976\/\" target=\"_blank\" rel=\"noopener\">J\u00e1nos M\u00f3csy (1895-1976)<\/a><\/td> <td style=\"width: 284px; height: 23px;\"><a href=\"https:\/\/univet.hu\/en\/oszkar-wellmann-1876-1943\/\" target=\"_blank\" rel=\"noopener\">Oszk\u00e1r Wellmann (1876-1943)<\/a><\/td> <\/tr> <tr style=\"height: 47px;\"> <td style=\"width: 271.2px; height: 47px;\"><a href=\"https:\/\/univet.hu\/en\/karoly-jarmai-1887-1941\/\" target=\"_blank\" rel=\"noopener\">K\u00e1roly J\u00e1rmai (1887 \u2013 1941)<\/a><\/td> <td style=\"width: 270.4px; height: 47px;\"><a href=\"https:\/\/univet.hu\/en\/bela-nadaskay-1848-1933\/\" target=\"_blank\" rel=\"noopener\">B\u00e9la N\u00e1daskay (1848-1933)<\/a><\/td> <td style=\"width: 284px; height: 47px;\"><a href=\"https:\/\/univet.hu\/en\/agoston-zimmermann-1875-1963\/\" target=\"_blank\" rel=\"noopener\">\u00c1goston Zimmermann (1875-1963)<\/a><\/td> <\/tr> <tr style=\"height: 23px;\"> <td style=\"width: 271.2px; height: 23px;\"><a href=\"https:\/\/univet.hu\/en\/sandor-kotlan-1887-1967\/\" target=\"_blank\" rel=\"noopener\">S\u00e1ndor Kotl\u00e1n (1887 \u2013 1967)<\/a><\/td> <td style=\"width: 270.4px; height: 23px;\"><a href=\"https:\/\/univet.hu\/en\/bela-plosz-1863-1945\/\" target=\"_blank\" rel=\"noopener\">B\u00e9la Pl\u00f3sz (1863 &#8211; 1945)<\/a><\/td> <td style=\"width: 284px; height: 23px;\"><a href=\"https:\/\/univet.hu\/en\/vilmos-zlamal-1803-1886\/\" target=\"_blank\" rel=\"noopener\">Vilmos Zlam\u00e1l (1803-1886)<\/a><\/td> <\/tr> <\/tbody> <\/table> <p>&nbsp;<\/p> <p style=\"text-align: center;\"><strong>Visit Univet\u2019s campus and take a virtual tour among the statues of our great ancestors!<\/strong><\/p> <p><a href=\"https:\/\/univet.hu\/virttour\/hu\/\" target=\"_blank\" rel=\"noopener\"><img loading=\"lazy\" decoding=\"async\" class=\"aligncenter\" style=\"height: 345px; width: 700px;\" src=\"https:\/\/univet.hu\/files\/news\/152\/images\/VirT_Hun.jpg\" alt=\"\" width=\"700\" height=\"345\" data-replaced=\"true\" \/><\/a><\/p> <p style=\"text-align: center;\">(Please click on the image above to start the virtual tour)<\/p>","protected":false},"excerpt":{"rendered":"<p>We would like to pay our special respects to the achievements of our great ancestors who laid the foundations for the progress and success of today\u2019s Hungarian veterinary medicine. Alad\u00e1r Aujeszky (1869 \u2013 1933) Ferenc Kov\u00e1cs (1921 &#8211; 2015) Istv\u00e1n R\u00e1tz (1860 &#8211; 1917) \u00c1kos Azary (1850 \u2013 1888) Jen\u0151 Kov\u00e1cs (1910-1990) Gyula S\u00e1lyi (1903-1982)<\/p>\n","protected":false},"author":2518,"featured_media":0,"parent":44100,"menu_order":0,"comment_status":"closed","ping_status":"closed","template":"","meta":{"_acf_changed":false,"footnotes":""},"categories":[],"tags":[],"class_list":["post-48182","page","type-page","status-publish","hentry"],"acf":[],"_links":{"self":[{"href":"https:\/\/univet.hu\/en\/wp-json\/wp\/v2\/pages\/48182","targetHints":{"allow":["GET"]}}],"collection":[{"href":"https:\/\/univet.hu\/en\/wp-json\/wp\/v2\/pages"}],"about":[{"href":"https:\/\/univet.hu\/en\/wp-json\/wp\/v2\/types\/page"}],"author":[{"embeddable":true,"href":"https:\/\/univet.hu\/en\/wp-json\/wp\/v2\/users\/2518"}],"replies":[{"embeddable":true,"href":"https:\/\/univet.hu\/en\/wp-json\/wp\/v2\/comments?post=48182"}],"version-history":[{"count":0,"href":"https:\/\/univet.hu\/en\/wp-json\/wp\/v2\/pages\/48182\/revisions"}],"up":[{"embeddable":true,"href":"https:\/\/univet.hu\/en\/wp-json\/wp\/v2\/pages\/44100"}],"wp:attachment":[{"href":"https:\/\/univet.hu\/en\/wp-json\/wp\/v2\/media?parent=48182"}],"wp:term":[{"taxonomy":"category","embeddable":true,"href":"https:\/\/univet.hu\/en\/wp-json\/wp\/v2\/categories?post=48182"},{"taxonomy":"post_tag","embeddable":true,"href":"https:\/\/univet.hu\/en\/wp-json\/wp\/v2\/tags?post=48182"}],"curies":[{"name":"wp","href":"https:\/\/api.w.org\/{rel}","templated":true}]}}