{"id":4895,"date":"2018-04-10T10:09:00","date_gmt":"2018-04-10T08:09:00","guid":{"rendered":"http:\/\/univet.hu\/about\/staff\/varga-tamas-robert\/"},"modified":"2026-02-10T04:30:44","modified_gmt":"2026-02-10T03:30:44","slug":"varga-tamas-robert","status":"publish","type":"page","link":"https:\/\/univet.hu\/en\/about\/staff\/varga-tamas-robert\/","title":{"rendered":"Varga Tam\u00e1s R\u00f3bert"},"content":{"rendered":"<p>&nbsp;<\/p> <h2>Introduction<\/h2> <div> <p><strong>Education<\/strong><\/p> <p><em>October, 1993 &#8211; September, 1998<\/em><\/p> <p>Doctor course student at Lajos Kossuth University (LKU, University of Debrecen since 2000) at Faculty of Science in Debrecen. Major subjects are: Coordination and Organometallic Chemistry. Teaching General Chemistry Lab Exercises till <em>December, 1995<\/em>. Topic for doctoral thesis: Synthesis of Bis-(aminomethyl)-phosphinic Acids and Study of their Ln(III)-complexes. Supervisor is prof. Ern\u0151 Br\u00fccher<em>. <\/em>Received title PhD in Chemistry with grade summa cum laude in <em>February, 1999<\/em>.<\/p> <p><em>September, 1987 &#8211; June, 1992<\/em><\/p> <p>Undergraduate studies at LKU in chemistry. Special subjects are: Coordination Chemistry, Organometallic Chemistry, Bio-inorganic Chemistry, Synthesis of Pharmaceuticals, Synthetic Inorganic Laboratory Practice and Quantum Chemistry. Topic for diploma work: Model Synthesis of a New Tetrahydroxy-indolizidine Acetic Acid through a Cyclic Nitrone. Supervisor is prof. P\u00e1l Herczegh. Received title M.Sc. in Chemistry with grade B in <em>June, 1992<\/em>.<\/p> <p><em>August, 1986 &#8211; August, 1987<\/em><\/p> <p>Private in Hungarian Peoples Army\u2019s draft service at Chemical and Radiology Defense in Zalaegerszeg, Hungary.<\/p> <p><em>September, 1984 &#8211; June, 1986<\/em><\/p> <p>Studies and final examination with grade B+ at High School called \u00c1rp\u00e1d T\u00f3th in Debrecen.<\/p> <p><em>September, 1982 &#8211; June, 1984<\/em><\/p> <p>Studies at High School No. 9 in Dubna (Soviet Union) and Hungarian Native in Moscow, respectively.<\/p> <p><strong>Research<\/strong><\/p> <p><em>July, 2003 &#8211; present<\/em><\/p> <p>Researcher\/teacher at Department of Chemistry at University of Veterinary Medicine in Budapest. Research work: Synthesis of <em>N-<\/em>heterocyclic Compounds. Teaching duties: leading laboratory exercises, seminars and lectures of chemistry in English\/Hungarian. Assistant professor: <em>May, 2004 <\/em><em>&#8211; April, 2009, <\/em>and associate professor:\u00a0<em>May, 2009 <\/em><em>&#8211; present.<\/em><\/p> <p><em>June &#8211; September, 2002<\/em><\/p> <p>Research Scholar at Virginia Commonwealth University (VCU) in Richmond, VA, USA. Research work: Synthesis of Pt(II) Anticancer Complexes. Supervisor is prof. Nicholas Farrell.<\/p> <p><em>November, 2000 &#8211; March, 2002<\/em><\/p> <p>Research Associate at Research Laboratory for Nuclear Reactors of Tokyo Institute of Technology (TIT) in Tokyo, supported by Japan Society for the Promotion of Science (JSPS). Research work: Cleavage of Heteroaromatic Compounds in Supercritical Solvents. Supervisor is prof. Hiroshi Tomiyasu.<\/p> <p><em>October, 1998 &#8211; September, 2000<\/em><\/p> <p>Visiting Researcher, STA fellow of Japan International Science and Technology Exchange Center (JISTEC) at Institute of Research and Innovation (IRI) in Kashiwa and TIT. Research work: Synthesis and Study of Uranyl Complexes and NMR Measurements under Supercritical Conditions. Supervisors are prof. Yasuhisa Ikeda and prof. Hiroshi Tomiyasu.<\/p> <p><em>January &#8211; December, 1996<\/em><\/p> <p>Graduated Exchange Student at VCU. Research work: Synthesis of Trinuclear, Co(III)-Pt(II) Anticancer Complexes. Supervisor is prof. Nicholas Farrell.<\/p> <p><em>August, 1992 &#8211; October, 1993<\/em><\/p> <p>Research Assistant at LKU, Inorganic and Analytical Chemistry Department. Teaching duty: General Chemistry Lab Exercises. Research work: Synthesis of Aminomethyl-phosphinic Acids and Study of their Ln(III)-complexes. Supervisor is prof. Ern\u0151 Br\u00fccher.<\/p> <p><em>June &#8211; July,<\/em> <em>1991<\/em><\/p> <p>Undergraduate student-research at Biogal Pharmaceutical Factory (TEVA since 1995) in Debrecen. Research work: Analysis of Aminoglycoside Antibiotics by HPLC with Fluorescent Detector. Supervisor is S\u00e1ndor Major.<\/p> <p>consulting hours: Tuesday 10:00-11:00<\/p> <\/div> <h2>Activity<\/h2> <div> <p>Correspondent teacher in chemistry for the Hungarian groups since 2016.<\/p> <p>Consulting hours: Tuesday 10:00-11:00.<\/p> <\/div>","protected":false},"excerpt":{"rendered":"<p>&nbsp; Introduction Education October, 1993 &#8211; September, 1998 Doctor course student at Lajos Kossuth University (LKU, University of Debrecen since 2000) at Faculty of Science in Debrecen. Major subjects are: Coordination and Organometallic Chemistry. Teaching General Chemistry Lab Exercises till December, 1995. Topic for doctoral thesis: Synthesis of Bis-(aminomethyl)-phosphinic Acids and Study of their Ln(III)-complexes.<\/p>\n","protected":false},"author":5824,"featured_media":0,"parent":857,"menu_order":210,"comment_status":"closed","ping_status":"closed","template":"","meta":{"_acf_changed":false,"footnotes":""},"categories":[19],"tags":[],"class_list":["post-4895","page","type-page","status-publish","hentry","category-staff"],"acf":[],"_links":{"self":[{"href":"https:\/\/univet.hu\/en\/wp-json\/wp\/v2\/pages\/4895","targetHints":{"allow":["GET"]}}],"collection":[{"href":"https:\/\/univet.hu\/en\/wp-json\/wp\/v2\/pages"}],"about":[{"href":"https:\/\/univet.hu\/en\/wp-json\/wp\/v2\/types\/page"}],"author":[{"embeddable":true,"href":"https:\/\/univet.hu\/en\/wp-json\/wp\/v2\/users\/5824"}],"replies":[{"embeddable":true,"href":"https:\/\/univet.hu\/en\/wp-json\/wp\/v2\/comments?post=4895"}],"version-history":[{"count":1,"href":"https:\/\/univet.hu\/en\/wp-json\/wp\/v2\/pages\/4895\/revisions"}],"predecessor-version":[{"id":200116,"href":"https:\/\/univet.hu\/en\/wp-json\/wp\/v2\/pages\/4895\/revisions\/200116"}],"up":[{"embeddable":true,"href":"https:\/\/univet.hu\/en\/wp-json\/wp\/v2\/pages\/857"}],"wp:attachment":[{"href":"https:\/\/univet.hu\/en\/wp-json\/wp\/v2\/media?parent=4895"}],"wp:term":[{"taxonomy":"category","embeddable":true,"href":"https:\/\/univet.hu\/en\/wp-json\/wp\/v2\/categories?post=4895"},{"taxonomy":"post_tag","embeddable":true,"href":"https:\/\/univet.hu\/en\/wp-json\/wp\/v2\/tags?post=4895"}],"curies":[{"name":"wp","href":"https:\/\/api.w.org\/{rel}","templated":true}]}}