{"id":4919,"date":"2017-08-29T11:49:00","date_gmt":"2017-08-29T09:49:00","guid":{"rendered":"http:\/\/univet.hu\/about\/staff\/vetter-janos\/"},"modified":"2026-02-10T04:30:45","modified_gmt":"2026-02-10T03:30:45","slug":"vetter-janos","status":"publish","type":"page","link":"https:\/\/univet.hu\/en\/about\/staff\/vetter-janos\/","title":{"rendered":"Vetter  J\u00e1nos"},"content":{"rendered":"<p>&nbsp;<\/p> <h2>Introduction<\/h2> <div> <p>I absolved my studies at the E\u00f6tv\u00f6s Lor\u00e1nd University (Budapest) as a biologist. Later I finished the course of Agricultural Research (at GATE University, G\u00f6d\u00f6ll\u0151). Since 1972 I have been working at Botanical Department of Veterinary University (today Faculty of Veterinary Science, Szent Istv\u00e1n University) as a research fellow, later as senior lecturer, as associate professor and as full professor. My Ph.D. work was absolved in 1985 (in physiology of higher fungi), my habilitation was performed in 1995, and the D.Sc. graduation was achieved in 1996 (subject: decomposition\u2019s processes of higher fungi).<\/p> <p>&nbsp;<\/p> <h3>Consultig hours:<\/h3> <p>Every weeks on Thursday\u00a0pm. 13-14\u00a0hours. E-mail: <a class=\"decrypt\" rel=\"wfuufs\/kboptAvojwfu\/iv\" href=\"javascript:void(0);\">[Click to see email]<\/a><\/p> <\/div> <h2>Activity<\/h2> <div> <p>Main part of my activity is the education of the veterinarians. I am the responsible person of some subjects (graduated and elective ones) in Hungarian, German and English languages. I was a participant in the education of zoologists, too.<\/p> <p><strong>Compulsory subjects: <\/strong><\/p> <p>Botany for veterinarians (theory, practices) in German.<\/p> <p><strong>Elective subjects:<\/strong><\/p> <p>General Mycology (in Hungarian, in German and in English)<br \/> Grassland management (in Hungarian and in German)<br \/> Secondary metabolites of plants (in Hungarian and in German)<br \/> Carcinogen, anticarcinogen plants (in Hungarian and in German)<\/p> <p><strong>BSc subjects (for biologists):<\/strong><\/p> <p>Physiology of mushrooms<br \/> Mushroom cultivation and mycotherapy;<\/p> <p><strong>Scientific activity<\/strong><\/p> <p>Poisonous plants \u2013 poisonous plant substances. Decomposition of organic substances by fungi. Problems of physiology and chemistry of fungi. Fruit body production of higher fungi.<\/p> <p>Number of scientific publication: 190<br \/> Summarised impact factor: 48<br \/> Number of independent citations: about 1250<\/p> <\/div>","protected":false},"excerpt":{"rendered":"<p>&nbsp; Introduction I absolved my studies at the E\u00f6tv\u00f6s Lor\u00e1nd University (Budapest) as a biologist. Later I finished the course of Agricultural Research (at GATE University, G\u00f6d\u00f6ll\u0151). Since 1972 I have been working at Botanical Department of Veterinary University (today Faculty of Veterinary Science, Szent Istv\u00e1n University) as a research fellow, later as senior lecturer,<\/p>\n","protected":false},"author":5824,"featured_media":0,"parent":857,"menu_order":210,"comment_status":"closed","ping_status":"closed","template":"","meta":{"_acf_changed":false,"footnotes":""},"categories":[19],"tags":[],"class_list":["post-4919","page","type-page","status-publish","hentry","category-staff"],"acf":[],"_links":{"self":[{"href":"https:\/\/univet.hu\/en\/wp-json\/wp\/v2\/pages\/4919","targetHints":{"allow":["GET"]}}],"collection":[{"href":"https:\/\/univet.hu\/en\/wp-json\/wp\/v2\/pages"}],"about":[{"href":"https:\/\/univet.hu\/en\/wp-json\/wp\/v2\/types\/page"}],"author":[{"embeddable":true,"href":"https:\/\/univet.hu\/en\/wp-json\/wp\/v2\/users\/5824"}],"replies":[{"embeddable":true,"href":"https:\/\/univet.hu\/en\/wp-json\/wp\/v2\/comments?post=4919"}],"version-history":[{"count":1,"href":"https:\/\/univet.hu\/en\/wp-json\/wp\/v2\/pages\/4919\/revisions"}],"predecessor-version":[{"id":191075,"href":"https:\/\/univet.hu\/en\/wp-json\/wp\/v2\/pages\/4919\/revisions\/191075"}],"up":[{"embeddable":true,"href":"https:\/\/univet.hu\/en\/wp-json\/wp\/v2\/pages\/857"}],"wp:attachment":[{"href":"https:\/\/univet.hu\/en\/wp-json\/wp\/v2\/media?parent=4919"}],"wp:term":[{"taxonomy":"category","embeddable":true,"href":"https:\/\/univet.hu\/en\/wp-json\/wp\/v2\/categories?post=4919"},{"taxonomy":"post_tag","embeddable":true,"href":"https:\/\/univet.hu\/en\/wp-json\/wp\/v2\/tags?post=4919"}],"curies":[{"name":"wp","href":"https:\/\/api.w.org\/{rel}","templated":true}]}}