{"id":49406,"date":"2020-02-03T09:38:03","date_gmt":"2020-02-03T08:38:03","guid":{"rendered":"https:\/\/univet.hu\/en\/education\/courses\/new-course-page\/"},"modified":"2023-02-28T12:27:17","modified_gmt":"2023-02-28T11:27:17","slug":"a-holistic-and-integrated-approach-to-animal-life-and-security","status":"publish","type":"page","link":"https:\/\/univet.hu\/en\/education\/courses\/a-holistic-and-integrated-approach-to-animal-life-and-security\/","title":{"rendered":"A Holistic and Integrated Approach to Animal Life and Security"},"content":{"rendered":"<p>Subject responsibility: Dr. L\u00e1szl\u00f3 \u00d3zsv\u00e1ri<\/p> <p>General aim of the subject: developing an innovative and holistic approach and critical, analytical and analogical thinking.<\/p>","protected":false},"excerpt":{"rendered":"<p>Subject responsibility: Dr. L\u00e1szl\u00f3 \u00d3zsv\u00e1ri General aim of the subject: developing an innovative and holistic approach and critical, analytical and analogical thinking.<\/p>\n","protected":false},"author":3837,"featured_media":0,"parent":676,"menu_order":47,"comment_status":"open","ping_status":"open","template":"","meta":{"_acf_changed":false,"footnotes":""},"categories":[],"tags":[],"class_list":["post-49406","page","type-page","status-publish","hentry"],"acf":[],"_links":{"self":[{"href":"https:\/\/univet.hu\/en\/wp-json\/wp\/v2\/pages\/49406","targetHints":{"allow":["GET"]}}],"collection":[{"href":"https:\/\/univet.hu\/en\/wp-json\/wp\/v2\/pages"}],"about":[{"href":"https:\/\/univet.hu\/en\/wp-json\/wp\/v2\/types\/page"}],"author":[{"embeddable":true,"href":"https:\/\/univet.hu\/en\/wp-json\/wp\/v2\/users\/3837"}],"replies":[{"embeddable":true,"href":"https:\/\/univet.hu\/en\/wp-json\/wp\/v2\/comments?post=49406"}],"version-history":[{"count":1,"href":"https:\/\/univet.hu\/en\/wp-json\/wp\/v2\/pages\/49406\/revisions"}],"predecessor-version":[{"id":174586,"href":"https:\/\/univet.hu\/en\/wp-json\/wp\/v2\/pages\/49406\/revisions\/174586"}],"up":[{"embeddable":true,"href":"https:\/\/univet.hu\/en\/wp-json\/wp\/v2\/pages\/676"}],"wp:attachment":[{"href":"https:\/\/univet.hu\/en\/wp-json\/wp\/v2\/media?parent=49406"}],"wp:term":[{"taxonomy":"category","embeddable":true,"href":"https:\/\/univet.hu\/en\/wp-json\/wp\/v2\/categories?post=49406"},{"taxonomy":"post_tag","embeddable":true,"href":"https:\/\/univet.hu\/en\/wp-json\/wp\/v2\/tags?post=49406"}],"curies":[{"name":"wp","href":"https:\/\/api.w.org\/{rel}","templated":true}]}}