{"id":51832,"date":"2020-03-23T21:42:41","date_gmt":"2020-03-23T20:42:41","guid":{"rendered":"https:\/\/univet.hu\/en\/about\/staff\/dora-kovacs\/"},"modified":"2026-02-10T04:28:17","modified_gmt":"2026-02-10T03:28:17","slug":"dora-kovacs","status":"publish","type":"page","link":"https:\/\/univet.hu\/en\/about\/staff\/dora-kovacs\/","title":{"rendered":"Kov\u00e1cs D\u00f3ra"},"content":{"rendered":"<p align=\"justify\">Dr. D\u00f3ra Kov\u00e1cs was born in Szeged, however she has conducted her high school studies in Budapest. She graduated from the University of Veterinary Medicine Budapest in 2018 as a Doctor of Veterinary Medicine. In the same year, she has started her PhD studies at the Department of Pharmacology and Toxicology of the University. Since then, she has also been working in the veterinary pharmaceutical industry. Her research topic is based on the search for natural antibiotic alternatives; she mostly works with porcine intestinal epithelial cells and bacterial strains isolated from pigs. Currently she is the supervisor or co-supervisor of 3 Students\u2019 Research Circle students and is participating in several research projects conducted at the Department.<\/p> <hr align=\"center\" size=\"5\" width=\"60%\" \/> <p><span style=\"font-family: impact, sans-serif\">Advancement<\/span><\/p> <table style=\"height: 93px\" width=\"290\"> <tbody> <tr> <td style=\"width: 137px\">2018 &#8211;<\/td> <td style=\"width: 137px;text-align: center\">PhD hallgat\u00f3<\/td> <\/tr> <tr> <td style=\"width: 137px\">2021-<\/td> <td style=\"width: 137px;text-align: center\">assistant lecturer<\/td> <\/tr> <tr> <td style=\"width: 137px\">2022-<\/td> <td style=\"width: 137px;text-align: center\">senior lecturer<\/td> <\/tr> <\/tbody> <\/table> <p>&nbsp;<\/p> <hr align=\"center\" size=\"5\" width=\"60%\" \/> <p><strong>Publications (Top10)<\/strong><\/p> <p style=\"text-align: center\">MTMT:\u00a0<a href=\"https:\/\/m2.mtmt.hu\/gui2\/?type=authors&amp;mode=browse&amp;sel=authors10065612\">https:\/\/m2.mtmt.hu\/gui2\/?type=authors&amp;mode=browse&amp;sel=authors10065612<\/a><\/p> <table style=\"height: 279px;width: 221.2%\" width=\"1140\"> <tbody> <tr style=\"height: 86px\"> <td style=\"width: 36px;height: 86px;text-align: center\">1.<\/td> <td style=\"width: 1088px;height: 86px\">Kovacs, Dora &#x2709; ; Pezsa, Nikolett Palkovicsne ; Moritz, Alma Virag ; Jerzsele, Akos ; Farkas, Orsolya<br \/> Effects of Luteolin in an In Vitro Model of Porcine Intestinal Infections<br \/> ANIMALS 14 : 13 Paper: 1952 , 14 p. (2024)<\/td> <td style=\"width: 1088px\"><\/td> <\/tr> <tr style=\"height: 54px\"> <td style=\"width: 36px;height: 54px;text-align: center\">2.<\/td> <td style=\"width: 1088px;height: 54px\">Karancsi, Zita &#x2709; ; Kov\u00e1cs, D\u00f3ra &#x2709; ; Csik\u00f3, Gy\u00f6rgy ; Pal\u00f3cz, Orsolya ; Jerzsele, \u00c1kos ; G\u00e1lfi, P\u00e9ter ; Farkas, Orsolya<br \/> Effect of hydroxylated and methylated flavonoids on cytochrome P450 activity in porcine intestinal epithelial cells<br \/> ACTA VETERINARIA HUNGARICA 71 : 1 pp. 16-24. , 9 p. (2023)<\/td> <td style=\"width: 1088px\"><\/td> <\/tr> <tr style=\"height: 54px\"> <td style=\"width: 36px;height: 54px;text-align: center\">3.<\/td> <td style=\"width: 1088px;height: 54px\">Palkovicsn\u00e9, P\u00e9zsa N. &#x2709; ; Kov\u00e1cs, D. ; Somogyi, F. ; Karancsi, Z. ; M\u00f3ritz, A.V. ; Jerzsele, \u00c1. ; R\u00e1cz, B. ; Farkas, O.<br \/> Effects of Lactobacillus rhamnosus DSM7133 on Intestinal Porcine Epithelial Cells<br \/> ANIMALS 13 : 19 Paper: 3007 (2023)<\/td> <td style=\"width: 1088px\"><\/td> <\/tr> <tr style=\"height: 54px\"> <td style=\"width: 36px;height: 54px;text-align: center\">4.<\/td> <td style=\"width: 1088px;height: 54px\">Karancsi, Zita ; Kovacs, Dora ; Pezsa, Nikolett Palkovicsne ; Galfi, Peter ; Jerzsele, Akos ; Farkas, Orsolya &#x2709;<br \/> The Impact of Quercetin and Its Methylated Derivatives 3-o-Methylquercetin and Rhamnazin in Lipopolysaccharide-Induced Inflammation in Porcine Intestinal Cells ANTIOXIDANTS 11 : 7 Paper: 1265 , 12 p. (2022)<\/td> <td style=\"width: 1088px\"><\/td> <\/tr> <tr style=\"height: 31px\"> <td style=\"width: 36px;height: 31px;text-align: center\">5.<\/td> <td style=\"width: 1088px;height: 31px\">Kov\u00e1cs, D\u00f3ra &#x2709; ; Palkovicsn\u00e9 P\u00e9zsa, Nikolett ; Jerzsele, \u00c1kos ; S\u00fcth, Mikl\u00f3s ; Farkas, Orsolya<br \/> Protective Effects of Grape Seed Oligomeric Proanthocyanidins in IPEC-J2\u2013Escherichia coli\/Salmonella Typhimurium Co-Culture<br \/> ANTIBIOTICS 11 : 1 Paper: 110 (2022)<\/td> <td style=\"width: 1088px\"><\/td> <\/tr> <tr> <td style=\"width: 36px;text-align: center\">6.<\/td> <td style=\"width: 1088px\">Palkovicsn\u00e9, P\u00e9zsa N. ; Kov\u00e1cs, D. ; G\u00e1lfi, P. ; R\u00e1cz, B. ; Farkas, O.<br \/> Effect of Enterococcus faecium NCIMB 10415 on Gut Barrier Function, Internal Redox State, Proinflammatory Response and Pathogen Inhibition Properties in Porcine Intestinal Epithelial Cells NUTRIENTS 14 : 7 Paper: 1486 , 18 p. (2022)<\/td> <td style=\"width: 1088px\"><\/td> <\/tr> <tr> <td style=\"width: 36px;text-align: center\">7.<\/td> <td style=\"width: 1088px\">D\u00f3ra, Kov\u00e1cs ; Zita, Karancsi ; Orsolya, Farkas** ; \u00c1kos, Jerzsele<br \/> Antioxidant activity of flavonoids in LPS-treated IPEC-J2 porcine intestinal epithelial cells and their antibacterial effect against bacteria of swine origin<br \/> ANTIOXIDANTS 9 : 12 Paper: 1267 (2020)<\/td> <td style=\"width: 1088px\"><\/td> <\/tr> <tr> <td style=\"width: 36px;text-align: center\">8.<\/td> <td style=\"width: 1088px\">Kov\u00e1cs, D\u00f3ra ; Karancsi, Zita ; Palkovicsn\u00e9, P\u00e9zsa Nikolett ; Jerzsele, \u00c1kos ; Farkas, Orsolya<br \/> Polifenolok b\u00e9lh\u00e1mra gyakorolt antioxid\u00e1ns \u00e9s gyullad\u00e1scs\u00f6kkent\u0151 hat\u00e1s\u00e1nak modellez\u00e9se<br \/> \u00daJ DI\u00c9TA: A MAGYAR DIETETIKUSOK LAPJA (2001-) 30 : 1 p. 10\u201313 (2021)<\/td> <td style=\"width: 1088px\"><\/td> <\/tr> <tr> <td style=\"width: 36px;text-align: center\">9.<\/td> <td style=\"width: 1088px\">Kov\u00e1cs, D\u00f3ra &#x2709; ; Palkovicsne P\u00e9zsa, Nikolett ; Farkas, Orsolya ; Jerzsele, \u00c1kos<br \/> Antibiotikum-alternat\u00edv\u00e1k a sert\u00e9start\u00e1sban : Irodalmi \u00f6sszefoglal\u00f3<br \/> MAGYAR \u00c1LLATORVOSOK LAPJA 143 : 5 pp. 281-292. , 12 p. (2021)<\/td> <td style=\"width: 1088px\"><\/td> <\/tr> <tr> <td style=\"width: 36px;text-align: center\">10.<\/td> <td style=\"width: 1088px\">Kov\u00e1cs, D\u00f3ra ; Karancsi, Zita ; Palkovicsn\u00e9, P\u00e9zsa Nikolett ; Farkas, Orsolya<br \/> B\u00e9lh\u00e1msejt-modell gyullad\u00e1scs\u00f6kkent\u0151 \u00e9s antioxid\u00e1ns hat\u00e1s\u00fa anyagok vizsg\u00e1lat\u00e1ra<br \/> In: Po\u00f3r, P\u00e9ter; M\u00e9zes, Mikl\u00f3s; Bl\u00e1zovics, Anna (szerk.) Oxidat\u00edv stressz \u00e9s antioxid\u00e1ns v\u00e9dekez\u00e9s a n\u00f6v\u00e9nyvil\u00e1gt\u00f3l a klinikumig<br \/> Budapest, Magyarorsz\u00e1g : Magyar Szabadgy\u00f6k-Kutat\u00f3 T\u00e1rsas\u00e1g (2020) 218 p. pp. 136-145. , 10 p.<\/td> <td style=\"width: 1088px\"><\/td> <\/tr> <\/tbody> <\/table> <p>&nbsp;<\/p> <p style=\"text-align: center\">(Updated: Janury 2025)<\/p>","protected":false},"excerpt":{"rendered":"<p>Dr. D\u00f3ra Kov\u00e1cs was born in Szeged, however she has conducted her high school studies in Budapest. She graduated from the University of Veterinary Medicine Budapest in 2018 as a Doctor of Veterinary Medicine. In the same year, she has started her PhD studies at the Department of Pharmacology and Toxicology of the University. Since<\/p>\n","protected":false},"author":5824,"featured_media":0,"parent":857,"menu_order":37,"comment_status":"open","ping_status":"open","template":"","meta":{"_acf_changed":false,"footnotes":""},"categories":[],"tags":[],"class_list":["post-51832","page","type-page","status-publish","hentry"],"acf":[],"_links":{"self":[{"href":"https:\/\/univet.hu\/en\/wp-json\/wp\/v2\/pages\/51832","targetHints":{"allow":["GET"]}}],"collection":[{"href":"https:\/\/univet.hu\/en\/wp-json\/wp\/v2\/pages"}],"about":[{"href":"https:\/\/univet.hu\/en\/wp-json\/wp\/v2\/types\/page"}],"author":[{"embeddable":true,"href":"https:\/\/univet.hu\/en\/wp-json\/wp\/v2\/users\/5824"}],"replies":[{"embeddable":true,"href":"https:\/\/univet.hu\/en\/wp-json\/wp\/v2\/comments?post=51832"}],"version-history":[{"count":2,"href":"https:\/\/univet.hu\/en\/wp-json\/wp\/v2\/pages\/51832\/revisions"}],"predecessor-version":[{"id":199928,"href":"https:\/\/univet.hu\/en\/wp-json\/wp\/v2\/pages\/51832\/revisions\/199928"}],"up":[{"embeddable":true,"href":"https:\/\/univet.hu\/en\/wp-json\/wp\/v2\/pages\/857"}],"wp:attachment":[{"href":"https:\/\/univet.hu\/en\/wp-json\/wp\/v2\/media?parent=51832"}],"wp:term":[{"taxonomy":"category","embeddable":true,"href":"https:\/\/univet.hu\/en\/wp-json\/wp\/v2\/categories?post=51832"},{"taxonomy":"post_tag","embeddable":true,"href":"https:\/\/univet.hu\/en\/wp-json\/wp\/v2\/tags?post=51832"}],"curies":[{"name":"wp","href":"https:\/\/api.w.org\/{rel}","templated":true}]}}