{"id":52349,"date":"2020-04-08T12:23:04","date_gmt":"2020-04-08T10:23:04","guid":{"rendered":"https:\/\/univet.hu\/?page_id=52349"},"modified":"2020-05-12T14:00:48","modified_gmt":"2020-05-12T12:00:48","slug":"artwork-2020","status":"publish","type":"page","link":"https:\/\/univet.hu\/en\/alumni\/artwork-2020\/","title":{"rendered":"The Day of Birds and Trees\u00a0Artwork 2020 Competition"},"content":{"rendered":"<p>Each year, on the 10th of May, we celebrate The Day of Birds and Trees.<\/p> <p>This spring, UNIVET is organizing a national and international e-competition for\u00a0Hungarian and international students between the ages of 6 and 18. We invite the young ones to draw\/paint their favourite birds and trees or perhaps prepare a birdbath or a birdhouse made from household waste. All you need to do is to <a href=\"https:\/\/indico.univet.hu\/e\/artwork2020\" target=\"_blank\" rel=\"noopener\">register for the event at this link<\/a>, take a picture of the artwork and send it to <a class=\"decrypt\" rel=\"!bsuxpsl3131Avojwfu\/iv\" href=\"javascript:void(0);\">[Click to see email]<\/a> by 3rd May 2020.<\/p> <p>For further information, please check the details of the competition!<\/p> <p>&nbsp;<\/p> <figure id=\"attachment_52386\" aria-describedby=\"caption-attachment-52386\" style=\"width: 1000px\" class=\"wp-caption aligncenter\"><img loading=\"lazy\" decoding=\"async\" class=\"wp-image-52386 size-full\" src=\"https:\/\/univet.hu\/wp-content\/uploads\/2020\/04\/5.jpg\" alt=\"\" width=\"1000\" height=\"510\" srcset=\"https:\/\/univet.hu\/wp-content\/uploads\/2020\/04\/5.jpg 1000w, https:\/\/univet.hu\/wp-content\/uploads\/2020\/04\/5-320x163.jpg 320w, https:\/\/univet.hu\/wp-content\/uploads\/2020\/04\/5-768x392.jpg 768w, https:\/\/univet.hu\/wp-content\/uploads\/2020\/04\/5-960x490.jpg 960w\" sizes=\"auto, (max-width: 1000px) 100vw, 1000px\" \/><figcaption id=\"caption-attachment-52386\" class=\"wp-caption-text\">Painting by L\u00e1szl\u00f3 Buj\u00e1ki<\/figcaption><\/figure> <p>&nbsp;<\/p>","protected":false},"excerpt":{"rendered":"<p>Each year, on the 10th of May, we celebrate The Day of Birds and Trees. This spring, UNIVET is organizing a national and international e-competition for\u00a0Hungarian and international students between the ages of 6 and 18. We invite the young ones to draw\/paint their favourite birds and trees or perhaps prepare a birdbath or a<\/p>\n","protected":false},"author":2518,"featured_media":0,"parent":43939,"menu_order":0,"comment_status":"closed","ping_status":"closed","template":"","meta":{"_acf_changed":false,"footnotes":""},"categories":[],"tags":[],"class_list":["post-52349","page","type-page","status-publish","hentry"],"acf":[],"_links":{"self":[{"href":"https:\/\/univet.hu\/en\/wp-json\/wp\/v2\/pages\/52349","targetHints":{"allow":["GET"]}}],"collection":[{"href":"https:\/\/univet.hu\/en\/wp-json\/wp\/v2\/pages"}],"about":[{"href":"https:\/\/univet.hu\/en\/wp-json\/wp\/v2\/types\/page"}],"author":[{"embeddable":true,"href":"https:\/\/univet.hu\/en\/wp-json\/wp\/v2\/users\/2518"}],"replies":[{"embeddable":true,"href":"https:\/\/univet.hu\/en\/wp-json\/wp\/v2\/comments?post=52349"}],"version-history":[{"count":0,"href":"https:\/\/univet.hu\/en\/wp-json\/wp\/v2\/pages\/52349\/revisions"}],"up":[{"embeddable":true,"href":"https:\/\/univet.hu\/en\/wp-json\/wp\/v2\/pages\/43939"}],"wp:attachment":[{"href":"https:\/\/univet.hu\/en\/wp-json\/wp\/v2\/media?parent=52349"}],"wp:term":[{"taxonomy":"category","embeddable":true,"href":"https:\/\/univet.hu\/en\/wp-json\/wp\/v2\/categories?post=52349"},{"taxonomy":"post_tag","embeddable":true,"href":"https:\/\/univet.hu\/en\/wp-json\/wp\/v2\/tags?post=52349"}],"curies":[{"name":"wp","href":"https:\/\/api.w.org\/{rel}","templated":true}]}}